{"id":10510,"date":"2022-08-24T22:14:28","date_gmt":"2022-08-24T20:14:28","guid":{"rendered":"https:\/\/www.yasminyahya.com\/?page_id=10510"},"modified":"2026-01-31T10:52:18","modified_gmt":"2026-01-31T09:52:18","slug":"latelier","status":"publish","type":"page","link":"https:\/\/www.yasminyahya.com\/fr\/latelier\/","title":{"rendered":"L&rsquo;Atelier"},"content":{"rendered":"<section class=\"l-section wpb_row height_medium\"><div class=\"l-section-h i-cf\"><div class=\"g-cols vc_row via_flex valign_top type_default stacking_default\"><div class=\"vc_col-sm-12 wpb_column vc_column_container\"><div class=\"vc_column-inner\"><div class=\"wpb_wrapper\"><div class=\"wpb_text_column yy-titlebarh1\"><div class=\"wpb_wrapper\"><h1 style=\"text-align: center;\">L&rsquo;Atelier<\/h1>\n<\/div><\/div><div class=\"wpb_text_column\"><div class=\"wpb_wrapper\"><p style=\"text-align: center;\">Dans mon atelier je cr\u00e9e, \u00e0 la main, des bijoux en m\u00e9taux pr\u00e9cieux certifi\u00e9s \u00e9quitables.<\/p>\n<div><\/div>\n<div><\/div>\n<\/div><\/div><div class=\"wpb_text_column\"><div class=\"wpb_wrapper\"><h5 style=\"text-align: center;\"><span style=\"color: #808080;\"><span style=\"caret-color: #808080;\">Contactez-moi si vous souhaitez me rencontrer!<\/span><\/span><\/h5>\n<div><\/div>\n<\/div><\/div><div class=\"w-vwrapper align_none valign_top\"><div class=\"w-iconbox iconpos_left style_default color_custom align_center no_title\"><div class=\"w-iconbox-icon\" style=\"font-size:1.2rem;--icon-color:#415d72;\"><i class=\"fas fa-phone-alt\"><\/i><\/div><div class=\"w-iconbox-meta\"><div class=\"w-iconbox-text\"><p style=\"text-align: center;\"><a href=\"tel:+41782111960\">+41(0)78 211 19 60<\/a><\/p>\n<\/div><\/div><\/div><div class=\"w-iconbox iconpos_left style_default color_custom align_center no_title\"><div class=\"w-iconbox-icon\" style=\"font-size:1.2rem;--icon-color:#415d72;\"><i class=\"fas fa-envelope\"><\/i><\/div><div class=\"w-iconbox-meta\"><div class=\"w-iconbox-text\"><p><a href=\"mailto:contact@yasminyahya.com\">info@yasminyahya.com<\/a><\/p>\n<\/div><\/div><\/div><\/div><div class=\"w-separator size_small\"><\/div><div class=\"w-slider style_none fit_scaledown nav_none count_8\"><div class=\"w-slider-h\"><div class=\"royalSlider\"><div class=\"rsContent\"><a class=\"rsImg\" data-rsw=\"1000\" data-rsh=\"667\" href=\"https:\/\/www.yasminyahya.com\/wp-content\/uploads\/2022\/08\/yasmin-yahya-atelier-7_MLG-web.jpg\"><span data-alt=\"Handgefertigter Schmuck aus nachh\"><\/span><\/a><\/div><div class=\"rsContent\"><a class=\"rsImg\" data-rsw=\"1000\" data-rsh=\"667\" href=\"https:\/\/www.yasminyahya.com\/wp-content\/uploads\/2022\/08\/yasmin-yahya-atelier-6_MLG-web.jpg\"><span data-alt=\"Schmuck nach traditionellen Goldschmiedetechniken hergestellt. Aus zertifiziertem nachhaltigem Edelmetall\"><\/span><\/a><\/div><div class=\"rsContent\"><a class=\"rsImg\" data-rsw=\"1000\" data-rsh=\"667\" href=\"https:\/\/www.yasminyahya.com\/wp-content\/uploads\/2022\/08\/yasmin-yahya-atelier-11_MLG-web.jpg\"><span data-alt=\"Schmuck nach traditionellen Goldschmiedetechniken hergestellt. Aus zertifiziertem nachhaltigem Edelmetall\"><\/span><\/a><\/div><div class=\"rsContent\"><a class=\"rsImg\" data-rsw=\"1000\" data-rsh=\"667\" href=\"https:\/\/www.yasminyahya.com\/wp-content\/uploads\/2022\/08\/yasmin-yahya-atelier-5_MLG-web.jpg\"><span data-alt=\"Schmuck nach traditionellen Goldschmiedetechniken hergestellt\"><\/span><\/a><\/div><div class=\"rsContent\"><a class=\"rsImg\" data-rsw=\"1000\" data-rsh=\"667\" href=\"https:\/\/www.yasminyahya.com\/wp-content\/uploads\/2022\/08\/yasmin-yahya-atelier-9_MLG-web.jpg\"><span data-alt=\"Schmuck nach traditionellen Goldschmiedetechniken hergestellt. Aus zertifiziertem nachhaltigem Edelmetall\"><\/span><\/a><\/div><div class=\"rsContent\"><a class=\"rsImg\" data-rsw=\"1024\" data-rsh=\"683\" href=\"https:\/\/www.yasminyahya.com\/wp-content\/uploads\/2022\/08\/atelier-1500px-1024x683.jpg\"><span data-alt=\"Yasmin Yahya Schmuckgestaltung\"><\/span><\/a><\/div><div class=\"rsContent\"><a class=\"rsImg\" data-rsw=\"1000\" data-rsh=\"667\" href=\"https:\/\/www.yasminyahya.com\/wp-content\/uploads\/2022\/08\/yasmin-yahya-atelier-8_MLG-web.jpg\"><span data-alt=\"Schmuck nach traditionellen Goldschmiedetechniken hergestellt. Aus zertifiziertem nachhaltigem Edelmetall\"><\/span><\/a><\/div><div class=\"rsContent\"><a class=\"rsImg\" data-rsw=\"1000\" data-rsh=\"667\" href=\"https:\/\/www.yasminyahya.com\/wp-content\/uploads\/2022\/08\/yasmin-yahya-atelier-10_MLG-web.jpg\"><span data-alt=\"Tauchen Sie ein in das Universum des Goldschmiedens\"><\/span><\/a><\/div><\/div><img decoding=\"async\" data-src=\"https:\/\/www.yasminyahya.com\/wp-content\/uploads\/2022\/08\/yasmin-yahya-atelier-7_MLG-web.jpg\" width=\"1000\" height=\"667\" alt=\"Handgefertigter Schmuck aus nachh\" loading=\"lazy\" src=\"data:image\/gif;base64,R0lGODlhAQABAAAAACH5BAEKAAEALAAAAAABAAEAAAICTAEAOw==\" class=\"lazyload\" style=\"--smush-placeholder-width: 1000px; --smush-placeholder-aspect-ratio: 1000\/667;\"><noscript><img decoding=\"async\" src=\"https:\/\/www.yasminyahya.com\/wp-content\/uploads\/2022\/08\/yasmin-yahya-atelier-7_MLG-web.jpg\" width=\"1000\" height=\"667\" alt=\"Handgefertigter Schmuck aus nachh\" loading=\"lazy\"><\/noscript><\/div><div class=\"w-slider-json\" onclick='return {&quot;autoScaleSlider&quot;:true,&quot;addActiveClass&quot;:true,&quot;loop&quot;:true,&quot;fadeInLoadedSlide&quot;:false,&quot;slidesSpacing&quot;:0,&quot;imageScalePadding&quot;:0,&quot;numImagesToPreload&quot;:2,&quot;arrowsNav&quot;:true,&quot;arrowsNavAutoHide&quot;:true,&quot;transitionType&quot;:&quot;fade&quot;,&quot;transitionSpeed&quot;:250,&quot;block&quot;:{&quot;moveEffect&quot;:&quot;none&quot;,&quot;speed&quot;:300},&quot;thumbs&quot;:{&quot;fitInViewport&quot;:false,&quot;firstMargin&quot;:false,&quot;spacing&quot;:4},&quot;controlNavigation&quot;:&quot;none&quot;,&quot;autoplay&quot;:{&quot;enabled&quot;:true,&quot;pauseOnHover&quot;:true,&quot;delay&quot;:3000},&quot;autoScaleSliderWidth&quot;:1000,&quot;autoScaleSliderHeight&quot;:667}'><\/div><\/div><\/div><\/div><\/div><\/div><\/div><\/section>\n","protected":false},"excerpt":{"rendered":"L&rsquo;Atelier Dans mon atelier je cr\u00e9e, \u00e0 la main, des bijoux en m\u00e9taux pr\u00e9cieux certifi\u00e9s \u00e9quitables. Contactez-moi si vous souhaitez me rencontrer! +41(0)78 211 19 60 info@yasminyahya.com","protected":false},"author":1,"featured_media":0,"parent":0,"menu_order":0,"comment_status":"closed","ping_status":"closed","template":"","meta":{"footnotes":""},"class_list":["post-10510","page","type-page","status-publish","hentry"],"yoast_head":"<!-- This site is optimized with the Yoast SEO plugin v23.5 - https:\/\/yoast.com\/wordpress\/plugins\/seo\/ -->\n<title>L&#039;Atelier - Yasmin Yahya<\/title>\n<meta name=\"robots\" content=\"index, follow, max-snippet:-1, max-image-preview:large, max-video-preview:-1\" \/>\n<link rel=\"canonical\" href=\"https:\/\/www.yasminyahya.com\/fr\/latelier\/\" \/>\n<meta property=\"og:locale\" content=\"fr_FR\" \/>\n<meta property=\"og:type\" content=\"article\" \/>\n<meta property=\"og:title\" content=\"L&#039;Atelier - Yasmin Yahya\" \/>\n<meta property=\"og:url\" content=\"https:\/\/www.yasminyahya.com\/fr\/latelier\/\" \/>\n<meta property=\"og:site_name\" content=\"Yasmin Yahya\" \/>\n<meta property=\"article:modified_time\" content=\"2026-01-31T09:52:18+00:00\" \/>\n<meta name=\"twitter:card\" content=\"summary_large_image\" \/>\n<meta name=\"twitter:label1\" content=\"Dur\u00e9e de lecture estim\u00e9e\" \/>\n\t<meta name=\"twitter:data1\" content=\"1 minute\" \/>\n<script type=\"application\/ld+json\" class=\"yoast-schema-graph\">{\"@context\":\"https:\/\/schema.org\",\"@graph\":[{\"@type\":\"WebPage\",\"@id\":\"https:\/\/www.yasminyahya.com\/fr\/latelier\/\",\"url\":\"https:\/\/www.yasminyahya.com\/fr\/latelier\/\",\"name\":\"L'Atelier - Yasmin Yahya\",\"isPartOf\":{\"@id\":\"https:\/\/www.yasminyahya.com\/fr\/#website\"},\"datePublished\":\"2022-08-24T20:14:28+00:00\",\"dateModified\":\"2026-01-31T09:52:18+00:00\",\"breadcrumb\":{\"@id\":\"https:\/\/www.yasminyahya.com\/fr\/latelier\/#breadcrumb\"},\"inLanguage\":\"fr-FR\",\"potentialAction\":[{\"@type\":\"ReadAction\",\"target\":[\"https:\/\/www.yasminyahya.com\/fr\/latelier\/\"]}]},{\"@type\":\"BreadcrumbList\",\"@id\":\"https:\/\/www.yasminyahya.com\/fr\/latelier\/#breadcrumb\",\"itemListElement\":[{\"@type\":\"ListItem\",\"position\":1,\"name\":\"Accueil\",\"item\":\"https:\/\/www.yasminyahya.com\/fr\/\"},{\"@type\":\"ListItem\",\"position\":2,\"name\":\"L&rsquo;Atelier\"}]},{\"@type\":\"WebSite\",\"@id\":\"https:\/\/www.yasminyahya.com\/fr\/#website\",\"url\":\"https:\/\/www.yasminyahya.com\/fr\/\",\"name\":\"Yasmin Yahya\",\"description\":\"Bijoux Contemporains\",\"potentialAction\":[{\"@type\":\"SearchAction\",\"target\":{\"@type\":\"EntryPoint\",\"urlTemplate\":\"https:\/\/www.yasminyahya.com\/fr\/?s={search_term_string}\"},\"query-input\":{\"@type\":\"PropertyValueSpecification\",\"valueRequired\":true,\"valueName\":\"search_term_string\"}}],\"inLanguage\":\"fr-FR\"}]}<\/script>\n<!-- \/ Yoast SEO plugin. -->","yoast_head_json":{"title":"L'Atelier - Yasmin Yahya","robots":{"index":"index","follow":"follow","max-snippet":"max-snippet:-1","max-image-preview":"max-image-preview:large","max-video-preview":"max-video-preview:-1"},"canonical":"https:\/\/www.yasminyahya.com\/fr\/latelier\/","og_locale":"fr_FR","og_type":"article","og_title":"L'Atelier - Yasmin Yahya","og_url":"https:\/\/www.yasminyahya.com\/fr\/latelier\/","og_site_name":"Yasmin Yahya","article_modified_time":"2026-01-31T09:52:18+00:00","twitter_card":"summary_large_image","twitter_misc":{"Dur\u00e9e de lecture estim\u00e9e":"1 minute"},"schema":{"@context":"https:\/\/schema.org","@graph":[{"@type":"WebPage","@id":"https:\/\/www.yasminyahya.com\/fr\/latelier\/","url":"https:\/\/www.yasminyahya.com\/fr\/latelier\/","name":"L'Atelier - Yasmin Yahya","isPartOf":{"@id":"https:\/\/www.yasminyahya.com\/fr\/#website"},"datePublished":"2022-08-24T20:14:28+00:00","dateModified":"2026-01-31T09:52:18+00:00","breadcrumb":{"@id":"https:\/\/www.yasminyahya.com\/fr\/latelier\/#breadcrumb"},"inLanguage":"fr-FR","potentialAction":[{"@type":"ReadAction","target":["https:\/\/www.yasminyahya.com\/fr\/latelier\/"]}]},{"@type":"BreadcrumbList","@id":"https:\/\/www.yasminyahya.com\/fr\/latelier\/#breadcrumb","itemListElement":[{"@type":"ListItem","position":1,"name":"Accueil","item":"https:\/\/www.yasminyahya.com\/fr\/"},{"@type":"ListItem","position":2,"name":"L&rsquo;Atelier"}]},{"@type":"WebSite","@id":"https:\/\/www.yasminyahya.com\/fr\/#website","url":"https:\/\/www.yasminyahya.com\/fr\/","name":"Yasmin Yahya","description":"Bijoux Contemporains","potentialAction":[{"@type":"SearchAction","target":{"@type":"EntryPoint","urlTemplate":"https:\/\/www.yasminyahya.com\/fr\/?s={search_term_string}"},"query-input":{"@type":"PropertyValueSpecification","valueRequired":true,"valueName":"search_term_string"}}],"inLanguage":"fr-FR"}]}},"_links":{"self":[{"href":"https:\/\/www.yasminyahya.com\/fr\/wp-json\/wp\/v2\/pages\/10510"}],"collection":[{"href":"https:\/\/www.yasminyahya.com\/fr\/wp-json\/wp\/v2\/pages"}],"about":[{"href":"https:\/\/www.yasminyahya.com\/fr\/wp-json\/wp\/v2\/types\/page"}],"author":[{"embeddable":true,"href":"https:\/\/www.yasminyahya.com\/fr\/wp-json\/wp\/v2\/users\/1"}],"replies":[{"embeddable":true,"href":"https:\/\/www.yasminyahya.com\/fr\/wp-json\/wp\/v2\/comments?post=10510"}],"version-history":[{"count":0,"href":"https:\/\/www.yasminyahya.com\/fr\/wp-json\/wp\/v2\/pages\/10510\/revisions"}],"wp:attachment":[{"href":"https:\/\/www.yasminyahya.com\/fr\/wp-json\/wp\/v2\/media?parent=10510"}],"curies":[{"name":"wp","href":"https:\/\/api.w.org\/{rel}","templated":true}]}}