{"id":1849,"date":"2018-06-11T16:16:23","date_gmt":"2018-06-11T14:16:23","guid":{"rendered":"https:\/\/www.yasminyahya.com\/?page_id=1849"},"modified":"2018-10-24T13:40:55","modified_gmt":"2018-10-24T11:40:55","slug":"conditions-generales-de-ventes","status":"publish","type":"page","link":"https:\/\/www.yasminyahya.com\/fr\/conditions-generales-de-ventes\/","title":{"rendered":"Conditions G\u00e9n\u00e9rales de Ventes"},"content":{"rendered":"<section class=\"l-section wpb_row height_medium\"><div class=\"l-section-h i-cf\"><div class=\"g-cols vc_row via_flex valign_top type_default stacking_default\"><div class=\"vc_col-sm-12 wpb_column vc_column_container\"><div class=\"vc_column-inner\"><div class=\"wpb_wrapper\"><div class=\"wpb_text_column\"><div class=\"wpb_wrapper\"><h2>G\u00e9n\u00e9ralit\u00e9s<\/h2>\n<p>Ces conditions g\u00e9n\u00e9rales de vente (CGV) s\u2019appliquent lorsque vous effectuez une commande aupr\u00e8s de Yasmin Yahya sur www.yasminyahya.com.<\/p>\n<p>En acceptant ces conditions g\u00e9n\u00e9rales de vente, vous confirmez avoir plus de 18 ans ou d\u2019avoir obtenu l\u2019autorisation de votre repr\u00e9sentant l\u00e9gal. (Vous vous engagez \u00e9galement \u00e0 respecter ces Conditions G\u00e9n\u00e9rales de Vente) . Vous confirmez \u00e9galement avoir pris connaissance des informations concernant les donn\u00e9es personnelles et les cookies et que vous approuvez l\u2019utilisation de ces donn\u00e9es conform\u00e9ment \u00e0 la politique de confidentialit\u00e9 de Yasmin Yahya.<\/p>\n<p>Nous vendons des produits dans diff\u00e9rents pays, ainsi ces conditions g\u00e9n\u00e9rales de vente sont pr\u00e9vues pour s\u2019appliquer dans le monde entier. Il est toutefois possible que des lois suppl\u00e9mentaires s\u2019appliquent selon votre pays de r\u00e9sidence. Nous respectons ces lois applicables, et aucune disposition de ces conditions g\u00e9n\u00e9rales de vente ne saurait \u00eatre per\u00e7ue comme une limitation de vos droits, si les lois concern\u00e9es vous offrent des droits plus importants que ceux indiqu\u00e9s dans les conditions pr\u00e9sent\u00e9es ici.<\/p>\n<\/div><\/div><\/div><\/div><\/div><\/div><\/div><\/section><section class=\"l-section wpb_row height_medium\"><div class=\"l-section-h i-cf\"><div class=\"g-cols vc_row via_flex valign_top type_default stacking_default\"><div class=\"vc_col-sm-12 wpb_column vc_column_container\"><div class=\"vc_column-inner\"><div class=\"wpb_wrapper\"><div class=\"wpb_text_column\"><div class=\"wpb_wrapper\"><h2>Commande<\/h2>\n<p>Lorsque vous recevez une confirmation de commande de notre part, cela signifie que votre commande a \u00e9t\u00e9 accept\u00e9e et qu\u2019un contrat d\u2019achat a \u00e9t\u00e9 r\u00e9alis\u00e9. Nous vous recommandons de conserver la confirmation de commande pour toute demande ult\u00e9rieure. Nous pouvons rejeter une commande pour diverses raisons, par exemple si vous fournissez des donn\u00e9es personnelles incorrectes ou si vous avez un passif de non-paiement de dettes.<\/p>\n<p>Comme le prix de m\u00e9taux pr\u00e9cieux et pierres fines et pr\u00e9cieuses changent continuellement, nous nous r\u00e9servons le droit d\u2019annuler des commandes.<\/p>\n<p>Jusqu\u2019\u00e0 r\u00e9ception de cette confirmation de notre part, vous avez la possibilit\u00e9 d\u2019annuler votre commande. Dans cette \u00e9ventualit\u00e9, nous remboursons tout paiement de carte de paiement ou de cr\u00e9dit effectu\u00e9 par vous ou votre soci\u00e9t\u00e9.<\/p>\n<p>Nous pouvons annuler une commande en cas de rupture de stock des produits command\u00e9s. Nous remboursons alors le montant pay\u00e9 et vous informons de l\u2019existence de produits \u00e9quivalents si disponibles.<br \/>\nLes produits command\u00e9s demeurent notre propri\u00e9t\u00e9 jusqu\u2019\u00e0 ce que nous ayons re\u00e7u l\u2019int\u00e9gralit\u00e9 du paiement correspondant \u00e0 leur vente.<\/p>\n<\/div><\/div><\/div><\/div><\/div><\/div><\/div><\/section><section class=\"l-section wpb_row height_medium\"><div class=\"l-section-h i-cf\"><div class=\"g-cols vc_row via_flex valign_top type_default stacking_default\"><div class=\"vc_col-sm-12 wpb_column vc_column_container\"><div class=\"vc_column-inner\"><div class=\"wpb_wrapper\"><div class=\"wpb_text_column\"><div class=\"wpb_wrapper\"><h2>Informations client<\/h2>\n<p>Vous \u00eates responsable de l\u2019exactitude des donn\u00e9es personnelles que vous nous fournissez.<\/p>\n<p>Vous \u00eates responsable de tous les achats effectu\u00e9s avec vos identifiants de connexion. Assurez-vous donc de garder secrets vos identifiants de connexion et emp\u00eachez toute personne non autoris\u00e9e d\u2019y acc\u00e9der. N\u2019h\u00e9sitez pas \u00e0 nous contacter si vous suspectez une personne non autoris\u00e9e d\u2019avoir obtenu un acc\u00e8s \u00e0 vos identifiants de connexion.<\/p>\n<\/div><\/div><\/div><\/div><\/div><\/div><\/div><\/section><section class=\"l-section wpb_row height_medium\"><div class=\"l-section-h i-cf\"><div class=\"g-cols vc_row via_flex valign_top type_default stacking_default\"><div class=\"vc_col-sm-12 wpb_column vc_column_container\"><div class=\"vc_column-inner\"><div class=\"wpb_wrapper\"><div class=\"wpb_text_column\"><div class=\"wpb_wrapper\"><h2>Prix, frais et douanes<\/h2>\n<p>Les prix indiqu\u00e9s sur le site www.yasminyahya.com s\u2019appliquent aux commandes pass\u00e9es sur le site internet. Tous les prix sont exprim\u00e9s en Euro (\u20ac) et incluent la TVA lorsque cela est pr\u00e9cis\u00e9 (n\u00e9anmoins, selon votre pays de r\u00e9sidence, la TVA peut ne pas s&rsquo;appliquer \u00e0 votre achat) . Sauf indication contraire sur le site internet, les prix ne comprennent pas les frais de paiement ou d\u2019envoi, qui sont indiqu\u00e9s s\u00e9par\u00e9ment. Notez \u00e9galement que des frais locaux (comme les frais de conversion de devises, les frais de cartes de paiement ou de cr\u00e9dit, les taxes de vente, les droits de douane, etc.) peuvent s\u2019appliquer, en fonction des r\u00e9glementations locales de votre pays de r\u00e9sidence. Ces frais sont \u00e0 votre charge et ne feront pas l\u2019objet d\u2019un remboursement de notre part.<\/p>\n<p>Les client sont responsables de tous droits de douanes factur\u00e9s pour l\u2019importation de leur commande.<\/p>\n<\/div><\/div><\/div><\/div><\/div><\/div><\/div><\/section><section class=\"l-section wpb_row height_medium\"><div class=\"l-section-h i-cf\"><div class=\"g-cols vc_row via_flex valign_top type_default stacking_default\"><div class=\"vc_col-sm-12 wpb_column vc_column_container\"><div class=\"vc_column-inner\"><div class=\"wpb_wrapper\"><div class=\"wpb_text_column\"><div class=\"wpb_wrapper\"><h2>Envoi et livraison<\/h2>\n<p>Les produits en stock sont g\u00e9n\u00e9ralement fournis dans un d\u00e9lai de 4-6 jours. Le d\u00e9lai de livraison estim\u00e9 d\u2019une commande est indiqu\u00e9 dans la confirmation de commande. En cas de retard de livraison, nous vous en informerons et continuerons d\u2019assurer le suivi de votre commande. Vous pouvez annuler la commande si la livraison est retard\u00e9e de plus de 30 jours et que vous n\u2019\u00eates pas responsable de ce retard.<\/p>\n<p>Si vous ne r\u00e9cup\u00e9rez pas la livraison dans les temps, des frais suppl\u00e9mentaires peuvent s\u2019appliquer et la commande peut nous \u00eatre renvoy\u00e9e \u00e0 vos frais. Nous nous r\u00e9servons le droit d\u2019annuler la commande si la livraison n\u2019est pas r\u00e9cup\u00e9r\u00e9e dans les temps.<\/p>\n<p>Si votre bijou command\u00e9 n\u2019est pas en stock, il faut compter entre 7 \u2013 21 jours selon le mod\u00e8le (cela d\u00e9pend de la mati\u00e8re et les pierres : Le d\u00e9lais pour un bijou en argent sans pierre s\u2019\u00e9l\u00e8ve \u00e0 7 \u2013 10 jours, un bijou en or ou avec des pierres \u00e0 21 jours). Dans tous les cas le d\u00e9lai pr\u00e9cis vous sera communiqu\u00e9 une fois la commande effectu\u00e9e.<\/p>\n<p>Si vous avez des questions concernant un bijou, le d\u00e9lai, une commande ou autre, n\u2019h\u00e9sitez pas \u00e0 nous contacter.<\/p>\n<\/div><\/div><\/div><\/div><\/div><\/div><\/div><\/section><section class=\"l-section wpb_row height_medium\"><div class=\"l-section-h i-cf\"><div class=\"g-cols vc_row via_flex valign_top type_default stacking_default\"><div class=\"vc_col-sm-12 wpb_column vc_column_container\"><div class=\"vc_column-inner\"><div class=\"wpb_wrapper\"><div class=\"wpb_text_column\"><div class=\"wpb_wrapper\"><h2>Droit de r\u00e9tractation, retours<\/h2>\n<p>Vous pouvez annuler votre commande en nous pr\u00e9venant dans les 8\u00a0jours \u00e0 compter de la r\u00e9ception des produits command\u00e9s. Vous devez ensuite nous informer de votre r\u00e9tractation en indiquant votre nom, votre adresse physique, votre adresse de courriel, votre num\u00e9ro de commande ainsi qu\u2019une description des produits faisant l\u2019objet de la r\u00e9tractation. Vous devez \u00e9galement nous retourner sans attendre les produits annul\u00e9s \u00e0 vos frais, dans les 14\u00a0jours suivant votre avis de r\u00e9tractation. Vous \u00eates responsable de l\u2019\u00e9tat des produits pendant leur retour. C\u2019est pourquoi nous vous recommandons fortement de les envoyer en bon \u00e9tat et dans leur bo\u00eete ou emballage d\u2019origine afin de les prot\u00e9ger.<\/p>\n<p>Lorsque vous proc\u00e9dez \u00e0 une r\u00e9tractation, nous remboursons le prix que vous avez pay\u00e9 pour les produits annul\u00e9s, sans les frais de port. Les frais de retour sont \u00e9galement \u00e0 votre charge. Nous d\u00e9duirons n\u00e9anmoins du montant \u00e0 rembourser toute d\u00e9pr\u00e9ciation de la valeur des produits si ces derniers pr\u00e9sentent des traces d\u2019usure li\u00e9es \u00e0 une manipulation excessive.<\/p>\n<p>En cas de d\u00e9t\u00e9rioration du bijou durant la livraison devant entrainer un remplacement, les frais de retour et renvoi seront \u00e0 notre charge.<\/p>\n<p>Nous paierons le montant \u00e0 rembourser d\u00e8s la r\u00e9ception des produits retourn\u00e9s et v\u00e9rification de leur \u00e9tat. Sauf accord contraire, le remboursement sera effectu\u00e9 avec la m\u00eame m\u00e9thode de paiement que celle que vous avez utilis\u00e9e pour payer les produits retourn\u00e9s.<\/p>\n<p>Votre droit de r\u00e9tractation ne s\u2019applique pas aux contrats qui:<\/p>\n<ul>\n<li>concernent un service qui a \u00e9t\u00e9 enti\u00e8rement r\u00e9alis\u00e9, si, en passant votre commande, vous avez accept\u00e9 d\u00e8s le d\u00e9but de la r\u00e9alisation du service qu\u2019il n\u2019y aurait aucun droit de r\u00e9tractation apr\u00e8s la r\u00e9alisation du service<\/li>\n<li>concernent des biens ou un service pour lesquels le prix d\u00e9pend de fluctuations du march\u00e9 que nous ne pouvons contr\u00f4ler et qui peuvent se produire au cours de la p\u00e9riode s\u2019\u00e9coulant entre la r\u00e9ception de votre part des produits annul\u00e9s et votre avis de r\u00e9tractation.<\/li>\n<li>concernent des boucles d\u2019oreilles, qui ne peuvent pas \u00eatre \u00e9chang\u00e9es pour des raisons d\u2019hygi\u00e8ne<\/li>\n<li>concernent des biens ayant \u00e9t\u00e9 fabriqu\u00e9s conform\u00e9ment \u00e0 vos sp\u00e9cifications ou qui sont clairement personnalis\u00e9s<\/li>\n<\/ul>\n<\/div><\/div><\/div><\/div><\/div><\/div><\/div><\/section><section class=\"l-section wpb_row height_medium\"><div class=\"l-section-h i-cf\"><div class=\"g-cols vc_row via_flex valign_top type_default stacking_default\"><div class=\"vc_col-sm-12 wpb_column vc_column_container\"><div class=\"vc_column-inner\"><div class=\"wpb_wrapper\"><div class=\"wpb_text_column\"><div class=\"wpb_wrapper\"><h2>Classement par taille d\u2019anneau<\/h2>\n<p>Classement par taille de bague : Assurez-vous de conna\u00eetre votre taille d\u2019anneau exacte. Ne devinez pas votre taille ou ne mesurez pas votre doigt avec un m\u00e8tre ou ruban\u2026. Pour obtenir votre taille pr\u00e9cise, vous pouvez vous rendre dans n\u2019importe quelle bijouterie ou acheter un baguier sur internet.<\/p>\n<p>Redimensionner une bague demandera des frais : Le co\u00fbt d\u00e9pendra du type d\u2019anneau et du redimensionnement et les frais de port.<br \/>\n<a href=\"https:\/\/www.yasminyahya.com\/contact\/\">Contactez-nous<\/a> si vous avez des questions.<\/p>\n<\/div><\/div><\/div><\/div><\/div><\/div><\/div><\/section><section class=\"l-section wpb_row height_medium\"><div class=\"l-section-h i-cf\"><div class=\"g-cols vc_row via_flex valign_top type_default stacking_default\"><div class=\"vc_col-sm-12 wpb_column vc_column_container\"><div class=\"vc_column-inner\"><div class=\"wpb_wrapper\"><div class=\"wpb_text_column\"><div class=\"wpb_wrapper\"><h2>Garantie et r\u00e9clamations<\/h2>\n<p>La confirmation de commande fait office de certificat de garantie. Notre garantie ne couvre que les d\u00e9fauts de construction d\u2019origine et n\u2019inclut donc pas les d\u00e9fauts li\u00e9s \u00e0 l\u2019usure ou apr\u00e8s l\u2019apport de modifications \u00e0 la fonction ou \u00e0 l\u2019apparence des produits, tels que la reconstruction, l\u2019am\u00e9lioration ou toute autre configuration des produits.<\/p>\n<p>Vous avez la possibilit\u00e9 d\u2019effectuer des r\u00e9clamations concernant des produits consid\u00e9r\u00e9s comme d\u00e9fectueux d\u2019apr\u00e8s la l\u00e9gislation de protection des consommateurs applicable pendant une p\u00e9riode de 2 ans (ou toute p\u00e9riode suppl\u00e9mentaire pr\u00e9vue par la loi applicable) \u00e0 compter de la r\u00e9ception des produits. Vous devez ensuite nous informer de votre r\u00e9clamation en indiquant votre nom, votre adresse physique, votre adresse de courriel, votre num\u00e9ro de commande ainsi qu\u2019une description des produits faisant l\u2019objet de la r\u00e9clamation. Vous devez \u00e9galement effectuer la r\u00e9clamation le plus vite possible apr\u00e8s la d\u00e9couverte du d\u00e9faut. Toute r\u00e9clamation effectu\u00e9e dans les deux mois suivant la d\u00e9couverte du d\u00e9faut sera toujours consid\u00e9r\u00e9e comme enregistr\u00e9e dans les d\u00e9lais impartis.<\/p>\n<p>En pr\u00e9sence de produits d\u00e9fectueux, nous vous rembourserons conform\u00e9ment \u00e0 la l\u00e9gislation applicable concernant la protection des consommateurs et prendrons en charge le co\u00fbt du retour des produits. Nous nous effor\u00e7ons de proc\u00e9der \u00e0 ces remboursements dans les 30 jours \u00e0 compter de la r\u00e9ception d\u2019une r\u00e9clamation et de l\u2019identification de la n\u00e9cessit\u00e9 de proc\u00e9der \u00e0 un remboursement, mais ce d\u00e9lai peut \u00eatre sup\u00e9rieur en fonction de la nature du produit. Nous nous effor\u00e7ons aussi de respecter les recommandations relatives aux produits d\u00e9fectueux \u00e9mises par les autorit\u00e9s nationales de protection des consommateurs. Sauf accord contraire, le remboursement sera effectu\u00e9 avec la m\u00eame m\u00e9thode de paiement que celle que vous avez utilis\u00e9e pour payer la commande des produits concern\u00e9s par la r\u00e9clamation<\/p>\n<\/div><\/div><\/div><\/div><\/div><\/div><\/div><\/section><section class=\"l-section wpb_row height_medium\"><div class=\"l-section-h i-cf\"><div class=\"g-cols vc_row via_flex valign_top type_default stacking_default\"><div class=\"vc_col-sm-12 wpb_column vc_column_container\"><div class=\"vc_column-inner\"><div class=\"wpb_wrapper\"><div class=\"wpb_text_column\"><div class=\"wpb_wrapper\"><h2>Limitation de la responsabilit\u00e9<\/h2>\n<p>Dans la mesure o\u00f9 la loi applicable ne mentionne pas de dispositions contraires, notre responsabilit\u00e9 est limit\u00e9e aux dommages directs et en aucun cas aux dommages indirects, tels qu\u2019une perte de revenus, etc.<\/p>\n<\/div><\/div><\/div><\/div><\/div><\/div><\/div><\/section><section class=\"l-section wpb_row height_medium\"><div class=\"l-section-h i-cf\"><div class=\"g-cols vc_row via_flex valign_top type_default stacking_default\"><div class=\"vc_col-sm-12 wpb_column vc_column_container\"><div class=\"vc_column-inner\"><div class=\"wpb_wrapper\"><div class=\"wpb_text_column\"><div class=\"wpb_wrapper\"><h2>Droits de propri\u00e9t\u00e9 intellectuelle<\/h2>\n<p>Le site www.yasminyahya.com et son contenu nous appartient ou appartient \u00e0 nos donneurs de licences et sont prot\u00e9g\u00e9s par les lois relatives \u00e0 la propri\u00e9t\u00e9 intellectuelle et au marketing. Cela signifie que les produits, les noms d\u2019entreprises, les noms de produits, les images et les graphismes, la conception du site, sa mise en page et les informations sur les produits, services et d\u2019autres contenus ne doivent pas \u00eatre copi\u00e9s ou utilis\u00e9s sans notre autorisation \u00e9crite pr\u00e9alable.<\/p>\n<\/div><\/div><\/div><\/div><\/div><\/div><\/div><\/section><section class=\"l-section wpb_row height_medium\"><div class=\"l-section-h i-cf\"><div class=\"g-cols vc_row via_flex valign_top type_default stacking_default\"><div class=\"vc_col-sm-12 wpb_column vc_column_container\"><div class=\"vc_column-inner\"><div class=\"wpb_wrapper\"><div class=\"wpb_text_column\"><div class=\"wpb_wrapper\"><h2>Renonciation<\/h2>\n<p>Notre site internet peut comporter des erreurs, par exemple des erreurs concernant des images ou des erreurs typographiques, notamment des erreurs dans des descriptions de produits ou des sp\u00e9cifications techniques, des prix inexacts ou des informations incorrectes concernant la disponibilit\u00e9 d\u2019un produit dans le stock. Nous sommes habilit\u00e9s \u00e0 corriger toute erreur \u00e9vidente et \u00e0 modifier ou mettre \u00e0 jour \u00e0 tout moment les informations publi\u00e9es sur le site internet en cons\u00e9quence.<\/p>\n<p>Les images sur le site internet sont uniquement pr\u00e9vues \u00e0 des fins d\u2019illustration et ne constituent pas une garantie du nombre exact de produits que vous pourriez recevoir en passant une commande, ni de l\u2019apparence exacte, du fonctionnement ou de l\u2019origine des produits.<\/p>\n<\/div><\/div><\/div><\/div><\/div><\/div><\/div><\/section><section class=\"l-section wpb_row height_medium\"><div class=\"l-section-h i-cf\"><div class=\"g-cols vc_row via_flex valign_top type_default stacking_default\"><div class=\"vc_col-sm-12 wpb_column vc_column_container\"><div class=\"vc_column-inner\"><div class=\"wpb_wrapper\"><div class=\"wpb_text_column\"><div class=\"wpb_wrapper\"><h2>Modifications des conditions g\u00e9n\u00e9rales de vente<\/h2>\n<p>Nous sommes susceptibles de modifier ces conditions g\u00e9n\u00e9rales de vente \u00e0 tout moment. Nous publierons ensuite les conditions g\u00e9n\u00e9rales de vente modifi\u00e9es sur notre site www.yasminyahya.com, qui ne prendront effet que lorsque vous les aurez accept\u00e9es (\u00e0 l\u2019occasion d\u2019une nouvelle commande ou lors de la consultation du site internet).<\/p>\n<\/div><\/div><\/div><\/div><\/div><\/div><\/div><\/section><section class=\"l-section wpb_row height_medium\"><div class=\"l-section-h i-cf\"><div class=\"g-cols vc_row via_flex valign_top type_default stacking_default\"><div class=\"vc_col-sm-12 wpb_column vc_column_container\"><div class=\"vc_column-inner\"><div class=\"wpb_wrapper\"><div class=\"wpb_text_column\"><div class=\"wpb_wrapper\"><h2>Droit applicable et litiges<\/h2>\n<p>Dans l\u2019\u00e9ventualit\u00e9 d\u2019un litige, nous nous effor\u00e7ons de respecter toute d\u00e9cision prise par les autorit\u00e9s nationales de protection des consommateurs.<\/p>\n<p>Tout litige relatif \u00e0 l\u2019interpr\u00e9tation ou \u00e0 l\u2019application de ces conditions g\u00e9n\u00e9rales de vente sera r\u00e9gi et interpr\u00e9t\u00e9 en vertu des lois du pays ou de l\u2019\u00c9tat o\u00f9 nous menons nos activit\u00e9s et sera soumis \u00e0 la comp\u00e9tence non exclusive du tribunal du lieu de constitution de notre entreprise. \u00ab\u00a0Comp\u00e9tence non exclusive\u00a0\u00bb signifie que vous avez la possibilit\u00e9 de pr\u00e9senter une r\u00e9clamation contre nous dans un autre pays si la loi applicable le permet.<\/p>\n<\/div><\/div><\/div><\/div><\/div><\/div><\/div><\/section><section class=\"l-section wpb_row height_medium\"><div class=\"l-section-h i-cf\"><div class=\"g-cols vc_row via_flex valign_top type_default stacking_default\"><div class=\"vc_col-sm-12 wpb_column vc_column_container\"><div class=\"vc_column-inner\"><div class=\"wpb_wrapper\"><div class=\"wpb_text_column\"><div class=\"wpb_wrapper\"><h2>Offres sp\u00e9ciales<\/h2>\n<p>Nous sommes susceptibles d\u2019offrir ponctuellement, pour des produits sp\u00e9cifiques, des conditions plus favorables que celles indiqu\u00e9es par les conditions g\u00e9n\u00e9rales de vente, par exemple, pour ce qui concerne le droit de r\u00e9tractation ou les retours gratuits. Ces conditions plus favorables sont valides uniquement pour un temps limit\u00e9, jusqu\u2019\u00e0 la rupture de stock des produits concern\u00e9s, et peuvent \u00eatre annul\u00e9es \u00e0 tout moment. En cas de r\u00e9tractation, les conditions g\u00e9n\u00e9rales de vente s\u2019appliqueront \u00e0 nouveau dans leur int\u00e9gralit\u00e9.<\/p>\n<\/div><\/div><\/div><\/div><\/div><\/div><\/div><\/section>\n","protected":false},"excerpt":{"rendered":"G\u00e9n\u00e9ralit\u00e9s Ces conditions g\u00e9n\u00e9rales de vente (CGV) s\u2019appliquent lorsque vous effectuez une commande aupr\u00e8s de Yasmin Yahya sur www.yasminyahya.com. En acceptant ces conditions g\u00e9n\u00e9rales de vente, vous confirmez avoir plus de 18 ans ou d\u2019avoir obtenu l\u2019autorisation de votre repr\u00e9sentant l\u00e9gal. (Vous vous engagez \u00e9galement \u00e0 respecter ces Conditions G\u00e9n\u00e9rales de Vente) . Vous confirmez...","protected":false},"author":2,"featured_media":0,"parent":0,"menu_order":0,"comment_status":"closed","ping_status":"closed","template":"","meta":{"footnotes":""},"class_list":["post-1849","page","type-page","status-publish","hentry"],"yoast_head":"<!-- This site is optimized with the Yoast SEO plugin v23.5 - https:\/\/yoast.com\/wordpress\/plugins\/seo\/ -->\n<title>Conditions G\u00e9n\u00e9rales de Ventes - Yasmin Yahya<\/title>\n<meta name=\"robots\" content=\"noindex, nofollow\" \/>\n<meta property=\"og:locale\" content=\"fr_FR\" \/>\n<meta property=\"og:type\" content=\"article\" \/>\n<meta property=\"og:title\" content=\"Conditions G\u00e9n\u00e9rales de Ventes - Yasmin Yahya\" \/>\n<meta property=\"og:url\" content=\"https:\/\/www.yasminyahya.com\/fr\/conditions-generales-de-ventes\/\" \/>\n<meta property=\"og:site_name\" content=\"Yasmin Yahya\" \/>\n<meta property=\"article:modified_time\" content=\"2018-10-24T11:40:55+00:00\" \/>\n<meta name=\"twitter:card\" content=\"summary_large_image\" \/>\n<meta name=\"twitter:label1\" content=\"Dur\u00e9e de lecture estim\u00e9e\" \/>\n\t<meta name=\"twitter:data1\" content=\"12 minutes\" \/>\n<script type=\"application\/ld+json\" class=\"yoast-schema-graph\">{\"@context\":\"https:\/\/schema.org\",\"@graph\":[{\"@type\":\"WebPage\",\"@id\":\"https:\/\/www.yasminyahya.com\/fr\/conditions-generales-de-ventes\/\",\"url\":\"https:\/\/www.yasminyahya.com\/fr\/conditions-generales-de-ventes\/\",\"name\":\"Conditions G\u00e9n\u00e9rales de Ventes - Yasmin Yahya\",\"isPartOf\":{\"@id\":\"https:\/\/www.yasminyahya.com\/fr\/#website\"},\"datePublished\":\"2018-06-11T14:16:23+00:00\",\"dateModified\":\"2018-10-24T11:40:55+00:00\",\"breadcrumb\":{\"@id\":\"https:\/\/www.yasminyahya.com\/fr\/conditions-generales-de-ventes\/#breadcrumb\"},\"inLanguage\":\"fr-FR\",\"potentialAction\":[{\"@type\":\"ReadAction\",\"target\":[\"https:\/\/www.yasminyahya.com\/fr\/conditions-generales-de-ventes\/\"]}]},{\"@type\":\"BreadcrumbList\",\"@id\":\"https:\/\/www.yasminyahya.com\/fr\/conditions-generales-de-ventes\/#breadcrumb\",\"itemListElement\":[{\"@type\":\"ListItem\",\"position\":1,\"name\":\"Accueil\",\"item\":\"https:\/\/www.yasminyahya.com\/fr\/\"},{\"@type\":\"ListItem\",\"position\":2,\"name\":\"Conditions G\u00e9n\u00e9rales de Ventes\"}]},{\"@type\":\"WebSite\",\"@id\":\"https:\/\/www.yasminyahya.com\/fr\/#website\",\"url\":\"https:\/\/www.yasminyahya.com\/fr\/\",\"name\":\"Yasmin Yahya\",\"description\":\"Bijoux Contemporains\",\"potentialAction\":[{\"@type\":\"SearchAction\",\"target\":{\"@type\":\"EntryPoint\",\"urlTemplate\":\"https:\/\/www.yasminyahya.com\/fr\/?s={search_term_string}\"},\"query-input\":{\"@type\":\"PropertyValueSpecification\",\"valueRequired\":true,\"valueName\":\"search_term_string\"}}],\"inLanguage\":\"fr-FR\"}]}<\/script>\n<!-- \/ Yoast SEO plugin. -->","yoast_head_json":{"title":"Conditions G\u00e9n\u00e9rales de Ventes - Yasmin Yahya","robots":{"index":"noindex","follow":"nofollow"},"og_locale":"fr_FR","og_type":"article","og_title":"Conditions G\u00e9n\u00e9rales de Ventes - Yasmin Yahya","og_url":"https:\/\/www.yasminyahya.com\/fr\/conditions-generales-de-ventes\/","og_site_name":"Yasmin Yahya","article_modified_time":"2018-10-24T11:40:55+00:00","twitter_card":"summary_large_image","twitter_misc":{"Dur\u00e9e de lecture estim\u00e9e":"12 minutes"},"schema":{"@context":"https:\/\/schema.org","@graph":[{"@type":"WebPage","@id":"https:\/\/www.yasminyahya.com\/fr\/conditions-generales-de-ventes\/","url":"https:\/\/www.yasminyahya.com\/fr\/conditions-generales-de-ventes\/","name":"Conditions G\u00e9n\u00e9rales de Ventes - Yasmin Yahya","isPartOf":{"@id":"https:\/\/www.yasminyahya.com\/fr\/#website"},"datePublished":"2018-06-11T14:16:23+00:00","dateModified":"2018-10-24T11:40:55+00:00","breadcrumb":{"@id":"https:\/\/www.yasminyahya.com\/fr\/conditions-generales-de-ventes\/#breadcrumb"},"inLanguage":"fr-FR","potentialAction":[{"@type":"ReadAction","target":["https:\/\/www.yasminyahya.com\/fr\/conditions-generales-de-ventes\/"]}]},{"@type":"BreadcrumbList","@id":"https:\/\/www.yasminyahya.com\/fr\/conditions-generales-de-ventes\/#breadcrumb","itemListElement":[{"@type":"ListItem","position":1,"name":"Accueil","item":"https:\/\/www.yasminyahya.com\/fr\/"},{"@type":"ListItem","position":2,"name":"Conditions G\u00e9n\u00e9rales de Ventes"}]},{"@type":"WebSite","@id":"https:\/\/www.yasminyahya.com\/fr\/#website","url":"https:\/\/www.yasminyahya.com\/fr\/","name":"Yasmin Yahya","description":"Bijoux Contemporains","potentialAction":[{"@type":"SearchAction","target":{"@type":"EntryPoint","urlTemplate":"https:\/\/www.yasminyahya.com\/fr\/?s={search_term_string}"},"query-input":{"@type":"PropertyValueSpecification","valueRequired":true,"valueName":"search_term_string"}}],"inLanguage":"fr-FR"}]}},"_links":{"self":[{"href":"https:\/\/www.yasminyahya.com\/fr\/wp-json\/wp\/v2\/pages\/1849"}],"collection":[{"href":"https:\/\/www.yasminyahya.com\/fr\/wp-json\/wp\/v2\/pages"}],"about":[{"href":"https:\/\/www.yasminyahya.com\/fr\/wp-json\/wp\/v2\/types\/page"}],"author":[{"embeddable":true,"href":"https:\/\/www.yasminyahya.com\/fr\/wp-json\/wp\/v2\/users\/2"}],"replies":[{"embeddable":true,"href":"https:\/\/www.yasminyahya.com\/fr\/wp-json\/wp\/v2\/comments?post=1849"}],"version-history":[{"count":0,"href":"https:\/\/www.yasminyahya.com\/fr\/wp-json\/wp\/v2\/pages\/1849\/revisions"}],"wp:attachment":[{"href":"https:\/\/www.yasminyahya.com\/fr\/wp-json\/wp\/v2\/media?parent=1849"}],"curies":[{"name":"wp","href":"https:\/\/api.w.org\/{rel}","templated":true}]}}