{"id":8336,"date":"2021-07-27T12:08:53","date_gmt":"2021-07-27T10:08:53","guid":{"rendered":"https:\/\/www.yasminyahya.com\/?page_id=8336"},"modified":"2025-11-02T13:04:08","modified_gmt":"2025-11-02T12:04:08","slug":"la-marque","status":"publish","type":"page","link":"https:\/\/www.yasminyahya.com\/fr\/la-marque\/","title":{"rendered":"\u00c0 propos de Yasmin Yahya"},"content":{"rendered":"<section class=\"l-section wpb_row height_medium\"><div class=\"l-section-h i-cf\"><div class=\"g-cols vc_row via_flex valign_top type_default stacking_default\"><div class=\"vc_col-sm-12 wpb_column vc_column_container\"><div class=\"vc_column-inner\"><div class=\"wpb_wrapper\"><div class=\"wpb_text_column us_custom_a6dd00e8 yy-titlebarh1 has_text_color\"><div class=\"wpb_wrapper\"><p style=\"text-align: center;\">Yasmin Yahya<\/p>\n<\/div><\/div><div class=\"g-cols wpb_row via_flex valign_top type_default stacking_default\"><div class=\"vc_col-sm-2 wpb_column vc_column_container\"><div class=\"vc_column-inner\"><div class=\"wpb_wrapper\"><\/div><\/div><\/div><div class=\"vc_col-sm-8 wpb_column vc_column_container\"><div class=\"vc_column-inner\"><div class=\"wpb_wrapper\"><div class=\"wpb_text_column\"><div class=\"wpb_wrapper\"><p style=\"text-align: center;\">D&rsquo;origine Suisse et Indienne, Yasmin Yahya s&rsquo;est form\u00e9e \u00e0 Zurich aux techniques du m\u00e9tier de bijoutier. Elle a v\u00e9cu plus que 20 ans en France, dans la r\u00e9gion Bretagne. En 2021 elle est retourn\u00e9e en Suisse (AG).<br \/>\nSon travail allie ma\u00eetrise technique et pr\u00e9cision. En septembre 2021, elle a d&rsquo;abord gagn\u00e9 le prix r\u00e9gional de Bretagne du concours d&rsquo;Ateliers d&rsquo;Art de France 2012, suivi en octobre 2012 du prix national de ce concours. En juin 2010 elle a re\u00e7u le prix de \u00ab\u00a0la Rel\u00e8ve\u00a0\u00bb d&rsquo;Ateliers d&rsquo;Art de France lors de la biennale D\u00e9co et Cr\u00e9ation d&rsquo;Art \u00e0 Pantin.<\/p>\n<\/div><\/div><div class=\"w-image align_none\"><div class=\"w-image-h\"><img decoding=\"async\" width=\"1500\" height=\"1000\" data-src=\"https:\/\/www.yasminyahya.com\/wp-content\/uploads\/2021\/07\/yasmin-yahya-portrait.jpg\" class=\"attachment-full size-full lazyload\" alt=\"\" loading=\"lazy\" data-srcset=\"https:\/\/www.yasminyahya.com\/wp-content\/uploads\/2021\/07\/yasmin-yahya-portrait.jpg 1500w, https:\/\/www.yasminyahya.com\/wp-content\/uploads\/2021\/07\/yasmin-yahya-portrait-300x200.jpg 300w, https:\/\/www.yasminyahya.com\/wp-content\/uploads\/2021\/07\/yasmin-yahya-portrait-1024x683.jpg 1024w, https:\/\/www.yasminyahya.com\/wp-content\/uploads\/2021\/07\/yasmin-yahya-portrait-600x400.jpg 600w, https:\/\/www.yasminyahya.com\/wp-content\/uploads\/2021\/07\/yasmin-yahya-portrait-768x512.jpg 768w\" data-sizes=\"(max-width: 1500px) 100vw, 1500px\" src=\"data:image\/gif;base64,R0lGODlhAQABAAAAACH5BAEKAAEALAAAAAABAAEAAAICTAEAOw==\" style=\"--smush-placeholder-width: 1500px; --smush-placeholder-aspect-ratio: 1500\/1000;\" \/><noscript><img decoding=\"async\" width=\"1500\" height=\"1000\" src=\"https:\/\/www.yasminyahya.com\/wp-content\/uploads\/2021\/07\/yasmin-yahya-portrait.jpg\" class=\"attachment-full size-full\" alt=\"\" loading=\"lazy\" srcset=\"https:\/\/www.yasminyahya.com\/wp-content\/uploads\/2021\/07\/yasmin-yahya-portrait.jpg 1500w, https:\/\/www.yasminyahya.com\/wp-content\/uploads\/2021\/07\/yasmin-yahya-portrait-300x200.jpg 300w, https:\/\/www.yasminyahya.com\/wp-content\/uploads\/2021\/07\/yasmin-yahya-portrait-1024x683.jpg 1024w, https:\/\/www.yasminyahya.com\/wp-content\/uploads\/2021\/07\/yasmin-yahya-portrait-600x400.jpg 600w, https:\/\/www.yasminyahya.com\/wp-content\/uploads\/2021\/07\/yasmin-yahya-portrait-768x512.jpg 768w\" sizes=\"(max-width: 1500px) 100vw, 1500px\" \/><\/noscript><\/div><\/div><div class=\"w-separator size_small\"><\/div><div class=\"wpb_text_column\"><div class=\"wpb_wrapper\"><p style=\"text-align: center;\">Ses sources d&rsquo;inspirations viennent de son m\u00e9tissage et de ses voyages autour du monde. L&rsquo;observation du monde qui l&rsquo;entoure, de la nature et de l&rsquo;architecture du 20\u00e8me si\u00e8cle se retrouve dans son art. Les lignes pures et sobres de ses pi\u00e8ces sont un havre de sobri\u00e9t\u00e9 dans la profusion du monde d&rsquo;aujourd&rsquo;hui.<\/p>\n<\/div><\/div><div class=\"w-image align_none\"><div class=\"w-image-h\"><img decoding=\"async\" width=\"2560\" height=\"1709\" data-src=\"https:\/\/www.yasminyahya.com\/wp-content\/uploads\/2021\/07\/yasmin-yahya-atelier-3-scaled.jpg\" class=\"attachment-full size-full lazyload\" alt=\"\" loading=\"lazy\" data-srcset=\"https:\/\/www.yasminyahya.com\/wp-content\/uploads\/2021\/07\/yasmin-yahya-atelier-3-scaled.jpg 2560w, https:\/\/www.yasminyahya.com\/wp-content\/uploads\/2021\/07\/yasmin-yahya-atelier-3-300x200.jpg 300w, https:\/\/www.yasminyahya.com\/wp-content\/uploads\/2021\/07\/yasmin-yahya-atelier-3-1024x683.jpg 1024w, https:\/\/www.yasminyahya.com\/wp-content\/uploads\/2021\/07\/yasmin-yahya-atelier-3-600x400.jpg 600w, https:\/\/www.yasminyahya.com\/wp-content\/uploads\/2021\/07\/yasmin-yahya-atelier-3-768x513.jpg 768w\" data-sizes=\"(max-width: 2560px) 100vw, 2560px\" src=\"data:image\/gif;base64,R0lGODlhAQABAAAAACH5BAEKAAEALAAAAAABAAEAAAICTAEAOw==\" style=\"--smush-placeholder-width: 2560px; --smush-placeholder-aspect-ratio: 2560\/1709;\" \/><noscript><img decoding=\"async\" width=\"2560\" height=\"1709\" src=\"https:\/\/www.yasminyahya.com\/wp-content\/uploads\/2021\/07\/yasmin-yahya-atelier-3-scaled.jpg\" class=\"attachment-full size-full\" alt=\"\" loading=\"lazy\" srcset=\"https:\/\/www.yasminyahya.com\/wp-content\/uploads\/2021\/07\/yasmin-yahya-atelier-3-scaled.jpg 2560w, https:\/\/www.yasminyahya.com\/wp-content\/uploads\/2021\/07\/yasmin-yahya-atelier-3-300x200.jpg 300w, https:\/\/www.yasminyahya.com\/wp-content\/uploads\/2021\/07\/yasmin-yahya-atelier-3-1024x683.jpg 1024w, https:\/\/www.yasminyahya.com\/wp-content\/uploads\/2021\/07\/yasmin-yahya-atelier-3-600x400.jpg 600w, https:\/\/www.yasminyahya.com\/wp-content\/uploads\/2021\/07\/yasmin-yahya-atelier-3-768x513.jpg 768w\" sizes=\"(max-width: 2560px) 100vw, 2560px\" \/><\/noscript><\/div><\/div><div class=\"w-separator size_small\"><\/div><div class=\"wpb_text_column\"><div class=\"wpb_wrapper\"><p style=\"text-align: center;\">Yasmin Yahya utilise toutes les techniques classiques de la haute bijouterie. Elle a aussi recours \u00e0 des techniques sp\u00e9cifiques comme celle du Mokum\u00e9 Gan\u00e9 (*). Cette derni\u00e8re est un travail de damassage japonais datant du XVII\u00e8me si\u00e8cle. Elle rentrait dans la fabrication des lames de sabre. Elle utilise principalement l&rsquo;argent (**) pour sa souplesse, l&rsquo;\u00e9tendue de ses applications, et y associe \u00e9galement l&rsquo;or.<\/p>\n<\/div><\/div><\/div><\/div><\/div><div class=\"vc_col-sm-2 wpb_column vc_column_container\"><div class=\"vc_column-inner\"><div class=\"wpb_wrapper\"><\/div><\/div><\/div><\/div><\/div><\/div><\/div><\/div><\/div><\/section>\n","protected":false},"excerpt":{"rendered":"Yasmin Yahya D&rsquo;origine Suisse et Indienne, Yasmin Yahya s&rsquo;est form\u00e9e \u00e0 Zurich aux techniques du m\u00e9tier de bijoutier. Elle a v\u00e9cu plus que 20 ans en France, dans la r\u00e9gion Bretagne. En 2021 elle est retourn\u00e9e en Suisse (AG). Son travail allie ma\u00eetrise technique et pr\u00e9cision. En septembre 2021, elle a d&rsquo;abord gagn\u00e9 le prix...","protected":false},"author":2,"featured_media":0,"parent":0,"menu_order":0,"comment_status":"closed","ping_status":"closed","template":"","meta":{"footnotes":""},"class_list":["post-8336","page","type-page","status-publish","hentry"],"yoast_head":"<!-- This site is optimized with the Yoast SEO plugin v23.5 - https:\/\/yoast.com\/wordpress\/plugins\/seo\/ -->\n<title>\u00c0 propos de Yasmin Yahya - Yasmin Yahya<\/title>\n<meta name=\"robots\" content=\"index, follow, max-snippet:-1, max-image-preview:large, max-video-preview:-1\" \/>\n<link rel=\"canonical\" href=\"https:\/\/www.yasminyahya.com\/fr\/la-marque\/\" \/>\n<meta property=\"og:locale\" content=\"fr_FR\" \/>\n<meta property=\"og:type\" content=\"article\" \/>\n<meta property=\"og:title\" content=\"\u00c0 propos de Yasmin Yahya - Yasmin Yahya\" \/>\n<meta property=\"og:url\" content=\"https:\/\/www.yasminyahya.com\/fr\/la-marque\/\" \/>\n<meta property=\"og:site_name\" content=\"Yasmin Yahya\" \/>\n<meta property=\"article:modified_time\" content=\"2025-11-02T12:04:08+00:00\" \/>\n<meta name=\"twitter:card\" content=\"summary_large_image\" \/>\n<meta name=\"twitter:label1\" content=\"Dur\u00e9e de lecture estim\u00e9e\" \/>\n\t<meta name=\"twitter:data1\" content=\"2 minutes\" \/>\n<script type=\"application\/ld+json\" class=\"yoast-schema-graph\">{\"@context\":\"https:\/\/schema.org\",\"@graph\":[{\"@type\":\"WebPage\",\"@id\":\"https:\/\/www.yasminyahya.com\/fr\/la-marque\/\",\"url\":\"https:\/\/www.yasminyahya.com\/fr\/la-marque\/\",\"name\":\"\u00c0 propos de Yasmin Yahya - Yasmin Yahya\",\"isPartOf\":{\"@id\":\"https:\/\/www.yasminyahya.com\/fr\/#website\"},\"datePublished\":\"2021-07-27T10:08:53+00:00\",\"dateModified\":\"2025-11-02T12:04:08+00:00\",\"breadcrumb\":{\"@id\":\"https:\/\/www.yasminyahya.com\/fr\/la-marque\/#breadcrumb\"},\"inLanguage\":\"fr-FR\",\"potentialAction\":[{\"@type\":\"ReadAction\",\"target\":[\"https:\/\/www.yasminyahya.com\/fr\/la-marque\/\"]}]},{\"@type\":\"BreadcrumbList\",\"@id\":\"https:\/\/www.yasminyahya.com\/fr\/la-marque\/#breadcrumb\",\"itemListElement\":[{\"@type\":\"ListItem\",\"position\":1,\"name\":\"Accueil\",\"item\":\"https:\/\/www.yasminyahya.com\/fr\/\"},{\"@type\":\"ListItem\",\"position\":2,\"name\":\"\u00c0 propos de Yasmin Yahya\"}]},{\"@type\":\"WebSite\",\"@id\":\"https:\/\/www.yasminyahya.com\/fr\/#website\",\"url\":\"https:\/\/www.yasminyahya.com\/fr\/\",\"name\":\"Yasmin Yahya\",\"description\":\"Bijoux Contemporains\",\"potentialAction\":[{\"@type\":\"SearchAction\",\"target\":{\"@type\":\"EntryPoint\",\"urlTemplate\":\"https:\/\/www.yasminyahya.com\/fr\/?s={search_term_string}\"},\"query-input\":{\"@type\":\"PropertyValueSpecification\",\"valueRequired\":true,\"valueName\":\"search_term_string\"}}],\"inLanguage\":\"fr-FR\"}]}<\/script>\n<!-- \/ Yoast SEO plugin. -->","yoast_head_json":{"title":"\u00c0 propos de Yasmin Yahya - Yasmin Yahya","robots":{"index":"index","follow":"follow","max-snippet":"max-snippet:-1","max-image-preview":"max-image-preview:large","max-video-preview":"max-video-preview:-1"},"canonical":"https:\/\/www.yasminyahya.com\/fr\/la-marque\/","og_locale":"fr_FR","og_type":"article","og_title":"\u00c0 propos de Yasmin Yahya - Yasmin Yahya","og_url":"https:\/\/www.yasminyahya.com\/fr\/la-marque\/","og_site_name":"Yasmin Yahya","article_modified_time":"2025-11-02T12:04:08+00:00","twitter_card":"summary_large_image","twitter_misc":{"Dur\u00e9e de lecture estim\u00e9e":"2 minutes"},"schema":{"@context":"https:\/\/schema.org","@graph":[{"@type":"WebPage","@id":"https:\/\/www.yasminyahya.com\/fr\/la-marque\/","url":"https:\/\/www.yasminyahya.com\/fr\/la-marque\/","name":"\u00c0 propos de Yasmin Yahya - Yasmin Yahya","isPartOf":{"@id":"https:\/\/www.yasminyahya.com\/fr\/#website"},"datePublished":"2021-07-27T10:08:53+00:00","dateModified":"2025-11-02T12:04:08+00:00","breadcrumb":{"@id":"https:\/\/www.yasminyahya.com\/fr\/la-marque\/#breadcrumb"},"inLanguage":"fr-FR","potentialAction":[{"@type":"ReadAction","target":["https:\/\/www.yasminyahya.com\/fr\/la-marque\/"]}]},{"@type":"BreadcrumbList","@id":"https:\/\/www.yasminyahya.com\/fr\/la-marque\/#breadcrumb","itemListElement":[{"@type":"ListItem","position":1,"name":"Accueil","item":"https:\/\/www.yasminyahya.com\/fr\/"},{"@type":"ListItem","position":2,"name":"\u00c0 propos de Yasmin Yahya"}]},{"@type":"WebSite","@id":"https:\/\/www.yasminyahya.com\/fr\/#website","url":"https:\/\/www.yasminyahya.com\/fr\/","name":"Yasmin Yahya","description":"Bijoux Contemporains","potentialAction":[{"@type":"SearchAction","target":{"@type":"EntryPoint","urlTemplate":"https:\/\/www.yasminyahya.com\/fr\/?s={search_term_string}"},"query-input":{"@type":"PropertyValueSpecification","valueRequired":true,"valueName":"search_term_string"}}],"inLanguage":"fr-FR"}]}},"_links":{"self":[{"href":"https:\/\/www.yasminyahya.com\/fr\/wp-json\/wp\/v2\/pages\/8336"}],"collection":[{"href":"https:\/\/www.yasminyahya.com\/fr\/wp-json\/wp\/v2\/pages"}],"about":[{"href":"https:\/\/www.yasminyahya.com\/fr\/wp-json\/wp\/v2\/types\/page"}],"author":[{"embeddable":true,"href":"https:\/\/www.yasminyahya.com\/fr\/wp-json\/wp\/v2\/users\/2"}],"replies":[{"embeddable":true,"href":"https:\/\/www.yasminyahya.com\/fr\/wp-json\/wp\/v2\/comments?post=8336"}],"version-history":[{"count":0,"href":"https:\/\/www.yasminyahya.com\/fr\/wp-json\/wp\/v2\/pages\/8336\/revisions"}],"wp:attachment":[{"href":"https:\/\/www.yasminyahya.com\/fr\/wp-json\/wp\/v2\/media?parent=8336"}],"curies":[{"name":"wp","href":"https:\/\/api.w.org\/{rel}","templated":true}]}}