{"id":10142,"date":"2021-11-24T22:14:46","date_gmt":"2021-11-24T21:14:46","guid":{"rendered":"https:\/\/www.yasminyahya.com\/boutique\/non%20class\u00e9\/halskette-mit-rosenquarz-anhaenger\/"},"modified":"2024-03-07T14:44:22","modified_gmt":"2024-03-07T13:44:22","slug":"halskette-mit-rosenquarz-anhaenger","status":"publish","type":"product","link":"https:\/\/www.yasminyahya.com\/fr\/boutique\/collier\/halskette-mit-rosenquarz-anhaenger\/","title":{"rendered":"Collier avec quartz rose"},"content":{"rendered":"<section class=\"l-section wpb_row height_medium\"><div class=\"l-section-h i-cf\"><div class=\"g-cols vc_row via_flex valign_top type_default stacking_default\"><div class=\"vc_col-sm-12 wpb_column vc_column_container\"><div class=\"vc_column-inner\"><div class=\"wpb_wrapper\"><div class=\"wpb_text_column\"><div class=\"wpb_wrapper\"><p><strong>Mat\u00e9riau<\/strong> : Argent et or 22 carats RJC (Responsible Jewelry Council)<\/p>\n<p><strong>Pierre<\/strong> : Cabochon quartz rose \u00f8 14 mm x 12 mm<\/p>\n<p><strong>Longueur de la cha\u00eene<\/strong> : 46 cm (autres longueurs disponibles sur demande)<\/p>\n<p><strong>Pendentif<\/strong> : hauteur 2,4 cm (avec boucle), largeur 1,5 cm<\/p>\n<p>Le bijou est soigneusement fabriqu\u00e9 \u00e0 la main par Yasmin Yahya selon les techniques traditionnelles de la bijouterie, dans son atelier \u00e0 Turgi (Suisse). Elle utilise des m\u00e9taux pr\u00e9cieux \u00e9quitables d\u2019origine RJC (Responsible Jewelry Council).<\/p>\n<\/div><\/div><div class=\"w-separator size_custom\" style=\"height:32px\"><\/div><div class=\"wpb_text_column\"><div class=\"wpb_wrapper\"><h3>D\u00e9lai<\/h3>\n<p>3 jours ouvr\u00e9es. Si votre piece n\u2019est pas en stock, le d\u00e9lai sera de 7-10 jours ouvr\u00e9s auquel il faudra rajouter le temps d\u2019acheminement de la Poste.<\/p>\n<section class=\"related products\"><\/section>\n<\/div><\/div><\/div><\/div><\/div><\/div><\/div><\/section>\n","protected":false},"excerpt":{"rendered":"<p>Charmant collier avec un pendentif en argent et or 22 cts avec une monture en forme de couronne pour ce cabochon de quartz rose et ovale, translucide et bomb\u00e9 (\u00f8 14 mm x 12 mm).<\/p>\n<p>La longueur du collier en argent est de 46 cm et le pendentif mesure environ 2,4 cm x 1,5 cm.<\/p>\n<p>Ce charmant collier attire tous les regards !<\/p>\n<p>Le collier est livr\u00e9 dans un \u00e9crin \u00e0 bijoux et un certificat d&rsquo;authenticit\u00e9.<\/p>\n<p>&nbsp;<\/p>\n","protected":false},"featured_media":9707,"template":"","meta":[],"product_cat":[275,800],"product_tag":[],"class_list":{"0":"post-10142","1":"product","2":"type-product","3":"status-publish","4":"has-post-thumbnail","6":"product_cat-collier","7":"product_cat-divers-pieces-uniques","9":"first","10":"instock","11":"shipping-taxable","12":"purchasable","13":"product-type-simple"},"yoast_head":"<!-- This site is optimized with the Yoast SEO plugin v23.5 - https:\/\/yoast.com\/wordpress\/plugins\/seo\/ -->\n<title>Collier avec quartz rose - Yasmin Yahya<\/title>\n<meta name=\"description\" content=\"Collier en argent et or \u00e9quitable avec un quartz rose. Des bijoux contemporains par Yasmin Yahya, bas\u00e9e en Suisse (Turgi)\" \/>\n<meta name=\"robots\" content=\"index, follow, max-snippet:-1, max-image-preview:large, max-video-preview:-1\" \/>\n<link rel=\"canonical\" href=\"https:\/\/www.yasminyahya.com\/fr\/boutique\/collier\/halskette-mit-rosenquarz-anhaenger\/\" \/>\n<meta property=\"og:locale\" content=\"fr_FR\" \/>\n<meta property=\"og:type\" content=\"article\" \/>\n<meta property=\"og:title\" content=\"Collier avec quartz rose - Yasmin Yahya\" \/>\n<meta property=\"og:description\" content=\"Collier en argent et or \u00e9quitable avec un quartz rose. Des bijoux contemporains par Yasmin Yahya, bas\u00e9e en Suisse (Turgi)\" \/>\n<meta property=\"og:url\" content=\"https:\/\/www.yasminyahya.com\/fr\/boutique\/collier\/halskette-mit-rosenquarz-anhaenger\/\" \/>\n<meta property=\"og:site_name\" content=\"Yasmin Yahya\" \/>\n<meta property=\"article:modified_time\" content=\"2024-03-07T13:44:22+00:00\" \/>\n<meta property=\"og:image\" content=\"https:\/\/www.yasminyahya.com\/wp-content\/uploads\/2021\/11\/Yasmin-Yahya-CO-color.jpg\" \/>\n\t<meta property=\"og:image:width\" content=\"1871\" \/>\n\t<meta property=\"og:image:height\" content=\"1871\" \/>\n\t<meta property=\"og:image:type\" content=\"image\/jpeg\" \/>\n<meta name=\"twitter:card\" content=\"summary_large_image\" \/>\n<meta name=\"twitter:label1\" content=\"Dur\u00e9e de lecture estim\u00e9e\" \/>\n\t<meta name=\"twitter:data1\" content=\"1 minute\" \/>\n<script type=\"application\/ld+json\" class=\"yoast-schema-graph\">{\"@context\":\"https:\/\/schema.org\",\"@graph\":[{\"@type\":\"WebPage\",\"@id\":\"https:\/\/www.yasminyahya.com\/fr\/boutique\/collier\/halskette-mit-rosenquarz-anhaenger\/\",\"url\":\"https:\/\/www.yasminyahya.com\/fr\/boutique\/collier\/halskette-mit-rosenquarz-anhaenger\/\",\"name\":\"Collier avec quartz rose - Yasmin Yahya\",\"isPartOf\":{\"@id\":\"https:\/\/www.yasminyahya.com\/fr\/#website\"},\"primaryImageOfPage\":{\"@id\":\"https:\/\/www.yasminyahya.com\/fr\/boutique\/collier\/halskette-mit-rosenquarz-anhaenger\/#primaryimage\"},\"image\":{\"@id\":\"https:\/\/www.yasminyahya.com\/fr\/boutique\/collier\/halskette-mit-rosenquarz-anhaenger\/#primaryimage\"},\"thumbnailUrl\":\"https:\/\/www.yasminyahya.com\/wp-content\/uploads\/2021\/11\/Yasmin-Yahya-CO-color.jpg\",\"datePublished\":\"2021-11-24T21:14:46+00:00\",\"dateModified\":\"2024-03-07T13:44:22+00:00\",\"description\":\"Collier en argent et or \u00e9quitable avec un quartz rose. Des bijoux contemporains par Yasmin Yahya, bas\u00e9e en Suisse (Turgi)\",\"breadcrumb\":{\"@id\":\"https:\/\/www.yasminyahya.com\/fr\/boutique\/collier\/halskette-mit-rosenquarz-anhaenger\/#breadcrumb\"},\"inLanguage\":\"fr-FR\",\"potentialAction\":[{\"@type\":\"ReadAction\",\"target\":[\"https:\/\/www.yasminyahya.com\/fr\/boutique\/collier\/halskette-mit-rosenquarz-anhaenger\/\"]}]},{\"@type\":\"ImageObject\",\"inLanguage\":\"fr-FR\",\"@id\":\"https:\/\/www.yasminyahya.com\/fr\/boutique\/collier\/halskette-mit-rosenquarz-anhaenger\/#primaryimage\",\"url\":\"https:\/\/www.yasminyahya.com\/wp-content\/uploads\/2021\/11\/Yasmin-Yahya-CO-color.jpg\",\"contentUrl\":\"https:\/\/www.yasminyahya.com\/wp-content\/uploads\/2021\/11\/Yasmin-Yahya-CO-color.jpg\",\"width\":1871,\"height\":1871},{\"@type\":\"BreadcrumbList\",\"@id\":\"https:\/\/www.yasminyahya.com\/fr\/boutique\/collier\/halskette-mit-rosenquarz-anhaenger\/#breadcrumb\",\"itemListElement\":[{\"@type\":\"ListItem\",\"position\":1,\"name\":\"Accueil\",\"item\":\"https:\/\/www.yasminyahya.com\/fr\/\"},{\"@type\":\"ListItem\",\"position\":2,\"name\":\"Produits\",\"item\":\"https:\/\/www.yasminyahya.com\/fr\/shop\/\"},{\"@type\":\"ListItem\",\"position\":3,\"name\":\"Collier avec quartz rose\"}]},{\"@type\":\"WebSite\",\"@id\":\"https:\/\/www.yasminyahya.com\/fr\/#website\",\"url\":\"https:\/\/www.yasminyahya.com\/fr\/\",\"name\":\"Yasmin Yahya\",\"description\":\"Bijoux Contemporains\",\"potentialAction\":[{\"@type\":\"SearchAction\",\"target\":{\"@type\":\"EntryPoint\",\"urlTemplate\":\"https:\/\/www.yasminyahya.com\/fr\/?s={search_term_string}\"},\"query-input\":{\"@type\":\"PropertyValueSpecification\",\"valueRequired\":true,\"valueName\":\"search_term_string\"}}],\"inLanguage\":\"fr-FR\"}]}<\/script>\n<!-- \/ Yoast SEO plugin. -->","yoast_head_json":{"title":"Collier avec quartz rose - Yasmin Yahya","description":"Collier en argent et or \u00e9quitable avec un quartz rose. Des bijoux contemporains par Yasmin Yahya, bas\u00e9e en Suisse (Turgi)","robots":{"index":"index","follow":"follow","max-snippet":"max-snippet:-1","max-image-preview":"max-image-preview:large","max-video-preview":"max-video-preview:-1"},"canonical":"https:\/\/www.yasminyahya.com\/fr\/boutique\/collier\/halskette-mit-rosenquarz-anhaenger\/","og_locale":"fr_FR","og_type":"article","og_title":"Collier avec quartz rose - Yasmin Yahya","og_description":"Collier en argent et or \u00e9quitable avec un quartz rose. Des bijoux contemporains par Yasmin Yahya, bas\u00e9e en Suisse (Turgi)","og_url":"https:\/\/www.yasminyahya.com\/fr\/boutique\/collier\/halskette-mit-rosenquarz-anhaenger\/","og_site_name":"Yasmin Yahya","article_modified_time":"2024-03-07T13:44:22+00:00","og_image":[{"width":1871,"height":1871,"url":"https:\/\/www.yasminyahya.com\/wp-content\/uploads\/2021\/11\/Yasmin-Yahya-CO-color.jpg","type":"image\/jpeg"}],"twitter_card":"summary_large_image","twitter_misc":{"Dur\u00e9e de lecture estim\u00e9e":"1 minute"},"schema":{"@context":"https:\/\/schema.org","@graph":[{"@type":"WebPage","@id":"https:\/\/www.yasminyahya.com\/fr\/boutique\/collier\/halskette-mit-rosenquarz-anhaenger\/","url":"https:\/\/www.yasminyahya.com\/fr\/boutique\/collier\/halskette-mit-rosenquarz-anhaenger\/","name":"Collier avec quartz rose - Yasmin Yahya","isPartOf":{"@id":"https:\/\/www.yasminyahya.com\/fr\/#website"},"primaryImageOfPage":{"@id":"https:\/\/www.yasminyahya.com\/fr\/boutique\/collier\/halskette-mit-rosenquarz-anhaenger\/#primaryimage"},"image":{"@id":"https:\/\/www.yasminyahya.com\/fr\/boutique\/collier\/halskette-mit-rosenquarz-anhaenger\/#primaryimage"},"thumbnailUrl":"https:\/\/www.yasminyahya.com\/wp-content\/uploads\/2021\/11\/Yasmin-Yahya-CO-color.jpg","datePublished":"2021-11-24T21:14:46+00:00","dateModified":"2024-03-07T13:44:22+00:00","description":"Collier en argent et or \u00e9quitable avec un quartz rose. Des bijoux contemporains par Yasmin Yahya, bas\u00e9e en Suisse (Turgi)","breadcrumb":{"@id":"https:\/\/www.yasminyahya.com\/fr\/boutique\/collier\/halskette-mit-rosenquarz-anhaenger\/#breadcrumb"},"inLanguage":"fr-FR","potentialAction":[{"@type":"ReadAction","target":["https:\/\/www.yasminyahya.com\/fr\/boutique\/collier\/halskette-mit-rosenquarz-anhaenger\/"]}]},{"@type":"ImageObject","inLanguage":"fr-FR","@id":"https:\/\/www.yasminyahya.com\/fr\/boutique\/collier\/halskette-mit-rosenquarz-anhaenger\/#primaryimage","url":"https:\/\/www.yasminyahya.com\/wp-content\/uploads\/2021\/11\/Yasmin-Yahya-CO-color.jpg","contentUrl":"https:\/\/www.yasminyahya.com\/wp-content\/uploads\/2021\/11\/Yasmin-Yahya-CO-color.jpg","width":1871,"height":1871},{"@type":"BreadcrumbList","@id":"https:\/\/www.yasminyahya.com\/fr\/boutique\/collier\/halskette-mit-rosenquarz-anhaenger\/#breadcrumb","itemListElement":[{"@type":"ListItem","position":1,"name":"Accueil","item":"https:\/\/www.yasminyahya.com\/fr\/"},{"@type":"ListItem","position":2,"name":"Produits","item":"https:\/\/www.yasminyahya.com\/fr\/shop\/"},{"@type":"ListItem","position":3,"name":"Collier avec quartz rose"}]},{"@type":"WebSite","@id":"https:\/\/www.yasminyahya.com\/fr\/#website","url":"https:\/\/www.yasminyahya.com\/fr\/","name":"Yasmin Yahya","description":"Bijoux Contemporains","potentialAction":[{"@type":"SearchAction","target":{"@type":"EntryPoint","urlTemplate":"https:\/\/www.yasminyahya.com\/fr\/?s={search_term_string}"},"query-input":{"@type":"PropertyValueSpecification","valueRequired":true,"valueName":"search_term_string"}}],"inLanguage":"fr-FR"}]}},"_links":{"self":[{"href":"https:\/\/www.yasminyahya.com\/fr\/wp-json\/wp\/v2\/product\/10142"}],"collection":[{"href":"https:\/\/www.yasminyahya.com\/fr\/wp-json\/wp\/v2\/product"}],"about":[{"href":"https:\/\/www.yasminyahya.com\/fr\/wp-json\/wp\/v2\/types\/product"}],"wp:featuredmedia":[{"embeddable":true,"href":"https:\/\/www.yasminyahya.com\/fr\/wp-json\/wp\/v2\/media\/9707"}],"wp:attachment":[{"href":"https:\/\/www.yasminyahya.com\/fr\/wp-json\/wp\/v2\/media?parent=10142"}],"wp:term":[{"taxonomy":"product_cat","embeddable":true,"href":"https:\/\/www.yasminyahya.com\/fr\/wp-json\/wp\/v2\/product_cat?post=10142"},{"taxonomy":"product_tag","embeddable":true,"href":"https:\/\/www.yasminyahya.com\/fr\/wp-json\/wp\/v2\/product_tag?post=10142"}],"curies":[{"name":"wp","href":"https:\/\/api.w.org\/{rel}","templated":true}]}}