{"id":10714,"date":"2022-12-19T20:35:22","date_gmt":"2022-12-19T19:35:22","guid":{"rendered":"https:\/\/www.yasminyahya.com\/?post_type=product&#038;p=10714"},"modified":"2024-03-07T14:44:09","modified_gmt":"2024-03-07T13:44:09","slug":"collier-avec-pendentif-coeur","status":"publish","type":"product","link":"https:\/\/www.yasminyahya.com\/fr\/boutique\/collier\/collier-avec-pendentif-coeur\/","title":{"rendered":"Collier avec pendentif coeur"},"content":{"rendered":"<section class=\"l-section wpb_row height_medium\"><div class=\"l-section-h i-cf\"><div class=\"g-cols vc_row via_flex valign_top type_default stacking_default\"><div class=\"vc_col-sm-12 wpb_column vc_column_container\"><div class=\"vc_column-inner\"><div class=\"wpb_wrapper\"><div class=\"wpb_text_column\"><div class=\"wpb_wrapper\"><p><strong>Mat\u00e9riau<\/strong> : Argent \u00e9quitable RJC (Responsible Jewelry Council)<\/p>\n<p><strong>Longueur de la cha\u00eene<\/strong> : 40 cm (autres longueurs disponibles sur demande)<\/p>\n<p><strong>Pendentif<\/strong> : Argent \u00f8 1,5 cm ou \u00f8 1,8 cm (d&rsquo;autres diam\u00e8tres disponibles sur demande)<\/p>\n<p>Le bijou est soigneusement fabriqu\u00e9 \u00e0 la main par Yasmin Yahya selon les techniques traditionnelles de la bijouterie, dans son atelier \u00e0 Turgi (Suisse). Elle utilise des m\u00e9taux pr\u00e9cieux \u00e9quitables d\u2019origine RJC (Responsible Jewelry Council).<\/p>\n<\/div><\/div><div class=\"w-separator size_custom\" style=\"height:32px\"><\/div><div class=\"wpb_text_column\"><div class=\"wpb_wrapper\"><h3>D\u00e9lai<\/h3>\n<p>3 jours ouvr\u00e9es. Si votre piece n\u2019est pas en stock, le d\u00e9lai sera de 7-10 jours ouvr\u00e9s auquel il faudra rajouter le temps d\u2019acheminement de la Poste.<\/p>\n<section class=\"related products\"><\/section>\n<\/div><\/div><\/div><\/div><\/div><\/div><\/div><\/section>\n","protected":false},"excerpt":{"rendered":"<p>Adorable collier avec un pendentif en forme de c\u0153ur rond et mat, en argent \u00e9quitable mat.<\/p>\n<p>Le diam\u00e8tre du pendentif en argent est de 1,5 cm ou 1,8 cm cm. D&rsquo;autres diam\u00e8tres sont bien s\u00fbr disponibles sur demande.<\/p>\n<p>La longueur de la cha\u00eene boule est de 40 cm. Une cha\u00eene plus longue peut \u00eatre fabriqu\u00e9e sur demande.<\/p>\n<p>Ce charmant collier attire tous les regards !<\/p>\n<p>Le collier est livr\u00e9 avec une jolie bo\u00eete \u00e0 bijoux et un certificat d&rsquo;authenticit\u00e9.<\/p>\n","protected":false},"featured_media":11919,"template":"","meta":[],"product_cat":[275,800,791],"product_tag":[],"class_list":{"0":"post-10714","1":"product","2":"type-product","3":"status-publish","4":"has-post-thumbnail","6":"product_cat-collier","7":"product_cat-divers-pieces-uniques","8":"product_cat-nouveaute","10":"first","11":"instock","12":"shipping-taxable","13":"purchasable","14":"product-type-variable"},"yoast_head":"<!-- This site is optimized with the Yoast SEO plugin v23.5 - https:\/\/yoast.com\/wordpress\/plugins\/seo\/ -->\n<title>Collier avec pendentif coeur - Yasmin Yahya<\/title>\n<meta name=\"description\" content=\"Bijoux contemporains par Yasmin Yahya. Adorable collier avec un pendentif en forme de c\u0153ur rond et mat, soit en argent durable, soit en or 18 carats RJ\" \/>\n<meta name=\"robots\" content=\"index, follow, max-snippet:-1, max-image-preview:large, max-video-preview:-1\" \/>\n<link rel=\"canonical\" href=\"https:\/\/www.yasminyahya.com\/fr\/boutique\/collier\/collier-avec-pendentif-coeur\/\" \/>\n<meta property=\"og:locale\" content=\"fr_FR\" \/>\n<meta property=\"og:type\" content=\"article\" \/>\n<meta property=\"og:title\" content=\"Collier avec pendentif coeur - Yasmin Yahya\" \/>\n<meta property=\"og:description\" content=\"Bijoux contemporains par Yasmin Yahya. Adorable collier avec un pendentif en forme de c\u0153ur rond et mat, soit en argent durable, soit en or 18 carats RJ\" \/>\n<meta property=\"og:url\" content=\"https:\/\/www.yasminyahya.com\/fr\/boutique\/collier\/collier-avec-pendentif-coeur\/\" \/>\n<meta property=\"og:site_name\" content=\"Yasmin Yahya\" \/>\n<meta property=\"article:modified_time\" content=\"2024-03-07T13:44:09+00:00\" \/>\n<meta property=\"og:image\" content=\"https:\/\/www.yasminyahya.com\/wp-content\/uploads\/2022\/12\/yasmin-yahya-formatweb-32.jpg\" \/>\n\t<meta property=\"og:image:width\" content=\"1500\" \/>\n\t<meta property=\"og:image:height\" content=\"1500\" \/>\n\t<meta property=\"og:image:type\" content=\"image\/jpeg\" \/>\n<meta name=\"twitter:card\" content=\"summary_large_image\" \/>\n<meta name=\"twitter:label1\" content=\"Dur\u00e9e de lecture estim\u00e9e\" \/>\n\t<meta name=\"twitter:data1\" content=\"1 minute\" \/>\n<script type=\"application\/ld+json\" class=\"yoast-schema-graph\">{\"@context\":\"https:\/\/schema.org\",\"@graph\":[{\"@type\":\"WebPage\",\"@id\":\"https:\/\/www.yasminyahya.com\/fr\/boutique\/collier\/collier-avec-pendentif-coeur\/\",\"url\":\"https:\/\/www.yasminyahya.com\/fr\/boutique\/collier\/collier-avec-pendentif-coeur\/\",\"name\":\"Collier avec pendentif coeur - Yasmin Yahya\",\"isPartOf\":{\"@id\":\"https:\/\/www.yasminyahya.com\/fr\/#website\"},\"primaryImageOfPage\":{\"@id\":\"https:\/\/www.yasminyahya.com\/fr\/boutique\/collier\/collier-avec-pendentif-coeur\/#primaryimage\"},\"image\":{\"@id\":\"https:\/\/www.yasminyahya.com\/fr\/boutique\/collier\/collier-avec-pendentif-coeur\/#primaryimage\"},\"thumbnailUrl\":\"https:\/\/www.yasminyahya.com\/wp-content\/uploads\/2022\/12\/yasmin-yahya-formatweb-32.jpg\",\"datePublished\":\"2022-12-19T19:35:22+00:00\",\"dateModified\":\"2024-03-07T13:44:09+00:00\",\"description\":\"Bijoux contemporains par Yasmin Yahya. Adorable collier avec un pendentif en forme de c\u0153ur rond et mat, soit en argent durable, soit en or 18 carats RJ\",\"breadcrumb\":{\"@id\":\"https:\/\/www.yasminyahya.com\/fr\/boutique\/collier\/collier-avec-pendentif-coeur\/#breadcrumb\"},\"inLanguage\":\"fr-FR\",\"potentialAction\":[{\"@type\":\"ReadAction\",\"target\":[\"https:\/\/www.yasminyahya.com\/fr\/boutique\/collier\/collier-avec-pendentif-coeur\/\"]}]},{\"@type\":\"ImageObject\",\"inLanguage\":\"fr-FR\",\"@id\":\"https:\/\/www.yasminyahya.com\/fr\/boutique\/collier\/collier-avec-pendentif-coeur\/#primaryimage\",\"url\":\"https:\/\/www.yasminyahya.com\/wp-content\/uploads\/2022\/12\/yasmin-yahya-formatweb-32.jpg\",\"contentUrl\":\"https:\/\/www.yasminyahya.com\/wp-content\/uploads\/2022\/12\/yasmin-yahya-formatweb-32.jpg\",\"width\":1500,\"height\":1500},{\"@type\":\"BreadcrumbList\",\"@id\":\"https:\/\/www.yasminyahya.com\/fr\/boutique\/collier\/collier-avec-pendentif-coeur\/#breadcrumb\",\"itemListElement\":[{\"@type\":\"ListItem\",\"position\":1,\"name\":\"Accueil\",\"item\":\"https:\/\/www.yasminyahya.com\/fr\/\"},{\"@type\":\"ListItem\",\"position\":2,\"name\":\"Produits\",\"item\":\"https:\/\/www.yasminyahya.com\/fr\/shop\/\"},{\"@type\":\"ListItem\",\"position\":3,\"name\":\"Collier avec pendentif coeur\"}]},{\"@type\":\"WebSite\",\"@id\":\"https:\/\/www.yasminyahya.com\/fr\/#website\",\"url\":\"https:\/\/www.yasminyahya.com\/fr\/\",\"name\":\"Yasmin Yahya\",\"description\":\"Bijoux Contemporains\",\"potentialAction\":[{\"@type\":\"SearchAction\",\"target\":{\"@type\":\"EntryPoint\",\"urlTemplate\":\"https:\/\/www.yasminyahya.com\/fr\/?s={search_term_string}\"},\"query-input\":{\"@type\":\"PropertyValueSpecification\",\"valueRequired\":true,\"valueName\":\"search_term_string\"}}],\"inLanguage\":\"fr-FR\"}]}<\/script>\n<!-- \/ Yoast SEO plugin. -->","yoast_head_json":{"title":"Collier avec pendentif coeur - Yasmin Yahya","description":"Bijoux contemporains par Yasmin Yahya. Adorable collier avec un pendentif en forme de c\u0153ur rond et mat, soit en argent durable, soit en or 18 carats RJ","robots":{"index":"index","follow":"follow","max-snippet":"max-snippet:-1","max-image-preview":"max-image-preview:large","max-video-preview":"max-video-preview:-1"},"canonical":"https:\/\/www.yasminyahya.com\/fr\/boutique\/collier\/collier-avec-pendentif-coeur\/","og_locale":"fr_FR","og_type":"article","og_title":"Collier avec pendentif coeur - Yasmin Yahya","og_description":"Bijoux contemporains par Yasmin Yahya. Adorable collier avec un pendentif en forme de c\u0153ur rond et mat, soit en argent durable, soit en or 18 carats RJ","og_url":"https:\/\/www.yasminyahya.com\/fr\/boutique\/collier\/collier-avec-pendentif-coeur\/","og_site_name":"Yasmin Yahya","article_modified_time":"2024-03-07T13:44:09+00:00","og_image":[{"width":1500,"height":1500,"url":"https:\/\/www.yasminyahya.com\/wp-content\/uploads\/2022\/12\/yasmin-yahya-formatweb-32.jpg","type":"image\/jpeg"}],"twitter_card":"summary_large_image","twitter_misc":{"Dur\u00e9e de lecture estim\u00e9e":"1 minute"},"schema":{"@context":"https:\/\/schema.org","@graph":[{"@type":"WebPage","@id":"https:\/\/www.yasminyahya.com\/fr\/boutique\/collier\/collier-avec-pendentif-coeur\/","url":"https:\/\/www.yasminyahya.com\/fr\/boutique\/collier\/collier-avec-pendentif-coeur\/","name":"Collier avec pendentif coeur - Yasmin Yahya","isPartOf":{"@id":"https:\/\/www.yasminyahya.com\/fr\/#website"},"primaryImageOfPage":{"@id":"https:\/\/www.yasminyahya.com\/fr\/boutique\/collier\/collier-avec-pendentif-coeur\/#primaryimage"},"image":{"@id":"https:\/\/www.yasminyahya.com\/fr\/boutique\/collier\/collier-avec-pendentif-coeur\/#primaryimage"},"thumbnailUrl":"https:\/\/www.yasminyahya.com\/wp-content\/uploads\/2022\/12\/yasmin-yahya-formatweb-32.jpg","datePublished":"2022-12-19T19:35:22+00:00","dateModified":"2024-03-07T13:44:09+00:00","description":"Bijoux contemporains par Yasmin Yahya. Adorable collier avec un pendentif en forme de c\u0153ur rond et mat, soit en argent durable, soit en or 18 carats RJ","breadcrumb":{"@id":"https:\/\/www.yasminyahya.com\/fr\/boutique\/collier\/collier-avec-pendentif-coeur\/#breadcrumb"},"inLanguage":"fr-FR","potentialAction":[{"@type":"ReadAction","target":["https:\/\/www.yasminyahya.com\/fr\/boutique\/collier\/collier-avec-pendentif-coeur\/"]}]},{"@type":"ImageObject","inLanguage":"fr-FR","@id":"https:\/\/www.yasminyahya.com\/fr\/boutique\/collier\/collier-avec-pendentif-coeur\/#primaryimage","url":"https:\/\/www.yasminyahya.com\/wp-content\/uploads\/2022\/12\/yasmin-yahya-formatweb-32.jpg","contentUrl":"https:\/\/www.yasminyahya.com\/wp-content\/uploads\/2022\/12\/yasmin-yahya-formatweb-32.jpg","width":1500,"height":1500},{"@type":"BreadcrumbList","@id":"https:\/\/www.yasminyahya.com\/fr\/boutique\/collier\/collier-avec-pendentif-coeur\/#breadcrumb","itemListElement":[{"@type":"ListItem","position":1,"name":"Accueil","item":"https:\/\/www.yasminyahya.com\/fr\/"},{"@type":"ListItem","position":2,"name":"Produits","item":"https:\/\/www.yasminyahya.com\/fr\/shop\/"},{"@type":"ListItem","position":3,"name":"Collier avec pendentif coeur"}]},{"@type":"WebSite","@id":"https:\/\/www.yasminyahya.com\/fr\/#website","url":"https:\/\/www.yasminyahya.com\/fr\/","name":"Yasmin Yahya","description":"Bijoux Contemporains","potentialAction":[{"@type":"SearchAction","target":{"@type":"EntryPoint","urlTemplate":"https:\/\/www.yasminyahya.com\/fr\/?s={search_term_string}"},"query-input":{"@type":"PropertyValueSpecification","valueRequired":true,"valueName":"search_term_string"}}],"inLanguage":"fr-FR"}]}},"_links":{"self":[{"href":"https:\/\/www.yasminyahya.com\/fr\/wp-json\/wp\/v2\/product\/10714"}],"collection":[{"href":"https:\/\/www.yasminyahya.com\/fr\/wp-json\/wp\/v2\/product"}],"about":[{"href":"https:\/\/www.yasminyahya.com\/fr\/wp-json\/wp\/v2\/types\/product"}],"wp:featuredmedia":[{"embeddable":true,"href":"https:\/\/www.yasminyahya.com\/fr\/wp-json\/wp\/v2\/media\/11919"}],"wp:attachment":[{"href":"https:\/\/www.yasminyahya.com\/fr\/wp-json\/wp\/v2\/media?parent=10714"}],"wp:term":[{"taxonomy":"product_cat","embeddable":true,"href":"https:\/\/www.yasminyahya.com\/fr\/wp-json\/wp\/v2\/product_cat?post=10714"},{"taxonomy":"product_tag","embeddable":true,"href":"https:\/\/www.yasminyahya.com\/fr\/wp-json\/wp\/v2\/product_tag?post=10714"}],"curies":[{"name":"wp","href":"https:\/\/api.w.org\/{rel}","templated":true}]}}