{"id":10887,"date":"2023-03-11T16:28:15","date_gmt":"2023-03-11T15:28:15","guid":{"rendered":"https:\/\/www.yasminyahya.com\/?post_type=product&#038;p=10887"},"modified":"2023-05-21T17:37:51","modified_gmt":"2023-05-21T15:37:51","slug":"boucles-doreilles-avec-aigue-marine-laiteuse","status":"publish","type":"product","link":"https:\/\/www.yasminyahya.com\/fr\/boutique\/boucles-oreilles\/boucles-doreilles-avec-aigue-marine-laiteuse\/","title":{"rendered":"Boucles d&rsquo;oreilles avec Aigue marine laiteuse"},"content":{"rendered":"<section class=\"l-section wpb_row height_medium\"><div class=\"l-section-h i-cf\"><div class=\"g-cols vc_row via_flex valign_top type_default stacking_default\"><div class=\"vc_col-sm-12 wpb_column vc_column_container\"><div class=\"vc_column-inner\"><div class=\"wpb_wrapper\"><div class=\"wpb_text_column\"><div class=\"wpb_wrapper\"><p><strong>Mat\u00e9riau<\/strong> : Argent et or 22 carats RJC (Responsible Jewelry Council)<\/p>\n<p><strong>Pierre<\/strong> : Cabochon aigue marine laiteuse, rose-cut<\/p>\n<p><strong>Longueur :\u00a0<\/strong>Env. 3 cm<\/p>\n<p>Le bijou est soigneusement fabriqu\u00e9 \u00e0 la main par Yasmin Yahya selon les techniques traditionnelles de la bijouterie, dans son atelier \u00e0 Turgi (Suisse). Elle utilise des m\u00e9taux pr\u00e9cieux \u00e9quitables d\u2019origine RJC (Responsible Jewelry Council).<\/p>\n<\/div><\/div><div class=\"w-separator size_custom\" style=\"height:32px\"><\/div><div class=\"wpb_text_column\"><div class=\"wpb_wrapper\"><h3>D\u00e9lai<\/h3>\n<p>3 jours ouvr\u00e9es. Si votre piece n\u2019est pas en stock, le d\u00e9lai sera de 7-10 jours ouvr\u00e9s auquel il faudra rajouter le temps d\u2019acheminement de la Poste.<\/p>\n<section class=\"related products\"><\/section>\n<\/div><\/div><\/div><\/div><\/div><\/div><\/div><\/section>\n","protected":false},"excerpt":{"rendered":"<p>Ravissantes boucles d&rsquo;oreilles avec une pastille ovale en argent et or 22 ct \u00e9quitable RJC (Responsible Jewelry Council), avec des aigues marines laiteuses, taill\u00e9 en rose-cut irregulier.\u00a0La hauteur est de 3 cm.<\/p>\n<p>Les boucles d&rsquo;oreilles seront livr\u00e9es dans un \u00e9crin \u00e0 bijoux et un certificat d&rsquo;authenticit\u00e9.<\/p>\n<p>&nbsp;<\/p>\n","protected":false},"featured_media":11230,"template":"","meta":[],"product_cat":[290,800,791],"product_tag":[],"class_list":{"0":"post-10887","1":"product","2":"type-product","3":"status-publish","4":"has-post-thumbnail","6":"product_cat-boucles-oreilles","7":"product_cat-divers-pieces-uniques","8":"product_cat-nouveaute","10":"first","11":"instock","12":"shipping-taxable","13":"purchasable","14":"product-type-simple"},"yoast_head":"<!-- This site is optimized with the Yoast SEO plugin v23.5 - https:\/\/yoast.com\/wordpress\/plugins\/seo\/ -->\n<title>Boucles d&#039;oreilles avec Aigue marine laiteuse - Yasmin Yahya<\/title>\n<meta name=\"description\" content=\"Du fait-main par la bijouti\u00e8re Yasmin Yahya en Suisse. Ravissantes boucles d&#039;oreilles avec une pastille ovale en argent et or 22 ct \u00e9quitable RJC (Responsible Jewelry Council), avec des aigues marines laiteuses, taill\u00e9 en rose-cut irregulier.\" \/>\n<meta name=\"robots\" content=\"index, follow, max-snippet:-1, max-image-preview:large, max-video-preview:-1\" \/>\n<link rel=\"canonical\" href=\"https:\/\/www.yasminyahya.com\/fr\/boutique\/boucles-oreilles\/boucles-doreilles-avec-aigue-marine-laiteuse\/\" \/>\n<meta property=\"og:locale\" content=\"fr_FR\" \/>\n<meta property=\"og:type\" content=\"article\" \/>\n<meta property=\"og:title\" content=\"Boucles d&#039;oreilles avec Aigue marine laiteuse - Yasmin Yahya\" \/>\n<meta property=\"og:description\" content=\"Du fait-main par la bijouti\u00e8re Yasmin Yahya en Suisse. Ravissantes boucles d&#039;oreilles avec une pastille ovale en argent et or 22 ct \u00e9quitable RJC (Responsible Jewelry Council), avec des aigues marines laiteuses, taill\u00e9 en rose-cut irregulier.\" \/>\n<meta property=\"og:url\" content=\"https:\/\/www.yasminyahya.com\/fr\/boutique\/boucles-oreilles\/boucles-doreilles-avec-aigue-marine-laiteuse\/\" \/>\n<meta property=\"og:site_name\" content=\"Yasmin Yahya\" \/>\n<meta property=\"article:modified_time\" content=\"2023-05-21T15:37:51+00:00\" \/>\n<meta property=\"og:image\" content=\"https:\/\/www.yasminyahya.com\/wp-content\/uploads\/2023\/01\/Yasmin-Yahya-BO-Aqua-gr.jpg\" \/>\n\t<meta property=\"og:image:width\" content=\"2304\" \/>\n\t<meta property=\"og:image:height\" content=\"2304\" \/>\n\t<meta property=\"og:image:type\" content=\"image\/jpeg\" \/>\n<meta name=\"twitter:card\" content=\"summary_large_image\" \/>\n<meta name=\"twitter:label1\" content=\"Dur\u00e9e de lecture estim\u00e9e\" \/>\n\t<meta name=\"twitter:data1\" content=\"1 minute\" \/>\n<script type=\"application\/ld+json\" class=\"yoast-schema-graph\">{\"@context\":\"https:\/\/schema.org\",\"@graph\":[{\"@type\":\"WebPage\",\"@id\":\"https:\/\/www.yasminyahya.com\/fr\/boutique\/boucles-oreilles\/boucles-doreilles-avec-aigue-marine-laiteuse\/\",\"url\":\"https:\/\/www.yasminyahya.com\/fr\/boutique\/boucles-oreilles\/boucles-doreilles-avec-aigue-marine-laiteuse\/\",\"name\":\"Boucles d'oreilles avec Aigue marine laiteuse - Yasmin Yahya\",\"isPartOf\":{\"@id\":\"https:\/\/www.yasminyahya.com\/fr\/#website\"},\"primaryImageOfPage\":{\"@id\":\"https:\/\/www.yasminyahya.com\/fr\/boutique\/boucles-oreilles\/boucles-doreilles-avec-aigue-marine-laiteuse\/#primaryimage\"},\"image\":{\"@id\":\"https:\/\/www.yasminyahya.com\/fr\/boutique\/boucles-oreilles\/boucles-doreilles-avec-aigue-marine-laiteuse\/#primaryimage\"},\"thumbnailUrl\":\"https:\/\/www.yasminyahya.com\/wp-content\/uploads\/2023\/01\/Yasmin-Yahya-BO-Aqua-gr.jpg\",\"datePublished\":\"2023-03-11T15:28:15+00:00\",\"dateModified\":\"2023-05-21T15:37:51+00:00\",\"description\":\"Du fait-main par la bijouti\u00e8re Yasmin Yahya en Suisse. Ravissantes boucles d'oreilles avec une pastille ovale en argent et or 22 ct \u00e9quitable RJC (Responsible Jewelry Council), avec des aigues marines laiteuses, taill\u00e9 en rose-cut irregulier.\",\"breadcrumb\":{\"@id\":\"https:\/\/www.yasminyahya.com\/fr\/boutique\/boucles-oreilles\/boucles-doreilles-avec-aigue-marine-laiteuse\/#breadcrumb\"},\"inLanguage\":\"fr-FR\",\"potentialAction\":[{\"@type\":\"ReadAction\",\"target\":[\"https:\/\/www.yasminyahya.com\/fr\/boutique\/boucles-oreilles\/boucles-doreilles-avec-aigue-marine-laiteuse\/\"]}]},{\"@type\":\"ImageObject\",\"inLanguage\":\"fr-FR\",\"@id\":\"https:\/\/www.yasminyahya.com\/fr\/boutique\/boucles-oreilles\/boucles-doreilles-avec-aigue-marine-laiteuse\/#primaryimage\",\"url\":\"https:\/\/www.yasminyahya.com\/wp-content\/uploads\/2023\/01\/Yasmin-Yahya-BO-Aqua-gr.jpg\",\"contentUrl\":\"https:\/\/www.yasminyahya.com\/wp-content\/uploads\/2023\/01\/Yasmin-Yahya-BO-Aqua-gr.jpg\",\"width\":2304,\"height\":2304,\"caption\":\"Ohrringe aus milchigem Aquamarin und nachhaltigem Gold 22 Karat und Silber\"},{\"@type\":\"BreadcrumbList\",\"@id\":\"https:\/\/www.yasminyahya.com\/fr\/boutique\/boucles-oreilles\/boucles-doreilles-avec-aigue-marine-laiteuse\/#breadcrumb\",\"itemListElement\":[{\"@type\":\"ListItem\",\"position\":1,\"name\":\"Accueil\",\"item\":\"https:\/\/www.yasminyahya.com\/fr\/\"},{\"@type\":\"ListItem\",\"position\":2,\"name\":\"Produits\",\"item\":\"https:\/\/www.yasminyahya.com\/fr\/shop\/\"},{\"@type\":\"ListItem\",\"position\":3,\"name\":\"Boucles d&#8217;oreilles avec Aigue marine laiteuse\"}]},{\"@type\":\"WebSite\",\"@id\":\"https:\/\/www.yasminyahya.com\/fr\/#website\",\"url\":\"https:\/\/www.yasminyahya.com\/fr\/\",\"name\":\"Yasmin Yahya\",\"description\":\"Bijoux Contemporains\",\"potentialAction\":[{\"@type\":\"SearchAction\",\"target\":{\"@type\":\"EntryPoint\",\"urlTemplate\":\"https:\/\/www.yasminyahya.com\/fr\/?s={search_term_string}\"},\"query-input\":{\"@type\":\"PropertyValueSpecification\",\"valueRequired\":true,\"valueName\":\"search_term_string\"}}],\"inLanguage\":\"fr-FR\"}]}<\/script>\n<!-- \/ Yoast SEO plugin. -->","yoast_head_json":{"title":"Boucles d'oreilles avec Aigue marine laiteuse - Yasmin Yahya","description":"Du fait-main par la bijouti\u00e8re Yasmin Yahya en Suisse. Ravissantes boucles d'oreilles avec une pastille ovale en argent et or 22 ct \u00e9quitable RJC (Responsible Jewelry Council), avec des aigues marines laiteuses, taill\u00e9 en rose-cut irregulier.","robots":{"index":"index","follow":"follow","max-snippet":"max-snippet:-1","max-image-preview":"max-image-preview:large","max-video-preview":"max-video-preview:-1"},"canonical":"https:\/\/www.yasminyahya.com\/fr\/boutique\/boucles-oreilles\/boucles-doreilles-avec-aigue-marine-laiteuse\/","og_locale":"fr_FR","og_type":"article","og_title":"Boucles d'oreilles avec Aigue marine laiteuse - Yasmin Yahya","og_description":"Du fait-main par la bijouti\u00e8re Yasmin Yahya en Suisse. Ravissantes boucles d'oreilles avec une pastille ovale en argent et or 22 ct \u00e9quitable RJC (Responsible Jewelry Council), avec des aigues marines laiteuses, taill\u00e9 en rose-cut irregulier.","og_url":"https:\/\/www.yasminyahya.com\/fr\/boutique\/boucles-oreilles\/boucles-doreilles-avec-aigue-marine-laiteuse\/","og_site_name":"Yasmin Yahya","article_modified_time":"2023-05-21T15:37:51+00:00","og_image":[{"width":2304,"height":2304,"url":"https:\/\/www.yasminyahya.com\/wp-content\/uploads\/2023\/01\/Yasmin-Yahya-BO-Aqua-gr.jpg","type":"image\/jpeg"}],"twitter_card":"summary_large_image","twitter_misc":{"Dur\u00e9e de lecture estim\u00e9e":"1 minute"},"schema":{"@context":"https:\/\/schema.org","@graph":[{"@type":"WebPage","@id":"https:\/\/www.yasminyahya.com\/fr\/boutique\/boucles-oreilles\/boucles-doreilles-avec-aigue-marine-laiteuse\/","url":"https:\/\/www.yasminyahya.com\/fr\/boutique\/boucles-oreilles\/boucles-doreilles-avec-aigue-marine-laiteuse\/","name":"Boucles d'oreilles avec Aigue marine laiteuse - Yasmin Yahya","isPartOf":{"@id":"https:\/\/www.yasminyahya.com\/fr\/#website"},"primaryImageOfPage":{"@id":"https:\/\/www.yasminyahya.com\/fr\/boutique\/boucles-oreilles\/boucles-doreilles-avec-aigue-marine-laiteuse\/#primaryimage"},"image":{"@id":"https:\/\/www.yasminyahya.com\/fr\/boutique\/boucles-oreilles\/boucles-doreilles-avec-aigue-marine-laiteuse\/#primaryimage"},"thumbnailUrl":"https:\/\/www.yasminyahya.com\/wp-content\/uploads\/2023\/01\/Yasmin-Yahya-BO-Aqua-gr.jpg","datePublished":"2023-03-11T15:28:15+00:00","dateModified":"2023-05-21T15:37:51+00:00","description":"Du fait-main par la bijouti\u00e8re Yasmin Yahya en Suisse. Ravissantes boucles d'oreilles avec une pastille ovale en argent et or 22 ct \u00e9quitable RJC (Responsible Jewelry Council), avec des aigues marines laiteuses, taill\u00e9 en rose-cut irregulier.","breadcrumb":{"@id":"https:\/\/www.yasminyahya.com\/fr\/boutique\/boucles-oreilles\/boucles-doreilles-avec-aigue-marine-laiteuse\/#breadcrumb"},"inLanguage":"fr-FR","potentialAction":[{"@type":"ReadAction","target":["https:\/\/www.yasminyahya.com\/fr\/boutique\/boucles-oreilles\/boucles-doreilles-avec-aigue-marine-laiteuse\/"]}]},{"@type":"ImageObject","inLanguage":"fr-FR","@id":"https:\/\/www.yasminyahya.com\/fr\/boutique\/boucles-oreilles\/boucles-doreilles-avec-aigue-marine-laiteuse\/#primaryimage","url":"https:\/\/www.yasminyahya.com\/wp-content\/uploads\/2023\/01\/Yasmin-Yahya-BO-Aqua-gr.jpg","contentUrl":"https:\/\/www.yasminyahya.com\/wp-content\/uploads\/2023\/01\/Yasmin-Yahya-BO-Aqua-gr.jpg","width":2304,"height":2304,"caption":"Ohrringe aus milchigem Aquamarin und nachhaltigem Gold 22 Karat und Silber"},{"@type":"BreadcrumbList","@id":"https:\/\/www.yasminyahya.com\/fr\/boutique\/boucles-oreilles\/boucles-doreilles-avec-aigue-marine-laiteuse\/#breadcrumb","itemListElement":[{"@type":"ListItem","position":1,"name":"Accueil","item":"https:\/\/www.yasminyahya.com\/fr\/"},{"@type":"ListItem","position":2,"name":"Produits","item":"https:\/\/www.yasminyahya.com\/fr\/shop\/"},{"@type":"ListItem","position":3,"name":"Boucles d&#8217;oreilles avec Aigue marine laiteuse"}]},{"@type":"WebSite","@id":"https:\/\/www.yasminyahya.com\/fr\/#website","url":"https:\/\/www.yasminyahya.com\/fr\/","name":"Yasmin Yahya","description":"Bijoux Contemporains","potentialAction":[{"@type":"SearchAction","target":{"@type":"EntryPoint","urlTemplate":"https:\/\/www.yasminyahya.com\/fr\/?s={search_term_string}"},"query-input":{"@type":"PropertyValueSpecification","valueRequired":true,"valueName":"search_term_string"}}],"inLanguage":"fr-FR"}]}},"_links":{"self":[{"href":"https:\/\/www.yasminyahya.com\/fr\/wp-json\/wp\/v2\/product\/10887"}],"collection":[{"href":"https:\/\/www.yasminyahya.com\/fr\/wp-json\/wp\/v2\/product"}],"about":[{"href":"https:\/\/www.yasminyahya.com\/fr\/wp-json\/wp\/v2\/types\/product"}],"wp:featuredmedia":[{"embeddable":true,"href":"https:\/\/www.yasminyahya.com\/fr\/wp-json\/wp\/v2\/media\/11230"}],"wp:attachment":[{"href":"https:\/\/www.yasminyahya.com\/fr\/wp-json\/wp\/v2\/media?parent=10887"}],"wp:term":[{"taxonomy":"product_cat","embeddable":true,"href":"https:\/\/www.yasminyahya.com\/fr\/wp-json\/wp\/v2\/product_cat?post=10887"},{"taxonomy":"product_tag","embeddable":true,"href":"https:\/\/www.yasminyahya.com\/fr\/wp-json\/wp\/v2\/product_tag?post=10887"}],"curies":[{"name":"wp","href":"https:\/\/api.w.org\/{rel}","templated":true}]}}