{"id":11231,"date":"2023-03-24T10:43:05","date_gmt":"2023-03-24T09:43:05","guid":{"rendered":"https:\/\/www.yasminyahya.com\/?post_type=product&#038;p=11231"},"modified":"2024-03-07T14:40:41","modified_gmt":"2024-03-07T13:40:41","slug":"collier-avec-aigue-marine-laiteuse","status":"publish","type":"product","link":"https:\/\/www.yasminyahya.com\/fr\/boutique\/collier\/collier-avec-aigue-marine-laiteuse\/","title":{"rendered":"Collier avec Aigue marine laiteuse"},"content":{"rendered":"<section class=\"l-section wpb_row height_medium\"><div class=\"l-section-h i-cf\"><div class=\"g-cols vc_row via_flex valign_top type_default stacking_default\"><div class=\"vc_col-sm-12 wpb_column vc_column_container\"><div class=\"vc_column-inner\"><div class=\"wpb_wrapper\"><div class=\"wpb_text_column\"><div class=\"wpb_wrapper\"><p><strong>Mat\u00e9riau<\/strong> : Argent et or 22 carats RJC (Responsible Jewelry Council)<\/p>\n<p><strong>Pierre<\/strong> : Cabochon aigue marine laiteuse, rose-cut<\/p>\n<p><strong>Longueur :\u00a0<\/strong>Env. 45 cm (+ cha\u00eene de rallonge 4,5 cm)<\/p>\n<p><strong>Hauteur :\u00a0<\/strong>3 cm<\/p>\n<p>Le bijou est soigneusement fabriqu\u00e9 \u00e0 la main par Yasmin Yahya selon les techniques traditionnelles de la bijouterie, dans son atelier \u00e0 Turgi (Suisse). Elle utilise des m\u00e9taux pr\u00e9cieux \u00e9quitables d\u2019origine RJC (Responsible Jewelry Council).<\/p>\n<\/div><\/div><div class=\"w-separator size_custom\" style=\"height:32px\"><\/div><div class=\"wpb_text_column\"><div class=\"wpb_wrapper\"><h3>D\u00e9lai<\/h3>\n<p>3 jours ouvr\u00e9es. Si votre piece n\u2019est pas en stock, le d\u00e9lai sera de 7-10 jours ouvr\u00e9s auquel il faudra rajouter le temps d\u2019acheminement de la Poste.<\/p>\n<section class=\"related products\"><\/section>\n<\/div><\/div><\/div><\/div><\/div><\/div><\/div><\/section>\n","protected":false},"excerpt":{"rendered":"<p>Ravissant collier avec une pastille ovale en argent et or 22 ct \u00e9quitable RJC (Responsible Jewelry Council), avec une aigue-marine laiteuses, taill\u00e9 en rose-cut irr\u00e9gulier.\u00a0La hauteur du pendentif int\u00e9gr\u00e9 \u00e0 la cha\u00eene est 3 cm, le collier mesure 45 cm en tout et il peut \u00eatre rallong\u00e9 avec une cha\u00eene de rallonge (+ 4,5 cm).<br \/>\nChaque pi\u00e8ce est unique, car chaque pierre est taill\u00e9 un peu diff\u00e9remment.<\/p>\n<p>Le collier sera livr\u00e9 dans un \u00e9crin \u00e0 bijoux et un certificat d&rsquo;authenticit\u00e9.<\/p>\n<p>&nbsp;<\/p>\n","protected":false},"featured_media":11258,"template":"","meta":[],"product_cat":[275,800,791],"product_tag":[],"class_list":{"0":"post-11231","1":"product","2":"type-product","3":"status-publish","4":"has-post-thumbnail","6":"product_cat-collier","7":"product_cat-divers-pieces-uniques","8":"product_cat-nouveaute","10":"first","11":"instock","12":"shipping-taxable","13":"purchasable","14":"product-type-simple"},"yoast_head":"<!-- This site is optimized with the Yoast SEO plugin v23.5 - https:\/\/yoast.com\/wordpress\/plugins\/seo\/ -->\n<title>Collier avec Aigue marine laiteuse - Yasmin Yahya<\/title>\n<meta name=\"description\" content=\"Ravissant collier avec une pastille ovale en argent et or 22 ct \u00e9quitable RJC (Responsible Jewelry Council), avec une aigue-marine laiteuses, taill\u00e9 en rose-cut irr\u00e9gulier. Chaque pi\u00e8ce est unique, car chaque pierre est taill\u00e9 un peu diff\u00e9remment. Bijoux contemporains par Yasmin Yahya\" \/>\n<meta name=\"robots\" content=\"index, follow, max-snippet:-1, max-image-preview:large, max-video-preview:-1\" \/>\n<link rel=\"canonical\" href=\"https:\/\/www.yasminyahya.com\/fr\/boutique\/collier\/collier-avec-aigue-marine-laiteuse\/\" \/>\n<meta property=\"og:locale\" content=\"fr_FR\" \/>\n<meta property=\"og:type\" content=\"article\" \/>\n<meta property=\"og:title\" content=\"Collier avec Aigue marine laiteuse - Yasmin Yahya\" \/>\n<meta property=\"og:description\" content=\"Ravissant collier avec une pastille ovale en argent et or 22 ct \u00e9quitable RJC (Responsible Jewelry Council), avec une aigue-marine laiteuses, taill\u00e9 en rose-cut irr\u00e9gulier. Chaque pi\u00e8ce est unique, car chaque pierre est taill\u00e9 un peu diff\u00e9remment. Bijoux contemporains par Yasmin Yahya\" \/>\n<meta property=\"og:url\" content=\"https:\/\/www.yasminyahya.com\/fr\/boutique\/collier\/collier-avec-aigue-marine-laiteuse\/\" \/>\n<meta property=\"og:site_name\" content=\"Yasmin Yahya\" \/>\n<meta property=\"article:modified_time\" content=\"2024-03-07T13:40:41+00:00\" \/>\n<meta property=\"og:image\" content=\"https:\/\/www.yasminyahya.com\/wp-content\/uploads\/2023\/03\/Yasmin-Yahya-CO-Aqua.jpg\" \/>\n\t<meta property=\"og:image:width\" content=\"2304\" \/>\n\t<meta property=\"og:image:height\" content=\"2304\" \/>\n\t<meta property=\"og:image:type\" content=\"image\/jpeg\" \/>\n<meta name=\"twitter:card\" content=\"summary_large_image\" \/>\n<meta name=\"twitter:label1\" content=\"Dur\u00e9e de lecture estim\u00e9e\" \/>\n\t<meta name=\"twitter:data1\" content=\"1 minute\" \/>\n<script type=\"application\/ld+json\" class=\"yoast-schema-graph\">{\"@context\":\"https:\/\/schema.org\",\"@graph\":[{\"@type\":\"WebPage\",\"@id\":\"https:\/\/www.yasminyahya.com\/fr\/boutique\/collier\/collier-avec-aigue-marine-laiteuse\/\",\"url\":\"https:\/\/www.yasminyahya.com\/fr\/boutique\/collier\/collier-avec-aigue-marine-laiteuse\/\",\"name\":\"Collier avec Aigue marine laiteuse - Yasmin Yahya\",\"isPartOf\":{\"@id\":\"https:\/\/www.yasminyahya.com\/fr\/#website\"},\"primaryImageOfPage\":{\"@id\":\"https:\/\/www.yasminyahya.com\/fr\/boutique\/collier\/collier-avec-aigue-marine-laiteuse\/#primaryimage\"},\"image\":{\"@id\":\"https:\/\/www.yasminyahya.com\/fr\/boutique\/collier\/collier-avec-aigue-marine-laiteuse\/#primaryimage\"},\"thumbnailUrl\":\"https:\/\/www.yasminyahya.com\/wp-content\/uploads\/2023\/03\/Yasmin-Yahya-CO-Aqua.jpg\",\"datePublished\":\"2023-03-24T09:43:05+00:00\",\"dateModified\":\"2024-03-07T13:40:41+00:00\",\"description\":\"Ravissant collier avec une pastille ovale en argent et or 22 ct \u00e9quitable RJC (Responsible Jewelry Council), avec une aigue-marine laiteuses, taill\u00e9 en rose-cut irr\u00e9gulier. Chaque pi\u00e8ce est unique, car chaque pierre est taill\u00e9 un peu diff\u00e9remment. Bijoux contemporains par Yasmin Yahya\",\"breadcrumb\":{\"@id\":\"https:\/\/www.yasminyahya.com\/fr\/boutique\/collier\/collier-avec-aigue-marine-laiteuse\/#breadcrumb\"},\"inLanguage\":\"fr-FR\",\"potentialAction\":[{\"@type\":\"ReadAction\",\"target\":[\"https:\/\/www.yasminyahya.com\/fr\/boutique\/collier\/collier-avec-aigue-marine-laiteuse\/\"]}]},{\"@type\":\"ImageObject\",\"inLanguage\":\"fr-FR\",\"@id\":\"https:\/\/www.yasminyahya.com\/fr\/boutique\/collier\/collier-avec-aigue-marine-laiteuse\/#primaryimage\",\"url\":\"https:\/\/www.yasminyahya.com\/wp-content\/uploads\/2023\/03\/Yasmin-Yahya-CO-Aqua.jpg\",\"contentUrl\":\"https:\/\/www.yasminyahya.com\/wp-content\/uploads\/2023\/03\/Yasmin-Yahya-CO-Aqua.jpg\",\"width\":2304,\"height\":2304,\"caption\":\"Bezaubernde Halskette mit einer ovalen Pastille aus nachhaltigem Silber und 22 ct Gold RJC (Responsible Jewelry Council), mit einem milchigen Aquamarin\"},{\"@type\":\"BreadcrumbList\",\"@id\":\"https:\/\/www.yasminyahya.com\/fr\/boutique\/collier\/collier-avec-aigue-marine-laiteuse\/#breadcrumb\",\"itemListElement\":[{\"@type\":\"ListItem\",\"position\":1,\"name\":\"Accueil\",\"item\":\"https:\/\/www.yasminyahya.com\/fr\/\"},{\"@type\":\"ListItem\",\"position\":2,\"name\":\"Produits\",\"item\":\"https:\/\/www.yasminyahya.com\/fr\/shop\/\"},{\"@type\":\"ListItem\",\"position\":3,\"name\":\"Collier avec Aigue marine laiteuse\"}]},{\"@type\":\"WebSite\",\"@id\":\"https:\/\/www.yasminyahya.com\/fr\/#website\",\"url\":\"https:\/\/www.yasminyahya.com\/fr\/\",\"name\":\"Yasmin Yahya\",\"description\":\"Bijoux Contemporains\",\"potentialAction\":[{\"@type\":\"SearchAction\",\"target\":{\"@type\":\"EntryPoint\",\"urlTemplate\":\"https:\/\/www.yasminyahya.com\/fr\/?s={search_term_string}\"},\"query-input\":{\"@type\":\"PropertyValueSpecification\",\"valueRequired\":true,\"valueName\":\"search_term_string\"}}],\"inLanguage\":\"fr-FR\"}]}<\/script>\n<!-- \/ Yoast SEO plugin. -->","yoast_head_json":{"title":"Collier avec Aigue marine laiteuse - Yasmin Yahya","description":"Ravissant collier avec une pastille ovale en argent et or 22 ct \u00e9quitable RJC (Responsible Jewelry Council), avec une aigue-marine laiteuses, taill\u00e9 en rose-cut irr\u00e9gulier. Chaque pi\u00e8ce est unique, car chaque pierre est taill\u00e9 un peu diff\u00e9remment. Bijoux contemporains par Yasmin Yahya","robots":{"index":"index","follow":"follow","max-snippet":"max-snippet:-1","max-image-preview":"max-image-preview:large","max-video-preview":"max-video-preview:-1"},"canonical":"https:\/\/www.yasminyahya.com\/fr\/boutique\/collier\/collier-avec-aigue-marine-laiteuse\/","og_locale":"fr_FR","og_type":"article","og_title":"Collier avec Aigue marine laiteuse - Yasmin Yahya","og_description":"Ravissant collier avec une pastille ovale en argent et or 22 ct \u00e9quitable RJC (Responsible Jewelry Council), avec une aigue-marine laiteuses, taill\u00e9 en rose-cut irr\u00e9gulier. Chaque pi\u00e8ce est unique, car chaque pierre est taill\u00e9 un peu diff\u00e9remment. Bijoux contemporains par Yasmin Yahya","og_url":"https:\/\/www.yasminyahya.com\/fr\/boutique\/collier\/collier-avec-aigue-marine-laiteuse\/","og_site_name":"Yasmin Yahya","article_modified_time":"2024-03-07T13:40:41+00:00","og_image":[{"width":2304,"height":2304,"url":"https:\/\/www.yasminyahya.com\/wp-content\/uploads\/2023\/03\/Yasmin-Yahya-CO-Aqua.jpg","type":"image\/jpeg"}],"twitter_card":"summary_large_image","twitter_misc":{"Dur\u00e9e de lecture estim\u00e9e":"1 minute"},"schema":{"@context":"https:\/\/schema.org","@graph":[{"@type":"WebPage","@id":"https:\/\/www.yasminyahya.com\/fr\/boutique\/collier\/collier-avec-aigue-marine-laiteuse\/","url":"https:\/\/www.yasminyahya.com\/fr\/boutique\/collier\/collier-avec-aigue-marine-laiteuse\/","name":"Collier avec Aigue marine laiteuse - Yasmin Yahya","isPartOf":{"@id":"https:\/\/www.yasminyahya.com\/fr\/#website"},"primaryImageOfPage":{"@id":"https:\/\/www.yasminyahya.com\/fr\/boutique\/collier\/collier-avec-aigue-marine-laiteuse\/#primaryimage"},"image":{"@id":"https:\/\/www.yasminyahya.com\/fr\/boutique\/collier\/collier-avec-aigue-marine-laiteuse\/#primaryimage"},"thumbnailUrl":"https:\/\/www.yasminyahya.com\/wp-content\/uploads\/2023\/03\/Yasmin-Yahya-CO-Aqua.jpg","datePublished":"2023-03-24T09:43:05+00:00","dateModified":"2024-03-07T13:40:41+00:00","description":"Ravissant collier avec une pastille ovale en argent et or 22 ct \u00e9quitable RJC (Responsible Jewelry Council), avec une aigue-marine laiteuses, taill\u00e9 en rose-cut irr\u00e9gulier. Chaque pi\u00e8ce est unique, car chaque pierre est taill\u00e9 un peu diff\u00e9remment. Bijoux contemporains par Yasmin Yahya","breadcrumb":{"@id":"https:\/\/www.yasminyahya.com\/fr\/boutique\/collier\/collier-avec-aigue-marine-laiteuse\/#breadcrumb"},"inLanguage":"fr-FR","potentialAction":[{"@type":"ReadAction","target":["https:\/\/www.yasminyahya.com\/fr\/boutique\/collier\/collier-avec-aigue-marine-laiteuse\/"]}]},{"@type":"ImageObject","inLanguage":"fr-FR","@id":"https:\/\/www.yasminyahya.com\/fr\/boutique\/collier\/collier-avec-aigue-marine-laiteuse\/#primaryimage","url":"https:\/\/www.yasminyahya.com\/wp-content\/uploads\/2023\/03\/Yasmin-Yahya-CO-Aqua.jpg","contentUrl":"https:\/\/www.yasminyahya.com\/wp-content\/uploads\/2023\/03\/Yasmin-Yahya-CO-Aqua.jpg","width":2304,"height":2304,"caption":"Bezaubernde Halskette mit einer ovalen Pastille aus nachhaltigem Silber und 22 ct Gold RJC (Responsible Jewelry Council), mit einem milchigen Aquamarin"},{"@type":"BreadcrumbList","@id":"https:\/\/www.yasminyahya.com\/fr\/boutique\/collier\/collier-avec-aigue-marine-laiteuse\/#breadcrumb","itemListElement":[{"@type":"ListItem","position":1,"name":"Accueil","item":"https:\/\/www.yasminyahya.com\/fr\/"},{"@type":"ListItem","position":2,"name":"Produits","item":"https:\/\/www.yasminyahya.com\/fr\/shop\/"},{"@type":"ListItem","position":3,"name":"Collier avec Aigue marine laiteuse"}]},{"@type":"WebSite","@id":"https:\/\/www.yasminyahya.com\/fr\/#website","url":"https:\/\/www.yasminyahya.com\/fr\/","name":"Yasmin Yahya","description":"Bijoux Contemporains","potentialAction":[{"@type":"SearchAction","target":{"@type":"EntryPoint","urlTemplate":"https:\/\/www.yasminyahya.com\/fr\/?s={search_term_string}"},"query-input":{"@type":"PropertyValueSpecification","valueRequired":true,"valueName":"search_term_string"}}],"inLanguage":"fr-FR"}]}},"_links":{"self":[{"href":"https:\/\/www.yasminyahya.com\/fr\/wp-json\/wp\/v2\/product\/11231"}],"collection":[{"href":"https:\/\/www.yasminyahya.com\/fr\/wp-json\/wp\/v2\/product"}],"about":[{"href":"https:\/\/www.yasminyahya.com\/fr\/wp-json\/wp\/v2\/types\/product"}],"wp:featuredmedia":[{"embeddable":true,"href":"https:\/\/www.yasminyahya.com\/fr\/wp-json\/wp\/v2\/media\/11258"}],"wp:attachment":[{"href":"https:\/\/www.yasminyahya.com\/fr\/wp-json\/wp\/v2\/media?parent=11231"}],"wp:term":[{"taxonomy":"product_cat","embeddable":true,"href":"https:\/\/www.yasminyahya.com\/fr\/wp-json\/wp\/v2\/product_cat?post=11231"},{"taxonomy":"product_tag","embeddable":true,"href":"https:\/\/www.yasminyahya.com\/fr\/wp-json\/wp\/v2\/product_tag?post=11231"}],"curies":[{"name":"wp","href":"https:\/\/api.w.org\/{rel}","templated":true}]}}