{"id":11321,"date":"2023-03-26T18:14:21","date_gmt":"2023-03-26T16:14:21","guid":{"rendered":"https:\/\/www.yasminyahya.com\/?post_type=product&#038;p=11321"},"modified":"2024-03-07T14:38:38","modified_gmt":"2024-03-07T13:38:38","slug":"ravisantes-boucles-doreilles-avec-aigue-marine-laiteuse","status":"publish","type":"product","link":"https:\/\/www.yasminyahya.com\/fr\/boutique\/boucles-oreilles\/ravisantes-boucles-doreilles-avec-aigue-marine-laiteuse\/","title":{"rendered":"Ravisantes Boucles d&rsquo;oreilles avec Aigue marine laiteuse"},"content":{"rendered":"<section class=\"l-section wpb_row height_medium\"><div class=\"l-section-h i-cf\"><div class=\"g-cols vc_row via_flex valign_top type_default stacking_default\"><div class=\"vc_col-sm-12 wpb_column vc_column_container\"><div class=\"vc_column-inner\"><div class=\"wpb_wrapper\"><div class=\"wpb_text_column\"><div class=\"wpb_wrapper\"><p><strong>Mat\u00e9riau<\/strong> : Argent et or 22 carats RJC (Responsible Jewelry Council)<\/p>\n<p><strong>Pierre<\/strong> : Cabochon aigue marine laiteuse, rose-cut<\/p>\n<p><strong>Longueur :\u00a0<\/strong>Env. 2,5 cm<\/p>\n<p>Le bijou est soigneusement fabriqu\u00e9 \u00e0 la main par Yasmin Yahya selon les techniques traditionnelles de la bijouterie, dans son atelier \u00e0 Turgi (Suisse). Elle utilise des m\u00e9taux pr\u00e9cieux \u00e9quitables d\u2019origine RJC (Responsible Jewelry Council).<\/p>\n<\/div><\/div><div class=\"w-separator size_custom\" style=\"height:32px\"><\/div><div class=\"wpb_text_column\"><div class=\"wpb_wrapper\"><h3>D\u00e9lai<\/h3>\n<p>3 jours ouvr\u00e9es. Si votre piece n\u2019est pas en stock, le d\u00e9lai sera de 7-10 jours ouvr\u00e9s auquel il faudra rajouter le temps d\u2019acheminement de la Poste.<\/p>\n<section class=\"related products\"><\/section>\n<\/div><\/div><\/div><\/div><\/div><\/div><\/div><\/section>\n","protected":false},"excerpt":{"rendered":"<p>Ravissantes boucles d&rsquo;oreilles avec une pastille ovale en argent et or 22 ct \u00e9quitable RJC (Responsible Jewelry Council), avec des aigues marines laiteuses, taill\u00e9 en rose-cut irregulier.\u00a0La hauteur est env. 2,5 cm.<\/p>\n<p>Chaque pi\u00e8ce est diff\u00e9rente, car chaque pierre est taill\u00e9e diff\u00e9remment.<\/p>\n<p>Les boucles d&rsquo;oreilles seront livr\u00e9es dans un \u00e9crin \u00e0 bijoux et un certificat d&rsquo;authenticit\u00e9.<\/p>\n<p>&nbsp;<\/p>\n","protected":false},"featured_media":11915,"template":"","meta":[],"product_cat":[290,800,791],"product_tag":[],"class_list":{"0":"post-11321","1":"product","2":"type-product","3":"status-publish","4":"has-post-thumbnail","6":"product_cat-boucles-oreilles","7":"product_cat-divers-pieces-uniques","8":"product_cat-nouveaute","10":"first","11":"instock","12":"shipping-taxable","13":"purchasable","14":"product-type-simple"},"yoast_head":"<!-- This site is optimized with the Yoast SEO plugin v23.5 - https:\/\/yoast.com\/wordpress\/plugins\/seo\/ -->\n<title>Ravisantes Boucles d&#039;oreilles avec Aigue marine laiteuse - Yasmin Yahya<\/title>\n<meta name=\"description\" content=\"Ravissantes boucles d&#039;oreilles avec une pastille ovale en argent et or 22 ct \u00e9quitable RJC (Responsible Jewelry Council), avec des aigues marines laiteuses, taill\u00e9 en rose-cut irregulier.\u00a0La hauteur est env. 2,5 cm.Chaque pi\u00e8ce est diff\u00e9rente, car chaque pierre est taill\u00e9e diff\u00e9remment.\" \/>\n<meta name=\"robots\" content=\"index, follow, max-snippet:-1, max-image-preview:large, max-video-preview:-1\" \/>\n<link rel=\"canonical\" href=\"https:\/\/www.yasminyahya.com\/fr\/boutique\/boucles-oreilles\/ravisantes-boucles-doreilles-avec-aigue-marine-laiteuse\/\" \/>\n<meta property=\"og:locale\" content=\"fr_FR\" \/>\n<meta property=\"og:type\" content=\"article\" \/>\n<meta property=\"og:title\" content=\"Ravisantes Boucles d&#039;oreilles avec Aigue marine laiteuse - Yasmin Yahya\" \/>\n<meta property=\"og:description\" content=\"Ravissantes boucles d&#039;oreilles avec une pastille ovale en argent et or 22 ct \u00e9quitable RJC (Responsible Jewelry Council), avec des aigues marines laiteuses, taill\u00e9 en rose-cut irregulier.\u00a0La hauteur est env. 2,5 cm.Chaque pi\u00e8ce est diff\u00e9rente, car chaque pierre est taill\u00e9e diff\u00e9remment.\" \/>\n<meta property=\"og:url\" content=\"https:\/\/www.yasminyahya.com\/fr\/boutique\/boucles-oreilles\/ravisantes-boucles-doreilles-avec-aigue-marine-laiteuse\/\" \/>\n<meta property=\"og:site_name\" content=\"Yasmin Yahya\" \/>\n<meta property=\"article:modified_time\" content=\"2024-03-07T13:38:38+00:00\" \/>\n<meta property=\"og:image\" content=\"https:\/\/www.yasminyahya.com\/wp-content\/uploads\/2023\/03\/yasmin-yahya-formatweb-44.jpg\" \/>\n\t<meta property=\"og:image:width\" content=\"1500\" \/>\n\t<meta property=\"og:image:height\" content=\"1500\" \/>\n\t<meta property=\"og:image:type\" content=\"image\/jpeg\" \/>\n<meta name=\"twitter:card\" content=\"summary_large_image\" \/>\n<meta name=\"twitter:label1\" content=\"Dur\u00e9e de lecture estim\u00e9e\" \/>\n\t<meta name=\"twitter:data1\" content=\"1 minute\" \/>\n<script type=\"application\/ld+json\" class=\"yoast-schema-graph\">{\"@context\":\"https:\/\/schema.org\",\"@graph\":[{\"@type\":\"WebPage\",\"@id\":\"https:\/\/www.yasminyahya.com\/fr\/boutique\/boucles-oreilles\/ravisantes-boucles-doreilles-avec-aigue-marine-laiteuse\/\",\"url\":\"https:\/\/www.yasminyahya.com\/fr\/boutique\/boucles-oreilles\/ravisantes-boucles-doreilles-avec-aigue-marine-laiteuse\/\",\"name\":\"Ravisantes Boucles d'oreilles avec Aigue marine laiteuse - Yasmin Yahya\",\"isPartOf\":{\"@id\":\"https:\/\/www.yasminyahya.com\/fr\/#website\"},\"primaryImageOfPage\":{\"@id\":\"https:\/\/www.yasminyahya.com\/fr\/boutique\/boucles-oreilles\/ravisantes-boucles-doreilles-avec-aigue-marine-laiteuse\/#primaryimage\"},\"image\":{\"@id\":\"https:\/\/www.yasminyahya.com\/fr\/boutique\/boucles-oreilles\/ravisantes-boucles-doreilles-avec-aigue-marine-laiteuse\/#primaryimage\"},\"thumbnailUrl\":\"https:\/\/www.yasminyahya.com\/wp-content\/uploads\/2023\/03\/yasmin-yahya-formatweb-44.jpg\",\"datePublished\":\"2023-03-26T16:14:21+00:00\",\"dateModified\":\"2024-03-07T13:38:38+00:00\",\"description\":\"Ravissantes boucles d'oreilles avec une pastille ovale en argent et or 22 ct \u00e9quitable RJC (Responsible Jewelry Council), avec des aigues marines laiteuses, taill\u00e9 en rose-cut irregulier.\u00a0La hauteur est env. 2,5 cm.Chaque pi\u00e8ce est diff\u00e9rente, car chaque pierre est taill\u00e9e diff\u00e9remment.\",\"breadcrumb\":{\"@id\":\"https:\/\/www.yasminyahya.com\/fr\/boutique\/boucles-oreilles\/ravisantes-boucles-doreilles-avec-aigue-marine-laiteuse\/#breadcrumb\"},\"inLanguage\":\"fr-FR\",\"potentialAction\":[{\"@type\":\"ReadAction\",\"target\":[\"https:\/\/www.yasminyahya.com\/fr\/boutique\/boucles-oreilles\/ravisantes-boucles-doreilles-avec-aigue-marine-laiteuse\/\"]}]},{\"@type\":\"ImageObject\",\"inLanguage\":\"fr-FR\",\"@id\":\"https:\/\/www.yasminyahya.com\/fr\/boutique\/boucles-oreilles\/ravisantes-boucles-doreilles-avec-aigue-marine-laiteuse\/#primaryimage\",\"url\":\"https:\/\/www.yasminyahya.com\/wp-content\/uploads\/2023\/03\/yasmin-yahya-formatweb-44.jpg\",\"contentUrl\":\"https:\/\/www.yasminyahya.com\/wp-content\/uploads\/2023\/03\/yasmin-yahya-formatweb-44.jpg\",\"width\":1500,\"height\":1500},{\"@type\":\"BreadcrumbList\",\"@id\":\"https:\/\/www.yasminyahya.com\/fr\/boutique\/boucles-oreilles\/ravisantes-boucles-doreilles-avec-aigue-marine-laiteuse\/#breadcrumb\",\"itemListElement\":[{\"@type\":\"ListItem\",\"position\":1,\"name\":\"Accueil\",\"item\":\"https:\/\/www.yasminyahya.com\/fr\/\"},{\"@type\":\"ListItem\",\"position\":2,\"name\":\"Produits\",\"item\":\"https:\/\/www.yasminyahya.com\/fr\/shop\/\"},{\"@type\":\"ListItem\",\"position\":3,\"name\":\"Ravisantes Boucles d&#8217;oreilles avec Aigue marine laiteuse\"}]},{\"@type\":\"WebSite\",\"@id\":\"https:\/\/www.yasminyahya.com\/fr\/#website\",\"url\":\"https:\/\/www.yasminyahya.com\/fr\/\",\"name\":\"Yasmin Yahya\",\"description\":\"Bijoux Contemporains\",\"potentialAction\":[{\"@type\":\"SearchAction\",\"target\":{\"@type\":\"EntryPoint\",\"urlTemplate\":\"https:\/\/www.yasminyahya.com\/fr\/?s={search_term_string}\"},\"query-input\":{\"@type\":\"PropertyValueSpecification\",\"valueRequired\":true,\"valueName\":\"search_term_string\"}}],\"inLanguage\":\"fr-FR\"}]}<\/script>\n<!-- \/ Yoast SEO plugin. -->","yoast_head_json":{"title":"Ravisantes Boucles d'oreilles avec Aigue marine laiteuse - Yasmin Yahya","description":"Ravissantes boucles d'oreilles avec une pastille ovale en argent et or 22 ct \u00e9quitable RJC (Responsible Jewelry Council), avec des aigues marines laiteuses, taill\u00e9 en rose-cut irregulier.\u00a0La hauteur est env. 2,5 cm.Chaque pi\u00e8ce est diff\u00e9rente, car chaque pierre est taill\u00e9e diff\u00e9remment.","robots":{"index":"index","follow":"follow","max-snippet":"max-snippet:-1","max-image-preview":"max-image-preview:large","max-video-preview":"max-video-preview:-1"},"canonical":"https:\/\/www.yasminyahya.com\/fr\/boutique\/boucles-oreilles\/ravisantes-boucles-doreilles-avec-aigue-marine-laiteuse\/","og_locale":"fr_FR","og_type":"article","og_title":"Ravisantes Boucles d'oreilles avec Aigue marine laiteuse - Yasmin Yahya","og_description":"Ravissantes boucles d'oreilles avec une pastille ovale en argent et or 22 ct \u00e9quitable RJC (Responsible Jewelry Council), avec des aigues marines laiteuses, taill\u00e9 en rose-cut irregulier.\u00a0La hauteur est env. 2,5 cm.Chaque pi\u00e8ce est diff\u00e9rente, car chaque pierre est taill\u00e9e diff\u00e9remment.","og_url":"https:\/\/www.yasminyahya.com\/fr\/boutique\/boucles-oreilles\/ravisantes-boucles-doreilles-avec-aigue-marine-laiteuse\/","og_site_name":"Yasmin Yahya","article_modified_time":"2024-03-07T13:38:38+00:00","og_image":[{"width":1500,"height":1500,"url":"https:\/\/www.yasminyahya.com\/wp-content\/uploads\/2023\/03\/yasmin-yahya-formatweb-44.jpg","type":"image\/jpeg"}],"twitter_card":"summary_large_image","twitter_misc":{"Dur\u00e9e de lecture estim\u00e9e":"1 minute"},"schema":{"@context":"https:\/\/schema.org","@graph":[{"@type":"WebPage","@id":"https:\/\/www.yasminyahya.com\/fr\/boutique\/boucles-oreilles\/ravisantes-boucles-doreilles-avec-aigue-marine-laiteuse\/","url":"https:\/\/www.yasminyahya.com\/fr\/boutique\/boucles-oreilles\/ravisantes-boucles-doreilles-avec-aigue-marine-laiteuse\/","name":"Ravisantes Boucles d'oreilles avec Aigue marine laiteuse - Yasmin Yahya","isPartOf":{"@id":"https:\/\/www.yasminyahya.com\/fr\/#website"},"primaryImageOfPage":{"@id":"https:\/\/www.yasminyahya.com\/fr\/boutique\/boucles-oreilles\/ravisantes-boucles-doreilles-avec-aigue-marine-laiteuse\/#primaryimage"},"image":{"@id":"https:\/\/www.yasminyahya.com\/fr\/boutique\/boucles-oreilles\/ravisantes-boucles-doreilles-avec-aigue-marine-laiteuse\/#primaryimage"},"thumbnailUrl":"https:\/\/www.yasminyahya.com\/wp-content\/uploads\/2023\/03\/yasmin-yahya-formatweb-44.jpg","datePublished":"2023-03-26T16:14:21+00:00","dateModified":"2024-03-07T13:38:38+00:00","description":"Ravissantes boucles d'oreilles avec une pastille ovale en argent et or 22 ct \u00e9quitable RJC (Responsible Jewelry Council), avec des aigues marines laiteuses, taill\u00e9 en rose-cut irregulier.\u00a0La hauteur est env. 2,5 cm.Chaque pi\u00e8ce est diff\u00e9rente, car chaque pierre est taill\u00e9e diff\u00e9remment.","breadcrumb":{"@id":"https:\/\/www.yasminyahya.com\/fr\/boutique\/boucles-oreilles\/ravisantes-boucles-doreilles-avec-aigue-marine-laiteuse\/#breadcrumb"},"inLanguage":"fr-FR","potentialAction":[{"@type":"ReadAction","target":["https:\/\/www.yasminyahya.com\/fr\/boutique\/boucles-oreilles\/ravisantes-boucles-doreilles-avec-aigue-marine-laiteuse\/"]}]},{"@type":"ImageObject","inLanguage":"fr-FR","@id":"https:\/\/www.yasminyahya.com\/fr\/boutique\/boucles-oreilles\/ravisantes-boucles-doreilles-avec-aigue-marine-laiteuse\/#primaryimage","url":"https:\/\/www.yasminyahya.com\/wp-content\/uploads\/2023\/03\/yasmin-yahya-formatweb-44.jpg","contentUrl":"https:\/\/www.yasminyahya.com\/wp-content\/uploads\/2023\/03\/yasmin-yahya-formatweb-44.jpg","width":1500,"height":1500},{"@type":"BreadcrumbList","@id":"https:\/\/www.yasminyahya.com\/fr\/boutique\/boucles-oreilles\/ravisantes-boucles-doreilles-avec-aigue-marine-laiteuse\/#breadcrumb","itemListElement":[{"@type":"ListItem","position":1,"name":"Accueil","item":"https:\/\/www.yasminyahya.com\/fr\/"},{"@type":"ListItem","position":2,"name":"Produits","item":"https:\/\/www.yasminyahya.com\/fr\/shop\/"},{"@type":"ListItem","position":3,"name":"Ravisantes Boucles d&#8217;oreilles avec Aigue marine laiteuse"}]},{"@type":"WebSite","@id":"https:\/\/www.yasminyahya.com\/fr\/#website","url":"https:\/\/www.yasminyahya.com\/fr\/","name":"Yasmin Yahya","description":"Bijoux Contemporains","potentialAction":[{"@type":"SearchAction","target":{"@type":"EntryPoint","urlTemplate":"https:\/\/www.yasminyahya.com\/fr\/?s={search_term_string}"},"query-input":{"@type":"PropertyValueSpecification","valueRequired":true,"valueName":"search_term_string"}}],"inLanguage":"fr-FR"}]}},"_links":{"self":[{"href":"https:\/\/www.yasminyahya.com\/fr\/wp-json\/wp\/v2\/product\/11321"}],"collection":[{"href":"https:\/\/www.yasminyahya.com\/fr\/wp-json\/wp\/v2\/product"}],"about":[{"href":"https:\/\/www.yasminyahya.com\/fr\/wp-json\/wp\/v2\/types\/product"}],"wp:featuredmedia":[{"embeddable":true,"href":"https:\/\/www.yasminyahya.com\/fr\/wp-json\/wp\/v2\/media\/11915"}],"wp:attachment":[{"href":"https:\/\/www.yasminyahya.com\/fr\/wp-json\/wp\/v2\/media?parent=11321"}],"wp:term":[{"taxonomy":"product_cat","embeddable":true,"href":"https:\/\/www.yasminyahya.com\/fr\/wp-json\/wp\/v2\/product_cat?post=11321"},{"taxonomy":"product_tag","embeddable":true,"href":"https:\/\/www.yasminyahya.com\/fr\/wp-json\/wp\/v2\/product_tag?post=11321"}],"curies":[{"name":"wp","href":"https:\/\/api.w.org\/{rel}","templated":true}]}}