{"id":11427,"date":"2023-03-28T15:25:27","date_gmt":"2023-03-28T13:25:27","guid":{"rendered":"https:\/\/www.yasminyahya.com\/?post_type=product&#038;p=11427"},"modified":"2024-10-27T17:26:35","modified_gmt":"2024-10-27T16:26:35","slug":"charmantes-alliances-en-or-jaune","status":"publish","type":"product","link":"https:\/\/www.yasminyahya.com\/fr\/boutique\/alliances\/charmantes-alliances-en-or-jaune\/","title":{"rendered":"Charmantes alliances en or jaune"},"content":{"rendered":"<section class=\"l-section wpb_row height_medium\"><div class=\"l-section-h i-cf\"><div class=\"g-cols vc_row via_flex valign_top type_default stacking_default\"><div class=\"vc_col-sm-12 wpb_column vc_column_container\"><div class=\"vc_column-inner\"><div class=\"wpb_wrapper\"><div class=\"wpb_text_column\"><div class=\"wpb_wrapper\"><p><strong>Mati\u00e8re\u00a0:<\/strong> Or jaune 18 carats d&rsquo;origine RJC (Responsible Jewelry Council)<\/p>\n<p><strong>Taille :\u00a0<\/strong>53 et 64 (d&rsquo;autres tailles disponibles sur commande)<\/p>\n<p><strong>Largeur :<\/strong>\u00a0Mod\u00e8le femme 4 mm; Mod\u00e8le homme 5 mm<\/p>\n<p><strong>Pierres :\u00a0<\/strong>Diamants \u00f8 2 mm et \u00f8 3 mm<\/p>\n<p>Le bijou est soigneusement fabriqu\u00e9 \u00e0 la main par Yasmin Yahya selon les techniques traditionnelles de la bijouterie, dans son atelier \u00e0 Turgi (Suisse). Elle utilise des m\u00e9taux pr\u00e9cieux \u00e9quitables d\u2019origine RJC (Responsible Jewelry Council).<\/p>\n<\/div><\/div><div class=\"w-separator size_custom\" style=\"height:32px\"><\/div><div class=\"wpb_text_column\"><div class=\"wpb_wrapper\"><h3>D\u00e9lai<\/h3>\n<p>Si votre taille n\u2019est pas en stock, le d\u00e9lai sera entre 10-15 \u00a0jours ouvr\u00e9s auquel il faudra rajouter le temps d\u2019acheminement de la Poste.<\/p>\n<section class=\"related products\"><\/section>\n<\/div><\/div><\/div><\/div><\/div><\/div><\/div><\/section>\n","protected":false},"excerpt":{"rendered":"<p>Des alliances charmantes en or jaune 18 carats \u00e9quitable RJC (Responsible Jewelry Council).<\/p>\n<p>Elles ont une largeur de 4 mm resp. 5 mm. Le mod\u00e8le femme est orn\u00e9 avec trois diamants (\u00f8 2mm et \u00f8 3 mm, qualit\u00e9 SI).<br \/>\nLe bord de chaque bague est l\u00e9g\u00e8rement structur\u00e9, ce qui donne le charme \u00e0 cette bague.<\/p>\n<p>Si vous souhaitez <strong>une autre taille<\/strong> ou un mod\u00e8le personnalis\u00e9 (plus large, une autre mati\u00e8re etc.), n&rsquo;h\u00e9sitez pas \u00e0 <a href=\"https:\/\/www.yasminyahya.com\/fr\/contact\/\">me contacter.<\/a><\/p>\n<p><strong>Pour les gravures merci de me <a href=\"https:\/\/www.yasminyahya.com\/contact\/\">contacter<\/a> pour me transmettre votre texte.<\/strong><\/p>\n<p>La bague sera livr\u00e9e dans un joli \u00e9crin et un certificat d&rsquo;authenticit\u00e9.<\/p>\n","protected":false},"featured_media":11440,"template":"","meta":[],"product_cat":[795],"product_tag":[],"class_list":{"0":"post-11427","1":"product","2":"type-product","3":"status-publish","4":"has-post-thumbnail","6":"product_cat-alliances","8":"first","9":"instock","10":"shipping-taxable","11":"purchasable","12":"product-type-variable"},"yoast_head":"<!-- This site is optimized with the Yoast SEO plugin v23.5 - https:\/\/yoast.com\/wordpress\/plugins\/seo\/ -->\n<title>Charmantes alliances en or jaune - Yasmin Yahya<\/title>\n<meta name=\"description\" content=\"Bague de la collection MOUNTAIN , argent et palladium \u00e9thique RJC, rehauss\u00e9e d\u2019une prasiolithe (am\u00e9thyste verte) \u00f8 12 mm. Bijoux contemporains par Yasmin Yahya\" \/>\n<meta name=\"robots\" content=\"index, follow, max-snippet:-1, max-image-preview:large, max-video-preview:-1\" \/>\n<link rel=\"canonical\" href=\"https:\/\/www.yasminyahya.com\/fr\/boutique\/alliances\/charmantes-alliances-en-or-jaune\/\" \/>\n<meta property=\"og:locale\" content=\"fr_FR\" \/>\n<meta property=\"og:type\" content=\"article\" \/>\n<meta property=\"og:title\" content=\"Charmantes alliances en or jaune - Yasmin Yahya\" \/>\n<meta property=\"og:description\" content=\"Bague de la collection MOUNTAIN , argent et palladium \u00e9thique RJC, rehauss\u00e9e d\u2019une prasiolithe (am\u00e9thyste verte) \u00f8 12 mm. Bijoux contemporains par Yasmin Yahya\" \/>\n<meta property=\"og:url\" content=\"https:\/\/www.yasminyahya.com\/fr\/boutique\/alliances\/charmantes-alliances-en-or-jaune\/\" \/>\n<meta property=\"og:site_name\" content=\"Yasmin Yahya\" \/>\n<meta property=\"article:modified_time\" content=\"2024-10-27T16:26:35+00:00\" \/>\n<meta property=\"og:image\" content=\"https:\/\/www.yasminyahya.com\/wp-content\/uploads\/2023\/03\/MLG_9462carre-HD-carrees-700-px.jpg\" \/>\n\t<meta property=\"og:image:width\" content=\"700\" \/>\n\t<meta property=\"og:image:height\" content=\"700\" \/>\n\t<meta property=\"og:image:type\" content=\"image\/jpeg\" \/>\n<meta name=\"twitter:card\" content=\"summary_large_image\" \/>\n<meta name=\"twitter:label1\" content=\"Dur\u00e9e de lecture estim\u00e9e\" \/>\n\t<meta name=\"twitter:data1\" content=\"1 minute\" \/>\n<script type=\"application\/ld+json\" class=\"yoast-schema-graph\">{\"@context\":\"https:\/\/schema.org\",\"@graph\":[{\"@type\":\"WebPage\",\"@id\":\"https:\/\/www.yasminyahya.com\/fr\/boutique\/alliances\/charmantes-alliances-en-or-jaune\/\",\"url\":\"https:\/\/www.yasminyahya.com\/fr\/boutique\/alliances\/charmantes-alliances-en-or-jaune\/\",\"name\":\"Charmantes alliances en or jaune - Yasmin Yahya\",\"isPartOf\":{\"@id\":\"https:\/\/www.yasminyahya.com\/fr\/#website\"},\"primaryImageOfPage\":{\"@id\":\"https:\/\/www.yasminyahya.com\/fr\/boutique\/alliances\/charmantes-alliances-en-or-jaune\/#primaryimage\"},\"image\":{\"@id\":\"https:\/\/www.yasminyahya.com\/fr\/boutique\/alliances\/charmantes-alliances-en-or-jaune\/#primaryimage\"},\"thumbnailUrl\":\"https:\/\/www.yasminyahya.com\/wp-content\/uploads\/2023\/03\/MLG_9462carre-HD-carrees-700-px.jpg\",\"datePublished\":\"2023-03-28T13:25:27+00:00\",\"dateModified\":\"2024-10-27T16:26:35+00:00\",\"description\":\"Bague de la collection MOUNTAIN , argent et palladium \u00e9thique RJC, rehauss\u00e9e d\u2019une prasiolithe (am\u00e9thyste verte) \u00f8 12 mm. Bijoux contemporains par Yasmin Yahya\",\"breadcrumb\":{\"@id\":\"https:\/\/www.yasminyahya.com\/fr\/boutique\/alliances\/charmantes-alliances-en-or-jaune\/#breadcrumb\"},\"inLanguage\":\"fr-FR\",\"potentialAction\":[{\"@type\":\"ReadAction\",\"target\":[\"https:\/\/www.yasminyahya.com\/fr\/boutique\/alliances\/charmantes-alliances-en-or-jaune\/\"]}]},{\"@type\":\"ImageObject\",\"inLanguage\":\"fr-FR\",\"@id\":\"https:\/\/www.yasminyahya.com\/fr\/boutique\/alliances\/charmantes-alliances-en-or-jaune\/#primaryimage\",\"url\":\"https:\/\/www.yasminyahya.com\/wp-content\/uploads\/2023\/03\/MLG_9462carre-HD-carrees-700-px.jpg\",\"contentUrl\":\"https:\/\/www.yasminyahya.com\/wp-content\/uploads\/2023\/03\/MLG_9462carre-HD-carrees-700-px.jpg\",\"width\":700,\"height\":700},{\"@type\":\"BreadcrumbList\",\"@id\":\"https:\/\/www.yasminyahya.com\/fr\/boutique\/alliances\/charmantes-alliances-en-or-jaune\/#breadcrumb\",\"itemListElement\":[{\"@type\":\"ListItem\",\"position\":1,\"name\":\"Accueil\",\"item\":\"https:\/\/www.yasminyahya.com\/fr\/\"},{\"@type\":\"ListItem\",\"position\":2,\"name\":\"Produits\",\"item\":\"https:\/\/www.yasminyahya.com\/fr\/shop\/\"},{\"@type\":\"ListItem\",\"position\":3,\"name\":\"Charmantes alliances en or jaune\"}]},{\"@type\":\"WebSite\",\"@id\":\"https:\/\/www.yasminyahya.com\/fr\/#website\",\"url\":\"https:\/\/www.yasminyahya.com\/fr\/\",\"name\":\"Yasmin Yahya\",\"description\":\"Bijoux Contemporains\",\"potentialAction\":[{\"@type\":\"SearchAction\",\"target\":{\"@type\":\"EntryPoint\",\"urlTemplate\":\"https:\/\/www.yasminyahya.com\/fr\/?s={search_term_string}\"},\"query-input\":{\"@type\":\"PropertyValueSpecification\",\"valueRequired\":true,\"valueName\":\"search_term_string\"}}],\"inLanguage\":\"fr-FR\"}]}<\/script>\n<!-- \/ Yoast SEO plugin. -->","yoast_head_json":{"title":"Charmantes alliances en or jaune - Yasmin Yahya","description":"Bague de la collection MOUNTAIN , argent et palladium \u00e9thique RJC, rehauss\u00e9e d\u2019une prasiolithe (am\u00e9thyste verte) \u00f8 12 mm. Bijoux contemporains par Yasmin Yahya","robots":{"index":"index","follow":"follow","max-snippet":"max-snippet:-1","max-image-preview":"max-image-preview:large","max-video-preview":"max-video-preview:-1"},"canonical":"https:\/\/www.yasminyahya.com\/fr\/boutique\/alliances\/charmantes-alliances-en-or-jaune\/","og_locale":"fr_FR","og_type":"article","og_title":"Charmantes alliances en or jaune - Yasmin Yahya","og_description":"Bague de la collection MOUNTAIN , argent et palladium \u00e9thique RJC, rehauss\u00e9e d\u2019une prasiolithe (am\u00e9thyste verte) \u00f8 12 mm. Bijoux contemporains par Yasmin Yahya","og_url":"https:\/\/www.yasminyahya.com\/fr\/boutique\/alliances\/charmantes-alliances-en-or-jaune\/","og_site_name":"Yasmin Yahya","article_modified_time":"2024-10-27T16:26:35+00:00","og_image":[{"width":700,"height":700,"url":"https:\/\/www.yasminyahya.com\/wp-content\/uploads\/2023\/03\/MLG_9462carre-HD-carrees-700-px.jpg","type":"image\/jpeg"}],"twitter_card":"summary_large_image","twitter_misc":{"Dur\u00e9e de lecture estim\u00e9e":"1 minute"},"schema":{"@context":"https:\/\/schema.org","@graph":[{"@type":"WebPage","@id":"https:\/\/www.yasminyahya.com\/fr\/boutique\/alliances\/charmantes-alliances-en-or-jaune\/","url":"https:\/\/www.yasminyahya.com\/fr\/boutique\/alliances\/charmantes-alliances-en-or-jaune\/","name":"Charmantes alliances en or jaune - Yasmin Yahya","isPartOf":{"@id":"https:\/\/www.yasminyahya.com\/fr\/#website"},"primaryImageOfPage":{"@id":"https:\/\/www.yasminyahya.com\/fr\/boutique\/alliances\/charmantes-alliances-en-or-jaune\/#primaryimage"},"image":{"@id":"https:\/\/www.yasminyahya.com\/fr\/boutique\/alliances\/charmantes-alliances-en-or-jaune\/#primaryimage"},"thumbnailUrl":"https:\/\/www.yasminyahya.com\/wp-content\/uploads\/2023\/03\/MLG_9462carre-HD-carrees-700-px.jpg","datePublished":"2023-03-28T13:25:27+00:00","dateModified":"2024-10-27T16:26:35+00:00","description":"Bague de la collection MOUNTAIN , argent et palladium \u00e9thique RJC, rehauss\u00e9e d\u2019une prasiolithe (am\u00e9thyste verte) \u00f8 12 mm. Bijoux contemporains par Yasmin Yahya","breadcrumb":{"@id":"https:\/\/www.yasminyahya.com\/fr\/boutique\/alliances\/charmantes-alliances-en-or-jaune\/#breadcrumb"},"inLanguage":"fr-FR","potentialAction":[{"@type":"ReadAction","target":["https:\/\/www.yasminyahya.com\/fr\/boutique\/alliances\/charmantes-alliances-en-or-jaune\/"]}]},{"@type":"ImageObject","inLanguage":"fr-FR","@id":"https:\/\/www.yasminyahya.com\/fr\/boutique\/alliances\/charmantes-alliances-en-or-jaune\/#primaryimage","url":"https:\/\/www.yasminyahya.com\/wp-content\/uploads\/2023\/03\/MLG_9462carre-HD-carrees-700-px.jpg","contentUrl":"https:\/\/www.yasminyahya.com\/wp-content\/uploads\/2023\/03\/MLG_9462carre-HD-carrees-700-px.jpg","width":700,"height":700},{"@type":"BreadcrumbList","@id":"https:\/\/www.yasminyahya.com\/fr\/boutique\/alliances\/charmantes-alliances-en-or-jaune\/#breadcrumb","itemListElement":[{"@type":"ListItem","position":1,"name":"Accueil","item":"https:\/\/www.yasminyahya.com\/fr\/"},{"@type":"ListItem","position":2,"name":"Produits","item":"https:\/\/www.yasminyahya.com\/fr\/shop\/"},{"@type":"ListItem","position":3,"name":"Charmantes alliances en or jaune"}]},{"@type":"WebSite","@id":"https:\/\/www.yasminyahya.com\/fr\/#website","url":"https:\/\/www.yasminyahya.com\/fr\/","name":"Yasmin Yahya","description":"Bijoux Contemporains","potentialAction":[{"@type":"SearchAction","target":{"@type":"EntryPoint","urlTemplate":"https:\/\/www.yasminyahya.com\/fr\/?s={search_term_string}"},"query-input":{"@type":"PropertyValueSpecification","valueRequired":true,"valueName":"search_term_string"}}],"inLanguage":"fr-FR"}]}},"_links":{"self":[{"href":"https:\/\/www.yasminyahya.com\/fr\/wp-json\/wp\/v2\/product\/11427"}],"collection":[{"href":"https:\/\/www.yasminyahya.com\/fr\/wp-json\/wp\/v2\/product"}],"about":[{"href":"https:\/\/www.yasminyahya.com\/fr\/wp-json\/wp\/v2\/types\/product"}],"wp:featuredmedia":[{"embeddable":true,"href":"https:\/\/www.yasminyahya.com\/fr\/wp-json\/wp\/v2\/media\/11440"}],"wp:attachment":[{"href":"https:\/\/www.yasminyahya.com\/fr\/wp-json\/wp\/v2\/media?parent=11427"}],"wp:term":[{"taxonomy":"product_cat","embeddable":true,"href":"https:\/\/www.yasminyahya.com\/fr\/wp-json\/wp\/v2\/product_cat?post=11427"},{"taxonomy":"product_tag","embeddable":true,"href":"https:\/\/www.yasminyahya.com\/fr\/wp-json\/wp\/v2\/product_tag?post=11427"}],"curies":[{"name":"wp","href":"https:\/\/api.w.org\/{rel}","templated":true}]}}