{"id":11596,"date":"2023-05-21T15:09:08","date_gmt":"2023-05-21T13:09:08","guid":{"rendered":"https:\/\/www.yasminyahya.com\/?post_type=product&#038;p=11596"},"modified":"2024-10-27T17:15:53","modified_gmt":"2024-10-27T16:15:53","slug":"collier-delicat-en-or-avec-prasiolith","status":"publish","type":"product","link":"https:\/\/www.yasminyahya.com\/fr\/boutique\/collier\/collier-delicat-en-or-avec-prasiolith\/","title":{"rendered":"Collier d\u00e9licat en or avec prasiolith"},"content":{"rendered":"<section class=\"l-section wpb_row height_medium\"><div class=\"l-section-h i-cf\"><div class=\"g-cols vc_row via_flex valign_top type_default stacking_default\"><div class=\"vc_col-sm-12 wpb_column vc_column_container\"><div class=\"vc_column-inner\"><div class=\"wpb_wrapper\"><div class=\"wpb_text_column\"><div class=\"wpb_wrapper\"><p><strong>Mat\u00e9riau<\/strong> : Or 18 carats RJC (Responsible Jewelry Council)<\/p>\n<p><strong>Pierre<\/strong> : Cabochon prasiolithe (amethyst verte) \u00f8 10 mm<\/p>\n<p><strong>Cha\u00eene :\u00a0<\/strong>Cha\u00eene de boule (\u00f8 0,8 mm), longueur 40 cm<\/p>\n<p>Le bijou est soigneusement fabriqu\u00e9 \u00e0 la main par Yasmin Yahya selon les techniques traditionnelles de la bijouterie, dans son atelier \u00e0 Turgi (Suisse). Elle utilise des m\u00e9taux pr\u00e9cieux \u00e9quitables d\u2019origine RJC (Responsible Jewelry Council).<\/p>\n<\/div><\/div><div class=\"w-separator size_custom\" style=\"height:32px\"><\/div><div class=\"wpb_text_column\"><div class=\"wpb_wrapper\"><h3>D\u00e9lai<\/h3>\n<p>3 jours ouvr\u00e9es. Si votre piece n\u2019est pas en stock, le d\u00e9lai sera d&rsquo;environ 10 jours ouvr\u00e9s auquel il faudra rajouter le temps d\u2019acheminement de la Poste.<\/p>\n<section class=\"related products\"><\/section>\n<\/div><\/div><\/div><\/div><\/div><\/div><\/div><\/section>\n","protected":false},"excerpt":{"rendered":"<p>Ce magnifique collier d\u00e9licat en or 18 carats \u00e9quitable (RJC) avec des am\u00e9thystes vertes (prasiolithes) a \u00e9t\u00e9 inspir\u00e9e par la beaut\u00e9 d&rsquo;une prairie estivale et de la nature vivante, avec\u00a0une note ludique rappellant la diversit\u00e9 des fleurs et des plantes qui prosp\u00e8rent dans une prairie estivale.<\/p>\n<p>La d\u00e9licate couleur verte de l&rsquo;am\u00e9thyste rappelle l&rsquo;herbe luxuriante d&rsquo;une prairie estivale et capture la lumi\u00e8re de mani\u00e8re fascinante. La monture de fleur en or de l&rsquo;am\u00e9thyste ajoute une touche de luxe et de raffinement.<\/p>\n<p>Chaque pi\u00e8ce est une \u0153uvre d&rsquo;art raffin\u00e9e, fabriqu\u00e9e \u00e0 la main, qui capture l&rsquo;ambiance de la saison chaude. C&rsquo;est un compagnon parfait et un v\u00e9ritable accroche-regard, ajoutant une touche de fra\u00eecheur estivale et de naturalit\u00e9 \u00e0 chaque tenue.<\/p>\n<p>La cha\u00eene d\u00e9licat en boule (\u00f8 0,8 mm) mesure 40 cm (d&rsquo;autres longueurs disponible sur demande) et l&rsquo;am\u00e9thyste verte a un diam\u00e8tre de 10 mm.<\/p>\n<p>Le collier sera livr\u00e9 dans un \u00e9crin \u00e0 bijoux avec un certificat d&rsquo;authenticit\u00e9.<\/p>\n","protected":false},"featured_media":11788,"template":"","meta":[],"product_cat":[275,791,797],"product_tag":[],"class_list":{"0":"post-11596","1":"product","2":"type-product","3":"status-publish","4":"has-post-thumbnail","6":"product_cat-collier","7":"product_cat-nouveaute","8":"product_cat-prairie-dete","10":"first","11":"instock","12":"shipping-taxable","13":"purchasable","14":"product-type-simple"},"yoast_head":"<!-- This site is optimized with the Yoast SEO plugin v23.5 - https:\/\/yoast.com\/wordpress\/plugins\/seo\/ -->\n<title>Collier d\u00e9licat en or avec prasiolith - Yasmin Yahya<\/title>\n<meta name=\"description\" content=\"Ce magnifique collier d\u00e9licat en or 18 carats \u00e9quitable (RJC) avec des am\u00e9thystes vertes (prasiolithes) a \u00e9t\u00e9 inspir\u00e9e par la beaut\u00e9 d&#039;une prairie estivale et de la nature vivante, avec\u00a0une note ludique rappellant la diversit\u00e9 des fleurs et des plantes qui prosp\u00e8rent dans une prairie estivale. Le collier a \u00e9t\u00e9 cr\u00e9e par la bijouti\u00e8re Yasmin Yahya, bas\u00e9e en Suisse (Turgi)\" \/>\n<meta name=\"robots\" content=\"index, follow, max-snippet:-1, max-image-preview:large, max-video-preview:-1\" \/>\n<link rel=\"canonical\" href=\"https:\/\/www.yasminyahya.com\/fr\/boutique\/collier\/collier-delicat-en-or-avec-prasiolith\/\" \/>\n<meta property=\"og:locale\" content=\"fr_FR\" \/>\n<meta property=\"og:type\" content=\"article\" \/>\n<meta property=\"og:title\" content=\"Collier d\u00e9licat en or avec prasiolith - Yasmin Yahya\" \/>\n<meta property=\"og:description\" content=\"Ce magnifique collier d\u00e9licat en or 18 carats \u00e9quitable (RJC) avec des am\u00e9thystes vertes (prasiolithes) a \u00e9t\u00e9 inspir\u00e9e par la beaut\u00e9 d&#039;une prairie estivale et de la nature vivante, avec\u00a0une note ludique rappellant la diversit\u00e9 des fleurs et des plantes qui prosp\u00e8rent dans une prairie estivale. Le collier a \u00e9t\u00e9 cr\u00e9e par la bijouti\u00e8re Yasmin Yahya, bas\u00e9e en Suisse (Turgi)\" \/>\n<meta property=\"og:url\" content=\"https:\/\/www.yasminyahya.com\/fr\/boutique\/collier\/collier-delicat-en-or-avec-prasiolith\/\" \/>\n<meta property=\"og:site_name\" content=\"Yasmin Yahya\" \/>\n<meta property=\"article:modified_time\" content=\"2024-10-27T16:15:53+00:00\" \/>\n<meta property=\"og:image\" content=\"https:\/\/www.yasminyahya.com\/wp-content\/uploads\/2023\/05\/yasmin-yahya-format-web-700px-29.jpg\" \/>\n\t<meta property=\"og:image:width\" content=\"700\" \/>\n\t<meta property=\"og:image:height\" content=\"700\" \/>\n\t<meta property=\"og:image:type\" content=\"image\/jpeg\" \/>\n<meta name=\"twitter:card\" content=\"summary_large_image\" \/>\n<meta name=\"twitter:label1\" content=\"Dur\u00e9e de lecture estim\u00e9e\" \/>\n\t<meta name=\"twitter:data1\" content=\"1 minute\" \/>\n<script type=\"application\/ld+json\" class=\"yoast-schema-graph\">{\"@context\":\"https:\/\/schema.org\",\"@graph\":[{\"@type\":\"WebPage\",\"@id\":\"https:\/\/www.yasminyahya.com\/fr\/boutique\/collier\/collier-delicat-en-or-avec-prasiolith\/\",\"url\":\"https:\/\/www.yasminyahya.com\/fr\/boutique\/collier\/collier-delicat-en-or-avec-prasiolith\/\",\"name\":\"Collier d\u00e9licat en or avec prasiolith - Yasmin Yahya\",\"isPartOf\":{\"@id\":\"https:\/\/www.yasminyahya.com\/fr\/#website\"},\"primaryImageOfPage\":{\"@id\":\"https:\/\/www.yasminyahya.com\/fr\/boutique\/collier\/collier-delicat-en-or-avec-prasiolith\/#primaryimage\"},\"image\":{\"@id\":\"https:\/\/www.yasminyahya.com\/fr\/boutique\/collier\/collier-delicat-en-or-avec-prasiolith\/#primaryimage\"},\"thumbnailUrl\":\"https:\/\/www.yasminyahya.com\/wp-content\/uploads\/2023\/05\/yasmin-yahya-format-web-700px-29.jpg\",\"datePublished\":\"2023-05-21T13:09:08+00:00\",\"dateModified\":\"2024-10-27T16:15:53+00:00\",\"description\":\"Ce magnifique collier d\u00e9licat en or 18 carats \u00e9quitable (RJC) avec des am\u00e9thystes vertes (prasiolithes) a \u00e9t\u00e9 inspir\u00e9e par la beaut\u00e9 d'une prairie estivale et de la nature vivante, avec\u00a0une note ludique rappellant la diversit\u00e9 des fleurs et des plantes qui prosp\u00e8rent dans une prairie estivale. Le collier a \u00e9t\u00e9 cr\u00e9e par la bijouti\u00e8re Yasmin Yahya, bas\u00e9e en Suisse (Turgi)\",\"breadcrumb\":{\"@id\":\"https:\/\/www.yasminyahya.com\/fr\/boutique\/collier\/collier-delicat-en-or-avec-prasiolith\/#breadcrumb\"},\"inLanguage\":\"fr-FR\",\"potentialAction\":[{\"@type\":\"ReadAction\",\"target\":[\"https:\/\/www.yasminyahya.com\/fr\/boutique\/collier\/collier-delicat-en-or-avec-prasiolith\/\"]}]},{\"@type\":\"ImageObject\",\"inLanguage\":\"fr-FR\",\"@id\":\"https:\/\/www.yasminyahya.com\/fr\/boutique\/collier\/collier-delicat-en-or-avec-prasiolith\/#primaryimage\",\"url\":\"https:\/\/www.yasminyahya.com\/wp-content\/uploads\/2023\/05\/yasmin-yahya-format-web-700px-29.jpg\",\"contentUrl\":\"https:\/\/www.yasminyahya.com\/wp-content\/uploads\/2023\/05\/yasmin-yahya-format-web-700px-29.jpg\",\"width\":700,\"height\":700},{\"@type\":\"BreadcrumbList\",\"@id\":\"https:\/\/www.yasminyahya.com\/fr\/boutique\/collier\/collier-delicat-en-or-avec-prasiolith\/#breadcrumb\",\"itemListElement\":[{\"@type\":\"ListItem\",\"position\":1,\"name\":\"Accueil\",\"item\":\"https:\/\/www.yasminyahya.com\/fr\/\"},{\"@type\":\"ListItem\",\"position\":2,\"name\":\"Produits\",\"item\":\"https:\/\/www.yasminyahya.com\/fr\/shop\/\"},{\"@type\":\"ListItem\",\"position\":3,\"name\":\"Collier d\u00e9licat en or avec prasiolith\"}]},{\"@type\":\"WebSite\",\"@id\":\"https:\/\/www.yasminyahya.com\/fr\/#website\",\"url\":\"https:\/\/www.yasminyahya.com\/fr\/\",\"name\":\"Yasmin Yahya\",\"description\":\"Bijoux Contemporains\",\"potentialAction\":[{\"@type\":\"SearchAction\",\"target\":{\"@type\":\"EntryPoint\",\"urlTemplate\":\"https:\/\/www.yasminyahya.com\/fr\/?s={search_term_string}\"},\"query-input\":{\"@type\":\"PropertyValueSpecification\",\"valueRequired\":true,\"valueName\":\"search_term_string\"}}],\"inLanguage\":\"fr-FR\"}]}<\/script>\n<!-- \/ Yoast SEO plugin. -->","yoast_head_json":{"title":"Collier d\u00e9licat en or avec prasiolith - Yasmin Yahya","description":"Ce magnifique collier d\u00e9licat en or 18 carats \u00e9quitable (RJC) avec des am\u00e9thystes vertes (prasiolithes) a \u00e9t\u00e9 inspir\u00e9e par la beaut\u00e9 d'une prairie estivale et de la nature vivante, avec\u00a0une note ludique rappellant la diversit\u00e9 des fleurs et des plantes qui prosp\u00e8rent dans une prairie estivale. Le collier a \u00e9t\u00e9 cr\u00e9e par la bijouti\u00e8re Yasmin Yahya, bas\u00e9e en Suisse (Turgi)","robots":{"index":"index","follow":"follow","max-snippet":"max-snippet:-1","max-image-preview":"max-image-preview:large","max-video-preview":"max-video-preview:-1"},"canonical":"https:\/\/www.yasminyahya.com\/fr\/boutique\/collier\/collier-delicat-en-or-avec-prasiolith\/","og_locale":"fr_FR","og_type":"article","og_title":"Collier d\u00e9licat en or avec prasiolith - Yasmin Yahya","og_description":"Ce magnifique collier d\u00e9licat en or 18 carats \u00e9quitable (RJC) avec des am\u00e9thystes vertes (prasiolithes) a \u00e9t\u00e9 inspir\u00e9e par la beaut\u00e9 d'une prairie estivale et de la nature vivante, avec\u00a0une note ludique rappellant la diversit\u00e9 des fleurs et des plantes qui prosp\u00e8rent dans une prairie estivale. Le collier a \u00e9t\u00e9 cr\u00e9e par la bijouti\u00e8re Yasmin Yahya, bas\u00e9e en Suisse (Turgi)","og_url":"https:\/\/www.yasminyahya.com\/fr\/boutique\/collier\/collier-delicat-en-or-avec-prasiolith\/","og_site_name":"Yasmin Yahya","article_modified_time":"2024-10-27T16:15:53+00:00","og_image":[{"width":700,"height":700,"url":"https:\/\/www.yasminyahya.com\/wp-content\/uploads\/2023\/05\/yasmin-yahya-format-web-700px-29.jpg","type":"image\/jpeg"}],"twitter_card":"summary_large_image","twitter_misc":{"Dur\u00e9e de lecture estim\u00e9e":"1 minute"},"schema":{"@context":"https:\/\/schema.org","@graph":[{"@type":"WebPage","@id":"https:\/\/www.yasminyahya.com\/fr\/boutique\/collier\/collier-delicat-en-or-avec-prasiolith\/","url":"https:\/\/www.yasminyahya.com\/fr\/boutique\/collier\/collier-delicat-en-or-avec-prasiolith\/","name":"Collier d\u00e9licat en or avec prasiolith - Yasmin Yahya","isPartOf":{"@id":"https:\/\/www.yasminyahya.com\/fr\/#website"},"primaryImageOfPage":{"@id":"https:\/\/www.yasminyahya.com\/fr\/boutique\/collier\/collier-delicat-en-or-avec-prasiolith\/#primaryimage"},"image":{"@id":"https:\/\/www.yasminyahya.com\/fr\/boutique\/collier\/collier-delicat-en-or-avec-prasiolith\/#primaryimage"},"thumbnailUrl":"https:\/\/www.yasminyahya.com\/wp-content\/uploads\/2023\/05\/yasmin-yahya-format-web-700px-29.jpg","datePublished":"2023-05-21T13:09:08+00:00","dateModified":"2024-10-27T16:15:53+00:00","description":"Ce magnifique collier d\u00e9licat en or 18 carats \u00e9quitable (RJC) avec des am\u00e9thystes vertes (prasiolithes) a \u00e9t\u00e9 inspir\u00e9e par la beaut\u00e9 d'une prairie estivale et de la nature vivante, avec\u00a0une note ludique rappellant la diversit\u00e9 des fleurs et des plantes qui prosp\u00e8rent dans une prairie estivale. Le collier a \u00e9t\u00e9 cr\u00e9e par la bijouti\u00e8re Yasmin Yahya, bas\u00e9e en Suisse (Turgi)","breadcrumb":{"@id":"https:\/\/www.yasminyahya.com\/fr\/boutique\/collier\/collier-delicat-en-or-avec-prasiolith\/#breadcrumb"},"inLanguage":"fr-FR","potentialAction":[{"@type":"ReadAction","target":["https:\/\/www.yasminyahya.com\/fr\/boutique\/collier\/collier-delicat-en-or-avec-prasiolith\/"]}]},{"@type":"ImageObject","inLanguage":"fr-FR","@id":"https:\/\/www.yasminyahya.com\/fr\/boutique\/collier\/collier-delicat-en-or-avec-prasiolith\/#primaryimage","url":"https:\/\/www.yasminyahya.com\/wp-content\/uploads\/2023\/05\/yasmin-yahya-format-web-700px-29.jpg","contentUrl":"https:\/\/www.yasminyahya.com\/wp-content\/uploads\/2023\/05\/yasmin-yahya-format-web-700px-29.jpg","width":700,"height":700},{"@type":"BreadcrumbList","@id":"https:\/\/www.yasminyahya.com\/fr\/boutique\/collier\/collier-delicat-en-or-avec-prasiolith\/#breadcrumb","itemListElement":[{"@type":"ListItem","position":1,"name":"Accueil","item":"https:\/\/www.yasminyahya.com\/fr\/"},{"@type":"ListItem","position":2,"name":"Produits","item":"https:\/\/www.yasminyahya.com\/fr\/shop\/"},{"@type":"ListItem","position":3,"name":"Collier d\u00e9licat en or avec prasiolith"}]},{"@type":"WebSite","@id":"https:\/\/www.yasminyahya.com\/fr\/#website","url":"https:\/\/www.yasminyahya.com\/fr\/","name":"Yasmin Yahya","description":"Bijoux Contemporains","potentialAction":[{"@type":"SearchAction","target":{"@type":"EntryPoint","urlTemplate":"https:\/\/www.yasminyahya.com\/fr\/?s={search_term_string}"},"query-input":{"@type":"PropertyValueSpecification","valueRequired":true,"valueName":"search_term_string"}}],"inLanguage":"fr-FR"}]}},"_links":{"self":[{"href":"https:\/\/www.yasminyahya.com\/fr\/wp-json\/wp\/v2\/product\/11596"}],"collection":[{"href":"https:\/\/www.yasminyahya.com\/fr\/wp-json\/wp\/v2\/product"}],"about":[{"href":"https:\/\/www.yasminyahya.com\/fr\/wp-json\/wp\/v2\/types\/product"}],"wp:featuredmedia":[{"embeddable":true,"href":"https:\/\/www.yasminyahya.com\/fr\/wp-json\/wp\/v2\/media\/11788"}],"wp:attachment":[{"href":"https:\/\/www.yasminyahya.com\/fr\/wp-json\/wp\/v2\/media?parent=11596"}],"wp:term":[{"taxonomy":"product_cat","embeddable":true,"href":"https:\/\/www.yasminyahya.com\/fr\/wp-json\/wp\/v2\/product_cat?post=11596"},{"taxonomy":"product_tag","embeddable":true,"href":"https:\/\/www.yasminyahya.com\/fr\/wp-json\/wp\/v2\/product_tag?post=11596"}],"curies":[{"name":"wp","href":"https:\/\/api.w.org\/{rel}","templated":true}]}}