{"id":11823,"date":"2023-10-01T15:15:09","date_gmt":"2023-10-01T13:15:09","guid":{"rendered":"https:\/\/www.yasminyahya.com\/?post_type=product&#038;p=11823"},"modified":"2024-03-07T14:35:19","modified_gmt":"2024-03-07T13:35:19","slug":"puces-florales","status":"publish","type":"product","link":"https:\/\/www.yasminyahya.com\/fr\/boutique\/boucles-oreilles\/puces-florales\/","title":{"rendered":"Puces florales"},"content":{"rendered":"<section class=\"l-section wpb_row height_medium\"><div class=\"l-section-h i-cf\"><div class=\"g-cols vc_row via_flex valign_top type_default stacking_default\"><div class=\"vc_col-sm-12 wpb_column vc_column_container\"><div class=\"vc_column-inner\"><div class=\"wpb_wrapper\"><div class=\"wpb_text_column\"><div class=\"wpb_wrapper\"><p><strong>Mati\u00e8re\u00a0:<\/strong> Argent \u00e9quitable RJC (Responsible Jewelry Council)<\/p>\n<p><strong>Diam\u00e8tre :<\/strong> 1,1 cm<\/p>\n<p>Le bijou est soigneusement fabriqu\u00e9 \u00e0 la main par Yasmin Yahya selon les techniques traditionnelles de la bijouterie, dans son atelier \u00e0 Turgi (Suisse). Elle utilise des m\u00e9taux pr\u00e9cieux \u00e9quitables d\u2019origine RJC (Responsible Jewelry Council).<\/p>\n<\/div><\/div><div class=\"w-separator size_custom\" style=\"height:32px\"><\/div><div class=\"wpb_text_column\"><div class=\"wpb_wrapper\"><h3>D\u00e9lai<\/h3>\n<p>Si votre pi\u00e8ce n\u2019est pas en stock, le d\u00e9lai sera de 5 jours ouvr\u00e9s auquel il faudra rajouter le temps d\u2019acheminement de la Poste.<\/p>\n<\/div><\/div><\/div><\/div><\/div><\/div><\/div><\/section>\n","protected":false},"excerpt":{"rendered":"<p>Charmantes boucles d\u2019oreilles puces florales de la collection DELHI en argent \u00e9quitable RJC (Responsible Jewelry Council).<br \/>\nElles ont un diam\u00e8tre de 1,1 cm.<\/p>\n<p>Ces petites \u0153uvres d&rsquo;art sont inspir\u00e9es par la beaut\u00e9 de la nature et apportent une touche de printemps dans ta vie. Chaque boucle d&rsquo;oreille est soigneusement fabriqu\u00e9e \u00e0 la main pour capturer la gr\u00e2ce et l&rsquo;\u00e9l\u00e9gance d&rsquo;une fleur en pleine \u00e9closion.<\/p>\n<p>Les boucles d\u2019oreilles sont fournies avec des poussettes en argent, et elles seront livr\u00e9es dans un joli \u00e9crin avec un certificat d\u2019authenticit\u00e9.<\/p>\n","protected":false},"featured_media":11829,"template":"","meta":[],"product_cat":[290,327],"product_tag":[],"class_list":{"0":"post-11823","1":"product","2":"type-product","3":"status-publish","4":"has-post-thumbnail","6":"product_cat-boucles-oreilles","7":"product_cat-delhi","9":"first","10":"instock","11":"shipping-taxable","12":"purchasable","13":"product-type-simple"},"yoast_head":"<!-- This site is optimized with the Yoast SEO plugin v23.5 - https:\/\/yoast.com\/wordpress\/plugins\/seo\/ -->\n<title>Puces florales - Yasmin Yahya<\/title>\n<meta name=\"description\" content=\"Puces florales en argent RJC. Des bijoux contemporains, cr\u00e9e par la cr\u00e9atrice Yasmin Yahya \u00e0 Turgi en Suisse.\" \/>\n<meta name=\"robots\" content=\"index, follow, max-snippet:-1, max-image-preview:large, max-video-preview:-1\" \/>\n<link rel=\"canonical\" href=\"https:\/\/www.yasminyahya.com\/fr\/boutique\/boucles-oreilles\/puces-florales\/\" \/>\n<meta property=\"og:locale\" content=\"fr_FR\" \/>\n<meta property=\"og:type\" content=\"article\" \/>\n<meta property=\"og:title\" content=\"Puces florales - Yasmin Yahya\" \/>\n<meta property=\"og:description\" content=\"Puces florales en argent RJC. Des bijoux contemporains, cr\u00e9e par la cr\u00e9atrice Yasmin Yahya \u00e0 Turgi en Suisse.\" \/>\n<meta property=\"og:url\" content=\"https:\/\/www.yasminyahya.com\/fr\/boutique\/boucles-oreilles\/puces-florales\/\" \/>\n<meta property=\"og:site_name\" content=\"Yasmin Yahya\" \/>\n<meta property=\"article:modified_time\" content=\"2024-03-07T13:35:19+00:00\" \/>\n<meta property=\"og:image\" content=\"https:\/\/www.yasminyahya.com\/wp-content\/uploads\/2023\/10\/yasmin-yahya-format-web-700px-11.jpg\" \/>\n\t<meta property=\"og:image:width\" content=\"700\" \/>\n\t<meta property=\"og:image:height\" content=\"700\" \/>\n\t<meta property=\"og:image:type\" content=\"image\/jpeg\" \/>\n<meta name=\"twitter:card\" content=\"summary_large_image\" \/>\n<meta name=\"twitter:label1\" content=\"Dur\u00e9e de lecture estim\u00e9e\" \/>\n\t<meta name=\"twitter:data1\" content=\"1 minute\" \/>\n<script type=\"application\/ld+json\" class=\"yoast-schema-graph\">{\"@context\":\"https:\/\/schema.org\",\"@graph\":[{\"@type\":\"WebPage\",\"@id\":\"https:\/\/www.yasminyahya.com\/fr\/boutique\/boucles-oreilles\/puces-florales\/\",\"url\":\"https:\/\/www.yasminyahya.com\/fr\/boutique\/boucles-oreilles\/puces-florales\/\",\"name\":\"Puces florales - Yasmin Yahya\",\"isPartOf\":{\"@id\":\"https:\/\/www.yasminyahya.com\/fr\/#website\"},\"primaryImageOfPage\":{\"@id\":\"https:\/\/www.yasminyahya.com\/fr\/boutique\/boucles-oreilles\/puces-florales\/#primaryimage\"},\"image\":{\"@id\":\"https:\/\/www.yasminyahya.com\/fr\/boutique\/boucles-oreilles\/puces-florales\/#primaryimage\"},\"thumbnailUrl\":\"https:\/\/www.yasminyahya.com\/wp-content\/uploads\/2023\/10\/yasmin-yahya-format-web-700px-11.jpg\",\"datePublished\":\"2023-10-01T13:15:09+00:00\",\"dateModified\":\"2024-03-07T13:35:19+00:00\",\"description\":\"Puces florales en argent RJC. Des bijoux contemporains, cr\u00e9e par la cr\u00e9atrice Yasmin Yahya \u00e0 Turgi en Suisse.\",\"breadcrumb\":{\"@id\":\"https:\/\/www.yasminyahya.com\/fr\/boutique\/boucles-oreilles\/puces-florales\/#breadcrumb\"},\"inLanguage\":\"fr-FR\",\"potentialAction\":[{\"@type\":\"ReadAction\",\"target\":[\"https:\/\/www.yasminyahya.com\/fr\/boutique\/boucles-oreilles\/puces-florales\/\"]}]},{\"@type\":\"ImageObject\",\"inLanguage\":\"fr-FR\",\"@id\":\"https:\/\/www.yasminyahya.com\/fr\/boutique\/boucles-oreilles\/puces-florales\/#primaryimage\",\"url\":\"https:\/\/www.yasminyahya.com\/wp-content\/uploads\/2023\/10\/yasmin-yahya-format-web-700px-11.jpg\",\"contentUrl\":\"https:\/\/www.yasminyahya.com\/wp-content\/uploads\/2023\/10\/yasmin-yahya-format-web-700px-11.jpg\",\"width\":700,\"height\":700},{\"@type\":\"BreadcrumbList\",\"@id\":\"https:\/\/www.yasminyahya.com\/fr\/boutique\/boucles-oreilles\/puces-florales\/#breadcrumb\",\"itemListElement\":[{\"@type\":\"ListItem\",\"position\":1,\"name\":\"Accueil\",\"item\":\"https:\/\/www.yasminyahya.com\/fr\/\"},{\"@type\":\"ListItem\",\"position\":2,\"name\":\"Produits\",\"item\":\"https:\/\/www.yasminyahya.com\/fr\/shop\/\"},{\"@type\":\"ListItem\",\"position\":3,\"name\":\"Puces florales\"}]},{\"@type\":\"WebSite\",\"@id\":\"https:\/\/www.yasminyahya.com\/fr\/#website\",\"url\":\"https:\/\/www.yasminyahya.com\/fr\/\",\"name\":\"Yasmin Yahya\",\"description\":\"Bijoux Contemporains\",\"potentialAction\":[{\"@type\":\"SearchAction\",\"target\":{\"@type\":\"EntryPoint\",\"urlTemplate\":\"https:\/\/www.yasminyahya.com\/fr\/?s={search_term_string}\"},\"query-input\":{\"@type\":\"PropertyValueSpecification\",\"valueRequired\":true,\"valueName\":\"search_term_string\"}}],\"inLanguage\":\"fr-FR\"}]}<\/script>\n<!-- \/ Yoast SEO plugin. -->","yoast_head_json":{"title":"Puces florales - Yasmin Yahya","description":"Puces florales en argent RJC. Des bijoux contemporains, cr\u00e9e par la cr\u00e9atrice Yasmin Yahya \u00e0 Turgi en Suisse.","robots":{"index":"index","follow":"follow","max-snippet":"max-snippet:-1","max-image-preview":"max-image-preview:large","max-video-preview":"max-video-preview:-1"},"canonical":"https:\/\/www.yasminyahya.com\/fr\/boutique\/boucles-oreilles\/puces-florales\/","og_locale":"fr_FR","og_type":"article","og_title":"Puces florales - Yasmin Yahya","og_description":"Puces florales en argent RJC. Des bijoux contemporains, cr\u00e9e par la cr\u00e9atrice Yasmin Yahya \u00e0 Turgi en Suisse.","og_url":"https:\/\/www.yasminyahya.com\/fr\/boutique\/boucles-oreilles\/puces-florales\/","og_site_name":"Yasmin Yahya","article_modified_time":"2024-03-07T13:35:19+00:00","og_image":[{"width":700,"height":700,"url":"https:\/\/www.yasminyahya.com\/wp-content\/uploads\/2023\/10\/yasmin-yahya-format-web-700px-11.jpg","type":"image\/jpeg"}],"twitter_card":"summary_large_image","twitter_misc":{"Dur\u00e9e de lecture estim\u00e9e":"1 minute"},"schema":{"@context":"https:\/\/schema.org","@graph":[{"@type":"WebPage","@id":"https:\/\/www.yasminyahya.com\/fr\/boutique\/boucles-oreilles\/puces-florales\/","url":"https:\/\/www.yasminyahya.com\/fr\/boutique\/boucles-oreilles\/puces-florales\/","name":"Puces florales - Yasmin Yahya","isPartOf":{"@id":"https:\/\/www.yasminyahya.com\/fr\/#website"},"primaryImageOfPage":{"@id":"https:\/\/www.yasminyahya.com\/fr\/boutique\/boucles-oreilles\/puces-florales\/#primaryimage"},"image":{"@id":"https:\/\/www.yasminyahya.com\/fr\/boutique\/boucles-oreilles\/puces-florales\/#primaryimage"},"thumbnailUrl":"https:\/\/www.yasminyahya.com\/wp-content\/uploads\/2023\/10\/yasmin-yahya-format-web-700px-11.jpg","datePublished":"2023-10-01T13:15:09+00:00","dateModified":"2024-03-07T13:35:19+00:00","description":"Puces florales en argent RJC. Des bijoux contemporains, cr\u00e9e par la cr\u00e9atrice Yasmin Yahya \u00e0 Turgi en Suisse.","breadcrumb":{"@id":"https:\/\/www.yasminyahya.com\/fr\/boutique\/boucles-oreilles\/puces-florales\/#breadcrumb"},"inLanguage":"fr-FR","potentialAction":[{"@type":"ReadAction","target":["https:\/\/www.yasminyahya.com\/fr\/boutique\/boucles-oreilles\/puces-florales\/"]}]},{"@type":"ImageObject","inLanguage":"fr-FR","@id":"https:\/\/www.yasminyahya.com\/fr\/boutique\/boucles-oreilles\/puces-florales\/#primaryimage","url":"https:\/\/www.yasminyahya.com\/wp-content\/uploads\/2023\/10\/yasmin-yahya-format-web-700px-11.jpg","contentUrl":"https:\/\/www.yasminyahya.com\/wp-content\/uploads\/2023\/10\/yasmin-yahya-format-web-700px-11.jpg","width":700,"height":700},{"@type":"BreadcrumbList","@id":"https:\/\/www.yasminyahya.com\/fr\/boutique\/boucles-oreilles\/puces-florales\/#breadcrumb","itemListElement":[{"@type":"ListItem","position":1,"name":"Accueil","item":"https:\/\/www.yasminyahya.com\/fr\/"},{"@type":"ListItem","position":2,"name":"Produits","item":"https:\/\/www.yasminyahya.com\/fr\/shop\/"},{"@type":"ListItem","position":3,"name":"Puces florales"}]},{"@type":"WebSite","@id":"https:\/\/www.yasminyahya.com\/fr\/#website","url":"https:\/\/www.yasminyahya.com\/fr\/","name":"Yasmin Yahya","description":"Bijoux Contemporains","potentialAction":[{"@type":"SearchAction","target":{"@type":"EntryPoint","urlTemplate":"https:\/\/www.yasminyahya.com\/fr\/?s={search_term_string}"},"query-input":{"@type":"PropertyValueSpecification","valueRequired":true,"valueName":"search_term_string"}}],"inLanguage":"fr-FR"}]}},"_links":{"self":[{"href":"https:\/\/www.yasminyahya.com\/fr\/wp-json\/wp\/v2\/product\/11823"}],"collection":[{"href":"https:\/\/www.yasminyahya.com\/fr\/wp-json\/wp\/v2\/product"}],"about":[{"href":"https:\/\/www.yasminyahya.com\/fr\/wp-json\/wp\/v2\/types\/product"}],"wp:featuredmedia":[{"embeddable":true,"href":"https:\/\/www.yasminyahya.com\/fr\/wp-json\/wp\/v2\/media\/11829"}],"wp:attachment":[{"href":"https:\/\/www.yasminyahya.com\/fr\/wp-json\/wp\/v2\/media?parent=11823"}],"wp:term":[{"taxonomy":"product_cat","embeddable":true,"href":"https:\/\/www.yasminyahya.com\/fr\/wp-json\/wp\/v2\/product_cat?post=11823"},{"taxonomy":"product_tag","embeddable":true,"href":"https:\/\/www.yasminyahya.com\/fr\/wp-json\/wp\/v2\/product_tag?post=11823"}],"curies":[{"name":"wp","href":"https:\/\/api.w.org\/{rel}","templated":true}]}}