{"id":12058,"date":"2024-02-18T14:59:49","date_gmt":"2024-02-18T13:59:49","guid":{"rendered":"https:\/\/www.yasminyahya.com\/?post_type=product&#038;p=12058"},"modified":"2024-03-07T14:33:31","modified_gmt":"2024-03-07T13:33:31","slug":"bague-coeur","status":"publish","type":"product","link":"https:\/\/www.yasminyahya.com\/fr\/boutique\/bagues\/bague-coeur\/","title":{"rendered":"Bague Coeur"},"content":{"rendered":"<section class=\"l-section wpb_row height_medium\"><div class=\"l-section-h i-cf\"><div class=\"g-cols vc_row via_flex valign_top type_default stacking_default\"><div class=\"vc_col-sm-12 wpb_column vc_column_container\"><div class=\"vc_column-inner\"><div class=\"wpb_wrapper\"><div class=\"wpb_text_column\"><div class=\"wpb_wrapper\"><p><strong>Mati\u00e8re\u00a0:<\/strong> Argent \u00e9thique d\u2019origine RJC (Responsible Jewelry Council)<\/p>\n<p><strong>Largeur :<\/strong> 1 cm<\/p>\n<p><strong>Tailles\u00a0:<\/strong> 50-59 (d\u2019autres tailles disponibles sur demande)<\/p>\n<p>Le bijou est soigneusement fabriqu\u00e9 \u00e0 la main par Yasmin Yahya selon les techniques traditionnelles de la bijouterie, dans son atelier \u00e0 Rennes. Elle utilise des m\u00e9taux pr\u00e9cieux \u00e9quitables d\u2019origine RJC (Responsible Jewelry Council).<\/p>\n<\/div><\/div><div class=\"w-separator size_custom\" style=\"height:32px\"><\/div><div class=\"wpb_text_column\"><div class=\"wpb_wrapper\"><h3>D\u00e9lai<\/h3>\n<p>Si votre taille n\u2019est pas en stock, le d\u00e9lai sera de 7 jours ouvr\u00e9s auquel il faudra rajouter le temps d\u2019acheminement de la Poste.<\/p>\n<\/div><\/div><\/div><\/div><\/div><\/div><\/div><\/section>\n","protected":false},"excerpt":{"rendered":"<p>Ravissante bague en argent mat, avec un petit coeur d\u00e9coup\u00e9.<\/p>\n<p>Le design de c\u0153ur ajour\u00e9 conf\u00e8re \u00e0 la bague une \u00e9l\u00e9gance subtile et en fait un cadeau parfait pour des occasions sp\u00e9ciales. La bague est \u00e9galement id\u00e9aux pour un usage quotidien et peut \u00eatre facilement associ\u00e9s \u00e0 diff\u00e9rentes tenues, qu\u2019elles soient \u00e9l\u00e9gantes ou d\u00e9contract\u00e9es.<\/p>\n<p>La bague a une largeur de 1 cm en argent \u00e9quitable RJC (Responsible Jewellery Council) mat.<\/p>\n<p>La bague sera livr\u00e9e avec un joli \u00e9crin et un certificat d&rsquo;authenticit\u00e9.<\/p>\n","protected":false},"featured_media":12070,"template":"","meta":[],"product_cat":[262,800,791],"product_tag":[],"class_list":{"0":"post-12058","1":"product","2":"type-product","3":"status-publish","4":"has-post-thumbnail","6":"product_cat-bagues","7":"product_cat-divers-pieces-uniques","8":"product_cat-nouveaute","10":"first","11":"instock","12":"shipping-taxable","13":"purchasable","14":"product-type-variable"},"yoast_head":"<!-- This site is optimized with the Yoast SEO plugin v23.5 - https:\/\/yoast.com\/wordpress\/plugins\/seo\/ -->\n<title>Bague Coeur - Yasmin Yahya<\/title>\n<meta name=\"description\" content=\"Charmante bague en argent mat, avec un coeur d\u00e9coup\u00e9. Cr\u00e9ation par Yasmin Yahya, dans son atelier \u00e0 Turgi (Argovie)\" \/>\n<meta name=\"robots\" content=\"index, follow, max-snippet:-1, max-image-preview:large, max-video-preview:-1\" \/>\n<link rel=\"canonical\" href=\"https:\/\/www.yasminyahya.com\/fr\/boutique\/bagues\/bague-coeur\/\" \/>\n<meta property=\"og:locale\" content=\"fr_FR\" \/>\n<meta property=\"og:type\" content=\"article\" \/>\n<meta property=\"og:title\" content=\"Bague Coeur - Yasmin Yahya\" \/>\n<meta property=\"og:description\" content=\"Charmante bague en argent mat, avec un coeur d\u00e9coup\u00e9. Cr\u00e9ation par Yasmin Yahya, dans son atelier \u00e0 Turgi (Argovie)\" \/>\n<meta property=\"og:url\" content=\"https:\/\/www.yasminyahya.com\/fr\/boutique\/bagues\/bague-coeur\/\" \/>\n<meta property=\"og:site_name\" content=\"Yasmin Yahya\" \/>\n<meta property=\"article:modified_time\" content=\"2024-03-07T13:33:31+00:00\" \/>\n<meta property=\"og:image\" content=\"https:\/\/www.yasminyahya.com\/wp-content\/uploads\/2024\/02\/yasmin-yahya-formatweb-34.jpg\" \/>\n\t<meta property=\"og:image:width\" content=\"1500\" \/>\n\t<meta property=\"og:image:height\" content=\"1500\" \/>\n\t<meta property=\"og:image:type\" content=\"image\/jpeg\" \/>\n<meta name=\"twitter:card\" content=\"summary_large_image\" \/>\n<meta name=\"twitter:label1\" content=\"Dur\u00e9e de lecture estim\u00e9e\" \/>\n\t<meta name=\"twitter:data1\" content=\"1 minute\" \/>\n<script type=\"application\/ld+json\" class=\"yoast-schema-graph\">{\"@context\":\"https:\/\/schema.org\",\"@graph\":[{\"@type\":\"WebPage\",\"@id\":\"https:\/\/www.yasminyahya.com\/fr\/boutique\/bagues\/bague-coeur\/\",\"url\":\"https:\/\/www.yasminyahya.com\/fr\/boutique\/bagues\/bague-coeur\/\",\"name\":\"Bague Coeur - Yasmin Yahya\",\"isPartOf\":{\"@id\":\"https:\/\/www.yasminyahya.com\/fr\/#website\"},\"primaryImageOfPage\":{\"@id\":\"https:\/\/www.yasminyahya.com\/fr\/boutique\/bagues\/bague-coeur\/#primaryimage\"},\"image\":{\"@id\":\"https:\/\/www.yasminyahya.com\/fr\/boutique\/bagues\/bague-coeur\/#primaryimage\"},\"thumbnailUrl\":\"https:\/\/www.yasminyahya.com\/wp-content\/uploads\/2024\/02\/yasmin-yahya-formatweb-34.jpg\",\"datePublished\":\"2024-02-18T13:59:49+00:00\",\"dateModified\":\"2024-03-07T13:33:31+00:00\",\"description\":\"Charmante bague en argent mat, avec un coeur d\u00e9coup\u00e9. Cr\u00e9ation par Yasmin Yahya, dans son atelier \u00e0 Turgi (Argovie)\",\"breadcrumb\":{\"@id\":\"https:\/\/www.yasminyahya.com\/fr\/boutique\/bagues\/bague-coeur\/#breadcrumb\"},\"inLanguage\":\"fr-FR\",\"potentialAction\":[{\"@type\":\"ReadAction\",\"target\":[\"https:\/\/www.yasminyahya.com\/fr\/boutique\/bagues\/bague-coeur\/\"]}]},{\"@type\":\"ImageObject\",\"inLanguage\":\"fr-FR\",\"@id\":\"https:\/\/www.yasminyahya.com\/fr\/boutique\/bagues\/bague-coeur\/#primaryimage\",\"url\":\"https:\/\/www.yasminyahya.com\/wp-content\/uploads\/2024\/02\/yasmin-yahya-formatweb-34.jpg\",\"contentUrl\":\"https:\/\/www.yasminyahya.com\/wp-content\/uploads\/2024\/02\/yasmin-yahya-formatweb-34.jpg\",\"width\":1500,\"height\":1500},{\"@type\":\"BreadcrumbList\",\"@id\":\"https:\/\/www.yasminyahya.com\/fr\/boutique\/bagues\/bague-coeur\/#breadcrumb\",\"itemListElement\":[{\"@type\":\"ListItem\",\"position\":1,\"name\":\"Accueil\",\"item\":\"https:\/\/www.yasminyahya.com\/fr\/\"},{\"@type\":\"ListItem\",\"position\":2,\"name\":\"Produits\",\"item\":\"https:\/\/www.yasminyahya.com\/fr\/shop\/\"},{\"@type\":\"ListItem\",\"position\":3,\"name\":\"Bague Coeur\"}]},{\"@type\":\"WebSite\",\"@id\":\"https:\/\/www.yasminyahya.com\/fr\/#website\",\"url\":\"https:\/\/www.yasminyahya.com\/fr\/\",\"name\":\"Yasmin Yahya\",\"description\":\"Bijoux Contemporains\",\"potentialAction\":[{\"@type\":\"SearchAction\",\"target\":{\"@type\":\"EntryPoint\",\"urlTemplate\":\"https:\/\/www.yasminyahya.com\/fr\/?s={search_term_string}\"},\"query-input\":{\"@type\":\"PropertyValueSpecification\",\"valueRequired\":true,\"valueName\":\"search_term_string\"}}],\"inLanguage\":\"fr-FR\"}]}<\/script>\n<!-- \/ Yoast SEO plugin. -->","yoast_head_json":{"title":"Bague Coeur - Yasmin Yahya","description":"Charmante bague en argent mat, avec un coeur d\u00e9coup\u00e9. Cr\u00e9ation par Yasmin Yahya, dans son atelier \u00e0 Turgi (Argovie)","robots":{"index":"index","follow":"follow","max-snippet":"max-snippet:-1","max-image-preview":"max-image-preview:large","max-video-preview":"max-video-preview:-1"},"canonical":"https:\/\/www.yasminyahya.com\/fr\/boutique\/bagues\/bague-coeur\/","og_locale":"fr_FR","og_type":"article","og_title":"Bague Coeur - Yasmin Yahya","og_description":"Charmante bague en argent mat, avec un coeur d\u00e9coup\u00e9. Cr\u00e9ation par Yasmin Yahya, dans son atelier \u00e0 Turgi (Argovie)","og_url":"https:\/\/www.yasminyahya.com\/fr\/boutique\/bagues\/bague-coeur\/","og_site_name":"Yasmin Yahya","article_modified_time":"2024-03-07T13:33:31+00:00","og_image":[{"width":1500,"height":1500,"url":"https:\/\/www.yasminyahya.com\/wp-content\/uploads\/2024\/02\/yasmin-yahya-formatweb-34.jpg","type":"image\/jpeg"}],"twitter_card":"summary_large_image","twitter_misc":{"Dur\u00e9e de lecture estim\u00e9e":"1 minute"},"schema":{"@context":"https:\/\/schema.org","@graph":[{"@type":"WebPage","@id":"https:\/\/www.yasminyahya.com\/fr\/boutique\/bagues\/bague-coeur\/","url":"https:\/\/www.yasminyahya.com\/fr\/boutique\/bagues\/bague-coeur\/","name":"Bague Coeur - Yasmin Yahya","isPartOf":{"@id":"https:\/\/www.yasminyahya.com\/fr\/#website"},"primaryImageOfPage":{"@id":"https:\/\/www.yasminyahya.com\/fr\/boutique\/bagues\/bague-coeur\/#primaryimage"},"image":{"@id":"https:\/\/www.yasminyahya.com\/fr\/boutique\/bagues\/bague-coeur\/#primaryimage"},"thumbnailUrl":"https:\/\/www.yasminyahya.com\/wp-content\/uploads\/2024\/02\/yasmin-yahya-formatweb-34.jpg","datePublished":"2024-02-18T13:59:49+00:00","dateModified":"2024-03-07T13:33:31+00:00","description":"Charmante bague en argent mat, avec un coeur d\u00e9coup\u00e9. Cr\u00e9ation par Yasmin Yahya, dans son atelier \u00e0 Turgi (Argovie)","breadcrumb":{"@id":"https:\/\/www.yasminyahya.com\/fr\/boutique\/bagues\/bague-coeur\/#breadcrumb"},"inLanguage":"fr-FR","potentialAction":[{"@type":"ReadAction","target":["https:\/\/www.yasminyahya.com\/fr\/boutique\/bagues\/bague-coeur\/"]}]},{"@type":"ImageObject","inLanguage":"fr-FR","@id":"https:\/\/www.yasminyahya.com\/fr\/boutique\/bagues\/bague-coeur\/#primaryimage","url":"https:\/\/www.yasminyahya.com\/wp-content\/uploads\/2024\/02\/yasmin-yahya-formatweb-34.jpg","contentUrl":"https:\/\/www.yasminyahya.com\/wp-content\/uploads\/2024\/02\/yasmin-yahya-formatweb-34.jpg","width":1500,"height":1500},{"@type":"BreadcrumbList","@id":"https:\/\/www.yasminyahya.com\/fr\/boutique\/bagues\/bague-coeur\/#breadcrumb","itemListElement":[{"@type":"ListItem","position":1,"name":"Accueil","item":"https:\/\/www.yasminyahya.com\/fr\/"},{"@type":"ListItem","position":2,"name":"Produits","item":"https:\/\/www.yasminyahya.com\/fr\/shop\/"},{"@type":"ListItem","position":3,"name":"Bague Coeur"}]},{"@type":"WebSite","@id":"https:\/\/www.yasminyahya.com\/fr\/#website","url":"https:\/\/www.yasminyahya.com\/fr\/","name":"Yasmin Yahya","description":"Bijoux Contemporains","potentialAction":[{"@type":"SearchAction","target":{"@type":"EntryPoint","urlTemplate":"https:\/\/www.yasminyahya.com\/fr\/?s={search_term_string}"},"query-input":{"@type":"PropertyValueSpecification","valueRequired":true,"valueName":"search_term_string"}}],"inLanguage":"fr-FR"}]}},"_links":{"self":[{"href":"https:\/\/www.yasminyahya.com\/fr\/wp-json\/wp\/v2\/product\/12058"}],"collection":[{"href":"https:\/\/www.yasminyahya.com\/fr\/wp-json\/wp\/v2\/product"}],"about":[{"href":"https:\/\/www.yasminyahya.com\/fr\/wp-json\/wp\/v2\/types\/product"}],"wp:featuredmedia":[{"embeddable":true,"href":"https:\/\/www.yasminyahya.com\/fr\/wp-json\/wp\/v2\/media\/12070"}],"wp:attachment":[{"href":"https:\/\/www.yasminyahya.com\/fr\/wp-json\/wp\/v2\/media?parent=12058"}],"wp:term":[{"taxonomy":"product_cat","embeddable":true,"href":"https:\/\/www.yasminyahya.com\/fr\/wp-json\/wp\/v2\/product_cat?post=12058"},{"taxonomy":"product_tag","embeddable":true,"href":"https:\/\/www.yasminyahya.com\/fr\/wp-json\/wp\/v2\/product_tag?post=12058"}],"curies":[{"name":"wp","href":"https:\/\/api.w.org\/{rel}","templated":true}]}}