{"id":12480,"date":"2024-11-01T10:09:07","date_gmt":"2024-11-01T09:09:07","guid":{"rendered":"https:\/\/www.yasminyahya.com\/?post_type=product&#038;p=12480"},"modified":"2024-11-01T13:05:23","modified_gmt":"2024-11-01T12:05:23","slug":"charmant-collier-dots-en-argent","status":"publish","type":"product","link":"https:\/\/www.yasminyahya.com\/fr\/boutique\/collier\/charmant-collier-dots-en-argent\/","title":{"rendered":"Charmant Collier Dots en argent"},"content":{"rendered":"<section class=\"l-section wpb_row height_medium\"><div class=\"l-section-h i-cf\"><div class=\"g-cols vc_row via_flex valign_top type_default stacking_default\"><div class=\"vc_col-sm-12 wpb_column vc_column_container\"><div class=\"vc_column-inner\"><div class=\"wpb_wrapper\"><div class=\"wpb_text_column\"><div class=\"wpb_wrapper\"><p><strong>Mati\u00e8re\u00a0:<\/strong> Argent \u00e9quitable d\u2019origine RJC (Responsible Jewelry Council)<\/p>\n<p><strong>Taille : <\/strong>40 cm (+ 5 cm de rallonge)<\/p>\n<p><strong>Tour disques : <\/strong>0,5 cm<\/p>\n<p>Le bijou est soigneusement fabriqu\u00e9 \u00e0 la main par Yasmin Yahya selon les techniques traditionnelles de la bijouterie, dans son atelier \u00e0 Turgi (Suisse). Elle utilise des m\u00e9taux pr\u00e9cieux \u00e9quitables d\u2019origine RJC (Responsible Jewelry Council).<\/p>\n<\/div><\/div><div class=\"w-separator size_custom\" style=\"height:32px\"><\/div><div class=\"wpb_text_column\"><div class=\"wpb_wrapper\"><h3>D\u00e9lai<\/h3>\n<p>3 jours ouvrables pour l&rsquo;envoi en Suisse, 5 jours pour l&rsquo;envoi en dehors de la Suisse et le temps d&rsquo;acheminement postal<\/p>\n<\/div><\/div><\/div><\/div><\/div><\/div><\/div><\/section>\n","protected":false},"excerpt":{"rendered":"<p>Ce collier charmant , con\u00e7u en argent de la plus haute qualit\u00e9, il se distingue par un travail soign\u00e9 et le choix conscient de mat\u00e9riaux \u00e9quitable. Avec une longueur de 40 cm et une cha\u00eene d&rsquo;extension de 5 cm, il s&rsquo;ajuste facilement pour s&rsquo;adapter parfaitement au d\u00e9collet\u00e9.<\/p>\n<p>Le collier est orn\u00e9 de cinq m\u00e9daillons \u00e9l\u00e9gamment travaill\u00e9s, disponibles en deux versions : en argent mat ou en martel\u00e9. La combinaison d&rsquo;un design moderne et d&rsquo;\u00e9l\u00e9ments classiques fait de ce collier un accessoire incontournable pour toutes les occasions.<\/p>\n<p><span>Le collier fait partie de la collection DOTS : Le martelage, technique de mise en forme de la mati\u00e8re, permet \u00e9galement d\u2019obtenir des textures vari\u00e9es. Yasmin Yahya pratique avec plaisir celle qu\u2019elle a appel\u00e9e \u00ab petit pois \u00bb, devenue l\u2018inspiration de cette collection tr\u00e8s f\u00e9minine. Cercles, ronds, disques et petits pois sont les ingr\u00e9dients de ces pi\u00e8ces mobiles et ludiques.<\/span><\/p>\n<p>Le collier sera livr\u00e9e avec un joli \u00e9crin et un certificat d&rsquo;authenticit\u00e9.<\/p>\n<div id=\"attachment_5847\" class=\"wp-caption alignleft\"><\/div>\n","protected":false},"featured_media":12482,"template":"","meta":[],"product_cat":[275,294],"product_tag":[],"class_list":{"0":"post-12480","1":"product","2":"type-product","3":"status-publish","4":"has-post-thumbnail","6":"product_cat-collier","7":"product_cat-dots","9":"first","10":"instock","11":"sold-individually","12":"shipping-taxable","13":"purchasable","14":"product-type-simple"},"yoast_head":"<!-- This site is optimized with the Yoast SEO plugin v23.5 - https:\/\/yoast.com\/wordpress\/plugins\/seo\/ -->\n<title>Charmant Collier Dots en argent - Yasmin Yahya<\/title>\n<meta name=\"description\" content=\"Charmants collier en argent \u00e9quitable d\u2019origine RJC. Cr\u00e9ation par Yasmin Yahya, soigneusement fabriqu\u00e9 \u00e0 la main dans son atelier\" \/>\n<meta name=\"robots\" content=\"index, follow, max-snippet:-1, max-image-preview:large, max-video-preview:-1\" \/>\n<link rel=\"canonical\" href=\"https:\/\/www.yasminyahya.com\/fr\/boutique\/collier\/charmant-collier-dots-en-argent\/\" \/>\n<meta property=\"og:locale\" content=\"fr_FR\" \/>\n<meta property=\"og:type\" content=\"article\" \/>\n<meta property=\"og:title\" content=\"Charmant Collier Dots en argent - Yasmin Yahya\" \/>\n<meta property=\"og:description\" content=\"Charmants collier en argent \u00e9quitable d\u2019origine RJC. Cr\u00e9ation par Yasmin Yahya, soigneusement fabriqu\u00e9 \u00e0 la main dans son atelier\" \/>\n<meta property=\"og:url\" content=\"https:\/\/www.yasminyahya.com\/fr\/boutique\/collier\/charmant-collier-dots-en-argent\/\" \/>\n<meta property=\"og:site_name\" content=\"Yasmin Yahya\" \/>\n<meta property=\"article:modified_time\" content=\"2024-11-01T12:05:23+00:00\" \/>\n<meta property=\"og:image\" content=\"https:\/\/www.yasminyahya.com\/wp-content\/uploads\/2024\/11\/Yasmin-Yahya-CO-Dots-AG1.jpg\" \/>\n\t<meta property=\"og:image:width\" content=\"800\" \/>\n\t<meta property=\"og:image:height\" content=\"800\" \/>\n\t<meta property=\"og:image:type\" content=\"image\/jpeg\" \/>\n<meta name=\"twitter:card\" content=\"summary_large_image\" \/>\n<meta name=\"twitter:label1\" content=\"Dur\u00e9e de lecture estim\u00e9e\" \/>\n\t<meta name=\"twitter:data1\" content=\"1 minute\" \/>\n<script type=\"application\/ld+json\" class=\"yoast-schema-graph\">{\"@context\":\"https:\/\/schema.org\",\"@graph\":[{\"@type\":\"WebPage\",\"@id\":\"https:\/\/www.yasminyahya.com\/fr\/boutique\/collier\/charmant-collier-dots-en-argent\/\",\"url\":\"https:\/\/www.yasminyahya.com\/fr\/boutique\/collier\/charmant-collier-dots-en-argent\/\",\"name\":\"Charmant Collier Dots en argent - Yasmin Yahya\",\"isPartOf\":{\"@id\":\"https:\/\/www.yasminyahya.com\/fr\/#website\"},\"primaryImageOfPage\":{\"@id\":\"https:\/\/www.yasminyahya.com\/fr\/boutique\/collier\/charmant-collier-dots-en-argent\/#primaryimage\"},\"image\":{\"@id\":\"https:\/\/www.yasminyahya.com\/fr\/boutique\/collier\/charmant-collier-dots-en-argent\/#primaryimage\"},\"thumbnailUrl\":\"https:\/\/www.yasminyahya.com\/wp-content\/uploads\/2024\/11\/Yasmin-Yahya-CO-Dots-AG1.jpg\",\"datePublished\":\"2024-11-01T09:09:07+00:00\",\"dateModified\":\"2024-11-01T12:05:23+00:00\",\"description\":\"Charmants collier en argent \u00e9quitable d\u2019origine RJC. Cr\u00e9ation par Yasmin Yahya, soigneusement fabriqu\u00e9 \u00e0 la main dans son atelier\",\"breadcrumb\":{\"@id\":\"https:\/\/www.yasminyahya.com\/fr\/boutique\/collier\/charmant-collier-dots-en-argent\/#breadcrumb\"},\"inLanguage\":\"fr-FR\",\"potentialAction\":[{\"@type\":\"ReadAction\",\"target\":[\"https:\/\/www.yasminyahya.com\/fr\/boutique\/collier\/charmant-collier-dots-en-argent\/\"]}]},{\"@type\":\"ImageObject\",\"inLanguage\":\"fr-FR\",\"@id\":\"https:\/\/www.yasminyahya.com\/fr\/boutique\/collier\/charmant-collier-dots-en-argent\/#primaryimage\",\"url\":\"https:\/\/www.yasminyahya.com\/wp-content\/uploads\/2024\/11\/Yasmin-Yahya-CO-Dots-AG1.jpg\",\"contentUrl\":\"https:\/\/www.yasminyahya.com\/wp-content\/uploads\/2024\/11\/Yasmin-Yahya-CO-Dots-AG1.jpg\",\"width\":800,\"height\":800},{\"@type\":\"BreadcrumbList\",\"@id\":\"https:\/\/www.yasminyahya.com\/fr\/boutique\/collier\/charmant-collier-dots-en-argent\/#breadcrumb\",\"itemListElement\":[{\"@type\":\"ListItem\",\"position\":1,\"name\":\"Accueil\",\"item\":\"https:\/\/www.yasminyahya.com\/fr\/\"},{\"@type\":\"ListItem\",\"position\":2,\"name\":\"Produits\",\"item\":\"https:\/\/www.yasminyahya.com\/fr\/shop\/\"},{\"@type\":\"ListItem\",\"position\":3,\"name\":\"Charmant Collier Dots en argent\"}]},{\"@type\":\"WebSite\",\"@id\":\"https:\/\/www.yasminyahya.com\/fr\/#website\",\"url\":\"https:\/\/www.yasminyahya.com\/fr\/\",\"name\":\"Yasmin Yahya\",\"description\":\"Bijoux Contemporains\",\"potentialAction\":[{\"@type\":\"SearchAction\",\"target\":{\"@type\":\"EntryPoint\",\"urlTemplate\":\"https:\/\/www.yasminyahya.com\/fr\/?s={search_term_string}\"},\"query-input\":{\"@type\":\"PropertyValueSpecification\",\"valueRequired\":true,\"valueName\":\"search_term_string\"}}],\"inLanguage\":\"fr-FR\"}]}<\/script>\n<!-- \/ Yoast SEO plugin. -->","yoast_head_json":{"title":"Charmant Collier Dots en argent - Yasmin Yahya","description":"Charmants collier en argent \u00e9quitable d\u2019origine RJC. Cr\u00e9ation par Yasmin Yahya, soigneusement fabriqu\u00e9 \u00e0 la main dans son atelier","robots":{"index":"index","follow":"follow","max-snippet":"max-snippet:-1","max-image-preview":"max-image-preview:large","max-video-preview":"max-video-preview:-1"},"canonical":"https:\/\/www.yasminyahya.com\/fr\/boutique\/collier\/charmant-collier-dots-en-argent\/","og_locale":"fr_FR","og_type":"article","og_title":"Charmant Collier Dots en argent - Yasmin Yahya","og_description":"Charmants collier en argent \u00e9quitable d\u2019origine RJC. Cr\u00e9ation par Yasmin Yahya, soigneusement fabriqu\u00e9 \u00e0 la main dans son atelier","og_url":"https:\/\/www.yasminyahya.com\/fr\/boutique\/collier\/charmant-collier-dots-en-argent\/","og_site_name":"Yasmin Yahya","article_modified_time":"2024-11-01T12:05:23+00:00","og_image":[{"width":800,"height":800,"url":"https:\/\/www.yasminyahya.com\/wp-content\/uploads\/2024\/11\/Yasmin-Yahya-CO-Dots-AG1.jpg","type":"image\/jpeg"}],"twitter_card":"summary_large_image","twitter_misc":{"Dur\u00e9e de lecture estim\u00e9e":"1 minute"},"schema":{"@context":"https:\/\/schema.org","@graph":[{"@type":"WebPage","@id":"https:\/\/www.yasminyahya.com\/fr\/boutique\/collier\/charmant-collier-dots-en-argent\/","url":"https:\/\/www.yasminyahya.com\/fr\/boutique\/collier\/charmant-collier-dots-en-argent\/","name":"Charmant Collier Dots en argent - Yasmin Yahya","isPartOf":{"@id":"https:\/\/www.yasminyahya.com\/fr\/#website"},"primaryImageOfPage":{"@id":"https:\/\/www.yasminyahya.com\/fr\/boutique\/collier\/charmant-collier-dots-en-argent\/#primaryimage"},"image":{"@id":"https:\/\/www.yasminyahya.com\/fr\/boutique\/collier\/charmant-collier-dots-en-argent\/#primaryimage"},"thumbnailUrl":"https:\/\/www.yasminyahya.com\/wp-content\/uploads\/2024\/11\/Yasmin-Yahya-CO-Dots-AG1.jpg","datePublished":"2024-11-01T09:09:07+00:00","dateModified":"2024-11-01T12:05:23+00:00","description":"Charmants collier en argent \u00e9quitable d\u2019origine RJC. Cr\u00e9ation par Yasmin Yahya, soigneusement fabriqu\u00e9 \u00e0 la main dans son atelier","breadcrumb":{"@id":"https:\/\/www.yasminyahya.com\/fr\/boutique\/collier\/charmant-collier-dots-en-argent\/#breadcrumb"},"inLanguage":"fr-FR","potentialAction":[{"@type":"ReadAction","target":["https:\/\/www.yasminyahya.com\/fr\/boutique\/collier\/charmant-collier-dots-en-argent\/"]}]},{"@type":"ImageObject","inLanguage":"fr-FR","@id":"https:\/\/www.yasminyahya.com\/fr\/boutique\/collier\/charmant-collier-dots-en-argent\/#primaryimage","url":"https:\/\/www.yasminyahya.com\/wp-content\/uploads\/2024\/11\/Yasmin-Yahya-CO-Dots-AG1.jpg","contentUrl":"https:\/\/www.yasminyahya.com\/wp-content\/uploads\/2024\/11\/Yasmin-Yahya-CO-Dots-AG1.jpg","width":800,"height":800},{"@type":"BreadcrumbList","@id":"https:\/\/www.yasminyahya.com\/fr\/boutique\/collier\/charmant-collier-dots-en-argent\/#breadcrumb","itemListElement":[{"@type":"ListItem","position":1,"name":"Accueil","item":"https:\/\/www.yasminyahya.com\/fr\/"},{"@type":"ListItem","position":2,"name":"Produits","item":"https:\/\/www.yasminyahya.com\/fr\/shop\/"},{"@type":"ListItem","position":3,"name":"Charmant Collier Dots en argent"}]},{"@type":"WebSite","@id":"https:\/\/www.yasminyahya.com\/fr\/#website","url":"https:\/\/www.yasminyahya.com\/fr\/","name":"Yasmin Yahya","description":"Bijoux Contemporains","potentialAction":[{"@type":"SearchAction","target":{"@type":"EntryPoint","urlTemplate":"https:\/\/www.yasminyahya.com\/fr\/?s={search_term_string}"},"query-input":{"@type":"PropertyValueSpecification","valueRequired":true,"valueName":"search_term_string"}}],"inLanguage":"fr-FR"}]}},"_links":{"self":[{"href":"https:\/\/www.yasminyahya.com\/fr\/wp-json\/wp\/v2\/product\/12480"}],"collection":[{"href":"https:\/\/www.yasminyahya.com\/fr\/wp-json\/wp\/v2\/product"}],"about":[{"href":"https:\/\/www.yasminyahya.com\/fr\/wp-json\/wp\/v2\/types\/product"}],"wp:featuredmedia":[{"embeddable":true,"href":"https:\/\/www.yasminyahya.com\/fr\/wp-json\/wp\/v2\/media\/12482"}],"wp:attachment":[{"href":"https:\/\/www.yasminyahya.com\/fr\/wp-json\/wp\/v2\/media?parent=12480"}],"wp:term":[{"taxonomy":"product_cat","embeddable":true,"href":"https:\/\/www.yasminyahya.com\/fr\/wp-json\/wp\/v2\/product_cat?post=12480"},{"taxonomy":"product_tag","embeddable":true,"href":"https:\/\/www.yasminyahya.com\/fr\/wp-json\/wp\/v2\/product_tag?post=12480"}],"curies":[{"name":"wp","href":"https:\/\/api.w.org\/{rel}","templated":true}]}}