{"id":12488,"date":"2024-11-01T12:33:08","date_gmt":"2024-11-01T11:33:08","guid":{"rendered":"https:\/\/www.yasminyahya.com\/?post_type=product&#038;p=12488"},"modified":"2024-11-01T12:49:50","modified_gmt":"2024-11-01T11:49:50","slug":"boucles-doreilles-avec-relief-de-fleur","status":"publish","type":"product","link":"https:\/\/www.yasminyahya.com\/fr\/boutique\/boucles-oreilles\/boucles-doreilles-avec-relief-de-fleur\/","title":{"rendered":"Boucles d&rsquo;oreilles avec relief de fleur"},"content":{"rendered":"<section class=\"l-section wpb_row height_medium\"><div class=\"l-section-h i-cf\"><div class=\"g-cols vc_row via_flex valign_top type_default stacking_default\"><div class=\"vc_col-sm-12 wpb_column vc_column_container\"><div class=\"vc_column-inner\"><div class=\"wpb_wrapper\"><div class=\"wpb_text_column\"><div class=\"wpb_wrapper\"><p><b>Metal<\/b> : Argent ou argent plaqu\u00e9 or, \u00e9quitable RJC (Responsible Jewelry Council)<\/p>\n<p><strong>Hauteur :\u00a0<\/strong>Env. 3 cm<\/p>\n<p><strong>Diam\u00e8tre :\u00a0<\/strong>1,8 cm<\/p>\n<p>Le bijou est soigneusement fabriqu\u00e9 \u00e0 la main par Yasmin Yahya selon les techniques traditionnelles de la bijouterie, dans son atelier \u00e0 Turgi (Suisse). Elle utilise des m\u00e9taux pr\u00e9cieux \u00e9quitables d\u2019origine RJC (Responsible Jewelry Council).<\/p>\n<\/div><\/div><div class=\"w-separator size_custom\" style=\"height:32px\"><\/div><div class=\"wpb_text_column\"><div class=\"wpb_wrapper\"><h3>D\u00e9lai<\/h3>\n<p>3 jours ouvr\u00e9es. Si votre piece n\u2019est pas en stock, le d\u00e9lai sera d&rsquo;environ 10 jours ouvr\u00e9s auquel il faudra rajouter le temps d\u2019acheminement de la Poste.<\/p>\n<section class=\"related products\"><\/section>\n<\/div><\/div><\/div><\/div><\/div><\/div><\/div><\/section>\n","protected":false},"excerpt":{"rendered":"<p>Ces magnifiques boucles d&rsquo;oreilles en argent \u00e9quitable (RJC) ou argent plaqu\u00e9 or ont \u00e9t\u00e9 inspir\u00e9es par la beaut\u00e9 d&rsquo;une prairie estivale et de la nature vivante, avec une note ludique et rappelant la diversit\u00e9 des fleurs et des plantes qui prosp\u00e8rent dans une prairie estivale.<\/p>\n<p><span>Les boucles d&rsquo;oreilles pr\u00e9sentent deux reliefs diff\u00e9rents d&rsquo;une d\u00e9licate fleur des champs sur un disque de 1,8 cm de diam\u00e8tre. Elles sont disponibles en argent massif ou en argent dor\u00e9, offrant ainsi un look \u00e0 la fois \u00e9l\u00e9gant et naturel.<\/span><\/p>\n<p>Chaque boucle d&rsquo;oreille est une \u0153uvre d&rsquo;art raffin\u00e9e, fabriqu\u00e9e \u00e0 la main, qui capture l&rsquo;ambiance de la saison chaude. Elles sont un compagnon parfait et un v\u00e9ritable accroche-regard, ajoutant une touche de fra\u00eecheur estivale et de naturalit\u00e9 \u00e0 chaque tenue.<\/p>\n<p>Elles ont une longueur d&rsquo;environ 3 cm et l&rsquo;am\u00e9thyste verte a un diam\u00e8tre de 1 cm.<\/p>\n<p>Les boucles d&rsquo;oreilles seront livr\u00e9es dans un \u00e9crin \u00e0 bijoux et un certificat d&rsquo;authenticit\u00e9.<\/p>\n","protected":false},"featured_media":12515,"template":"","meta":[],"product_cat":[290,791,797],"product_tag":[],"class_list":{"0":"post-12488","1":"product","2":"type-product","3":"status-publish","4":"has-post-thumbnail","6":"product_cat-boucles-oreilles","7":"product_cat-nouveaute","8":"product_cat-prairie-dete","10":"first","11":"instock","12":"shipping-taxable","13":"purchasable","14":"product-type-variable"},"yoast_head":"<!-- This site is optimized with the Yoast SEO plugin v23.5 - https:\/\/yoast.com\/wordpress\/plugins\/seo\/ -->\n<title>Boucles d&#039;oreilles avec relief de fleur - Yasmin Yahya<\/title>\n<meta name=\"description\" content=\"Ces magnifiques boucles d&#039;oreilles en argent \u00e9quitable (RJC) ont \u00e9t\u00e9 inspir\u00e9es par la beaut\u00e9 d&#039;une prairie estivale et de la nature vivante.\" \/>\n<meta name=\"robots\" content=\"index, follow, max-snippet:-1, max-image-preview:large, max-video-preview:-1\" \/>\n<link rel=\"canonical\" href=\"https:\/\/www.yasminyahya.com\/fr\/boutique\/boucles-oreilles\/boucles-doreilles-avec-relief-de-fleur\/\" \/>\n<meta property=\"og:locale\" content=\"fr_FR\" \/>\n<meta property=\"og:type\" content=\"article\" \/>\n<meta property=\"og:title\" content=\"Boucles d&#039;oreilles avec relief de fleur - Yasmin Yahya\" \/>\n<meta property=\"og:description\" content=\"Ces magnifiques boucles d&#039;oreilles en argent \u00e9quitable (RJC) ont \u00e9t\u00e9 inspir\u00e9es par la beaut\u00e9 d&#039;une prairie estivale et de la nature vivante.\" \/>\n<meta property=\"og:url\" content=\"https:\/\/www.yasminyahya.com\/fr\/boutique\/boucles-oreilles\/boucles-doreilles-avec-relief-de-fleur\/\" \/>\n<meta property=\"og:site_name\" content=\"Yasmin Yahya\" \/>\n<meta property=\"article:modified_time\" content=\"2024-11-01T11:49:50+00:00\" \/>\n<meta property=\"og:image\" content=\"https:\/\/www.yasminyahya.com\/wp-content\/uploads\/2024\/11\/Yasmin-Yahya-BO-Rond-AU.jpg\" \/>\n\t<meta property=\"og:image:width\" content=\"900\" \/>\n\t<meta property=\"og:image:height\" content=\"900\" \/>\n\t<meta property=\"og:image:type\" content=\"image\/jpeg\" \/>\n<meta name=\"twitter:card\" content=\"summary_large_image\" \/>\n<meta name=\"twitter:label1\" content=\"Dur\u00e9e de lecture estim\u00e9e\" \/>\n\t<meta name=\"twitter:data1\" content=\"1 minute\" \/>\n<script type=\"application\/ld+json\" class=\"yoast-schema-graph\">{\"@context\":\"https:\/\/schema.org\",\"@graph\":[{\"@type\":\"WebPage\",\"@id\":\"https:\/\/www.yasminyahya.com\/fr\/boutique\/boucles-oreilles\/boucles-doreilles-avec-relief-de-fleur\/\",\"url\":\"https:\/\/www.yasminyahya.com\/fr\/boutique\/boucles-oreilles\/boucles-doreilles-avec-relief-de-fleur\/\",\"name\":\"Boucles d'oreilles avec relief de fleur - Yasmin Yahya\",\"isPartOf\":{\"@id\":\"https:\/\/www.yasminyahya.com\/fr\/#website\"},\"primaryImageOfPage\":{\"@id\":\"https:\/\/www.yasminyahya.com\/fr\/boutique\/boucles-oreilles\/boucles-doreilles-avec-relief-de-fleur\/#primaryimage\"},\"image\":{\"@id\":\"https:\/\/www.yasminyahya.com\/fr\/boutique\/boucles-oreilles\/boucles-doreilles-avec-relief-de-fleur\/#primaryimage\"},\"thumbnailUrl\":\"https:\/\/www.yasminyahya.com\/wp-content\/uploads\/2024\/11\/Yasmin-Yahya-BO-Rond-AU.jpg\",\"datePublished\":\"2024-11-01T11:33:08+00:00\",\"dateModified\":\"2024-11-01T11:49:50+00:00\",\"description\":\"Ces magnifiques boucles d'oreilles en argent \u00e9quitable (RJC) ont \u00e9t\u00e9 inspir\u00e9es par la beaut\u00e9 d'une prairie estivale et de la nature vivante.\",\"breadcrumb\":{\"@id\":\"https:\/\/www.yasminyahya.com\/fr\/boutique\/boucles-oreilles\/boucles-doreilles-avec-relief-de-fleur\/#breadcrumb\"},\"inLanguage\":\"fr-FR\",\"potentialAction\":[{\"@type\":\"ReadAction\",\"target\":[\"https:\/\/www.yasminyahya.com\/fr\/boutique\/boucles-oreilles\/boucles-doreilles-avec-relief-de-fleur\/\"]}]},{\"@type\":\"ImageObject\",\"inLanguage\":\"fr-FR\",\"@id\":\"https:\/\/www.yasminyahya.com\/fr\/boutique\/boucles-oreilles\/boucles-doreilles-avec-relief-de-fleur\/#primaryimage\",\"url\":\"https:\/\/www.yasminyahya.com\/wp-content\/uploads\/2024\/11\/Yasmin-Yahya-BO-Rond-AU.jpg\",\"contentUrl\":\"https:\/\/www.yasminyahya.com\/wp-content\/uploads\/2024\/11\/Yasmin-Yahya-BO-Rond-AU.jpg\",\"width\":900,\"height\":900},{\"@type\":\"BreadcrumbList\",\"@id\":\"https:\/\/www.yasminyahya.com\/fr\/boutique\/boucles-oreilles\/boucles-doreilles-avec-relief-de-fleur\/#breadcrumb\",\"itemListElement\":[{\"@type\":\"ListItem\",\"position\":1,\"name\":\"Accueil\",\"item\":\"https:\/\/www.yasminyahya.com\/fr\/\"},{\"@type\":\"ListItem\",\"position\":2,\"name\":\"Produits\",\"item\":\"https:\/\/www.yasminyahya.com\/fr\/shop\/\"},{\"@type\":\"ListItem\",\"position\":3,\"name\":\"Boucles d&rsquo;oreilles avec relief de fleur\"}]},{\"@type\":\"WebSite\",\"@id\":\"https:\/\/www.yasminyahya.com\/fr\/#website\",\"url\":\"https:\/\/www.yasminyahya.com\/fr\/\",\"name\":\"Yasmin Yahya\",\"description\":\"Bijoux Contemporains\",\"potentialAction\":[{\"@type\":\"SearchAction\",\"target\":{\"@type\":\"EntryPoint\",\"urlTemplate\":\"https:\/\/www.yasminyahya.com\/fr\/?s={search_term_string}\"},\"query-input\":{\"@type\":\"PropertyValueSpecification\",\"valueRequired\":true,\"valueName\":\"search_term_string\"}}],\"inLanguage\":\"fr-FR\"}]}<\/script>\n<!-- \/ Yoast SEO plugin. -->","yoast_head_json":{"title":"Boucles d'oreilles avec relief de fleur - Yasmin Yahya","description":"Ces magnifiques boucles d'oreilles en argent \u00e9quitable (RJC) ont \u00e9t\u00e9 inspir\u00e9es par la beaut\u00e9 d'une prairie estivale et de la nature vivante.","robots":{"index":"index","follow":"follow","max-snippet":"max-snippet:-1","max-image-preview":"max-image-preview:large","max-video-preview":"max-video-preview:-1"},"canonical":"https:\/\/www.yasminyahya.com\/fr\/boutique\/boucles-oreilles\/boucles-doreilles-avec-relief-de-fleur\/","og_locale":"fr_FR","og_type":"article","og_title":"Boucles d'oreilles avec relief de fleur - Yasmin Yahya","og_description":"Ces magnifiques boucles d'oreilles en argent \u00e9quitable (RJC) ont \u00e9t\u00e9 inspir\u00e9es par la beaut\u00e9 d'une prairie estivale et de la nature vivante.","og_url":"https:\/\/www.yasminyahya.com\/fr\/boutique\/boucles-oreilles\/boucles-doreilles-avec-relief-de-fleur\/","og_site_name":"Yasmin Yahya","article_modified_time":"2024-11-01T11:49:50+00:00","og_image":[{"width":900,"height":900,"url":"https:\/\/www.yasminyahya.com\/wp-content\/uploads\/2024\/11\/Yasmin-Yahya-BO-Rond-AU.jpg","type":"image\/jpeg"}],"twitter_card":"summary_large_image","twitter_misc":{"Dur\u00e9e de lecture estim\u00e9e":"1 minute"},"schema":{"@context":"https:\/\/schema.org","@graph":[{"@type":"WebPage","@id":"https:\/\/www.yasminyahya.com\/fr\/boutique\/boucles-oreilles\/boucles-doreilles-avec-relief-de-fleur\/","url":"https:\/\/www.yasminyahya.com\/fr\/boutique\/boucles-oreilles\/boucles-doreilles-avec-relief-de-fleur\/","name":"Boucles d'oreilles avec relief de fleur - Yasmin Yahya","isPartOf":{"@id":"https:\/\/www.yasminyahya.com\/fr\/#website"},"primaryImageOfPage":{"@id":"https:\/\/www.yasminyahya.com\/fr\/boutique\/boucles-oreilles\/boucles-doreilles-avec-relief-de-fleur\/#primaryimage"},"image":{"@id":"https:\/\/www.yasminyahya.com\/fr\/boutique\/boucles-oreilles\/boucles-doreilles-avec-relief-de-fleur\/#primaryimage"},"thumbnailUrl":"https:\/\/www.yasminyahya.com\/wp-content\/uploads\/2024\/11\/Yasmin-Yahya-BO-Rond-AU.jpg","datePublished":"2024-11-01T11:33:08+00:00","dateModified":"2024-11-01T11:49:50+00:00","description":"Ces magnifiques boucles d'oreilles en argent \u00e9quitable (RJC) ont \u00e9t\u00e9 inspir\u00e9es par la beaut\u00e9 d'une prairie estivale et de la nature vivante.","breadcrumb":{"@id":"https:\/\/www.yasminyahya.com\/fr\/boutique\/boucles-oreilles\/boucles-doreilles-avec-relief-de-fleur\/#breadcrumb"},"inLanguage":"fr-FR","potentialAction":[{"@type":"ReadAction","target":["https:\/\/www.yasminyahya.com\/fr\/boutique\/boucles-oreilles\/boucles-doreilles-avec-relief-de-fleur\/"]}]},{"@type":"ImageObject","inLanguage":"fr-FR","@id":"https:\/\/www.yasminyahya.com\/fr\/boutique\/boucles-oreilles\/boucles-doreilles-avec-relief-de-fleur\/#primaryimage","url":"https:\/\/www.yasminyahya.com\/wp-content\/uploads\/2024\/11\/Yasmin-Yahya-BO-Rond-AU.jpg","contentUrl":"https:\/\/www.yasminyahya.com\/wp-content\/uploads\/2024\/11\/Yasmin-Yahya-BO-Rond-AU.jpg","width":900,"height":900},{"@type":"BreadcrumbList","@id":"https:\/\/www.yasminyahya.com\/fr\/boutique\/boucles-oreilles\/boucles-doreilles-avec-relief-de-fleur\/#breadcrumb","itemListElement":[{"@type":"ListItem","position":1,"name":"Accueil","item":"https:\/\/www.yasminyahya.com\/fr\/"},{"@type":"ListItem","position":2,"name":"Produits","item":"https:\/\/www.yasminyahya.com\/fr\/shop\/"},{"@type":"ListItem","position":3,"name":"Boucles d&rsquo;oreilles avec relief de fleur"}]},{"@type":"WebSite","@id":"https:\/\/www.yasminyahya.com\/fr\/#website","url":"https:\/\/www.yasminyahya.com\/fr\/","name":"Yasmin Yahya","description":"Bijoux Contemporains","potentialAction":[{"@type":"SearchAction","target":{"@type":"EntryPoint","urlTemplate":"https:\/\/www.yasminyahya.com\/fr\/?s={search_term_string}"},"query-input":{"@type":"PropertyValueSpecification","valueRequired":true,"valueName":"search_term_string"}}],"inLanguage":"fr-FR"}]}},"_links":{"self":[{"href":"https:\/\/www.yasminyahya.com\/fr\/wp-json\/wp\/v2\/product\/12488"}],"collection":[{"href":"https:\/\/www.yasminyahya.com\/fr\/wp-json\/wp\/v2\/product"}],"about":[{"href":"https:\/\/www.yasminyahya.com\/fr\/wp-json\/wp\/v2\/types\/product"}],"wp:featuredmedia":[{"embeddable":true,"href":"https:\/\/www.yasminyahya.com\/fr\/wp-json\/wp\/v2\/media\/12515"}],"wp:attachment":[{"href":"https:\/\/www.yasminyahya.com\/fr\/wp-json\/wp\/v2\/media?parent=12488"}],"wp:term":[{"taxonomy":"product_cat","embeddable":true,"href":"https:\/\/www.yasminyahya.com\/fr\/wp-json\/wp\/v2\/product_cat?post=12488"},{"taxonomy":"product_tag","embeddable":true,"href":"https:\/\/www.yasminyahya.com\/fr\/wp-json\/wp\/v2\/product_tag?post=12488"}],"curies":[{"name":"wp","href":"https:\/\/api.w.org\/{rel}","templated":true}]}}