{"id":1546,"date":"2021-01-08T19:45:27","date_gmt":"2018-05-02T13:28:59","guid":{"rendered":"https:\/\/www.yasminyahya.com\/?post_type=product&#038;p=1546"},"modified":"2024-03-07T15:16:39","modified_gmt":"2024-03-07T14:16:39","slug":"bague-dots-antistress-argent-et-or-22-cts-rjc","status":"publish","type":"product","link":"https:\/\/www.yasminyahya.com\/fr\/boutique\/bagues\/bague-dots-antistress-argent-et-or-22-cts-rjc\/","title":{"rendered":"Bague DOTS Antistress"},"content":{"rendered":"<section class=\"l-section wpb_row height_medium\"><div class=\"l-section-h i-cf\"><div class=\"g-cols vc_row via_flex valign_top type_default stacking_default\"><div class=\"vc_col-sm-12 wpb_column vc_column_container\"><div class=\"vc_column-inner\"><div class=\"wpb_wrapper\"><div class=\"wpb_text_column\"><div class=\"wpb_wrapper\"><p><strong>Mati\u00e8re\u00a0:<\/strong> Argent \u00e9quitable ou argent\/or 22 carats \u00e9quitable d\u2019origine RJC (Responsible Jewelry Council)<\/p>\n<p><strong>Largeur\u00a0:<\/strong> 1,2 cm<\/p>\n<p><strong>Tailles\u00a0:<\/strong> 49-60 (d\u2019autres tailles disponibles sur demande)<\/p>\n<p>Le bijou est soigneusement fabriqu\u00e9 \u00e0 la main par Yasmin Yahya selon les techniques traditionnelles de la bijouterie, dans son atelier \u00e0 Turgi (Suisse). Elle utilise des m\u00e9taux pr\u00e9cieux \u00e9quitables d\u2019origine RJC (Responsible Jewelry Council).<\/p>\n<\/div><\/div><div class=\"w-separator size_custom\" style=\"height:32px\"><\/div><div class=\"wpb_text_column\"><div class=\"wpb_wrapper\"><h3>D\u00e9lai<\/h3>\n<p>Si votre taille n\u2019est pas en stock, le d\u00e9lai sera de 7 jours ouvr\u00e9s auquel il faudra rajouter le temps d\u2019acheminement de la Poste.<\/p>\n<\/div><\/div><\/div><\/div><\/div><\/div><\/div><\/section>\n","protected":false},"excerpt":{"rendered":"<p>Cette double bague de la collection DOTS est pr\u00e9sent\u00e9e ici dans ses deux versions, soit enti\u00e8rement en argent \u00e9quitable ou en argent\/or 22 carats \u00e9quitable d\u2019origine RJC.<\/p>\n<p>La bague de base a une largeur de 1,2 cm en argent bross\u00e9, avec une deuxi\u00e8me bague superpos\u00e9e et mobile, polie et martel\u00e9e. L\u2019anneau superpos\u00e9 se d\u00e9place librement sur l&rsquo;anneau de base.<br \/>\nLa bague fait partie de la collection DOTS :Le martelage, technique de mise en forme de la mati\u00e8re, permet \u00e9galement d\u2019obtenir des textures vari\u00e9es. Yasmin Yahya pratique avec plaisir celle qu\u2019elle a appel\u00e9e \u00ab\u00a0petit pois\u00a0\u00bb, devenue l\u2018inspiration de cette collection tr\u00e8s f\u00e9m5inine. Cercles, ronds, disques et petits pois\u00a0sont les ingr\u00e9dients de ces pi\u00e8ces mobiles et ludiques.<\/p>\n<p>La bague sera livr\u00e9e avec un joli \u00e9crin et un certificat d&rsquo;authenticit\u00e9. La bague peut \u00eatre personnalis\u00e9e sur demande par une gravure \u00e0 l\u2019int\u00e9rieur de l&rsquo;anneau.<\/p>\n<p><strong>Pour les gravures <\/strong>merci de me <strong><a href=\"https:\/\/www.yasminyahya.com\/contact\/\">contacter<\/a> <\/strong>pour me transmettre votre texte<\/p>\n","protected":false},"featured_media":2927,"template":"","meta":[],"product_cat":[262,294],"product_tag":[],"class_list":{"0":"post-1546","1":"product","2":"type-product","3":"status-publish","4":"has-post-thumbnail","6":"product_cat-bagues","7":"product_cat-dots","9":"first","10":"instock","11":"shipping-taxable","12":"purchasable","13":"product-type-variable"},"yoast_head":"<!-- This site is optimized with the Yoast SEO plugin v23.5 - https:\/\/yoast.com\/wordpress\/plugins\/seo\/ -->\n<title>Bague DOTS Antistress - Yasmin Yahya<\/title>\n<meta name=\"description\" content=\"Double bague DOTS dans ses deux versions, soit enti\u00e8rement en argent RJC ou en argent \u00e9thique\/or 22 carats d\u2019origine RJC. Cr\u00e9ation par Yasmin Yahya\" \/>\n<meta name=\"robots\" content=\"index, follow, max-snippet:-1, max-image-preview:large, max-video-preview:-1\" \/>\n<link rel=\"canonical\" href=\"https:\/\/www.yasminyahya.com\/fr\/boutique\/bagues\/bague-dots-antistress-argent-et-or-22-cts-rjc\/\" \/>\n<meta property=\"og:locale\" content=\"fr_FR\" \/>\n<meta property=\"og:type\" content=\"article\" \/>\n<meta property=\"og:title\" content=\"Bague DOTS Antistress - Yasmin Yahya\" \/>\n<meta property=\"og:description\" content=\"Double bague DOTS dans ses deux versions, soit enti\u00e8rement en argent RJC ou en argent \u00e9thique\/or 22 carats d\u2019origine RJC. Cr\u00e9ation par Yasmin Yahya\" \/>\n<meta property=\"og:url\" content=\"https:\/\/www.yasminyahya.com\/fr\/boutique\/bagues\/bague-dots-antistress-argent-et-or-22-cts-rjc\/\" \/>\n<meta property=\"og:site_name\" content=\"Yasmin Yahya\" \/>\n<meta property=\"article:modified_time\" content=\"2024-03-07T14:16:39+00:00\" \/>\n<meta property=\"og:image\" content=\"https:\/\/www.yasminyahya.com\/wp-content\/uploads\/2018\/07\/yasmin-yahya-dots-antistress-port\u00e9-site-2.jpg\" \/>\n\t<meta property=\"og:image:width\" content=\"700\" \/>\n\t<meta property=\"og:image:height\" content=\"700\" \/>\n\t<meta property=\"og:image:type\" content=\"image\/jpeg\" \/>\n<meta name=\"twitter:card\" content=\"summary_large_image\" \/>\n<meta name=\"twitter:label1\" content=\"Dur\u00e9e de lecture estim\u00e9e\" \/>\n\t<meta name=\"twitter:data1\" content=\"1 minute\" \/>\n<script type=\"application\/ld+json\" class=\"yoast-schema-graph\">{\"@context\":\"https:\/\/schema.org\",\"@graph\":[{\"@type\":\"WebPage\",\"@id\":\"https:\/\/www.yasminyahya.com\/fr\/boutique\/bagues\/bague-dots-antistress-argent-et-or-22-cts-rjc\/\",\"url\":\"https:\/\/www.yasminyahya.com\/fr\/boutique\/bagues\/bague-dots-antistress-argent-et-or-22-cts-rjc\/\",\"name\":\"Bague DOTS Antistress - Yasmin Yahya\",\"isPartOf\":{\"@id\":\"https:\/\/www.yasminyahya.com\/fr\/#website\"},\"primaryImageOfPage\":{\"@id\":\"https:\/\/www.yasminyahya.com\/fr\/boutique\/bagues\/bague-dots-antistress-argent-et-or-22-cts-rjc\/#primaryimage\"},\"image\":{\"@id\":\"https:\/\/www.yasminyahya.com\/fr\/boutique\/bagues\/bague-dots-antistress-argent-et-or-22-cts-rjc\/#primaryimage\"},\"thumbnailUrl\":\"https:\/\/www.yasminyahya.com\/wp-content\/uploads\/2018\/07\/yasmin-yahya-dots-antistress-port\u00e9-site-2.jpg\",\"datePublished\":\"2018-05-02T13:28:59+00:00\",\"dateModified\":\"2024-03-07T14:16:39+00:00\",\"description\":\"Double bague DOTS dans ses deux versions, soit enti\u00e8rement en argent RJC ou en argent \u00e9thique\/or 22 carats d\u2019origine RJC. Cr\u00e9ation par Yasmin Yahya\",\"breadcrumb\":{\"@id\":\"https:\/\/www.yasminyahya.com\/fr\/boutique\/bagues\/bague-dots-antistress-argent-et-or-22-cts-rjc\/#breadcrumb\"},\"inLanguage\":\"fr-FR\",\"potentialAction\":[{\"@type\":\"ReadAction\",\"target\":[\"https:\/\/www.yasminyahya.com\/fr\/boutique\/bagues\/bague-dots-antistress-argent-et-or-22-cts-rjc\/\"]}]},{\"@type\":\"ImageObject\",\"inLanguage\":\"fr-FR\",\"@id\":\"https:\/\/www.yasminyahya.com\/fr\/boutique\/bagues\/bague-dots-antistress-argent-et-or-22-cts-rjc\/#primaryimage\",\"url\":\"https:\/\/www.yasminyahya.com\/wp-content\/uploads\/2018\/07\/yasmin-yahya-dots-antistress-port\u00e9-site-2.jpg\",\"contentUrl\":\"https:\/\/www.yasminyahya.com\/wp-content\/uploads\/2018\/07\/yasmin-yahya-dots-antistress-port\u00e9-site-2.jpg\",\"width\":700,\"height\":700,\"caption\":\"ANTISTRESS-Ringe, in Silber oder in 22 Kt Gold. Der zentrale Ring ist frei beweglich\"},{\"@type\":\"BreadcrumbList\",\"@id\":\"https:\/\/www.yasminyahya.com\/fr\/boutique\/bagues\/bague-dots-antistress-argent-et-or-22-cts-rjc\/#breadcrumb\",\"itemListElement\":[{\"@type\":\"ListItem\",\"position\":1,\"name\":\"Accueil\",\"item\":\"https:\/\/www.yasminyahya.com\/fr\/\"},{\"@type\":\"ListItem\",\"position\":2,\"name\":\"Produits\",\"item\":\"https:\/\/www.yasminyahya.com\/fr\/shop\/\"},{\"@type\":\"ListItem\",\"position\":3,\"name\":\"Bague DOTS Antistress\"}]},{\"@type\":\"WebSite\",\"@id\":\"https:\/\/www.yasminyahya.com\/fr\/#website\",\"url\":\"https:\/\/www.yasminyahya.com\/fr\/\",\"name\":\"Yasmin Yahya\",\"description\":\"Bijoux Contemporains\",\"potentialAction\":[{\"@type\":\"SearchAction\",\"target\":{\"@type\":\"EntryPoint\",\"urlTemplate\":\"https:\/\/www.yasminyahya.com\/fr\/?s={search_term_string}\"},\"query-input\":{\"@type\":\"PropertyValueSpecification\",\"valueRequired\":true,\"valueName\":\"search_term_string\"}}],\"inLanguage\":\"fr-FR\"}]}<\/script>\n<!-- \/ Yoast SEO plugin. -->","yoast_head_json":{"title":"Bague DOTS Antistress - Yasmin Yahya","description":"Double bague DOTS dans ses deux versions, soit enti\u00e8rement en argent RJC ou en argent \u00e9thique\/or 22 carats d\u2019origine RJC. Cr\u00e9ation par Yasmin Yahya","robots":{"index":"index","follow":"follow","max-snippet":"max-snippet:-1","max-image-preview":"max-image-preview:large","max-video-preview":"max-video-preview:-1"},"canonical":"https:\/\/www.yasminyahya.com\/fr\/boutique\/bagues\/bague-dots-antistress-argent-et-or-22-cts-rjc\/","og_locale":"fr_FR","og_type":"article","og_title":"Bague DOTS Antistress - Yasmin Yahya","og_description":"Double bague DOTS dans ses deux versions, soit enti\u00e8rement en argent RJC ou en argent \u00e9thique\/or 22 carats d\u2019origine RJC. Cr\u00e9ation par Yasmin Yahya","og_url":"https:\/\/www.yasminyahya.com\/fr\/boutique\/bagues\/bague-dots-antistress-argent-et-or-22-cts-rjc\/","og_site_name":"Yasmin Yahya","article_modified_time":"2024-03-07T14:16:39+00:00","og_image":[{"width":700,"height":700,"url":"https:\/\/www.yasminyahya.com\/wp-content\/uploads\/2018\/07\/yasmin-yahya-dots-antistress-port\u00e9-site-2.jpg","type":"image\/jpeg"}],"twitter_card":"summary_large_image","twitter_misc":{"Dur\u00e9e de lecture estim\u00e9e":"1 minute"},"schema":{"@context":"https:\/\/schema.org","@graph":[{"@type":"WebPage","@id":"https:\/\/www.yasminyahya.com\/fr\/boutique\/bagues\/bague-dots-antistress-argent-et-or-22-cts-rjc\/","url":"https:\/\/www.yasminyahya.com\/fr\/boutique\/bagues\/bague-dots-antistress-argent-et-or-22-cts-rjc\/","name":"Bague DOTS Antistress - Yasmin Yahya","isPartOf":{"@id":"https:\/\/www.yasminyahya.com\/fr\/#website"},"primaryImageOfPage":{"@id":"https:\/\/www.yasminyahya.com\/fr\/boutique\/bagues\/bague-dots-antistress-argent-et-or-22-cts-rjc\/#primaryimage"},"image":{"@id":"https:\/\/www.yasminyahya.com\/fr\/boutique\/bagues\/bague-dots-antistress-argent-et-or-22-cts-rjc\/#primaryimage"},"thumbnailUrl":"https:\/\/www.yasminyahya.com\/wp-content\/uploads\/2018\/07\/yasmin-yahya-dots-antistress-port\u00e9-site-2.jpg","datePublished":"2018-05-02T13:28:59+00:00","dateModified":"2024-03-07T14:16:39+00:00","description":"Double bague DOTS dans ses deux versions, soit enti\u00e8rement en argent RJC ou en argent \u00e9thique\/or 22 carats d\u2019origine RJC. Cr\u00e9ation par Yasmin Yahya","breadcrumb":{"@id":"https:\/\/www.yasminyahya.com\/fr\/boutique\/bagues\/bague-dots-antistress-argent-et-or-22-cts-rjc\/#breadcrumb"},"inLanguage":"fr-FR","potentialAction":[{"@type":"ReadAction","target":["https:\/\/www.yasminyahya.com\/fr\/boutique\/bagues\/bague-dots-antistress-argent-et-or-22-cts-rjc\/"]}]},{"@type":"ImageObject","inLanguage":"fr-FR","@id":"https:\/\/www.yasminyahya.com\/fr\/boutique\/bagues\/bague-dots-antistress-argent-et-or-22-cts-rjc\/#primaryimage","url":"https:\/\/www.yasminyahya.com\/wp-content\/uploads\/2018\/07\/yasmin-yahya-dots-antistress-port\u00e9-site-2.jpg","contentUrl":"https:\/\/www.yasminyahya.com\/wp-content\/uploads\/2018\/07\/yasmin-yahya-dots-antistress-port\u00e9-site-2.jpg","width":700,"height":700,"caption":"ANTISTRESS-Ringe, in Silber oder in 22 Kt Gold. Der zentrale Ring ist frei beweglich"},{"@type":"BreadcrumbList","@id":"https:\/\/www.yasminyahya.com\/fr\/boutique\/bagues\/bague-dots-antistress-argent-et-or-22-cts-rjc\/#breadcrumb","itemListElement":[{"@type":"ListItem","position":1,"name":"Accueil","item":"https:\/\/www.yasminyahya.com\/fr\/"},{"@type":"ListItem","position":2,"name":"Produits","item":"https:\/\/www.yasminyahya.com\/fr\/shop\/"},{"@type":"ListItem","position":3,"name":"Bague DOTS Antistress"}]},{"@type":"WebSite","@id":"https:\/\/www.yasminyahya.com\/fr\/#website","url":"https:\/\/www.yasminyahya.com\/fr\/","name":"Yasmin Yahya","description":"Bijoux Contemporains","potentialAction":[{"@type":"SearchAction","target":{"@type":"EntryPoint","urlTemplate":"https:\/\/www.yasminyahya.com\/fr\/?s={search_term_string}"},"query-input":{"@type":"PropertyValueSpecification","valueRequired":true,"valueName":"search_term_string"}}],"inLanguage":"fr-FR"}]}},"_links":{"self":[{"href":"https:\/\/www.yasminyahya.com\/fr\/wp-json\/wp\/v2\/product\/1546"}],"collection":[{"href":"https:\/\/www.yasminyahya.com\/fr\/wp-json\/wp\/v2\/product"}],"about":[{"href":"https:\/\/www.yasminyahya.com\/fr\/wp-json\/wp\/v2\/types\/product"}],"wp:featuredmedia":[{"embeddable":true,"href":"https:\/\/www.yasminyahya.com\/fr\/wp-json\/wp\/v2\/media\/2927"}],"wp:attachment":[{"href":"https:\/\/www.yasminyahya.com\/fr\/wp-json\/wp\/v2\/media?parent=1546"}],"wp:term":[{"taxonomy":"product_cat","embeddable":true,"href":"https:\/\/www.yasminyahya.com\/fr\/wp-json\/wp\/v2\/product_cat?post=1546"},{"taxonomy":"product_tag","embeddable":true,"href":"https:\/\/www.yasminyahya.com\/fr\/wp-json\/wp\/v2\/product_tag?post=1546"}],"curies":[{"name":"wp","href":"https:\/\/api.w.org\/{rel}","templated":true}]}}