{"id":1600,"date":"2018-05-09T09:12:19","date_gmt":"2018-05-09T07:12:19","guid":{"rendered":"https:\/\/www.yasminyahya.com\/?post_type=product&#038;p=1600"},"modified":"2024-10-14T00:06:20","modified_gmt":"2024-10-13T22:06:20","slug":"collier-mountain-argent-palladium","status":"publish","type":"product","link":"https:\/\/www.yasminyahya.com\/fr\/boutique\/collier\/collier-mountain-argent-palladium\/","title":{"rendered":"Collier MOUNTAIN"},"content":{"rendered":"<section class=\"l-section wpb_row height_medium\"><div class=\"l-section-h i-cf\"><div class=\"g-cols vc_row via_flex valign_top type_default stacking_default\"><div class=\"vc_col-sm-12 wpb_column vc_column_container\"><div class=\"vc_column-inner\"><div class=\"wpb_wrapper\"><div class=\"wpb_text_column\"><div class=\"wpb_wrapper\"><p><strong>Mati\u00e8re\u00a0:<\/strong><br \/>\n&#8211; Argent et palladium \u00e9quitable d\u2019origine RJC avec prasiolithe (am\u00e9thyste verte) \u00f8 5 mm<br \/>\n&#8211; Argent et or 22 cts RJC (Responsible Jewelry Council) avec une citrine (\u00f8 5 mm)<\/p>\n<p><strong>Taille\u00a0:<\/strong> \u00f8 pendentif env. 2,8 cm<\/p>\n<p><strong>Longueur tour de cou :<\/strong> 40 ou 42 cm<\/p>\n<p>Le bijou est soigneusement fabriqu\u00e9 \u00e0 la main par Yasmin Yahya selon les techniques traditionnelles de la bijouterie, dans son atelier \u00e0 Turgi (Suisse). Elle utilise des m\u00e9taux pr\u00e9cieux \u00e9quitables d\u2019origine RJC (Responsible Jewelry Council).<\/p>\n<\/div><\/div><div class=\"w-separator size_custom\" style=\"height:32px\"><\/div><div class=\"wpb_text_column\"><div class=\"wpb_wrapper\"><h3>D\u00e9lai<\/h3>\n<p>Si votre bijou n\u2019est pas en stock, le d\u00e9lai sera de 10 jours ouvr\u00e9s auquel il faudra rajouter le temps d\u2019acheminement de la Poste.<\/p>\n<\/div><\/div><\/div><\/div><\/div><\/div><\/div><\/section>\n","protected":false},"excerpt":{"rendered":"<p>Les colliers de la collection MOUNTAIN sont pr\u00e9sent\u00e9s ici dans leur deux versions:<br \/>\n&#8211; En argent \/palladium \u00e9quitable, avec une prasiolithe (am\u00e9thyste verte, \u00f8 5 mm), avec un tour de cou en acier plaqu\u00e9 argent, disponible en 40 ou 42 cm<br \/>\n&#8211; En argent\/or 22 cts \u00e9quitable avec une citrine (\u00f8 5 mm) avec un tour de cou en acier plaqu\u00e9 or et argent, disponible en 40 ou 42 cm.<br \/>\nLe pendentif a un diam\u00e8tre d\u2019environ 2,8 cm.<\/p>\n<p>C\u2019est la Suisse qui est la source d\u2019inspiration de Yasmin Yahya pour cette collection. Pays d\u2019origine de sa m\u00e8re et o\u00f9 elle a grandi, cette terre riche en montagnes et en lacs a fa\u00e7onn\u00e9 ses paysages int\u00e9rieurs. Promenades et randonn\u00e9es ont imprim\u00e9 en elle cette association de teintes vert d\u2019eau, gris et jaune d\u2019or.<\/p>\n<p>Le collier est livr\u00e9 dans un joli \u00e9crin avec un certificat d&rsquo;authenticit\u00e9.<\/p>\n","protected":false},"featured_media":4394,"template":"","meta":[],"product_cat":[275,296,682],"product_tag":[],"class_list":{"0":"post-1600","1":"product","2":"type-product","3":"status-publish","4":"has-post-thumbnail","6":"product_cat-collier","7":"product_cat-mountain","8":"product_cat-fin-de-collection","10":"first","11":"instock","12":"shipping-taxable","13":"purchasable","14":"product-type-variable"},"yoast_head":"<!-- This site is optimized with the Yoast SEO plugin v23.5 - https:\/\/yoast.com\/wordpress\/plugins\/seo\/ -->\n<title>Collier MOUNTAIN - Yasmin Yahya<\/title>\n<meta name=\"description\" content=\"Collier MOUNTAIN en argent et palladium RJC, avec prasiolithe (am\u00e9thyste verte) \u00f8 5 mm. Des bjoux contemporains cr\u00e9e par Yasmin Yahya\" \/>\n<meta name=\"robots\" content=\"index, follow, max-snippet:-1, max-image-preview:large, max-video-preview:-1\" \/>\n<link rel=\"canonical\" href=\"https:\/\/www.yasminyahya.com\/fr\/boutique\/collier\/collier-mountain-argent-palladium\/\" \/>\n<meta property=\"og:locale\" content=\"fr_FR\" \/>\n<meta property=\"og:type\" content=\"article\" \/>\n<meta property=\"og:title\" content=\"Collier MOUNTAIN - Yasmin Yahya\" \/>\n<meta property=\"og:description\" content=\"Collier MOUNTAIN en argent et palladium RJC, avec prasiolithe (am\u00e9thyste verte) \u00f8 5 mm. Des bjoux contemporains cr\u00e9e par Yasmin Yahya\" \/>\n<meta property=\"og:url\" content=\"https:\/\/www.yasminyahya.com\/fr\/boutique\/collier\/collier-mountain-argent-palladium\/\" \/>\n<meta property=\"og:site_name\" content=\"Yasmin Yahya\" \/>\n<meta property=\"article:modified_time\" content=\"2024-10-13T22:06:20+00:00\" \/>\n<meta property=\"og:image\" content=\"https:\/\/www.yasminyahya.com\/wp-content\/uploads\/2019\/05\/Yasmin-Yahya-Colliers-Mountain-eshop.jpg\" \/>\n\t<meta property=\"og:image:width\" content=\"1500\" \/>\n\t<meta property=\"og:image:height\" content=\"1500\" \/>\n\t<meta property=\"og:image:type\" content=\"image\/jpeg\" \/>\n<meta name=\"twitter:card\" content=\"summary_large_image\" \/>\n<meta name=\"twitter:label1\" content=\"Dur\u00e9e de lecture estim\u00e9e\" \/>\n\t<meta name=\"twitter:data1\" content=\"1 minute\" \/>\n<script type=\"application\/ld+json\" class=\"yoast-schema-graph\">{\"@context\":\"https:\/\/schema.org\",\"@graph\":[{\"@type\":\"WebPage\",\"@id\":\"https:\/\/www.yasminyahya.com\/fr\/boutique\/collier\/collier-mountain-argent-palladium\/\",\"url\":\"https:\/\/www.yasminyahya.com\/fr\/boutique\/collier\/collier-mountain-argent-palladium\/\",\"name\":\"Collier MOUNTAIN - Yasmin Yahya\",\"isPartOf\":{\"@id\":\"https:\/\/www.yasminyahya.com\/fr\/#website\"},\"primaryImageOfPage\":{\"@id\":\"https:\/\/www.yasminyahya.com\/fr\/boutique\/collier\/collier-mountain-argent-palladium\/#primaryimage\"},\"image\":{\"@id\":\"https:\/\/www.yasminyahya.com\/fr\/boutique\/collier\/collier-mountain-argent-palladium\/#primaryimage\"},\"thumbnailUrl\":\"https:\/\/www.yasminyahya.com\/wp-content\/uploads\/2019\/05\/Yasmin-Yahya-Colliers-Mountain-eshop.jpg\",\"datePublished\":\"2018-05-09T07:12:19+00:00\",\"dateModified\":\"2024-10-13T22:06:20+00:00\",\"description\":\"Collier MOUNTAIN en argent et palladium RJC, avec prasiolithe (am\u00e9thyste verte) \u00f8 5 mm. Des bjoux contemporains cr\u00e9e par Yasmin Yahya\",\"breadcrumb\":{\"@id\":\"https:\/\/www.yasminyahya.com\/fr\/boutique\/collier\/collier-mountain-argent-palladium\/#breadcrumb\"},\"inLanguage\":\"fr-FR\",\"potentialAction\":[{\"@type\":\"ReadAction\",\"target\":[\"https:\/\/www.yasminyahya.com\/fr\/boutique\/collier\/collier-mountain-argent-palladium\/\"]}]},{\"@type\":\"ImageObject\",\"inLanguage\":\"fr-FR\",\"@id\":\"https:\/\/www.yasminyahya.com\/fr\/boutique\/collier\/collier-mountain-argent-palladium\/#primaryimage\",\"url\":\"https:\/\/www.yasminyahya.com\/wp-content\/uploads\/2019\/05\/Yasmin-Yahya-Colliers-Mountain-eshop.jpg\",\"contentUrl\":\"https:\/\/www.yasminyahya.com\/wp-content\/uploads\/2019\/05\/Yasmin-Yahya-Colliers-Mountain-eshop.jpg\",\"width\":1500,\"height\":1500,\"caption\":\"Colliers MOUNTAIN en argent\/palladium RJC avec prasiolithe ou argent\/or 22 cts RJC avec citrine. Avec tour de cou.\"},{\"@type\":\"BreadcrumbList\",\"@id\":\"https:\/\/www.yasminyahya.com\/fr\/boutique\/collier\/collier-mountain-argent-palladium\/#breadcrumb\",\"itemListElement\":[{\"@type\":\"ListItem\",\"position\":1,\"name\":\"Accueil\",\"item\":\"https:\/\/www.yasminyahya.com\/fr\/\"},{\"@type\":\"ListItem\",\"position\":2,\"name\":\"Produits\",\"item\":\"https:\/\/www.yasminyahya.com\/fr\/shop\/\"},{\"@type\":\"ListItem\",\"position\":3,\"name\":\"Collier MOUNTAIN\"}]},{\"@type\":\"WebSite\",\"@id\":\"https:\/\/www.yasminyahya.com\/fr\/#website\",\"url\":\"https:\/\/www.yasminyahya.com\/fr\/\",\"name\":\"Yasmin Yahya\",\"description\":\"Bijoux Contemporains\",\"potentialAction\":[{\"@type\":\"SearchAction\",\"target\":{\"@type\":\"EntryPoint\",\"urlTemplate\":\"https:\/\/www.yasminyahya.com\/fr\/?s={search_term_string}\"},\"query-input\":{\"@type\":\"PropertyValueSpecification\",\"valueRequired\":true,\"valueName\":\"search_term_string\"}}],\"inLanguage\":\"fr-FR\"}]}<\/script>\n<!-- \/ Yoast SEO plugin. -->","yoast_head_json":{"title":"Collier MOUNTAIN - Yasmin Yahya","description":"Collier MOUNTAIN en argent et palladium RJC, avec prasiolithe (am\u00e9thyste verte) \u00f8 5 mm. Des bjoux contemporains cr\u00e9e par Yasmin Yahya","robots":{"index":"index","follow":"follow","max-snippet":"max-snippet:-1","max-image-preview":"max-image-preview:large","max-video-preview":"max-video-preview:-1"},"canonical":"https:\/\/www.yasminyahya.com\/fr\/boutique\/collier\/collier-mountain-argent-palladium\/","og_locale":"fr_FR","og_type":"article","og_title":"Collier MOUNTAIN - Yasmin Yahya","og_description":"Collier MOUNTAIN en argent et palladium RJC, avec prasiolithe (am\u00e9thyste verte) \u00f8 5 mm. Des bjoux contemporains cr\u00e9e par Yasmin Yahya","og_url":"https:\/\/www.yasminyahya.com\/fr\/boutique\/collier\/collier-mountain-argent-palladium\/","og_site_name":"Yasmin Yahya","article_modified_time":"2024-10-13T22:06:20+00:00","og_image":[{"width":1500,"height":1500,"url":"https:\/\/www.yasminyahya.com\/wp-content\/uploads\/2019\/05\/Yasmin-Yahya-Colliers-Mountain-eshop.jpg","type":"image\/jpeg"}],"twitter_card":"summary_large_image","twitter_misc":{"Dur\u00e9e de lecture estim\u00e9e":"1 minute"},"schema":{"@context":"https:\/\/schema.org","@graph":[{"@type":"WebPage","@id":"https:\/\/www.yasminyahya.com\/fr\/boutique\/collier\/collier-mountain-argent-palladium\/","url":"https:\/\/www.yasminyahya.com\/fr\/boutique\/collier\/collier-mountain-argent-palladium\/","name":"Collier MOUNTAIN - Yasmin Yahya","isPartOf":{"@id":"https:\/\/www.yasminyahya.com\/fr\/#website"},"primaryImageOfPage":{"@id":"https:\/\/www.yasminyahya.com\/fr\/boutique\/collier\/collier-mountain-argent-palladium\/#primaryimage"},"image":{"@id":"https:\/\/www.yasminyahya.com\/fr\/boutique\/collier\/collier-mountain-argent-palladium\/#primaryimage"},"thumbnailUrl":"https:\/\/www.yasminyahya.com\/wp-content\/uploads\/2019\/05\/Yasmin-Yahya-Colliers-Mountain-eshop.jpg","datePublished":"2018-05-09T07:12:19+00:00","dateModified":"2024-10-13T22:06:20+00:00","description":"Collier MOUNTAIN en argent et palladium RJC, avec prasiolithe (am\u00e9thyste verte) \u00f8 5 mm. Des bjoux contemporains cr\u00e9e par Yasmin Yahya","breadcrumb":{"@id":"https:\/\/www.yasminyahya.com\/fr\/boutique\/collier\/collier-mountain-argent-palladium\/#breadcrumb"},"inLanguage":"fr-FR","potentialAction":[{"@type":"ReadAction","target":["https:\/\/www.yasminyahya.com\/fr\/boutique\/collier\/collier-mountain-argent-palladium\/"]}]},{"@type":"ImageObject","inLanguage":"fr-FR","@id":"https:\/\/www.yasminyahya.com\/fr\/boutique\/collier\/collier-mountain-argent-palladium\/#primaryimage","url":"https:\/\/www.yasminyahya.com\/wp-content\/uploads\/2019\/05\/Yasmin-Yahya-Colliers-Mountain-eshop.jpg","contentUrl":"https:\/\/www.yasminyahya.com\/wp-content\/uploads\/2019\/05\/Yasmin-Yahya-Colliers-Mountain-eshop.jpg","width":1500,"height":1500,"caption":"Colliers MOUNTAIN en argent\/palladium RJC avec prasiolithe ou argent\/or 22 cts RJC avec citrine. Avec tour de cou."},{"@type":"BreadcrumbList","@id":"https:\/\/www.yasminyahya.com\/fr\/boutique\/collier\/collier-mountain-argent-palladium\/#breadcrumb","itemListElement":[{"@type":"ListItem","position":1,"name":"Accueil","item":"https:\/\/www.yasminyahya.com\/fr\/"},{"@type":"ListItem","position":2,"name":"Produits","item":"https:\/\/www.yasminyahya.com\/fr\/shop\/"},{"@type":"ListItem","position":3,"name":"Collier MOUNTAIN"}]},{"@type":"WebSite","@id":"https:\/\/www.yasminyahya.com\/fr\/#website","url":"https:\/\/www.yasminyahya.com\/fr\/","name":"Yasmin Yahya","description":"Bijoux Contemporains","potentialAction":[{"@type":"SearchAction","target":{"@type":"EntryPoint","urlTemplate":"https:\/\/www.yasminyahya.com\/fr\/?s={search_term_string}"},"query-input":{"@type":"PropertyValueSpecification","valueRequired":true,"valueName":"search_term_string"}}],"inLanguage":"fr-FR"}]}},"_links":{"self":[{"href":"https:\/\/www.yasminyahya.com\/fr\/wp-json\/wp\/v2\/product\/1600"}],"collection":[{"href":"https:\/\/www.yasminyahya.com\/fr\/wp-json\/wp\/v2\/product"}],"about":[{"href":"https:\/\/www.yasminyahya.com\/fr\/wp-json\/wp\/v2\/types\/product"}],"wp:featuredmedia":[{"embeddable":true,"href":"https:\/\/www.yasminyahya.com\/fr\/wp-json\/wp\/v2\/media\/4394"}],"wp:attachment":[{"href":"https:\/\/www.yasminyahya.com\/fr\/wp-json\/wp\/v2\/media?parent=1600"}],"wp:term":[{"taxonomy":"product_cat","embeddable":true,"href":"https:\/\/www.yasminyahya.com\/fr\/wp-json\/wp\/v2\/product_cat?post=1600"},{"taxonomy":"product_tag","embeddable":true,"href":"https:\/\/www.yasminyahya.com\/fr\/wp-json\/wp\/v2\/product_tag?post=1600"}],"curies":[{"name":"wp","href":"https:\/\/api.w.org\/{rel}","templated":true}]}}