{"id":1619,"date":"2021-01-08T19:05:53","date_gmt":"2018-05-10T09:15:23","guid":{"rendered":"https:\/\/www.yasminyahya.com\/?post_type=product&#038;p=1619"},"modified":"2022-08-19T21:19:42","modified_gmt":"2022-08-19T19:19:42","slug":"bracelet-dots-infini","status":"publish","type":"product","link":"https:\/\/www.yasminyahya.com\/fr\/boutique\/bracelets\/bracelet-dots-infini\/","title":{"rendered":"Bracelet DOTS-Infini"},"content":{"rendered":"<section class=\"l-section wpb_row height_medium\"><div class=\"l-section-h i-cf\"><div class=\"g-cols vc_row via_flex valign_top type_default stacking_default\"><div class=\"vc_col-sm-12 wpb_column vc_column_container\"><div class=\"vc_column-inner\"><div class=\"wpb_wrapper\"><div class=\"wpb_text_column\"><div class=\"wpb_wrapper\"><p><strong>Mati\u00e8re\u00a0:<\/strong> Argent et or 22 carats \u00e9quitable d\u2019origine RJC (Responsible Jewelry Council) OU uniquement en argent 925\/000 RJC<\/p>\n<p><strong>Tailles :<\/strong> Taille S (\u00f8 6,3 cm), M (\u00f8 6,5 cm) ou L (\u00f8 6,7 cm)<\/p>\n<p><strong> Largeur ruban<\/strong>: 1,3 cm<\/p>\n<p><strong>Finition: <\/strong>Matt et poli\/martel\u00e9<\/p>\n<p>Le bijou est soigneusement fabriqu\u00e9 \u00e0 la main par Yasmin Yahya selon les techniques traditionnelles de la bijouterie, dans son atelier \u00e0 Turgi (Schweiz). Elle utilise des m\u00e9taux pr\u00e9cieux \u00e9quitables d\u2019origine RJC (Responsible Jewelry Council).<\/p>\n<p>Le m\u00eame mod\u00e8le existe en argent \u00e9quitable RJC (Responsible Jewellery Council).<\/p>\n<\/div><\/div><div class=\"w-separator size_custom\" style=\"height:32px\"><\/div><div class=\"wpb_text_column\"><div class=\"wpb_wrapper\"><h3>D\u00e9lai<\/h3>\n<p>Si votre taille n\u2019est pas en stock, le d\u00e9lai sera de 7 \u00e0 21 jours ouvr\u00e9s auquel il faudra rajouter le temps d\u2019acheminement de la Poste.<\/p>\n<\/div><\/div><\/div><\/div><\/div><\/div><\/div><\/section>\n","protected":false},"excerpt":{"rendered":"<p>Ce bracelet de la collection DOTS est pr\u00e9sent\u00e9 ici dans ses deux versions, soit en argent RJC soit en argent et bim\u00e9tal argent\/or 22 carats RJC. La premi\u00e8re version comporte une partie bross\u00e9e\/mate et une partie polie\/martel\u00e9e, tout en argent RJC. La deuxi\u00e8me version comporte une partie bross\u00e9e\/mate en argent et une autre partie en or 22 carats polie\/martel\u00e9e.<\/p>\n<p>Le bracelet est fabriqu\u00e9 \u00e0 partir d&rsquo;un ruban d&rsquo;une largeur de 1,3 cm.\u00a0Ce bracelet classique est sobre et intemporel, facile \u00e0 porter.<\/p>\n<p>Le bracelet fait partie de la collection DOTS :\u00a0<span lang=\"FR\">Le martelage, technique de mise en forme de la mati\u00e8re, permet \u00e9galement d\u2019obtenir des textures vari\u00e9es. Yasmin Yahya pratique avec plaisir celle qu\u2019elle a appel\u00e9e \u00ab\u00a0petit pois<\/span><span lang=\"FR\">\u00ab\u00a0, devenue l\u2018inspiration de cette collection tr\u00e8s f\u00e9minine. Cercles, ronds, disques et petits pois\u00a0sont les ingr\u00e9dients de ces pi\u00e8ces mobiles et ludiques.<\/span><\/p>\n<p>Le bracelet est livr\u00e9 dans un joli \u00e9crin avec un certificat d&rsquo;authenticit\u00e9.<\/p>\n","protected":false},"featured_media":10324,"template":"","meta":[],"product_cat":[289,294],"product_tag":[],"class_list":{"0":"post-1619","1":"product","2":"type-product","3":"status-publish","4":"has-post-thumbnail","6":"product_cat-bracelets","7":"product_cat-dots","9":"first","10":"instock","11":"shipping-taxable","12":"purchasable","13":"product-type-variable"},"yoast_head":"<!-- This site is optimized with the Yoast SEO plugin v23.5 - https:\/\/yoast.com\/wordpress\/plugins\/seo\/ -->\n<title>Bracelet DOTS-Infini - Yasmin Yahya<\/title>\n<meta name=\"description\" content=\"Bracelet DOTS en argent RJC soit en argent et bim\u00e9tal argent\/or 22 carats RJC. La premi\u00e8re partie bross\u00e9e\/mate en argent et une autre partie en or 22 carats polie\/martel\u00e9e. Cr\u00e9ation par Yasmin Yahya.\" \/>\n<meta name=\"robots\" content=\"index, follow, max-snippet:-1, max-image-preview:large, max-video-preview:-1\" \/>\n<link rel=\"canonical\" href=\"https:\/\/www.yasminyahya.com\/fr\/boutique\/bracelets\/bracelet-dots-infini\/\" \/>\n<meta property=\"og:locale\" content=\"fr_FR\" \/>\n<meta property=\"og:type\" content=\"article\" \/>\n<meta property=\"og:title\" content=\"Bracelet DOTS-Infini - Yasmin Yahya\" \/>\n<meta property=\"og:description\" content=\"Bracelet DOTS en argent RJC soit en argent et bim\u00e9tal argent\/or 22 carats RJC. La premi\u00e8re partie bross\u00e9e\/mate en argent et une autre partie en or 22 carats polie\/martel\u00e9e. Cr\u00e9ation par Yasmin Yahya.\" \/>\n<meta property=\"og:url\" content=\"https:\/\/www.yasminyahya.com\/fr\/boutique\/bracelets\/bracelet-dots-infini\/\" \/>\n<meta property=\"og:site_name\" content=\"Yasmin Yahya\" \/>\n<meta property=\"article:modified_time\" content=\"2022-08-19T19:19:42+00:00\" \/>\n<meta property=\"og:image\" content=\"https:\/\/www.yasminyahya.com\/wp-content\/uploads\/2021\/01\/Bracelet-16B_BD.jpg\" \/>\n\t<meta property=\"og:image:width\" content=\"992\" \/>\n\t<meta property=\"og:image:height\" content=\"992\" \/>\n\t<meta property=\"og:image:type\" content=\"image\/jpeg\" \/>\n<meta name=\"twitter:card\" content=\"summary_large_image\" \/>\n<meta name=\"twitter:label1\" content=\"Dur\u00e9e de lecture estim\u00e9e\" \/>\n\t<meta name=\"twitter:data1\" content=\"1 minute\" \/>\n<script type=\"application\/ld+json\" class=\"yoast-schema-graph\">{\"@context\":\"https:\/\/schema.org\",\"@graph\":[{\"@type\":\"WebPage\",\"@id\":\"https:\/\/www.yasminyahya.com\/fr\/boutique\/bracelets\/bracelet-dots-infini\/\",\"url\":\"https:\/\/www.yasminyahya.com\/fr\/boutique\/bracelets\/bracelet-dots-infini\/\",\"name\":\"Bracelet DOTS-Infini - Yasmin Yahya\",\"isPartOf\":{\"@id\":\"https:\/\/www.yasminyahya.com\/fr\/#website\"},\"primaryImageOfPage\":{\"@id\":\"https:\/\/www.yasminyahya.com\/fr\/boutique\/bracelets\/bracelet-dots-infini\/#primaryimage\"},\"image\":{\"@id\":\"https:\/\/www.yasminyahya.com\/fr\/boutique\/bracelets\/bracelet-dots-infini\/#primaryimage\"},\"thumbnailUrl\":\"https:\/\/www.yasminyahya.com\/wp-content\/uploads\/2021\/01\/Bracelet-16B_BD.jpg\",\"datePublished\":\"2018-05-10T09:15:23+00:00\",\"dateModified\":\"2022-08-19T19:19:42+00:00\",\"description\":\"Bracelet DOTS en argent RJC soit en argent et bim\u00e9tal argent\/or 22 carats RJC. La premi\u00e8re partie bross\u00e9e\/mate en argent et une autre partie en or 22 carats polie\/martel\u00e9e. Cr\u00e9ation par Yasmin Yahya.\",\"breadcrumb\":{\"@id\":\"https:\/\/www.yasminyahya.com\/fr\/boutique\/bracelets\/bracelet-dots-infini\/#breadcrumb\"},\"inLanguage\":\"fr-FR\",\"potentialAction\":[{\"@type\":\"ReadAction\",\"target\":[\"https:\/\/www.yasminyahya.com\/fr\/boutique\/bracelets\/bracelet-dots-infini\/\"]}]},{\"@type\":\"ImageObject\",\"inLanguage\":\"fr-FR\",\"@id\":\"https:\/\/www.yasminyahya.com\/fr\/boutique\/bracelets\/bracelet-dots-infini\/#primaryimage\",\"url\":\"https:\/\/www.yasminyahya.com\/wp-content\/uploads\/2021\/01\/Bracelet-16B_BD.jpg\",\"contentUrl\":\"https:\/\/www.yasminyahya.com\/wp-content\/uploads\/2021\/01\/Bracelet-16B_BD.jpg\",\"width\":992,\"height\":992},{\"@type\":\"BreadcrumbList\",\"@id\":\"https:\/\/www.yasminyahya.com\/fr\/boutique\/bracelets\/bracelet-dots-infini\/#breadcrumb\",\"itemListElement\":[{\"@type\":\"ListItem\",\"position\":1,\"name\":\"Accueil\",\"item\":\"https:\/\/www.yasminyahya.com\/fr\/\"},{\"@type\":\"ListItem\",\"position\":2,\"name\":\"Produits\",\"item\":\"https:\/\/www.yasminyahya.com\/fr\/shop\/\"},{\"@type\":\"ListItem\",\"position\":3,\"name\":\"Bracelet DOTS-Infini\"}]},{\"@type\":\"WebSite\",\"@id\":\"https:\/\/www.yasminyahya.com\/fr\/#website\",\"url\":\"https:\/\/www.yasminyahya.com\/fr\/\",\"name\":\"Yasmin Yahya\",\"description\":\"Bijoux Contemporains\",\"potentialAction\":[{\"@type\":\"SearchAction\",\"target\":{\"@type\":\"EntryPoint\",\"urlTemplate\":\"https:\/\/www.yasminyahya.com\/fr\/?s={search_term_string}\"},\"query-input\":{\"@type\":\"PropertyValueSpecification\",\"valueRequired\":true,\"valueName\":\"search_term_string\"}}],\"inLanguage\":\"fr-FR\"}]}<\/script>\n<!-- \/ Yoast SEO plugin. -->","yoast_head_json":{"title":"Bracelet DOTS-Infini - Yasmin Yahya","description":"Bracelet DOTS en argent RJC soit en argent et bim\u00e9tal argent\/or 22 carats RJC. La premi\u00e8re partie bross\u00e9e\/mate en argent et une autre partie en or 22 carats polie\/martel\u00e9e. Cr\u00e9ation par Yasmin Yahya.","robots":{"index":"index","follow":"follow","max-snippet":"max-snippet:-1","max-image-preview":"max-image-preview:large","max-video-preview":"max-video-preview:-1"},"canonical":"https:\/\/www.yasminyahya.com\/fr\/boutique\/bracelets\/bracelet-dots-infini\/","og_locale":"fr_FR","og_type":"article","og_title":"Bracelet DOTS-Infini - Yasmin Yahya","og_description":"Bracelet DOTS en argent RJC soit en argent et bim\u00e9tal argent\/or 22 carats RJC. La premi\u00e8re partie bross\u00e9e\/mate en argent et une autre partie en or 22 carats polie\/martel\u00e9e. Cr\u00e9ation par Yasmin Yahya.","og_url":"https:\/\/www.yasminyahya.com\/fr\/boutique\/bracelets\/bracelet-dots-infini\/","og_site_name":"Yasmin Yahya","article_modified_time":"2022-08-19T19:19:42+00:00","og_image":[{"width":992,"height":992,"url":"https:\/\/www.yasminyahya.com\/wp-content\/uploads\/2021\/01\/Bracelet-16B_BD.jpg","type":"image\/jpeg"}],"twitter_card":"summary_large_image","twitter_misc":{"Dur\u00e9e de lecture estim\u00e9e":"1 minute"},"schema":{"@context":"https:\/\/schema.org","@graph":[{"@type":"WebPage","@id":"https:\/\/www.yasminyahya.com\/fr\/boutique\/bracelets\/bracelet-dots-infini\/","url":"https:\/\/www.yasminyahya.com\/fr\/boutique\/bracelets\/bracelet-dots-infini\/","name":"Bracelet DOTS-Infini - Yasmin Yahya","isPartOf":{"@id":"https:\/\/www.yasminyahya.com\/fr\/#website"},"primaryImageOfPage":{"@id":"https:\/\/www.yasminyahya.com\/fr\/boutique\/bracelets\/bracelet-dots-infini\/#primaryimage"},"image":{"@id":"https:\/\/www.yasminyahya.com\/fr\/boutique\/bracelets\/bracelet-dots-infini\/#primaryimage"},"thumbnailUrl":"https:\/\/www.yasminyahya.com\/wp-content\/uploads\/2021\/01\/Bracelet-16B_BD.jpg","datePublished":"2018-05-10T09:15:23+00:00","dateModified":"2022-08-19T19:19:42+00:00","description":"Bracelet DOTS en argent RJC soit en argent et bim\u00e9tal argent\/or 22 carats RJC. La premi\u00e8re partie bross\u00e9e\/mate en argent et une autre partie en or 22 carats polie\/martel\u00e9e. Cr\u00e9ation par Yasmin Yahya.","breadcrumb":{"@id":"https:\/\/www.yasminyahya.com\/fr\/boutique\/bracelets\/bracelet-dots-infini\/#breadcrumb"},"inLanguage":"fr-FR","potentialAction":[{"@type":"ReadAction","target":["https:\/\/www.yasminyahya.com\/fr\/boutique\/bracelets\/bracelet-dots-infini\/"]}]},{"@type":"ImageObject","inLanguage":"fr-FR","@id":"https:\/\/www.yasminyahya.com\/fr\/boutique\/bracelets\/bracelet-dots-infini\/#primaryimage","url":"https:\/\/www.yasminyahya.com\/wp-content\/uploads\/2021\/01\/Bracelet-16B_BD.jpg","contentUrl":"https:\/\/www.yasminyahya.com\/wp-content\/uploads\/2021\/01\/Bracelet-16B_BD.jpg","width":992,"height":992},{"@type":"BreadcrumbList","@id":"https:\/\/www.yasminyahya.com\/fr\/boutique\/bracelets\/bracelet-dots-infini\/#breadcrumb","itemListElement":[{"@type":"ListItem","position":1,"name":"Accueil","item":"https:\/\/www.yasminyahya.com\/fr\/"},{"@type":"ListItem","position":2,"name":"Produits","item":"https:\/\/www.yasminyahya.com\/fr\/shop\/"},{"@type":"ListItem","position":3,"name":"Bracelet DOTS-Infini"}]},{"@type":"WebSite","@id":"https:\/\/www.yasminyahya.com\/fr\/#website","url":"https:\/\/www.yasminyahya.com\/fr\/","name":"Yasmin Yahya","description":"Bijoux Contemporains","potentialAction":[{"@type":"SearchAction","target":{"@type":"EntryPoint","urlTemplate":"https:\/\/www.yasminyahya.com\/fr\/?s={search_term_string}"},"query-input":{"@type":"PropertyValueSpecification","valueRequired":true,"valueName":"search_term_string"}}],"inLanguage":"fr-FR"}]}},"_links":{"self":[{"href":"https:\/\/www.yasminyahya.com\/fr\/wp-json\/wp\/v2\/product\/1619"}],"collection":[{"href":"https:\/\/www.yasminyahya.com\/fr\/wp-json\/wp\/v2\/product"}],"about":[{"href":"https:\/\/www.yasminyahya.com\/fr\/wp-json\/wp\/v2\/types\/product"}],"wp:featuredmedia":[{"embeddable":true,"href":"https:\/\/www.yasminyahya.com\/fr\/wp-json\/wp\/v2\/media\/10324"}],"wp:attachment":[{"href":"https:\/\/www.yasminyahya.com\/fr\/wp-json\/wp\/v2\/media?parent=1619"}],"wp:term":[{"taxonomy":"product_cat","embeddable":true,"href":"https:\/\/www.yasminyahya.com\/fr\/wp-json\/wp\/v2\/product_cat?post=1619"},{"taxonomy":"product_tag","embeddable":true,"href":"https:\/\/www.yasminyahya.com\/fr\/wp-json\/wp\/v2\/product_tag?post=1619"}],"curies":[{"name":"wp","href":"https:\/\/api.w.org\/{rel}","templated":true}]}}