{"id":3311,"date":"2018-12-07T16:45:00","date_gmt":"2018-12-07T15:45:00","guid":{"rendered":"https:\/\/www.yasminyahya.com\/?post_type=product&#038;p=3311"},"modified":"2024-10-14T00:06:20","modified_gmt":"2024-10-13T22:06:20","slug":"boucles-doreilles-delhi-bubbles","status":"publish","type":"product","link":"https:\/\/www.yasminyahya.com\/fr\/boutique\/boucles-oreilles\/boucles-doreilles-delhi-bubbles\/","title":{"rendered":"Boucles d&rsquo;oreilles DELHI-Bubbles"},"content":{"rendered":"<section class=\"l-section wpb_row height_medium\"><div class=\"l-section-h i-cf\"><div class=\"g-cols vc_row via_flex valign_top type_default stacking_default\"><div class=\"vc_col-sm-12 wpb_column vc_column_container\"><div class=\"vc_column-inner\"><div class=\"wpb_wrapper\"><div class=\"wpb_text_column\"><div class=\"wpb_wrapper\"><p><strong>Mati\u00e8re\u00a0:<\/strong> Argent \u00e9quitable d\u2019origine RJC (Responsible Jewelry Council)<\/p>\n<p><strong>Taille:<\/strong>\u00a0Hauteur environ 2,3 cm, pierre \u00f8 5 mm<\/p>\n<p><strong>Pierres :<\/strong><\/p>\n<ul>\n<li>Citrine \u00f8 5 mm (couleur jaune chaud)<\/li>\n<li>Am\u00e9thyste \u00f8 5mm (couleur violet)<\/li>\n<li>P\u00e9ridot \u00f8 5 mm (couleur vert)<\/li>\n<li>Grenat \u00f8 5 mm (couleur couleur rouge)<\/li>\n<li>Topaze Suisse bleu \u00f8 5 mm (couleur bleu\/turquoise)<\/li>\n<li>Quartz rose \u00f8 5 mm (couleur rose pale)<\/li>\n<\/ul>\n<p>Le bijou est soigneusement fabriqu\u00e9 \u00e0 la main par Yasmin Yahya selon les techniques traditionnelles de la bijouterie, dans son atelier \u00e0 Turgi (Suisse). Elle utilise des m\u00e9taux pr\u00e9cieux \u00e9quitables d\u2019origine RJC (Responsible Jewelry Council).<\/p>\n<\/div><\/div><div class=\"w-separator size_custom\" style=\"height:32px\"><\/div><div class=\"wpb_text_column\"><div class=\"wpb_wrapper\"><h3>D\u00e9lai<\/h3>\n<p>Si votre bijou n\u2019est pas en stock, le d\u00e9lai sera de 6-7 jours ouvr\u00e9s auquel il faudra rajouter le temps d\u2019acheminement de la Poste.<\/p>\n<\/div><\/div><\/div><\/div><\/div><\/div><\/div><\/section>\n","protected":false},"excerpt":{"rendered":"<p>Ces boucles d\u2019oreilles BUBBLES en argent \u00e9quitable RJC de la collection DELHI sont pr\u00e9sent\u00e9es ici dans leurs diff\u00e9rentes versions avec des pierres fines : vous pouvez choisir entre une finition polie ou satin\u00e9e, et entre six couleurs diff\u00e9rentes (violet, vert, jaune, rouge, bleu et rose p\u00e2le). Les boucles d\u2019oreilles ont une longueur totale d\u2019environ 2,3 cm (avec le crochet), et les pierres facett\u00e9es ont un diam\u00e8tre de 5 mm.<\/p>\n<p>Ces boucles d\u2019oreilles font partie de la collection DELHI: Les couleurs vives et vari\u00e9es des pierres, l\u2019association de lignes et de chapelets de perles sont directement inspir\u00e9es de l\u2019univers charg\u00e9 de l\u2019Inde, pays natal du p\u00e8re de Yasmin Yahya, mais de mani\u00e8re ludique et l\u00e9g\u00e8re.<\/p>\n<p>Les boucles d\u2019oreilles sont livr\u00e9es dans un joli \u00e9crin avec un certificat d&rsquo;authenticit\u00e9.<\/p>\n","protected":false},"featured_media":3317,"template":"","meta":[],"product_cat":[290,327,682],"product_tag":[],"class_list":{"0":"post-3311","1":"product","2":"type-product","3":"status-publish","4":"has-post-thumbnail","6":"product_cat-boucles-oreilles","7":"product_cat-delhi","8":"product_cat-fin-de-collection","10":"first","11":"instock","12":"shipping-taxable","13":"purchasable","14":"product-type-variable"},"yoast_head":"<!-- This site is optimized with the Yoast SEO plugin v23.5 - https:\/\/yoast.com\/wordpress\/plugins\/seo\/ -->\n<title>Boucles d&#039;oreilles DELHI-Bubbles - Yasmin Yahya<\/title>\n<meta name=\"description\" content=\"Des boucles d\u2019oreilles BUBBLES en argent RJC de la collection DELHI dans leur diff\u00e9rentes versions avec des pierres fines. Des bijoux contemporains de la cr\u00e9atrice Yasmin Yahya.\" \/>\n<meta name=\"robots\" content=\"index, follow, max-snippet:-1, max-image-preview:large, max-video-preview:-1\" \/>\n<link rel=\"canonical\" href=\"https:\/\/www.yasminyahya.com\/fr\/boutique\/boucles-oreilles\/boucles-doreilles-delhi-bubbles\/\" \/>\n<meta property=\"og:locale\" content=\"fr_FR\" \/>\n<meta property=\"og:type\" content=\"article\" \/>\n<meta property=\"og:title\" content=\"Boucles d&#039;oreilles DELHI-Bubbles - Yasmin Yahya\" \/>\n<meta property=\"og:description\" content=\"Des boucles d\u2019oreilles BUBBLES en argent RJC de la collection DELHI dans leur diff\u00e9rentes versions avec des pierres fines. Des bijoux contemporains de la cr\u00e9atrice Yasmin Yahya.\" \/>\n<meta property=\"og:url\" content=\"https:\/\/www.yasminyahya.com\/fr\/boutique\/boucles-oreilles\/boucles-doreilles-delhi-bubbles\/\" \/>\n<meta property=\"og:site_name\" content=\"Yasmin Yahya\" \/>\n<meta property=\"article:modified_time\" content=\"2024-10-13T22:06:20+00:00\" \/>\n<meta property=\"og:image\" content=\"https:\/\/www.yasminyahya.com\/wp-content\/uploads\/2018\/12\/mlg-photographe-yasmin-yahya-\u00e9t\u00e9-2018-14-1500px.jpg\" \/>\n\t<meta property=\"og:image:width\" content=\"1500\" \/>\n\t<meta property=\"og:image:height\" content=\"1500\" \/>\n\t<meta property=\"og:image:type\" content=\"image\/jpeg\" \/>\n<meta name=\"twitter:card\" content=\"summary_large_image\" \/>\n<meta name=\"twitter:label1\" content=\"Dur\u00e9e de lecture estim\u00e9e\" \/>\n\t<meta name=\"twitter:data1\" content=\"1 minute\" \/>\n<script type=\"application\/ld+json\" class=\"yoast-schema-graph\">{\"@context\":\"https:\/\/schema.org\",\"@graph\":[{\"@type\":\"WebPage\",\"@id\":\"https:\/\/www.yasminyahya.com\/fr\/boutique\/boucles-oreilles\/boucles-doreilles-delhi-bubbles\/\",\"url\":\"https:\/\/www.yasminyahya.com\/fr\/boutique\/boucles-oreilles\/boucles-doreilles-delhi-bubbles\/\",\"name\":\"Boucles d'oreilles DELHI-Bubbles - Yasmin Yahya\",\"isPartOf\":{\"@id\":\"https:\/\/www.yasminyahya.com\/fr\/#website\"},\"primaryImageOfPage\":{\"@id\":\"https:\/\/www.yasminyahya.com\/fr\/boutique\/boucles-oreilles\/boucles-doreilles-delhi-bubbles\/#primaryimage\"},\"image\":{\"@id\":\"https:\/\/www.yasminyahya.com\/fr\/boutique\/boucles-oreilles\/boucles-doreilles-delhi-bubbles\/#primaryimage\"},\"thumbnailUrl\":\"https:\/\/www.yasminyahya.com\/wp-content\/uploads\/2018\/12\/mlg-photographe-yasmin-yahya-\u00e9t\u00e9-2018-14-1500px.jpg\",\"datePublished\":\"2018-12-07T15:45:00+00:00\",\"dateModified\":\"2024-10-13T22:06:20+00:00\",\"description\":\"Des boucles d\u2019oreilles BUBBLES en argent RJC de la collection DELHI dans leur diff\u00e9rentes versions avec des pierres fines. Des bijoux contemporains de la cr\u00e9atrice Yasmin Yahya.\",\"breadcrumb\":{\"@id\":\"https:\/\/www.yasminyahya.com\/fr\/boutique\/boucles-oreilles\/boucles-doreilles-delhi-bubbles\/#breadcrumb\"},\"inLanguage\":\"fr-FR\",\"potentialAction\":[{\"@type\":\"ReadAction\",\"target\":[\"https:\/\/www.yasminyahya.com\/fr\/boutique\/boucles-oreilles\/boucles-doreilles-delhi-bubbles\/\"]}]},{\"@type\":\"ImageObject\",\"inLanguage\":\"fr-FR\",\"@id\":\"https:\/\/www.yasminyahya.com\/fr\/boutique\/boucles-oreilles\/boucles-doreilles-delhi-bubbles\/#primaryimage\",\"url\":\"https:\/\/www.yasminyahya.com\/wp-content\/uploads\/2018\/12\/mlg-photographe-yasmin-yahya-\u00e9t\u00e9-2018-14-1500px.jpg\",\"contentUrl\":\"https:\/\/www.yasminyahya.com\/wp-content\/uploads\/2018\/12\/mlg-photographe-yasmin-yahya-\u00e9t\u00e9-2018-14-1500px.jpg\",\"width\":1500,\"height\":1500,\"caption\":\"Boucles d'oreilles Bubbles de la collection Bubbles, en argent avec Topaz bleu, Quartz rose et grenade (\u00f8 5mm)\"},{\"@type\":\"BreadcrumbList\",\"@id\":\"https:\/\/www.yasminyahya.com\/fr\/boutique\/boucles-oreilles\/boucles-doreilles-delhi-bubbles\/#breadcrumb\",\"itemListElement\":[{\"@type\":\"ListItem\",\"position\":1,\"name\":\"Accueil\",\"item\":\"https:\/\/www.yasminyahya.com\/fr\/\"},{\"@type\":\"ListItem\",\"position\":2,\"name\":\"Produits\",\"item\":\"https:\/\/www.yasminyahya.com\/fr\/shop\/\"},{\"@type\":\"ListItem\",\"position\":3,\"name\":\"Boucles d&rsquo;oreilles DELHI-Bubbles\"}]},{\"@type\":\"WebSite\",\"@id\":\"https:\/\/www.yasminyahya.com\/fr\/#website\",\"url\":\"https:\/\/www.yasminyahya.com\/fr\/\",\"name\":\"Yasmin Yahya\",\"description\":\"Bijoux Contemporains\",\"potentialAction\":[{\"@type\":\"SearchAction\",\"target\":{\"@type\":\"EntryPoint\",\"urlTemplate\":\"https:\/\/www.yasminyahya.com\/fr\/?s={search_term_string}\"},\"query-input\":{\"@type\":\"PropertyValueSpecification\",\"valueRequired\":true,\"valueName\":\"search_term_string\"}}],\"inLanguage\":\"fr-FR\"}]}<\/script>\n<!-- \/ Yoast SEO plugin. -->","yoast_head_json":{"title":"Boucles d'oreilles DELHI-Bubbles - Yasmin Yahya","description":"Des boucles d\u2019oreilles BUBBLES en argent RJC de la collection DELHI dans leur diff\u00e9rentes versions avec des pierres fines. Des bijoux contemporains de la cr\u00e9atrice Yasmin Yahya.","robots":{"index":"index","follow":"follow","max-snippet":"max-snippet:-1","max-image-preview":"max-image-preview:large","max-video-preview":"max-video-preview:-1"},"canonical":"https:\/\/www.yasminyahya.com\/fr\/boutique\/boucles-oreilles\/boucles-doreilles-delhi-bubbles\/","og_locale":"fr_FR","og_type":"article","og_title":"Boucles d'oreilles DELHI-Bubbles - Yasmin Yahya","og_description":"Des boucles d\u2019oreilles BUBBLES en argent RJC de la collection DELHI dans leur diff\u00e9rentes versions avec des pierres fines. Des bijoux contemporains de la cr\u00e9atrice Yasmin Yahya.","og_url":"https:\/\/www.yasminyahya.com\/fr\/boutique\/boucles-oreilles\/boucles-doreilles-delhi-bubbles\/","og_site_name":"Yasmin Yahya","article_modified_time":"2024-10-13T22:06:20+00:00","og_image":[{"width":1500,"height":1500,"url":"https:\/\/www.yasminyahya.com\/wp-content\/uploads\/2018\/12\/mlg-photographe-yasmin-yahya-\u00e9t\u00e9-2018-14-1500px.jpg","type":"image\/jpeg"}],"twitter_card":"summary_large_image","twitter_misc":{"Dur\u00e9e de lecture estim\u00e9e":"1 minute"},"schema":{"@context":"https:\/\/schema.org","@graph":[{"@type":"WebPage","@id":"https:\/\/www.yasminyahya.com\/fr\/boutique\/boucles-oreilles\/boucles-doreilles-delhi-bubbles\/","url":"https:\/\/www.yasminyahya.com\/fr\/boutique\/boucles-oreilles\/boucles-doreilles-delhi-bubbles\/","name":"Boucles d'oreilles DELHI-Bubbles - Yasmin Yahya","isPartOf":{"@id":"https:\/\/www.yasminyahya.com\/fr\/#website"},"primaryImageOfPage":{"@id":"https:\/\/www.yasminyahya.com\/fr\/boutique\/boucles-oreilles\/boucles-doreilles-delhi-bubbles\/#primaryimage"},"image":{"@id":"https:\/\/www.yasminyahya.com\/fr\/boutique\/boucles-oreilles\/boucles-doreilles-delhi-bubbles\/#primaryimage"},"thumbnailUrl":"https:\/\/www.yasminyahya.com\/wp-content\/uploads\/2018\/12\/mlg-photographe-yasmin-yahya-\u00e9t\u00e9-2018-14-1500px.jpg","datePublished":"2018-12-07T15:45:00+00:00","dateModified":"2024-10-13T22:06:20+00:00","description":"Des boucles d\u2019oreilles BUBBLES en argent RJC de la collection DELHI dans leur diff\u00e9rentes versions avec des pierres fines. Des bijoux contemporains de la cr\u00e9atrice Yasmin Yahya.","breadcrumb":{"@id":"https:\/\/www.yasminyahya.com\/fr\/boutique\/boucles-oreilles\/boucles-doreilles-delhi-bubbles\/#breadcrumb"},"inLanguage":"fr-FR","potentialAction":[{"@type":"ReadAction","target":["https:\/\/www.yasminyahya.com\/fr\/boutique\/boucles-oreilles\/boucles-doreilles-delhi-bubbles\/"]}]},{"@type":"ImageObject","inLanguage":"fr-FR","@id":"https:\/\/www.yasminyahya.com\/fr\/boutique\/boucles-oreilles\/boucles-doreilles-delhi-bubbles\/#primaryimage","url":"https:\/\/www.yasminyahya.com\/wp-content\/uploads\/2018\/12\/mlg-photographe-yasmin-yahya-\u00e9t\u00e9-2018-14-1500px.jpg","contentUrl":"https:\/\/www.yasminyahya.com\/wp-content\/uploads\/2018\/12\/mlg-photographe-yasmin-yahya-\u00e9t\u00e9-2018-14-1500px.jpg","width":1500,"height":1500,"caption":"Boucles d'oreilles Bubbles de la collection Bubbles, en argent avec Topaz bleu, Quartz rose et grenade (\u00f8 5mm)"},{"@type":"BreadcrumbList","@id":"https:\/\/www.yasminyahya.com\/fr\/boutique\/boucles-oreilles\/boucles-doreilles-delhi-bubbles\/#breadcrumb","itemListElement":[{"@type":"ListItem","position":1,"name":"Accueil","item":"https:\/\/www.yasminyahya.com\/fr\/"},{"@type":"ListItem","position":2,"name":"Produits","item":"https:\/\/www.yasminyahya.com\/fr\/shop\/"},{"@type":"ListItem","position":3,"name":"Boucles d&rsquo;oreilles DELHI-Bubbles"}]},{"@type":"WebSite","@id":"https:\/\/www.yasminyahya.com\/fr\/#website","url":"https:\/\/www.yasminyahya.com\/fr\/","name":"Yasmin Yahya","description":"Bijoux Contemporains","potentialAction":[{"@type":"SearchAction","target":{"@type":"EntryPoint","urlTemplate":"https:\/\/www.yasminyahya.com\/fr\/?s={search_term_string}"},"query-input":{"@type":"PropertyValueSpecification","valueRequired":true,"valueName":"search_term_string"}}],"inLanguage":"fr-FR"}]}},"_links":{"self":[{"href":"https:\/\/www.yasminyahya.com\/fr\/wp-json\/wp\/v2\/product\/3311"}],"collection":[{"href":"https:\/\/www.yasminyahya.com\/fr\/wp-json\/wp\/v2\/product"}],"about":[{"href":"https:\/\/www.yasminyahya.com\/fr\/wp-json\/wp\/v2\/types\/product"}],"wp:featuredmedia":[{"embeddable":true,"href":"https:\/\/www.yasminyahya.com\/fr\/wp-json\/wp\/v2\/media\/3317"}],"wp:attachment":[{"href":"https:\/\/www.yasminyahya.com\/fr\/wp-json\/wp\/v2\/media?parent=3311"}],"wp:term":[{"taxonomy":"product_cat","embeddable":true,"href":"https:\/\/www.yasminyahya.com\/fr\/wp-json\/wp\/v2\/product_cat?post=3311"},{"taxonomy":"product_tag","embeddable":true,"href":"https:\/\/www.yasminyahya.com\/fr\/wp-json\/wp\/v2\/product_tag?post=3311"}],"curies":[{"name":"wp","href":"https:\/\/api.w.org\/{rel}","templated":true}]}}