{"id":3725,"date":"2021-01-07T21:55:13","date_gmt":"2018-12-21T15:07:54","guid":{"rendered":"https:\/\/www.yasminyahya.com\/?post_type=product&#038;p=3725"},"modified":"2024-10-14T00:06:17","modified_gmt":"2024-10-13T22:06:17","slug":"boucles-doreilles-dots-pastilles-en-argent-ou-argent-or-22-ct","status":"publish","type":"product","link":"https:\/\/www.yasminyahya.com\/fr\/boutique\/boucles-oreilles\/boucles-doreilles-dots-pastilles-en-argent-ou-argent-or-22-ct\/","title":{"rendered":"Boucles d&rsquo;oreilles DOTS, bi-color"},"content":{"rendered":"<section class=\"l-section wpb_row height_medium\"><div class=\"l-section-h i-cf\"><div class=\"g-cols vc_row via_flex valign_top type_default stacking_default\"><div class=\"vc_col-sm-12 wpb_column vc_column_container\"><div class=\"vc_column-inner\"><div class=\"wpb_wrapper\"><div class=\"wpb_text_column\"><div class=\"wpb_wrapper\"><p><strong>Mati\u00e8re\u00a0:<\/strong>\u00a0Bim\u00e9tal argent 925\/000 et or 22 carats \u00e9quitable d\u2019origine RJC (Responsible Jewelry Council)<\/p>\n<p><strong>Longueur :<\/strong>\u00a0Env. 5 cm<\/p>\n<p>Le bijou est soigneusement fabriqu\u00e9 \u00e0 la main par Yasmin Yahya selon les techniques traditionnelles de la bijouterie, dans son atelier \u00e0 Turgi (Suisse). Elle utilise des m\u00e9taux pr\u00e9cieux \u00e9quitables d\u2019origine RJC (Responsible Jewelry Council).<\/p>\n<\/div><\/div><div class=\"w-separator size_custom\" style=\"height:32px\"><\/div><div class=\"wpb_text_column\"><div class=\"wpb_wrapper\"><h3>D\u00e9lai<\/h3>\n<p>Si votre bijou n\u2019est pas en stock, le d\u00e9lai sera de 5-6 jours ouvr\u00e9s auquel il faudra rajouter le temps d\u2019acheminement de la Poste.<\/p>\n<\/div><\/div><\/div><\/div><\/div><\/div><\/div><\/section>\n","protected":false},"excerpt":{"rendered":"<p>Ces boucles d\u2019oreilles de la collection DOTS sont pr\u00e9sent\u00e9es ici dans leur version en bi-mati\u00e8re argent \u00e9quitable\/or 22 carats d\u2019origine RJC.<br \/>\nLes pastilles sont en bi-mati\u00e8re, avec un c\u00f4t\u00e9 en argent mat et l\u2019autre en or 22 cts poli\/martel\u00e9.<br \/>\nLa boucle mesure 5 cm de longueur. La finition est mate et polie\/martel\u00e9e.<\/p>\n<p>Le martelage, technique de mise en forme de la mati\u00e8re, permet \u00e9galement d\u2019obtenir des textures vari\u00e9es. Yasmin Yahya pratique avec plaisir celle qu\u2019elle a appel\u00e9e \u00ab\u00a0petit pois\u00a0\u00bb, devenue l\u2018inspiration de cette collection tr\u00e8s f\u00e9minine. Cercles, ronds, disques et petits pois\u00a0sont les ingr\u00e9dients de ces pi\u00e8ces mobiles et ludiques.<\/p>\n<p>Les boucles d&rsquo;oreilles seront livr\u00e9es dans un joli \u00e9crin avec un certificat d&rsquo;authenticit\u00e9.<\/p>\n<p>Le m\u00eame mod\u00e8le existe en argent \u00e9quitable RJC (Responsible Jewellery Council).<\/p>\n","protected":false},"featured_media":9558,"template":"","meta":[],"product_cat":[290,294,682],"product_tag":[],"class_list":{"0":"post-3725","1":"product","2":"type-product","3":"status-publish","4":"has-post-thumbnail","6":"product_cat-boucles-oreilles","7":"product_cat-dots","8":"product_cat-fin-de-collection","10":"first","11":"instock","12":"shipping-taxable","13":"purchasable","14":"product-type-simple"},"yoast_head":"<!-- This site is optimized with the Yoast SEO plugin v23.5 - https:\/\/yoast.com\/wordpress\/plugins\/seo\/ -->\n<title>Boucles d&#039;oreilles DOTS, bi-color - Yasmin Yahya<\/title>\n<meta name=\"description\" content=\"Boucles d&#039;oreilles DOTS Pastilles en argent\/or 22 ct RJC. Des bijoux sobres et intemporels par la cr\u00e9atrice Yasmin Yahya \u00e0 Rennes.\" \/>\n<meta name=\"robots\" content=\"index, follow, max-snippet:-1, max-image-preview:large, max-video-preview:-1\" \/>\n<link rel=\"canonical\" href=\"https:\/\/www.yasminyahya.com\/fr\/boutique\/boucles-oreilles\/boucles-doreilles-dots-pastilles-en-argent-ou-argent-or-22-ct\/\" \/>\n<meta property=\"og:locale\" content=\"fr_FR\" \/>\n<meta property=\"og:type\" content=\"article\" \/>\n<meta property=\"og:title\" content=\"Boucles d&#039;oreilles DOTS, bi-color - Yasmin Yahya\" \/>\n<meta property=\"og:description\" content=\"Boucles d&#039;oreilles DOTS Pastilles en argent\/or 22 ct RJC. Des bijoux sobres et intemporels par la cr\u00e9atrice Yasmin Yahya \u00e0 Rennes.\" \/>\n<meta property=\"og:url\" content=\"https:\/\/www.yasminyahya.com\/fr\/boutique\/boucles-oreilles\/boucles-doreilles-dots-pastilles-en-argent-ou-argent-or-22-ct\/\" \/>\n<meta property=\"og:site_name\" content=\"Yasmin Yahya\" \/>\n<meta property=\"article:modified_time\" content=\"2024-10-13T22:06:17+00:00\" \/>\n<meta property=\"og:image\" content=\"https:\/\/www.yasminyahya.com\/wp-content\/uploads\/2021\/01\/Yasmin-Yahya-BO-Dots-or.jpg\" \/>\n\t<meta property=\"og:image:width\" content=\"1988\" \/>\n\t<meta property=\"og:image:height\" content=\"1987\" \/>\n\t<meta property=\"og:image:type\" content=\"image\/jpeg\" \/>\n<meta name=\"twitter:card\" content=\"summary_large_image\" \/>\n<meta name=\"twitter:label1\" content=\"Dur\u00e9e de lecture estim\u00e9e\" \/>\n\t<meta name=\"twitter:data1\" content=\"1 minute\" \/>\n<script type=\"application\/ld+json\" class=\"yoast-schema-graph\">{\"@context\":\"https:\/\/schema.org\",\"@graph\":[{\"@type\":\"WebPage\",\"@id\":\"https:\/\/www.yasminyahya.com\/fr\/boutique\/boucles-oreilles\/boucles-doreilles-dots-pastilles-en-argent-ou-argent-or-22-ct\/\",\"url\":\"https:\/\/www.yasminyahya.com\/fr\/boutique\/boucles-oreilles\/boucles-doreilles-dots-pastilles-en-argent-ou-argent-or-22-ct\/\",\"name\":\"Boucles d'oreilles DOTS, bi-color - Yasmin Yahya\",\"isPartOf\":{\"@id\":\"https:\/\/www.yasminyahya.com\/fr\/#website\"},\"primaryImageOfPage\":{\"@id\":\"https:\/\/www.yasminyahya.com\/fr\/boutique\/boucles-oreilles\/boucles-doreilles-dots-pastilles-en-argent-ou-argent-or-22-ct\/#primaryimage\"},\"image\":{\"@id\":\"https:\/\/www.yasminyahya.com\/fr\/boutique\/boucles-oreilles\/boucles-doreilles-dots-pastilles-en-argent-ou-argent-or-22-ct\/#primaryimage\"},\"thumbnailUrl\":\"https:\/\/www.yasminyahya.com\/wp-content\/uploads\/2021\/01\/Yasmin-Yahya-BO-Dots-or.jpg\",\"datePublished\":\"2018-12-21T15:07:54+00:00\",\"dateModified\":\"2024-10-13T22:06:17+00:00\",\"description\":\"Boucles d'oreilles DOTS Pastilles en argent\/or 22 ct RJC. Des bijoux sobres et intemporels par la cr\u00e9atrice Yasmin Yahya \u00e0 Rennes.\",\"breadcrumb\":{\"@id\":\"https:\/\/www.yasminyahya.com\/fr\/boutique\/boucles-oreilles\/boucles-doreilles-dots-pastilles-en-argent-ou-argent-or-22-ct\/#breadcrumb\"},\"inLanguage\":\"fr-FR\",\"potentialAction\":[{\"@type\":\"ReadAction\",\"target\":[\"https:\/\/www.yasminyahya.com\/fr\/boutique\/boucles-oreilles\/boucles-doreilles-dots-pastilles-en-argent-ou-argent-or-22-ct\/\"]}]},{\"@type\":\"ImageObject\",\"inLanguage\":\"fr-FR\",\"@id\":\"https:\/\/www.yasminyahya.com\/fr\/boutique\/boucles-oreilles\/boucles-doreilles-dots-pastilles-en-argent-ou-argent-or-22-ct\/#primaryimage\",\"url\":\"https:\/\/www.yasminyahya.com\/wp-content\/uploads\/2021\/01\/Yasmin-Yahya-BO-Dots-or.jpg\",\"contentUrl\":\"https:\/\/www.yasminyahya.com\/wp-content\/uploads\/2021\/01\/Yasmin-Yahya-BO-Dots-or.jpg\",\"width\":1988,\"height\":1987},{\"@type\":\"BreadcrumbList\",\"@id\":\"https:\/\/www.yasminyahya.com\/fr\/boutique\/boucles-oreilles\/boucles-doreilles-dots-pastilles-en-argent-ou-argent-or-22-ct\/#breadcrumb\",\"itemListElement\":[{\"@type\":\"ListItem\",\"position\":1,\"name\":\"Accueil\",\"item\":\"https:\/\/www.yasminyahya.com\/fr\/\"},{\"@type\":\"ListItem\",\"position\":2,\"name\":\"Produits\",\"item\":\"https:\/\/www.yasminyahya.com\/fr\/shop\/\"},{\"@type\":\"ListItem\",\"position\":3,\"name\":\"Boucles d&rsquo;oreilles DOTS, bi-color\"}]},{\"@type\":\"WebSite\",\"@id\":\"https:\/\/www.yasminyahya.com\/fr\/#website\",\"url\":\"https:\/\/www.yasminyahya.com\/fr\/\",\"name\":\"Yasmin Yahya\",\"description\":\"Bijoux Contemporains\",\"potentialAction\":[{\"@type\":\"SearchAction\",\"target\":{\"@type\":\"EntryPoint\",\"urlTemplate\":\"https:\/\/www.yasminyahya.com\/fr\/?s={search_term_string}\"},\"query-input\":{\"@type\":\"PropertyValueSpecification\",\"valueRequired\":true,\"valueName\":\"search_term_string\"}}],\"inLanguage\":\"fr-FR\"}]}<\/script>\n<!-- \/ Yoast SEO plugin. -->","yoast_head_json":{"title":"Boucles d'oreilles DOTS, bi-color - Yasmin Yahya","description":"Boucles d'oreilles DOTS Pastilles en argent\/or 22 ct RJC. Des bijoux sobres et intemporels par la cr\u00e9atrice Yasmin Yahya \u00e0 Rennes.","robots":{"index":"index","follow":"follow","max-snippet":"max-snippet:-1","max-image-preview":"max-image-preview:large","max-video-preview":"max-video-preview:-1"},"canonical":"https:\/\/www.yasminyahya.com\/fr\/boutique\/boucles-oreilles\/boucles-doreilles-dots-pastilles-en-argent-ou-argent-or-22-ct\/","og_locale":"fr_FR","og_type":"article","og_title":"Boucles d'oreilles DOTS, bi-color - Yasmin Yahya","og_description":"Boucles d'oreilles DOTS Pastilles en argent\/or 22 ct RJC. Des bijoux sobres et intemporels par la cr\u00e9atrice Yasmin Yahya \u00e0 Rennes.","og_url":"https:\/\/www.yasminyahya.com\/fr\/boutique\/boucles-oreilles\/boucles-doreilles-dots-pastilles-en-argent-ou-argent-or-22-ct\/","og_site_name":"Yasmin Yahya","article_modified_time":"2024-10-13T22:06:17+00:00","og_image":[{"width":1988,"height":1987,"url":"https:\/\/www.yasminyahya.com\/wp-content\/uploads\/2021\/01\/Yasmin-Yahya-BO-Dots-or.jpg","type":"image\/jpeg"}],"twitter_card":"summary_large_image","twitter_misc":{"Dur\u00e9e de lecture estim\u00e9e":"1 minute"},"schema":{"@context":"https:\/\/schema.org","@graph":[{"@type":"WebPage","@id":"https:\/\/www.yasminyahya.com\/fr\/boutique\/boucles-oreilles\/boucles-doreilles-dots-pastilles-en-argent-ou-argent-or-22-ct\/","url":"https:\/\/www.yasminyahya.com\/fr\/boutique\/boucles-oreilles\/boucles-doreilles-dots-pastilles-en-argent-ou-argent-or-22-ct\/","name":"Boucles d'oreilles DOTS, bi-color - Yasmin Yahya","isPartOf":{"@id":"https:\/\/www.yasminyahya.com\/fr\/#website"},"primaryImageOfPage":{"@id":"https:\/\/www.yasminyahya.com\/fr\/boutique\/boucles-oreilles\/boucles-doreilles-dots-pastilles-en-argent-ou-argent-or-22-ct\/#primaryimage"},"image":{"@id":"https:\/\/www.yasminyahya.com\/fr\/boutique\/boucles-oreilles\/boucles-doreilles-dots-pastilles-en-argent-ou-argent-or-22-ct\/#primaryimage"},"thumbnailUrl":"https:\/\/www.yasminyahya.com\/wp-content\/uploads\/2021\/01\/Yasmin-Yahya-BO-Dots-or.jpg","datePublished":"2018-12-21T15:07:54+00:00","dateModified":"2024-10-13T22:06:17+00:00","description":"Boucles d'oreilles DOTS Pastilles en argent\/or 22 ct RJC. Des bijoux sobres et intemporels par la cr\u00e9atrice Yasmin Yahya \u00e0 Rennes.","breadcrumb":{"@id":"https:\/\/www.yasminyahya.com\/fr\/boutique\/boucles-oreilles\/boucles-doreilles-dots-pastilles-en-argent-ou-argent-or-22-ct\/#breadcrumb"},"inLanguage":"fr-FR","potentialAction":[{"@type":"ReadAction","target":["https:\/\/www.yasminyahya.com\/fr\/boutique\/boucles-oreilles\/boucles-doreilles-dots-pastilles-en-argent-ou-argent-or-22-ct\/"]}]},{"@type":"ImageObject","inLanguage":"fr-FR","@id":"https:\/\/www.yasminyahya.com\/fr\/boutique\/boucles-oreilles\/boucles-doreilles-dots-pastilles-en-argent-ou-argent-or-22-ct\/#primaryimage","url":"https:\/\/www.yasminyahya.com\/wp-content\/uploads\/2021\/01\/Yasmin-Yahya-BO-Dots-or.jpg","contentUrl":"https:\/\/www.yasminyahya.com\/wp-content\/uploads\/2021\/01\/Yasmin-Yahya-BO-Dots-or.jpg","width":1988,"height":1987},{"@type":"BreadcrumbList","@id":"https:\/\/www.yasminyahya.com\/fr\/boutique\/boucles-oreilles\/boucles-doreilles-dots-pastilles-en-argent-ou-argent-or-22-ct\/#breadcrumb","itemListElement":[{"@type":"ListItem","position":1,"name":"Accueil","item":"https:\/\/www.yasminyahya.com\/fr\/"},{"@type":"ListItem","position":2,"name":"Produits","item":"https:\/\/www.yasminyahya.com\/fr\/shop\/"},{"@type":"ListItem","position":3,"name":"Boucles d&rsquo;oreilles DOTS, bi-color"}]},{"@type":"WebSite","@id":"https:\/\/www.yasminyahya.com\/fr\/#website","url":"https:\/\/www.yasminyahya.com\/fr\/","name":"Yasmin Yahya","description":"Bijoux Contemporains","potentialAction":[{"@type":"SearchAction","target":{"@type":"EntryPoint","urlTemplate":"https:\/\/www.yasminyahya.com\/fr\/?s={search_term_string}"},"query-input":{"@type":"PropertyValueSpecification","valueRequired":true,"valueName":"search_term_string"}}],"inLanguage":"fr-FR"}]}},"_links":{"self":[{"href":"https:\/\/www.yasminyahya.com\/fr\/wp-json\/wp\/v2\/product\/3725"}],"collection":[{"href":"https:\/\/www.yasminyahya.com\/fr\/wp-json\/wp\/v2\/product"}],"about":[{"href":"https:\/\/www.yasminyahya.com\/fr\/wp-json\/wp\/v2\/types\/product"}],"wp:featuredmedia":[{"embeddable":true,"href":"https:\/\/www.yasminyahya.com\/fr\/wp-json\/wp\/v2\/media\/9558"}],"wp:attachment":[{"href":"https:\/\/www.yasminyahya.com\/fr\/wp-json\/wp\/v2\/media?parent=3725"}],"wp:term":[{"taxonomy":"product_cat","embeddable":true,"href":"https:\/\/www.yasminyahya.com\/fr\/wp-json\/wp\/v2\/product_cat?post=3725"},{"taxonomy":"product_tag","embeddable":true,"href":"https:\/\/www.yasminyahya.com\/fr\/wp-json\/wp\/v2\/product_tag?post=3725"}],"curies":[{"name":"wp","href":"https:\/\/api.w.org\/{rel}","templated":true}]}}