{"id":3972,"date":"2021-01-08T16:55:31","date_gmt":"2019-02-09T10:13:32","guid":{"rendered":"https:\/\/www.yasminyahya.com\/?post_type=product&#038;p=3972"},"modified":"2024-10-14T00:06:17","modified_gmt":"2024-10-13T22:06:17","slug":"collier-dots-pastille-en-argent-et-or-22-cts-rjc","status":"publish","type":"product","link":"https:\/\/www.yasminyahya.com\/fr\/boutique\/collier\/collier-dots-pastille-en-argent-et-or-22-cts-rjc\/","title":{"rendered":"Collier DOTS-Pastille bi-color"},"content":{"rendered":"<section class=\"l-section wpb_row height_medium\"><div class=\"l-section-h i-cf\"><div class=\"g-cols vc_row via_flex valign_top type_default stacking_default\"><div class=\"vc_col-sm-12 wpb_column vc_column_container\"><div class=\"vc_column-inner\"><div class=\"wpb_wrapper\"><div class=\"wpb_text_column\"><div class=\"wpb_wrapper\"><p><strong>Mati\u00e8re\u00a0:<\/strong> Argent 925\/000 et or 22 cts \u00e9quitable d\u2019origine RJC (Responsible Jewelry Council)<\/p>\n<p><strong>Taille\u00a0:<\/strong>\u00a0Min. 51 cm (taille r\u00e9glable + 3 cm)<\/p>\n<p>Le bijou est soigneusement fabriqu\u00e9 \u00e0 la main par Yasmin Yahya selon les techniques traditionnelles de la bijouterie, dans son atelier \u00e0 Turgi (Suisse). Elle utilise des m\u00e9taux pr\u00e9cieux \u00e9quitables d\u2019origine RJC (Responsible Jewelry Council).<\/p>\n<\/div><\/div><div class=\"w-separator size_custom\" style=\"height:32px\"><\/div><div class=\"wpb_text_column\"><div class=\"wpb_wrapper\"><h3>D\u00e9lai<\/h3>\n<p>Si votre bijou n\u2019est pas en stock, le d\u00e9lai sera de 5-6 jours ouvr\u00e9s auquel il faudra rajouter le temps d\u2019acheminement de la Poste.<\/p>\n<\/div><\/div><\/div><\/div><\/div><\/div><\/div><\/section>\n","protected":false},"excerpt":{"rendered":"<p>Ce collier de la collection DOTS est pr\u00e9sent\u00e9 ici dans sa version en argent et or 22 cts \u00e9quitable RJC (Responsible Jewelry Council). Le collier mesure 51 cm, avec une cha\u00eene qui permet de le rallonger jusqu\u2019\u00e0 3 cm. La finition est mate et polie\/martel\u00e9e. Les pastilles sont en bi-mati\u00e8re, avec un c\u00f4t\u00e9 argent mat et l\u2019autre en or 22 cts poli\/martel\u00e9.<\/p>\n<p>Le collier fait parti de la collection DOTS: Le martelage, technique de mise en forme de la mati\u00e8re, permet \u00e9galement d\u2018obtenir des textures vari\u00e9es. Yasmin Yahya pratique avec plaisir celle qu\u2018elle a appell\u00e9 \u201epetit pois\u201c, devenue l\u2018inspiration de cette collection tr\u00e8s f\u00e9minine. Cercle, ronds, disques et petits pois sont les ingr\u00e9dients de ces pi\u00e8ces mobiles et ludiques.<\/p>\n<p>Le collier est livr\u00e9 dans un joli \u00e9crin avec un certificat d\u2019authenticit\u00e9.<\/p>\n<p>Le m\u00eame mod\u00e8le existe en argent \u00e9quitable RJC (Responsible Jewellery Council)<\/p>\n","protected":false},"featured_media":7109,"template":"","meta":[],"product_cat":[275,294,682],"product_tag":[],"class_list":{"0":"post-3972","1":"product","2":"type-product","3":"status-publish","4":"has-post-thumbnail","6":"product_cat-collier","7":"product_cat-dots","8":"product_cat-fin-de-collection","10":"first","11":"outofstock","12":"shipping-taxable","13":"purchasable","14":"product-type-simple"},"yoast_head":"<!-- This site is optimized with the Yoast SEO plugin v23.5 - https:\/\/yoast.com\/wordpress\/plugins\/seo\/ -->\n<title>Collier DOTS-Pastille bi-color - Yasmin Yahya<\/title>\n<meta name=\"description\" content=\"Collier DOTS avec Pastille en argent et or 22 cts RJC, mat et martel\u00e9. Des bijoux contemporains par la cr\u00e9atrice Yasmin Yahya, Rennes.\" \/>\n<meta name=\"robots\" content=\"index, follow, max-snippet:-1, max-image-preview:large, max-video-preview:-1\" \/>\n<link rel=\"canonical\" href=\"https:\/\/www.yasminyahya.com\/fr\/boutique\/collier\/collier-dots-pastille-en-argent-et-or-22-cts-rjc\/\" \/>\n<meta property=\"og:locale\" content=\"fr_FR\" \/>\n<meta property=\"og:type\" content=\"article\" \/>\n<meta property=\"og:title\" content=\"Collier DOTS-Pastille bi-color - Yasmin Yahya\" \/>\n<meta property=\"og:description\" content=\"Collier DOTS avec Pastille en argent et or 22 cts RJC, mat et martel\u00e9. Des bijoux contemporains par la cr\u00e9atrice Yasmin Yahya, Rennes.\" \/>\n<meta property=\"og:url\" content=\"https:\/\/www.yasminyahya.com\/fr\/boutique\/collier\/collier-dots-pastille-en-argent-et-or-22-cts-rjc\/\" \/>\n<meta property=\"og:site_name\" content=\"Yasmin Yahya\" \/>\n<meta property=\"article:modified_time\" content=\"2024-10-13T22:06:17+00:00\" \/>\n<meta property=\"og:image\" content=\"https:\/\/www.yasminyahya.com\/wp-content\/uploads\/2021\/01\/mlg-photographe-yasmin-yahya-e\u0301te\u0301-2018-18-1500px.jpg\" \/>\n\t<meta property=\"og:image:width\" content=\"1500\" \/>\n\t<meta property=\"og:image:height\" content=\"1500\" \/>\n\t<meta property=\"og:image:type\" content=\"image\/jpeg\" \/>\n<meta name=\"twitter:card\" content=\"summary_large_image\" \/>\n<meta name=\"twitter:label1\" content=\"Dur\u00e9e de lecture estim\u00e9e\" \/>\n\t<meta name=\"twitter:data1\" content=\"1 minute\" \/>\n<script type=\"application\/ld+json\" class=\"yoast-schema-graph\">{\"@context\":\"https:\/\/schema.org\",\"@graph\":[{\"@type\":\"WebPage\",\"@id\":\"https:\/\/www.yasminyahya.com\/fr\/boutique\/collier\/collier-dots-pastille-en-argent-et-or-22-cts-rjc\/\",\"url\":\"https:\/\/www.yasminyahya.com\/fr\/boutique\/collier\/collier-dots-pastille-en-argent-et-or-22-cts-rjc\/\",\"name\":\"Collier DOTS-Pastille bi-color - Yasmin Yahya\",\"isPartOf\":{\"@id\":\"https:\/\/www.yasminyahya.com\/fr\/#website\"},\"primaryImageOfPage\":{\"@id\":\"https:\/\/www.yasminyahya.com\/fr\/boutique\/collier\/collier-dots-pastille-en-argent-et-or-22-cts-rjc\/#primaryimage\"},\"image\":{\"@id\":\"https:\/\/www.yasminyahya.com\/fr\/boutique\/collier\/collier-dots-pastille-en-argent-et-or-22-cts-rjc\/#primaryimage\"},\"thumbnailUrl\":\"https:\/\/www.yasminyahya.com\/wp-content\/uploads\/2021\/01\/mlg-photographe-yasmin-yahya-e\u0301te\u0301-2018-18-1500px.jpg\",\"datePublished\":\"2019-02-09T10:13:32+00:00\",\"dateModified\":\"2024-10-13T22:06:17+00:00\",\"description\":\"Collier DOTS avec Pastille en argent et or 22 cts RJC, mat et martel\u00e9. Des bijoux contemporains par la cr\u00e9atrice Yasmin Yahya, Rennes.\",\"breadcrumb\":{\"@id\":\"https:\/\/www.yasminyahya.com\/fr\/boutique\/collier\/collier-dots-pastille-en-argent-et-or-22-cts-rjc\/#breadcrumb\"},\"inLanguage\":\"fr-FR\",\"potentialAction\":[{\"@type\":\"ReadAction\",\"target\":[\"https:\/\/www.yasminyahya.com\/fr\/boutique\/collier\/collier-dots-pastille-en-argent-et-or-22-cts-rjc\/\"]}]},{\"@type\":\"ImageObject\",\"inLanguage\":\"fr-FR\",\"@id\":\"https:\/\/www.yasminyahya.com\/fr\/boutique\/collier\/collier-dots-pastille-en-argent-et-or-22-cts-rjc\/#primaryimage\",\"url\":\"https:\/\/www.yasminyahya.com\/wp-content\/uploads\/2021\/01\/mlg-photographe-yasmin-yahya-e\u0301te\u0301-2018-18-1500px.jpg\",\"contentUrl\":\"https:\/\/www.yasminyahya.com\/wp-content\/uploads\/2021\/01\/mlg-photographe-yasmin-yahya-e\u0301te\u0301-2018-18-1500px.jpg\",\"width\":1500,\"height\":1500,\"caption\":\"Delikate Halskette DOTS aus nachhaltigem Silber und Gelbgold 900, L\u00e4nge 51 cm\"},{\"@type\":\"BreadcrumbList\",\"@id\":\"https:\/\/www.yasminyahya.com\/fr\/boutique\/collier\/collier-dots-pastille-en-argent-et-or-22-cts-rjc\/#breadcrumb\",\"itemListElement\":[{\"@type\":\"ListItem\",\"position\":1,\"name\":\"Accueil\",\"item\":\"https:\/\/www.yasminyahya.com\/fr\/\"},{\"@type\":\"ListItem\",\"position\":2,\"name\":\"Produits\",\"item\":\"https:\/\/www.yasminyahya.com\/fr\/shop\/\"},{\"@type\":\"ListItem\",\"position\":3,\"name\":\"Collier DOTS-Pastille bi-color\"}]},{\"@type\":\"WebSite\",\"@id\":\"https:\/\/www.yasminyahya.com\/fr\/#website\",\"url\":\"https:\/\/www.yasminyahya.com\/fr\/\",\"name\":\"Yasmin Yahya\",\"description\":\"Bijoux Contemporains\",\"potentialAction\":[{\"@type\":\"SearchAction\",\"target\":{\"@type\":\"EntryPoint\",\"urlTemplate\":\"https:\/\/www.yasminyahya.com\/fr\/?s={search_term_string}\"},\"query-input\":{\"@type\":\"PropertyValueSpecification\",\"valueRequired\":true,\"valueName\":\"search_term_string\"}}],\"inLanguage\":\"fr-FR\"}]}<\/script>\n<!-- \/ Yoast SEO plugin. -->","yoast_head_json":{"title":"Collier DOTS-Pastille bi-color - Yasmin Yahya","description":"Collier DOTS avec Pastille en argent et or 22 cts RJC, mat et martel\u00e9. Des bijoux contemporains par la cr\u00e9atrice Yasmin Yahya, Rennes.","robots":{"index":"index","follow":"follow","max-snippet":"max-snippet:-1","max-image-preview":"max-image-preview:large","max-video-preview":"max-video-preview:-1"},"canonical":"https:\/\/www.yasminyahya.com\/fr\/boutique\/collier\/collier-dots-pastille-en-argent-et-or-22-cts-rjc\/","og_locale":"fr_FR","og_type":"article","og_title":"Collier DOTS-Pastille bi-color - Yasmin Yahya","og_description":"Collier DOTS avec Pastille en argent et or 22 cts RJC, mat et martel\u00e9. Des bijoux contemporains par la cr\u00e9atrice Yasmin Yahya, Rennes.","og_url":"https:\/\/www.yasminyahya.com\/fr\/boutique\/collier\/collier-dots-pastille-en-argent-et-or-22-cts-rjc\/","og_site_name":"Yasmin Yahya","article_modified_time":"2024-10-13T22:06:17+00:00","og_image":[{"width":1500,"height":1500,"url":"https:\/\/www.yasminyahya.com\/wp-content\/uploads\/2021\/01\/mlg-photographe-yasmin-yahya-e\u0301te\u0301-2018-18-1500px.jpg","type":"image\/jpeg"}],"twitter_card":"summary_large_image","twitter_misc":{"Dur\u00e9e de lecture estim\u00e9e":"1 minute"},"schema":{"@context":"https:\/\/schema.org","@graph":[{"@type":"WebPage","@id":"https:\/\/www.yasminyahya.com\/fr\/boutique\/collier\/collier-dots-pastille-en-argent-et-or-22-cts-rjc\/","url":"https:\/\/www.yasminyahya.com\/fr\/boutique\/collier\/collier-dots-pastille-en-argent-et-or-22-cts-rjc\/","name":"Collier DOTS-Pastille bi-color - Yasmin Yahya","isPartOf":{"@id":"https:\/\/www.yasminyahya.com\/fr\/#website"},"primaryImageOfPage":{"@id":"https:\/\/www.yasminyahya.com\/fr\/boutique\/collier\/collier-dots-pastille-en-argent-et-or-22-cts-rjc\/#primaryimage"},"image":{"@id":"https:\/\/www.yasminyahya.com\/fr\/boutique\/collier\/collier-dots-pastille-en-argent-et-or-22-cts-rjc\/#primaryimage"},"thumbnailUrl":"https:\/\/www.yasminyahya.com\/wp-content\/uploads\/2021\/01\/mlg-photographe-yasmin-yahya-e\u0301te\u0301-2018-18-1500px.jpg","datePublished":"2019-02-09T10:13:32+00:00","dateModified":"2024-10-13T22:06:17+00:00","description":"Collier DOTS avec Pastille en argent et or 22 cts RJC, mat et martel\u00e9. Des bijoux contemporains par la cr\u00e9atrice Yasmin Yahya, Rennes.","breadcrumb":{"@id":"https:\/\/www.yasminyahya.com\/fr\/boutique\/collier\/collier-dots-pastille-en-argent-et-or-22-cts-rjc\/#breadcrumb"},"inLanguage":"fr-FR","potentialAction":[{"@type":"ReadAction","target":["https:\/\/www.yasminyahya.com\/fr\/boutique\/collier\/collier-dots-pastille-en-argent-et-or-22-cts-rjc\/"]}]},{"@type":"ImageObject","inLanguage":"fr-FR","@id":"https:\/\/www.yasminyahya.com\/fr\/boutique\/collier\/collier-dots-pastille-en-argent-et-or-22-cts-rjc\/#primaryimage","url":"https:\/\/www.yasminyahya.com\/wp-content\/uploads\/2021\/01\/mlg-photographe-yasmin-yahya-e\u0301te\u0301-2018-18-1500px.jpg","contentUrl":"https:\/\/www.yasminyahya.com\/wp-content\/uploads\/2021\/01\/mlg-photographe-yasmin-yahya-e\u0301te\u0301-2018-18-1500px.jpg","width":1500,"height":1500,"caption":"Delikate Halskette DOTS aus nachhaltigem Silber und Gelbgold 900, L\u00e4nge 51 cm"},{"@type":"BreadcrumbList","@id":"https:\/\/www.yasminyahya.com\/fr\/boutique\/collier\/collier-dots-pastille-en-argent-et-or-22-cts-rjc\/#breadcrumb","itemListElement":[{"@type":"ListItem","position":1,"name":"Accueil","item":"https:\/\/www.yasminyahya.com\/fr\/"},{"@type":"ListItem","position":2,"name":"Produits","item":"https:\/\/www.yasminyahya.com\/fr\/shop\/"},{"@type":"ListItem","position":3,"name":"Collier DOTS-Pastille bi-color"}]},{"@type":"WebSite","@id":"https:\/\/www.yasminyahya.com\/fr\/#website","url":"https:\/\/www.yasminyahya.com\/fr\/","name":"Yasmin Yahya","description":"Bijoux Contemporains","potentialAction":[{"@type":"SearchAction","target":{"@type":"EntryPoint","urlTemplate":"https:\/\/www.yasminyahya.com\/fr\/?s={search_term_string}"},"query-input":{"@type":"PropertyValueSpecification","valueRequired":true,"valueName":"search_term_string"}}],"inLanguage":"fr-FR"}]}},"_links":{"self":[{"href":"https:\/\/www.yasminyahya.com\/fr\/wp-json\/wp\/v2\/product\/3972"}],"collection":[{"href":"https:\/\/www.yasminyahya.com\/fr\/wp-json\/wp\/v2\/product"}],"about":[{"href":"https:\/\/www.yasminyahya.com\/fr\/wp-json\/wp\/v2\/types\/product"}],"wp:featuredmedia":[{"embeddable":true,"href":"https:\/\/www.yasminyahya.com\/fr\/wp-json\/wp\/v2\/media\/7109"}],"wp:attachment":[{"href":"https:\/\/www.yasminyahya.com\/fr\/wp-json\/wp\/v2\/media?parent=3972"}],"wp:term":[{"taxonomy":"product_cat","embeddable":true,"href":"https:\/\/www.yasminyahya.com\/fr\/wp-json\/wp\/v2\/product_cat?post=3972"},{"taxonomy":"product_tag","embeddable":true,"href":"https:\/\/www.yasminyahya.com\/fr\/wp-json\/wp\/v2\/product_tag?post=3972"}],"curies":[{"name":"wp","href":"https:\/\/api.w.org\/{rel}","templated":true}]}}