{"id":4040,"date":"2019-02-16T16:24:09","date_gmt":"2019-02-16T15:24:09","guid":{"rendered":"https:\/\/www.yasminyahya.com\/?post_type=product&#038;p=4040"},"modified":"2024-03-07T15:23:25","modified_gmt":"2024-03-07T14:23:25","slug":"boucles-doreilles-mountain-avec-citrine","status":"publish","type":"product","link":"https:\/\/www.yasminyahya.com\/fr\/boutique\/boucles-oreilles\/boucles-doreilles-mountain-avec-citrine\/","title":{"rendered":"Boucles d\u2019oreilles MOUNTAIN avec citrine"},"content":{"rendered":"<section class=\"l-section wpb_row height_medium\"><div class=\"l-section-h i-cf\"><div class=\"g-cols vc_row via_flex valign_top type_default stacking_default\"><div class=\"vc_col-sm-12 wpb_column vc_column_container\"><div class=\"vc_column-inner\"><div class=\"wpb_wrapper\"><div class=\"wpb_text_column\"><div class=\"wpb_wrapper\"><p><strong>Mati\u00e8re\u00a0:<\/strong> Argent \u00e9quitable d\u2019origine RJC (Responsible Jewelry Council)<\/p>\n<p><strong>Pierre :\u00a0<\/strong>Citrine \u00e0 facettes, diam\u00e8tre 10 mm<\/p>\n<p><strong>Taille :<\/strong> Hauteur env. 2,6 cm<\/p>\n<p>Le bijou est soigneusement fabriqu\u00e9 \u00e0 la main par Yasmin Yahya selon les techniques traditionnelles de la bijouterie, dans son atelier \u00e0 Turgi (Suisse). Elle utilise de l\u2019argent \u00e9quitable d\u2019origine RJC (Responsible Jewelry Council).<\/p>\n<\/div><\/div><div class=\"w-separator size_custom\" style=\"height:32px\"><\/div><div class=\"wpb_text_column\"><div class=\"wpb_wrapper\"><h3>D\u00e9lai<\/h3>\n<p>Si votre pi\u00e8ce n\u2019est pas en stock, le d\u00e9lai sera de 7-10 jours ouvr\u00e9s auquel il faudra rajouter le temps d\u2019acheminement de la Poste.<\/p>\n<\/div><\/div><\/div><\/div><\/div><\/div><\/div><\/section>\n","protected":false},"excerpt":{"rendered":"<p>Ces charmantes boucles d\u2019oreilles en argent \u00e9quitable RJC de la collection MOUNTAIN sont pr\u00e9sent\u00e9es ici avec une citrine \u00e0 facettes avec un diam\u00e8tre de 10 mm. La monture a une de forme de demi-sph\u00e8re.<br \/>\nLa boucle d\u2019oreille a une longueur totale d\u2019environ 2,6 cm.<\/p>\n<p>C\u2019est la Suisse qui est la source d\u2019inspiration de Yasmin Yahya pour cette collection. Pays d\u2019origine de sa m\u00e8re et o\u00f9 elle a grandi, cette terre riche en montagnes et en lacs a fa\u00e7onn\u00e9 ses paysages int\u00e9rieurs. Promenades et randonn\u00e9es ont imprim\u00e9 en elle cette association de teintes vert d\u2019eau, gris et jaune d\u2019or.<\/p>\n<p>Le design est \u00e9l\u00e9gant, sobre et intemporel.<\/p>\n<p>Les boucles d\u2019oreilles sont livr\u00e9es dans un joli \u00e9crin avec un certificat d&rsquo;authenticit\u00e9.<\/p>\n<p>Les m\u00eames boucles d\u2019oreilles existe en argent \u00e9quitable avec une prasiolithe.<\/p>\n","protected":false},"featured_media":1799,"template":"","meta":[],"product_cat":[290,296],"product_tag":[],"class_list":{"0":"post-4040","1":"product","2":"type-product","3":"status-publish","4":"has-post-thumbnail","6":"product_cat-boucles-oreilles","7":"product_cat-mountain","9":"first","10":"instock","11":"shipping-taxable","12":"purchasable","13":"product-type-simple"},"yoast_head":"<!-- This site is optimized with the Yoast SEO plugin v23.5 - https:\/\/yoast.com\/wordpress\/plugins\/seo\/ -->\n<title>Boucles d\u2019oreilles MOUNTAIN avec citrine - Yasmin Yahya<\/title>\n<meta name=\"description\" content=\"Boucles d\u2019oreilles MOUNTAIN en argent \u00e9thqiue RJC avec citrine. Cr\u00e9ation de la cr\u00e9atrice de bijoux contemporains Yasmin Yahya \u00e0 Rennes\" \/>\n<meta name=\"robots\" content=\"index, follow, max-snippet:-1, max-image-preview:large, max-video-preview:-1\" \/>\n<link rel=\"canonical\" href=\"https:\/\/www.yasminyahya.com\/fr\/boutique\/boucles-oreilles\/boucles-doreilles-mountain-avec-citrine\/\" \/>\n<meta property=\"og:locale\" content=\"fr_FR\" \/>\n<meta property=\"og:type\" content=\"article\" \/>\n<meta property=\"og:title\" content=\"Boucles d\u2019oreilles MOUNTAIN avec citrine - Yasmin Yahya\" \/>\n<meta property=\"og:description\" content=\"Boucles d\u2019oreilles MOUNTAIN en argent \u00e9thqiue RJC avec citrine. Cr\u00e9ation de la cr\u00e9atrice de bijoux contemporains Yasmin Yahya \u00e0 Rennes\" \/>\n<meta property=\"og:url\" content=\"https:\/\/www.yasminyahya.com\/fr\/boutique\/boucles-oreilles\/boucles-doreilles-mountain-avec-citrine\/\" \/>\n<meta property=\"og:site_name\" content=\"Yasmin Yahya\" \/>\n<meta property=\"article:modified_time\" content=\"2024-03-07T14:23:25+00:00\" \/>\n<meta property=\"og:image\" content=\"https:\/\/www.yasminyahya.com\/wp-content\/uploads\/2018\/05\/yasmin-yahya-boucles-oreilles-mountain-citrine-portee.jpg\" \/>\n\t<meta property=\"og:image:width\" content=\"1000\" \/>\n\t<meta property=\"og:image:height\" content=\"1000\" \/>\n\t<meta property=\"og:image:type\" content=\"image\/jpeg\" \/>\n<meta name=\"twitter:card\" content=\"summary_large_image\" \/>\n<meta name=\"twitter:label1\" content=\"Dur\u00e9e de lecture estim\u00e9e\" \/>\n\t<meta name=\"twitter:data1\" content=\"1 minute\" \/>\n<script type=\"application\/ld+json\" class=\"yoast-schema-graph\">{\"@context\":\"https:\/\/schema.org\",\"@graph\":[{\"@type\":\"WebPage\",\"@id\":\"https:\/\/www.yasminyahya.com\/fr\/boutique\/boucles-oreilles\/boucles-doreilles-mountain-avec-citrine\/\",\"url\":\"https:\/\/www.yasminyahya.com\/fr\/boutique\/boucles-oreilles\/boucles-doreilles-mountain-avec-citrine\/\",\"name\":\"Boucles d\u2019oreilles MOUNTAIN avec citrine - Yasmin Yahya\",\"isPartOf\":{\"@id\":\"https:\/\/www.yasminyahya.com\/fr\/#website\"},\"primaryImageOfPage\":{\"@id\":\"https:\/\/www.yasminyahya.com\/fr\/boutique\/boucles-oreilles\/boucles-doreilles-mountain-avec-citrine\/#primaryimage\"},\"image\":{\"@id\":\"https:\/\/www.yasminyahya.com\/fr\/boutique\/boucles-oreilles\/boucles-doreilles-mountain-avec-citrine\/#primaryimage\"},\"thumbnailUrl\":\"https:\/\/www.yasminyahya.com\/wp-content\/uploads\/2018\/05\/yasmin-yahya-boucles-oreilles-mountain-citrine-portee.jpg\",\"datePublished\":\"2019-02-16T15:24:09+00:00\",\"dateModified\":\"2024-03-07T14:23:25+00:00\",\"description\":\"Boucles d\u2019oreilles MOUNTAIN en argent \u00e9thqiue RJC avec citrine. Cr\u00e9ation de la cr\u00e9atrice de bijoux contemporains Yasmin Yahya \u00e0 Rennes\",\"breadcrumb\":{\"@id\":\"https:\/\/www.yasminyahya.com\/fr\/boutique\/boucles-oreilles\/boucles-doreilles-mountain-avec-citrine\/#breadcrumb\"},\"inLanguage\":\"fr-FR\",\"potentialAction\":[{\"@type\":\"ReadAction\",\"target\":[\"https:\/\/www.yasminyahya.com\/fr\/boutique\/boucles-oreilles\/boucles-doreilles-mountain-avec-citrine\/\"]}]},{\"@type\":\"ImageObject\",\"inLanguage\":\"fr-FR\",\"@id\":\"https:\/\/www.yasminyahya.com\/fr\/boutique\/boucles-oreilles\/boucles-doreilles-mountain-avec-citrine\/#primaryimage\",\"url\":\"https:\/\/www.yasminyahya.com\/wp-content\/uploads\/2018\/05\/yasmin-yahya-boucles-oreilles-mountain-citrine-portee.jpg\",\"contentUrl\":\"https:\/\/www.yasminyahya.com\/wp-content\/uploads\/2018\/05\/yasmin-yahya-boucles-oreilles-mountain-citrine-portee.jpg\",\"width\":1000,\"height\":1000,\"caption\":\"Boucles d'oreilles MOUNTAIN en argent RJC avec citrine (couleur jaune) \u00f8 10 mm\"},{\"@type\":\"BreadcrumbList\",\"@id\":\"https:\/\/www.yasminyahya.com\/fr\/boutique\/boucles-oreilles\/boucles-doreilles-mountain-avec-citrine\/#breadcrumb\",\"itemListElement\":[{\"@type\":\"ListItem\",\"position\":1,\"name\":\"Accueil\",\"item\":\"https:\/\/www.yasminyahya.com\/fr\/\"},{\"@type\":\"ListItem\",\"position\":2,\"name\":\"Produits\",\"item\":\"https:\/\/www.yasminyahya.com\/fr\/shop\/\"},{\"@type\":\"ListItem\",\"position\":3,\"name\":\"Boucles d\u2019oreilles MOUNTAIN avec citrine\"}]},{\"@type\":\"WebSite\",\"@id\":\"https:\/\/www.yasminyahya.com\/fr\/#website\",\"url\":\"https:\/\/www.yasminyahya.com\/fr\/\",\"name\":\"Yasmin Yahya\",\"description\":\"Bijoux Contemporains\",\"potentialAction\":[{\"@type\":\"SearchAction\",\"target\":{\"@type\":\"EntryPoint\",\"urlTemplate\":\"https:\/\/www.yasminyahya.com\/fr\/?s={search_term_string}\"},\"query-input\":{\"@type\":\"PropertyValueSpecification\",\"valueRequired\":true,\"valueName\":\"search_term_string\"}}],\"inLanguage\":\"fr-FR\"}]}<\/script>\n<!-- \/ Yoast SEO plugin. -->","yoast_head_json":{"title":"Boucles d\u2019oreilles MOUNTAIN avec citrine - Yasmin Yahya","description":"Boucles d\u2019oreilles MOUNTAIN en argent \u00e9thqiue RJC avec citrine. Cr\u00e9ation de la cr\u00e9atrice de bijoux contemporains Yasmin Yahya \u00e0 Rennes","robots":{"index":"index","follow":"follow","max-snippet":"max-snippet:-1","max-image-preview":"max-image-preview:large","max-video-preview":"max-video-preview:-1"},"canonical":"https:\/\/www.yasminyahya.com\/fr\/boutique\/boucles-oreilles\/boucles-doreilles-mountain-avec-citrine\/","og_locale":"fr_FR","og_type":"article","og_title":"Boucles d\u2019oreilles MOUNTAIN avec citrine - Yasmin Yahya","og_description":"Boucles d\u2019oreilles MOUNTAIN en argent \u00e9thqiue RJC avec citrine. Cr\u00e9ation de la cr\u00e9atrice de bijoux contemporains Yasmin Yahya \u00e0 Rennes","og_url":"https:\/\/www.yasminyahya.com\/fr\/boutique\/boucles-oreilles\/boucles-doreilles-mountain-avec-citrine\/","og_site_name":"Yasmin Yahya","article_modified_time":"2024-03-07T14:23:25+00:00","og_image":[{"width":1000,"height":1000,"url":"https:\/\/www.yasminyahya.com\/wp-content\/uploads\/2018\/05\/yasmin-yahya-boucles-oreilles-mountain-citrine-portee.jpg","type":"image\/jpeg"}],"twitter_card":"summary_large_image","twitter_misc":{"Dur\u00e9e de lecture estim\u00e9e":"1 minute"},"schema":{"@context":"https:\/\/schema.org","@graph":[{"@type":"WebPage","@id":"https:\/\/www.yasminyahya.com\/fr\/boutique\/boucles-oreilles\/boucles-doreilles-mountain-avec-citrine\/","url":"https:\/\/www.yasminyahya.com\/fr\/boutique\/boucles-oreilles\/boucles-doreilles-mountain-avec-citrine\/","name":"Boucles d\u2019oreilles MOUNTAIN avec citrine - Yasmin Yahya","isPartOf":{"@id":"https:\/\/www.yasminyahya.com\/fr\/#website"},"primaryImageOfPage":{"@id":"https:\/\/www.yasminyahya.com\/fr\/boutique\/boucles-oreilles\/boucles-doreilles-mountain-avec-citrine\/#primaryimage"},"image":{"@id":"https:\/\/www.yasminyahya.com\/fr\/boutique\/boucles-oreilles\/boucles-doreilles-mountain-avec-citrine\/#primaryimage"},"thumbnailUrl":"https:\/\/www.yasminyahya.com\/wp-content\/uploads\/2018\/05\/yasmin-yahya-boucles-oreilles-mountain-citrine-portee.jpg","datePublished":"2019-02-16T15:24:09+00:00","dateModified":"2024-03-07T14:23:25+00:00","description":"Boucles d\u2019oreilles MOUNTAIN en argent \u00e9thqiue RJC avec citrine. Cr\u00e9ation de la cr\u00e9atrice de bijoux contemporains Yasmin Yahya \u00e0 Rennes","breadcrumb":{"@id":"https:\/\/www.yasminyahya.com\/fr\/boutique\/boucles-oreilles\/boucles-doreilles-mountain-avec-citrine\/#breadcrumb"},"inLanguage":"fr-FR","potentialAction":[{"@type":"ReadAction","target":["https:\/\/www.yasminyahya.com\/fr\/boutique\/boucles-oreilles\/boucles-doreilles-mountain-avec-citrine\/"]}]},{"@type":"ImageObject","inLanguage":"fr-FR","@id":"https:\/\/www.yasminyahya.com\/fr\/boutique\/boucles-oreilles\/boucles-doreilles-mountain-avec-citrine\/#primaryimage","url":"https:\/\/www.yasminyahya.com\/wp-content\/uploads\/2018\/05\/yasmin-yahya-boucles-oreilles-mountain-citrine-portee.jpg","contentUrl":"https:\/\/www.yasminyahya.com\/wp-content\/uploads\/2018\/05\/yasmin-yahya-boucles-oreilles-mountain-citrine-portee.jpg","width":1000,"height":1000,"caption":"Boucles d'oreilles MOUNTAIN en argent RJC avec citrine (couleur jaune) \u00f8 10 mm"},{"@type":"BreadcrumbList","@id":"https:\/\/www.yasminyahya.com\/fr\/boutique\/boucles-oreilles\/boucles-doreilles-mountain-avec-citrine\/#breadcrumb","itemListElement":[{"@type":"ListItem","position":1,"name":"Accueil","item":"https:\/\/www.yasminyahya.com\/fr\/"},{"@type":"ListItem","position":2,"name":"Produits","item":"https:\/\/www.yasminyahya.com\/fr\/shop\/"},{"@type":"ListItem","position":3,"name":"Boucles d\u2019oreilles MOUNTAIN avec citrine"}]},{"@type":"WebSite","@id":"https:\/\/www.yasminyahya.com\/fr\/#website","url":"https:\/\/www.yasminyahya.com\/fr\/","name":"Yasmin Yahya","description":"Bijoux Contemporains","potentialAction":[{"@type":"SearchAction","target":{"@type":"EntryPoint","urlTemplate":"https:\/\/www.yasminyahya.com\/fr\/?s={search_term_string}"},"query-input":{"@type":"PropertyValueSpecification","valueRequired":true,"valueName":"search_term_string"}}],"inLanguage":"fr-FR"}]}},"_links":{"self":[{"href":"https:\/\/www.yasminyahya.com\/fr\/wp-json\/wp\/v2\/product\/4040"}],"collection":[{"href":"https:\/\/www.yasminyahya.com\/fr\/wp-json\/wp\/v2\/product"}],"about":[{"href":"https:\/\/www.yasminyahya.com\/fr\/wp-json\/wp\/v2\/types\/product"}],"wp:featuredmedia":[{"embeddable":true,"href":"https:\/\/www.yasminyahya.com\/fr\/wp-json\/wp\/v2\/media\/1799"}],"wp:attachment":[{"href":"https:\/\/www.yasminyahya.com\/fr\/wp-json\/wp\/v2\/media?parent=4040"}],"wp:term":[{"taxonomy":"product_cat","embeddable":true,"href":"https:\/\/www.yasminyahya.com\/fr\/wp-json\/wp\/v2\/product_cat?post=4040"},{"taxonomy":"product_tag","embeddable":true,"href":"https:\/\/www.yasminyahya.com\/fr\/wp-json\/wp\/v2\/product_tag?post=4040"}],"curies":[{"name":"wp","href":"https:\/\/api.w.org\/{rel}","templated":true}]}}