{"id":4138,"date":"2019-03-24T16:49:27","date_gmt":"2019-03-24T15:49:27","guid":{"rendered":"https:\/\/www.yasminyahya.com\/?post_type=product&#038;p=4138"},"modified":"2023-04-26T20:47:50","modified_gmt":"2023-04-26T18:47:50","slug":"bracelet-delhi-round-round-en-argent-rjc","status":"publish","type":"product","link":"https:\/\/www.yasminyahya.com\/fr\/boutique\/bracelets\/bracelet-delhi-round-round-en-argent-rjc\/","title":{"rendered":"Bracelet DELHI Round &#038; Round"},"content":{"rendered":"<section class=\"l-section wpb_row height_medium\"><div class=\"l-section-h i-cf\"><div class=\"g-cols vc_row via_flex valign_top type_default stacking_default\"><div class=\"vc_col-sm-12 wpb_column vc_column_container\"><div class=\"vc_column-inner\"><div class=\"wpb_wrapper\"><div class=\"wpb_text_column\"><div class=\"wpb_wrapper\"><p><strong>Mati\u00e8re\u00a0:<\/strong> Argent \u00e9quitable d\u2019origine RJC (Responsible Jewelry Council)<\/p>\n<p><strong>Bracelet : <\/strong>Le bracelet est compos\u00e9 d&rsquo;un fil poli (\u00d8 fil env. 2,7 mm), d&rsquo;un bracelet plat et mat d&rsquo;une largeur de 1 cm, et d&rsquo;une boule polie \u00f8 14 mm<\/p>\n<p><strong>Tailles\u00a0:<\/strong> Taille S (\u00f8 6,3 cm), Taille M (\u00f8 6,5 cm), Taille L (\u00f8 6,7 cm) \u2013 d\u2019autres tailles disponibles sur demande.<\/p>\n<p>Le bijou est soigneusement fabriqu\u00e9 \u00e0 la main par Yasmin Yahya selon les techniques traditionnelles de la bijouterie, dans son atelier \u00e0 Turgi (Suisse). Elle utilise des m\u00e9taux pr\u00e9cieux \u00e9quitables d\u2019origine RJC (Responsible Jewelry Council).<\/p>\n<\/div><\/div><div class=\"w-separator size_custom\" style=\"height:32px\"><\/div><div class=\"wpb_text_column\"><div class=\"wpb_wrapper\"><h3>D\u00e9lai<\/h3>\n<p>Si votre taille n\u2019est pas en stock, le d\u00e9lai sera de 7-14 jours ouvr\u00e9s auquel il faudra rajouter le temps d\u2019acheminement de la Poste..<\/p>\n<\/div><\/div><\/div><\/div><\/div><\/div><\/div><\/section>\n","protected":false},"excerpt":{"rendered":"<p>Ce bracelet est compos\u00e9 de trois pi\u00e8ces : un fil poli d\u2019un diam\u00e8tre de 2,7 mm et un bracelet plat finition mate li\u00e9s par une boucle, ainsi que d\u2019une boule polie (\u00f8 14mm) qui en fait toute l\u2019originalit\u00e9. Un bracelet ludique et mobile\u00a0!<\/p>\n<p>Ce bracelet en argent \u00e9quitable RJC fait partie de la collection DELHI:<br \/>\nUne collection p\u00e9tillante et glamour. Les couleurs vives et vari\u00e9es des pierres, l\u2019association de lignes et de chapelets de perles sont directement inspir\u00e9es de l\u2019univers charg\u00e9 de l\u2019Inde, pays natal du p\u00e8re de Yasmin Yahya, mais de mani\u00e8re ludique et l\u00e9g\u00e8re.<\/p>\n<p>Le bracelet est livr\u00e9 dans un joli \u00e9crin avec un certificat d&rsquo;authenticit\u00e9.<\/p>\n","protected":false},"featured_media":4144,"template":"","meta":[],"product_cat":[289,327],"product_tag":[],"class_list":{"0":"post-4138","1":"product","2":"type-product","3":"status-publish","4":"has-post-thumbnail","6":"product_cat-bracelets","7":"product_cat-delhi","9":"first","10":"instock","11":"shipping-taxable","12":"purchasable","13":"product-type-variable"},"yoast_head":"<!-- This site is optimized with the Yoast SEO plugin v23.5 - https:\/\/yoast.com\/wordpress\/plugins\/seo\/ -->\n<title>Bracelet DELHI Round &amp; Round - Yasmin Yahya<\/title>\n<meta name=\"description\" content=\"Bracelet en argent RJC (Responsible Jewelry Council) DELHI par la cr\u00e9atrice de bijoux contempoirains Yasmin Yahya \u00e0 Rennes. Une ludique et l\u00e9g\u00e8re.\" \/>\n<meta name=\"robots\" content=\"index, follow, max-snippet:-1, max-image-preview:large, max-video-preview:-1\" \/>\n<link rel=\"canonical\" href=\"https:\/\/www.yasminyahya.com\/fr\/boutique\/bracelets\/bracelet-delhi-round-round-en-argent-rjc\/\" \/>\n<meta property=\"og:locale\" content=\"fr_FR\" \/>\n<meta property=\"og:type\" content=\"article\" \/>\n<meta property=\"og:title\" content=\"Bracelet DELHI Round &amp; Round - Yasmin Yahya\" \/>\n<meta property=\"og:description\" content=\"Bracelet en argent RJC (Responsible Jewelry Council) DELHI par la cr\u00e9atrice de bijoux contempoirains Yasmin Yahya \u00e0 Rennes. Une ludique et l\u00e9g\u00e8re.\" \/>\n<meta property=\"og:url\" content=\"https:\/\/www.yasminyahya.com\/fr\/boutique\/bracelets\/bracelet-delhi-round-round-en-argent-rjc\/\" \/>\n<meta property=\"og:site_name\" content=\"Yasmin Yahya\" \/>\n<meta property=\"article:modified_time\" content=\"2023-04-26T18:47:50+00:00\" \/>\n<meta property=\"og:image\" content=\"https:\/\/www.yasminyahya.com\/wp-content\/uploads\/2019\/03\/Yasmin-Yahya-Bra-Delhi-RR.jpg\" \/>\n\t<meta property=\"og:image:width\" content=\"3055\" \/>\n\t<meta property=\"og:image:height\" content=\"3049\" \/>\n\t<meta property=\"og:image:type\" content=\"image\/jpeg\" \/>\n<meta name=\"twitter:card\" content=\"summary_large_image\" \/>\n<meta name=\"twitter:label1\" content=\"Dur\u00e9e de lecture estim\u00e9e\" \/>\n\t<meta name=\"twitter:data1\" content=\"1 minute\" \/>\n<script type=\"application\/ld+json\" class=\"yoast-schema-graph\">{\"@context\":\"https:\/\/schema.org\",\"@graph\":[{\"@type\":\"WebPage\",\"@id\":\"https:\/\/www.yasminyahya.com\/fr\/boutique\/bracelets\/bracelet-delhi-round-round-en-argent-rjc\/\",\"url\":\"https:\/\/www.yasminyahya.com\/fr\/boutique\/bracelets\/bracelet-delhi-round-round-en-argent-rjc\/\",\"name\":\"Bracelet DELHI Round & Round - Yasmin Yahya\",\"isPartOf\":{\"@id\":\"https:\/\/www.yasminyahya.com\/fr\/#website\"},\"primaryImageOfPage\":{\"@id\":\"https:\/\/www.yasminyahya.com\/fr\/boutique\/bracelets\/bracelet-delhi-round-round-en-argent-rjc\/#primaryimage\"},\"image\":{\"@id\":\"https:\/\/www.yasminyahya.com\/fr\/boutique\/bracelets\/bracelet-delhi-round-round-en-argent-rjc\/#primaryimage\"},\"thumbnailUrl\":\"https:\/\/www.yasminyahya.com\/wp-content\/uploads\/2019\/03\/Yasmin-Yahya-Bra-Delhi-RR-e1727887894979.jpg\",\"datePublished\":\"2019-03-24T15:49:27+00:00\",\"dateModified\":\"2023-04-26T18:47:50+00:00\",\"description\":\"Bracelet en argent RJC (Responsible Jewelry Council) DELHI par la cr\u00e9atrice de bijoux contempoirains Yasmin Yahya \u00e0 Rennes. Une ludique et l\u00e9g\u00e8re.\",\"breadcrumb\":{\"@id\":\"https:\/\/www.yasminyahya.com\/fr\/boutique\/bracelets\/bracelet-delhi-round-round-en-argent-rjc\/#breadcrumb\"},\"inLanguage\":\"fr-FR\",\"potentialAction\":[{\"@type\":\"ReadAction\",\"target\":[\"https:\/\/www.yasminyahya.com\/fr\/boutique\/bracelets\/bracelet-delhi-round-round-en-argent-rjc\/\"]}]},{\"@type\":\"ImageObject\",\"inLanguage\":\"fr-FR\",\"@id\":\"https:\/\/www.yasminyahya.com\/fr\/boutique\/bracelets\/bracelet-delhi-round-round-en-argent-rjc\/#primaryimage\",\"url\":\"https:\/\/www.yasminyahya.com\/wp-content\/uploads\/2019\/03\/Yasmin-Yahya-Bra-Delhi-RR-e1727887894979.jpg\",\"contentUrl\":\"https:\/\/www.yasminyahya.com\/wp-content\/uploads\/2019\/03\/Yasmin-Yahya-Bra-Delhi-RR-e1727887894979.jpg\",\"width\":2886,\"height\":3044,\"caption\":\"Bracelet DELHI Round and Round en argent RJC, port\u00e9\"},{\"@type\":\"BreadcrumbList\",\"@id\":\"https:\/\/www.yasminyahya.com\/fr\/boutique\/bracelets\/bracelet-delhi-round-round-en-argent-rjc\/#breadcrumb\",\"itemListElement\":[{\"@type\":\"ListItem\",\"position\":1,\"name\":\"Accueil\",\"item\":\"https:\/\/www.yasminyahya.com\/fr\/\"},{\"@type\":\"ListItem\",\"position\":2,\"name\":\"Produits\",\"item\":\"https:\/\/www.yasminyahya.com\/fr\/shop\/\"},{\"@type\":\"ListItem\",\"position\":3,\"name\":\"Bracelet DELHI Round &#038; Round\"}]},{\"@type\":\"WebSite\",\"@id\":\"https:\/\/www.yasminyahya.com\/fr\/#website\",\"url\":\"https:\/\/www.yasminyahya.com\/fr\/\",\"name\":\"Yasmin Yahya\",\"description\":\"Bijoux Contemporains\",\"potentialAction\":[{\"@type\":\"SearchAction\",\"target\":{\"@type\":\"EntryPoint\",\"urlTemplate\":\"https:\/\/www.yasminyahya.com\/fr\/?s={search_term_string}\"},\"query-input\":{\"@type\":\"PropertyValueSpecification\",\"valueRequired\":true,\"valueName\":\"search_term_string\"}}],\"inLanguage\":\"fr-FR\"}]}<\/script>\n<!-- \/ Yoast SEO plugin. -->","yoast_head_json":{"title":"Bracelet DELHI Round & Round - Yasmin Yahya","description":"Bracelet en argent RJC (Responsible Jewelry Council) DELHI par la cr\u00e9atrice de bijoux contempoirains Yasmin Yahya \u00e0 Rennes. Une ludique et l\u00e9g\u00e8re.","robots":{"index":"index","follow":"follow","max-snippet":"max-snippet:-1","max-image-preview":"max-image-preview:large","max-video-preview":"max-video-preview:-1"},"canonical":"https:\/\/www.yasminyahya.com\/fr\/boutique\/bracelets\/bracelet-delhi-round-round-en-argent-rjc\/","og_locale":"fr_FR","og_type":"article","og_title":"Bracelet DELHI Round & Round - Yasmin Yahya","og_description":"Bracelet en argent RJC (Responsible Jewelry Council) DELHI par la cr\u00e9atrice de bijoux contempoirains Yasmin Yahya \u00e0 Rennes. Une ludique et l\u00e9g\u00e8re.","og_url":"https:\/\/www.yasminyahya.com\/fr\/boutique\/bracelets\/bracelet-delhi-round-round-en-argent-rjc\/","og_site_name":"Yasmin Yahya","article_modified_time":"2023-04-26T18:47:50+00:00","og_image":[{"width":3055,"height":3049,"url":"https:\/\/www.yasminyahya.com\/wp-content\/uploads\/2019\/03\/Yasmin-Yahya-Bra-Delhi-RR.jpg","type":"image\/jpeg"}],"twitter_card":"summary_large_image","twitter_misc":{"Dur\u00e9e de lecture estim\u00e9e":"1 minute"},"schema":{"@context":"https:\/\/schema.org","@graph":[{"@type":"WebPage","@id":"https:\/\/www.yasminyahya.com\/fr\/boutique\/bracelets\/bracelet-delhi-round-round-en-argent-rjc\/","url":"https:\/\/www.yasminyahya.com\/fr\/boutique\/bracelets\/bracelet-delhi-round-round-en-argent-rjc\/","name":"Bracelet DELHI Round & Round - Yasmin Yahya","isPartOf":{"@id":"https:\/\/www.yasminyahya.com\/fr\/#website"},"primaryImageOfPage":{"@id":"https:\/\/www.yasminyahya.com\/fr\/boutique\/bracelets\/bracelet-delhi-round-round-en-argent-rjc\/#primaryimage"},"image":{"@id":"https:\/\/www.yasminyahya.com\/fr\/boutique\/bracelets\/bracelet-delhi-round-round-en-argent-rjc\/#primaryimage"},"thumbnailUrl":"https:\/\/www.yasminyahya.com\/wp-content\/uploads\/2019\/03\/Yasmin-Yahya-Bra-Delhi-RR-e1727887894979.jpg","datePublished":"2019-03-24T15:49:27+00:00","dateModified":"2023-04-26T18:47:50+00:00","description":"Bracelet en argent RJC (Responsible Jewelry Council) DELHI par la cr\u00e9atrice de bijoux contempoirains Yasmin Yahya \u00e0 Rennes. Une ludique et l\u00e9g\u00e8re.","breadcrumb":{"@id":"https:\/\/www.yasminyahya.com\/fr\/boutique\/bracelets\/bracelet-delhi-round-round-en-argent-rjc\/#breadcrumb"},"inLanguage":"fr-FR","potentialAction":[{"@type":"ReadAction","target":["https:\/\/www.yasminyahya.com\/fr\/boutique\/bracelets\/bracelet-delhi-round-round-en-argent-rjc\/"]}]},{"@type":"ImageObject","inLanguage":"fr-FR","@id":"https:\/\/www.yasminyahya.com\/fr\/boutique\/bracelets\/bracelet-delhi-round-round-en-argent-rjc\/#primaryimage","url":"https:\/\/www.yasminyahya.com\/wp-content\/uploads\/2019\/03\/Yasmin-Yahya-Bra-Delhi-RR-e1727887894979.jpg","contentUrl":"https:\/\/www.yasminyahya.com\/wp-content\/uploads\/2019\/03\/Yasmin-Yahya-Bra-Delhi-RR-e1727887894979.jpg","width":2886,"height":3044,"caption":"Bracelet DELHI Round and Round en argent RJC, port\u00e9"},{"@type":"BreadcrumbList","@id":"https:\/\/www.yasminyahya.com\/fr\/boutique\/bracelets\/bracelet-delhi-round-round-en-argent-rjc\/#breadcrumb","itemListElement":[{"@type":"ListItem","position":1,"name":"Accueil","item":"https:\/\/www.yasminyahya.com\/fr\/"},{"@type":"ListItem","position":2,"name":"Produits","item":"https:\/\/www.yasminyahya.com\/fr\/shop\/"},{"@type":"ListItem","position":3,"name":"Bracelet DELHI Round &#038; Round"}]},{"@type":"WebSite","@id":"https:\/\/www.yasminyahya.com\/fr\/#website","url":"https:\/\/www.yasminyahya.com\/fr\/","name":"Yasmin Yahya","description":"Bijoux Contemporains","potentialAction":[{"@type":"SearchAction","target":{"@type":"EntryPoint","urlTemplate":"https:\/\/www.yasminyahya.com\/fr\/?s={search_term_string}"},"query-input":{"@type":"PropertyValueSpecification","valueRequired":true,"valueName":"search_term_string"}}],"inLanguage":"fr-FR"}]}},"_links":{"self":[{"href":"https:\/\/www.yasminyahya.com\/fr\/wp-json\/wp\/v2\/product\/4138"}],"collection":[{"href":"https:\/\/www.yasminyahya.com\/fr\/wp-json\/wp\/v2\/product"}],"about":[{"href":"https:\/\/www.yasminyahya.com\/fr\/wp-json\/wp\/v2\/types\/product"}],"wp:featuredmedia":[{"embeddable":true,"href":"https:\/\/www.yasminyahya.com\/fr\/wp-json\/wp\/v2\/media\/4144"}],"wp:attachment":[{"href":"https:\/\/www.yasminyahya.com\/fr\/wp-json\/wp\/v2\/media?parent=4138"}],"wp:term":[{"taxonomy":"product_cat","embeddable":true,"href":"https:\/\/www.yasminyahya.com\/fr\/wp-json\/wp\/v2\/product_cat?post=4138"},{"taxonomy":"product_tag","embeddable":true,"href":"https:\/\/www.yasminyahya.com\/fr\/wp-json\/wp\/v2\/product_tag?post=4138"}],"curies":[{"name":"wp","href":"https:\/\/api.w.org\/{rel}","templated":true}]}}