{"id":4362,"date":"2021-01-10T17:39:13","date_gmt":"2019-05-26T14:22:37","guid":{"rendered":"https:\/\/www.yasminyahya.com\/?post_type=product&#038;p=4362"},"modified":"2025-09-25T14:00:39","modified_gmt":"2025-09-25T12:00:39","slug":"boucles-doreilles-dots-en-argent-ou-argent-plaque-or","status":"publish","type":"product","link":"https:\/\/www.yasminyahya.com\/fr\/boutique\/boucles-oreilles\/boucles-doreilles-dots-en-argent-ou-argent-plaque-or\/","title":{"rendered":"Boucles d&rsquo;oreilles DOTS"},"content":{"rendered":"<section class=\"l-section wpb_row height_medium\"><div class=\"l-section-h i-cf\"><div class=\"g-cols vc_row via_flex valign_top type_default stacking_default\"><div class=\"vc_col-sm-12 wpb_column vc_column_container\"><div class=\"vc_column-inner\"><div class=\"wpb_wrapper\"><div class=\"wpb_text_column\"><div class=\"wpb_wrapper\"><p><strong>Mati\u00e8re\u00a0:<\/strong> Argent 925\/000 \u00e9quitable d\u2019origine RJC (Responsible Jewelry Council) et argent plaqu\u00e9 or (3 microns)<\/p>\n<p><strong>Longueur:<\/strong> 3 cm<\/p>\n<p><strong>Finition:\u00a0<\/strong>Mat et poli\/martel\u00e9<\/p>\n<p>Le bijou est soigneusement fabriqu\u00e9 \u00e0 la main par Yasmin Yahya selon les techniques traditionnelles de la bijouterie, dans son atelier \u00e0 Turgi (Suisse). Elle utilise des m\u00e9taux pr\u00e9cieux \u00e9quitables d\u2019origine RJC (Responsible Jewelry Council).<\/p>\n<\/div><\/div><div class=\"w-separator size_custom\" style=\"height:32px\"><\/div><div class=\"wpb_text_column\"><div class=\"wpb_wrapper\"><h3>D\u00e9lai<\/h3>\n<p>Si votre bijou n\u2019est pas en stock, le d\u00e9lai sera de 7 jours ouvr\u00e9s auquel il faudra rajouter le temps d\u2019acheminement de la Poste.<\/p>\n<section class=\"related products\"><\/section>\n<\/div><\/div><\/div><\/div><\/div><\/div><\/div><\/section>\n","protected":false},"excerpt":{"rendered":"<p>Ces charmantes boucles d\u2019oreilles de la collection DOTS sont compos\u00e9es de deux disques avec une finition matte et martel\u00e9e\/polie. Elles mesurent 3 cm de haut.<br \/>\nElles sont pr\u00e9sent\u00e9es ici dans leurs deux versions : Enti\u00e8rement en argent \u00e9quitable RJC ou en argent \u00e9quitable RJC plaqu\u00e9 or (3 microns).<\/p>\n<p>Les boucles d&rsquo;oreilles font partie de la collection DOTS :\u00a0Le martelage, technique de mise en forme de la mati\u00e8re, permet \u00e9galement d\u2019obtenir des textures vari\u00e9es. Yasmin Yahya pratique avec plaisir celle qu\u2019elle a appel\u00e9e \u00ab\u00a0petit pois\u00a0\u00bb, devenue l\u2018inspiration de cette collection tr\u00e8s f\u00e9minine. Cercles, ronds, disques et petits pois\u00a0sont les ingr\u00e9dients de ces pi\u00e8ces mobiles et ludiques.<\/p>\n<p>Les boucles d&rsquo;oreilles seront livr\u00e9es dans un joli \u00e9crin avec un certificat d&rsquo;authenticit\u00e9.<\/p>\n","protected":false},"featured_media":9552,"template":"","meta":[],"product_cat":[290,294],"product_tag":[],"class_list":{"0":"post-4362","1":"product","2":"type-product","3":"status-publish","4":"has-post-thumbnail","6":"product_cat-boucles-oreilles","7":"product_cat-dots","9":"first","10":"instock","11":"shipping-taxable","12":"purchasable","13":"product-type-variable"},"yoast_head":"<!-- This site is optimized with the Yoast SEO plugin v23.5 - https:\/\/yoast.com\/wordpress\/plugins\/seo\/ -->\n<title>Boucles d&#039;oreilles DOTS - Yasmin Yahya<\/title>\n<meta name=\"description\" content=\"Des boucles d\u2019oreilles de la collection DOTS dans leurs deux versions, enti\u00e8rement en argent RJC, soit finition mat soit finition martel\u00e9\/poli.\" \/>\n<meta name=\"robots\" content=\"index, follow, max-snippet:-1, max-image-preview:large, max-video-preview:-1\" \/>\n<link rel=\"canonical\" href=\"https:\/\/www.yasminyahya.com\/fr\/boutique\/boucles-oreilles\/boucles-doreilles-dots-en-argent-ou-argent-plaque-or\/\" \/>\n<meta property=\"og:locale\" content=\"fr_FR\" \/>\n<meta property=\"og:type\" content=\"article\" \/>\n<meta property=\"og:title\" content=\"Boucles d&#039;oreilles DOTS - Yasmin Yahya\" \/>\n<meta property=\"og:description\" content=\"Des boucles d\u2019oreilles de la collection DOTS dans leurs deux versions, enti\u00e8rement en argent RJC, soit finition mat soit finition martel\u00e9\/poli.\" \/>\n<meta property=\"og:url\" content=\"https:\/\/www.yasminyahya.com\/fr\/boutique\/boucles-oreilles\/boucles-doreilles-dots-en-argent-ou-argent-plaque-or\/\" \/>\n<meta property=\"og:site_name\" content=\"Yasmin Yahya\" \/>\n<meta property=\"article:modified_time\" content=\"2025-09-25T12:00:39+00:00\" \/>\n<meta property=\"og:image\" content=\"https:\/\/www.yasminyahya.com\/wp-content\/uploads\/2021\/01\/Yasmin-yahya-BO-Dots2-1.jpg\" \/>\n\t<meta property=\"og:image:width\" content=\"1800\" \/>\n\t<meta property=\"og:image:height\" content=\"1800\" \/>\n\t<meta property=\"og:image:type\" content=\"image\/jpeg\" \/>\n<meta name=\"twitter:card\" content=\"summary_large_image\" \/>\n<meta name=\"twitter:label1\" content=\"Dur\u00e9e de lecture estim\u00e9e\" \/>\n\t<meta name=\"twitter:data1\" content=\"1 minute\" \/>\n<script type=\"application\/ld+json\" class=\"yoast-schema-graph\">{\"@context\":\"https:\/\/schema.org\",\"@graph\":[{\"@type\":\"WebPage\",\"@id\":\"https:\/\/www.yasminyahya.com\/fr\/boutique\/boucles-oreilles\/boucles-doreilles-dots-en-argent-ou-argent-plaque-or\/\",\"url\":\"https:\/\/www.yasminyahya.com\/fr\/boutique\/boucles-oreilles\/boucles-doreilles-dots-en-argent-ou-argent-plaque-or\/\",\"name\":\"Boucles d'oreilles DOTS - Yasmin Yahya\",\"isPartOf\":{\"@id\":\"https:\/\/www.yasminyahya.com\/fr\/#website\"},\"primaryImageOfPage\":{\"@id\":\"https:\/\/www.yasminyahya.com\/fr\/boutique\/boucles-oreilles\/boucles-doreilles-dots-en-argent-ou-argent-plaque-or\/#primaryimage\"},\"image\":{\"@id\":\"https:\/\/www.yasminyahya.com\/fr\/boutique\/boucles-oreilles\/boucles-doreilles-dots-en-argent-ou-argent-plaque-or\/#primaryimage\"},\"thumbnailUrl\":\"https:\/\/www.yasminyahya.com\/wp-content\/uploads\/2021\/01\/Yasmin-yahya-BO-Dots2-1.jpg\",\"datePublished\":\"2019-05-26T14:22:37+00:00\",\"dateModified\":\"2025-09-25T12:00:39+00:00\",\"description\":\"Des boucles d\u2019oreilles de la collection DOTS dans leurs deux versions, enti\u00e8rement en argent RJC, soit finition mat soit finition martel\u00e9\/poli.\",\"breadcrumb\":{\"@id\":\"https:\/\/www.yasminyahya.com\/fr\/boutique\/boucles-oreilles\/boucles-doreilles-dots-en-argent-ou-argent-plaque-or\/#breadcrumb\"},\"inLanguage\":\"fr-FR\",\"potentialAction\":[{\"@type\":\"ReadAction\",\"target\":[\"https:\/\/www.yasminyahya.com\/fr\/boutique\/boucles-oreilles\/boucles-doreilles-dots-en-argent-ou-argent-plaque-or\/\"]}]},{\"@type\":\"ImageObject\",\"inLanguage\":\"fr-FR\",\"@id\":\"https:\/\/www.yasminyahya.com\/fr\/boutique\/boucles-oreilles\/boucles-doreilles-dots-en-argent-ou-argent-plaque-or\/#primaryimage\",\"url\":\"https:\/\/www.yasminyahya.com\/wp-content\/uploads\/2021\/01\/Yasmin-yahya-BO-Dots2-1.jpg\",\"contentUrl\":\"https:\/\/www.yasminyahya.com\/wp-content\/uploads\/2021\/01\/Yasmin-yahya-BO-Dots2-1.jpg\",\"width\":1800,\"height\":1800},{\"@type\":\"BreadcrumbList\",\"@id\":\"https:\/\/www.yasminyahya.com\/fr\/boutique\/boucles-oreilles\/boucles-doreilles-dots-en-argent-ou-argent-plaque-or\/#breadcrumb\",\"itemListElement\":[{\"@type\":\"ListItem\",\"position\":1,\"name\":\"Accueil\",\"item\":\"https:\/\/www.yasminyahya.com\/fr\/\"},{\"@type\":\"ListItem\",\"position\":2,\"name\":\"Produits\",\"item\":\"https:\/\/www.yasminyahya.com\/fr\/shop\/\"},{\"@type\":\"ListItem\",\"position\":3,\"name\":\"Boucles d&rsquo;oreilles DOTS\"}]},{\"@type\":\"WebSite\",\"@id\":\"https:\/\/www.yasminyahya.com\/fr\/#website\",\"url\":\"https:\/\/www.yasminyahya.com\/fr\/\",\"name\":\"Yasmin Yahya\",\"description\":\"Bijoux Contemporains\",\"potentialAction\":[{\"@type\":\"SearchAction\",\"target\":{\"@type\":\"EntryPoint\",\"urlTemplate\":\"https:\/\/www.yasminyahya.com\/fr\/?s={search_term_string}\"},\"query-input\":{\"@type\":\"PropertyValueSpecification\",\"valueRequired\":true,\"valueName\":\"search_term_string\"}}],\"inLanguage\":\"fr-FR\"}]}<\/script>\n<!-- \/ Yoast SEO plugin. -->","yoast_head_json":{"title":"Boucles d'oreilles DOTS - Yasmin Yahya","description":"Des boucles d\u2019oreilles de la collection DOTS dans leurs deux versions, enti\u00e8rement en argent RJC, soit finition mat soit finition martel\u00e9\/poli.","robots":{"index":"index","follow":"follow","max-snippet":"max-snippet:-1","max-image-preview":"max-image-preview:large","max-video-preview":"max-video-preview:-1"},"canonical":"https:\/\/www.yasminyahya.com\/fr\/boutique\/boucles-oreilles\/boucles-doreilles-dots-en-argent-ou-argent-plaque-or\/","og_locale":"fr_FR","og_type":"article","og_title":"Boucles d'oreilles DOTS - Yasmin Yahya","og_description":"Des boucles d\u2019oreilles de la collection DOTS dans leurs deux versions, enti\u00e8rement en argent RJC, soit finition mat soit finition martel\u00e9\/poli.","og_url":"https:\/\/www.yasminyahya.com\/fr\/boutique\/boucles-oreilles\/boucles-doreilles-dots-en-argent-ou-argent-plaque-or\/","og_site_name":"Yasmin Yahya","article_modified_time":"2025-09-25T12:00:39+00:00","og_image":[{"width":1800,"height":1800,"url":"https:\/\/www.yasminyahya.com\/wp-content\/uploads\/2021\/01\/Yasmin-yahya-BO-Dots2-1.jpg","type":"image\/jpeg"}],"twitter_card":"summary_large_image","twitter_misc":{"Dur\u00e9e de lecture estim\u00e9e":"1 minute"},"schema":{"@context":"https:\/\/schema.org","@graph":[{"@type":"WebPage","@id":"https:\/\/www.yasminyahya.com\/fr\/boutique\/boucles-oreilles\/boucles-doreilles-dots-en-argent-ou-argent-plaque-or\/","url":"https:\/\/www.yasminyahya.com\/fr\/boutique\/boucles-oreilles\/boucles-doreilles-dots-en-argent-ou-argent-plaque-or\/","name":"Boucles d'oreilles DOTS - Yasmin Yahya","isPartOf":{"@id":"https:\/\/www.yasminyahya.com\/fr\/#website"},"primaryImageOfPage":{"@id":"https:\/\/www.yasminyahya.com\/fr\/boutique\/boucles-oreilles\/boucles-doreilles-dots-en-argent-ou-argent-plaque-or\/#primaryimage"},"image":{"@id":"https:\/\/www.yasminyahya.com\/fr\/boutique\/boucles-oreilles\/boucles-doreilles-dots-en-argent-ou-argent-plaque-or\/#primaryimage"},"thumbnailUrl":"https:\/\/www.yasminyahya.com\/wp-content\/uploads\/2021\/01\/Yasmin-yahya-BO-Dots2-1.jpg","datePublished":"2019-05-26T14:22:37+00:00","dateModified":"2025-09-25T12:00:39+00:00","description":"Des boucles d\u2019oreilles de la collection DOTS dans leurs deux versions, enti\u00e8rement en argent RJC, soit finition mat soit finition martel\u00e9\/poli.","breadcrumb":{"@id":"https:\/\/www.yasminyahya.com\/fr\/boutique\/boucles-oreilles\/boucles-doreilles-dots-en-argent-ou-argent-plaque-or\/#breadcrumb"},"inLanguage":"fr-FR","potentialAction":[{"@type":"ReadAction","target":["https:\/\/www.yasminyahya.com\/fr\/boutique\/boucles-oreilles\/boucles-doreilles-dots-en-argent-ou-argent-plaque-or\/"]}]},{"@type":"ImageObject","inLanguage":"fr-FR","@id":"https:\/\/www.yasminyahya.com\/fr\/boutique\/boucles-oreilles\/boucles-doreilles-dots-en-argent-ou-argent-plaque-or\/#primaryimage","url":"https:\/\/www.yasminyahya.com\/wp-content\/uploads\/2021\/01\/Yasmin-yahya-BO-Dots2-1.jpg","contentUrl":"https:\/\/www.yasminyahya.com\/wp-content\/uploads\/2021\/01\/Yasmin-yahya-BO-Dots2-1.jpg","width":1800,"height":1800},{"@type":"BreadcrumbList","@id":"https:\/\/www.yasminyahya.com\/fr\/boutique\/boucles-oreilles\/boucles-doreilles-dots-en-argent-ou-argent-plaque-or\/#breadcrumb","itemListElement":[{"@type":"ListItem","position":1,"name":"Accueil","item":"https:\/\/www.yasminyahya.com\/fr\/"},{"@type":"ListItem","position":2,"name":"Produits","item":"https:\/\/www.yasminyahya.com\/fr\/shop\/"},{"@type":"ListItem","position":3,"name":"Boucles d&rsquo;oreilles DOTS"}]},{"@type":"WebSite","@id":"https:\/\/www.yasminyahya.com\/fr\/#website","url":"https:\/\/www.yasminyahya.com\/fr\/","name":"Yasmin Yahya","description":"Bijoux Contemporains","potentialAction":[{"@type":"SearchAction","target":{"@type":"EntryPoint","urlTemplate":"https:\/\/www.yasminyahya.com\/fr\/?s={search_term_string}"},"query-input":{"@type":"PropertyValueSpecification","valueRequired":true,"valueName":"search_term_string"}}],"inLanguage":"fr-FR"}]}},"_links":{"self":[{"href":"https:\/\/www.yasminyahya.com\/fr\/wp-json\/wp\/v2\/product\/4362"}],"collection":[{"href":"https:\/\/www.yasminyahya.com\/fr\/wp-json\/wp\/v2\/product"}],"about":[{"href":"https:\/\/www.yasminyahya.com\/fr\/wp-json\/wp\/v2\/types\/product"}],"wp:featuredmedia":[{"embeddable":true,"href":"https:\/\/www.yasminyahya.com\/fr\/wp-json\/wp\/v2\/media\/9552"}],"wp:attachment":[{"href":"https:\/\/www.yasminyahya.com\/fr\/wp-json\/wp\/v2\/media?parent=4362"}],"wp:term":[{"taxonomy":"product_cat","embeddable":true,"href":"https:\/\/www.yasminyahya.com\/fr\/wp-json\/wp\/v2\/product_cat?post=4362"},{"taxonomy":"product_tag","embeddable":true,"href":"https:\/\/www.yasminyahya.com\/fr\/wp-json\/wp\/v2\/product_tag?post=4362"}],"curies":[{"name":"wp","href":"https:\/\/api.w.org\/{rel}","templated":true}]}}