{"id":4464,"date":"2019-05-27T22:10:57","date_gmt":"2019-05-27T20:10:57","guid":{"rendered":"https:\/\/www.yasminyahya.com\/?post_type=product&#038;p=4464"},"modified":"2024-03-07T15:26:13","modified_gmt":"2024-03-07T14:26:13","slug":"bague-ring-garden-enroule-en-argent-et-or-18-cts-avec-diamant","status":"publish","type":"product","link":"https:\/\/www.yasminyahya.com\/fr\/boutique\/bagues\/bague-ring-garden-enroule-en-argent-et-or-18-cts-avec-diamant\/","title":{"rendered":"Bague RING GARDEN avec diamant"},"content":{"rendered":"<section class=\"l-section wpb_row height_medium\"><div class=\"l-section-h i-cf\"><div class=\"g-cols vc_row via_flex valign_top type_default stacking_default\"><div class=\"vc_col-sm-12 wpb_column vc_column_container\"><div class=\"vc_column-inner\"><div class=\"wpb_wrapper\"><div class=\"wpb_text_column\"><div class=\"wpb_wrapper\"><p><strong>Mati\u00e8re\u00a0:<\/strong> Argent et or 18 carats \u00e9quitable d\u2019origine RJC (Responsible Jewelry Council) avec diamant \u00f8 2 mm (0,033 ct)<\/p>\n<p><strong>Largeur\u00a0:<\/strong> Env. 1,2 cm<\/p>\n<p><strong>Tailles\u00a0:<\/strong> 49-59 (d\u2019autres tailles disponibles sur demande)<\/p>\n<p>Le bijou est soigneusement fabriqu\u00e9 \u00e0 la main par Yasmin Yahya selon les techniques traditionnelles de la bijouterie, dans son atelier \u00e0 Turgi (Suisse). Elle utilise des m\u00e9taux pr\u00e9cieux \u00e9quitables d\u2019origine RJC (Responsible Jewelry Council).<\/p>\n<\/div><\/div><div class=\"w-separator size_custom\" style=\"height:32px\"><\/div><div class=\"wpb_text_column\"><div class=\"wpb_wrapper\"><h3>D\u00e9lai<\/h3>\n<p>Si votre taille n\u2019est pas en stock, le d\u00e9lai sera de 7 jours ouvr\u00e9s auquel il faudra rajouter le temps d\u2019acheminement de la Poste.<\/p>\n<\/div><\/div><\/div><\/div><\/div><\/div><\/div><\/section>\n","protected":false},"excerpt":{"rendered":"<p>Bague enroul\u00e9e de la collection RING GARDEN en argent et or 18 cts \u00e9thique RJC avec un diamant d&rsquo;un diam\u00e8tre de \u00f8 2mm (0,033 ct).<\/p>\n<p>La bague a une largeur d&rsquo;environ 1,2 cm en argent bross\u00e9, rehauss\u00e9e d&rsquo;un petit diamant avec une monture en cercle clos en or 18 carats. Chaque pi\u00e8ce est fait main, il peut y avoir des l\u00e9g\u00e8res diff\u00e9rences entre chaque pi\u00e8ce.<\/p>\n<p>La pi\u00e8ce de bijouterie pr\u00e9f\u00e9r\u00e9e de Yasmin Yahya est la bague: Une collection enti\u00e8re lui est donc d\u00e9di\u00e9e.<\/p>\n<p>La bague sera livr\u00e9e avec un joli \u00e9crin et un certificat d&rsquo;authenticit\u00e9.<\/p>\n","protected":false},"featured_media":9452,"template":"","meta":[],"product_cat":[262,800,298],"product_tag":[],"class_list":{"0":"post-4464","1":"product","2":"type-product","3":"status-publish","4":"has-post-thumbnail","6":"product_cat-bagues","7":"product_cat-divers-pieces-uniques","8":"product_cat-ring-garden","10":"first","11":"instock","12":"shipping-taxable","13":"purchasable","14":"product-type-variable"},"yoast_head":"<!-- This site is optimized with the Yoast SEO plugin v23.5 - https:\/\/yoast.com\/wordpress\/plugins\/seo\/ -->\n<title>Bague RING GARDEN avec diamant - Yasmin Yahya<\/title>\n<meta name=\"description\" content=\"Bague enroul\u00e9 en argent mat, orn\u00e9e avec un petit diamant serti en or. Cr\u00e9ation par Yasmin Yahya, bas\u00e9e en Suisse\" \/>\n<meta name=\"robots\" content=\"index, follow, max-snippet:-1, max-image-preview:large, max-video-preview:-1\" \/>\n<link rel=\"canonical\" href=\"https:\/\/www.yasminyahya.com\/fr\/boutique\/bagues\/bague-ring-garden-enroule-en-argent-et-or-18-cts-avec-diamant\/\" \/>\n<meta property=\"og:locale\" content=\"fr_FR\" \/>\n<meta property=\"og:type\" content=\"article\" \/>\n<meta property=\"og:title\" content=\"Bague RING GARDEN avec diamant - Yasmin Yahya\" \/>\n<meta property=\"og:description\" content=\"Bague enroul\u00e9 en argent mat, orn\u00e9e avec un petit diamant serti en or. Cr\u00e9ation par Yasmin Yahya, bas\u00e9e en Suisse\" \/>\n<meta property=\"og:url\" content=\"https:\/\/www.yasminyahya.com\/fr\/boutique\/bagues\/bague-ring-garden-enroule-en-argent-et-or-18-cts-avec-diamant\/\" \/>\n<meta property=\"og:site_name\" content=\"Yasmin Yahya\" \/>\n<meta property=\"article:modified_time\" content=\"2024-03-07T14:26:13+00:00\" \/>\n<meta property=\"og:image\" content=\"https:\/\/www.yasminyahya.com\/wp-content\/uploads\/2019\/05\/Yasmin-Yahya-BAF-RG-diamant.jpg\" \/>\n\t<meta property=\"og:image:width\" content=\"2121\" \/>\n\t<meta property=\"og:image:height\" content=\"2121\" \/>\n\t<meta property=\"og:image:type\" content=\"image\/jpeg\" \/>\n<meta name=\"twitter:card\" content=\"summary_large_image\" \/>\n<meta name=\"twitter:label1\" content=\"Dur\u00e9e de lecture estim\u00e9e\" \/>\n\t<meta name=\"twitter:data1\" content=\"1 minute\" \/>\n<script type=\"application\/ld+json\" class=\"yoast-schema-graph\">{\"@context\":\"https:\/\/schema.org\",\"@graph\":[{\"@type\":\"WebPage\",\"@id\":\"https:\/\/www.yasminyahya.com\/fr\/boutique\/bagues\/bague-ring-garden-enroule-en-argent-et-or-18-cts-avec-diamant\/\",\"url\":\"https:\/\/www.yasminyahya.com\/fr\/boutique\/bagues\/bague-ring-garden-enroule-en-argent-et-or-18-cts-avec-diamant\/\",\"name\":\"Bague RING GARDEN avec diamant - Yasmin Yahya\",\"isPartOf\":{\"@id\":\"https:\/\/www.yasminyahya.com\/fr\/#website\"},\"primaryImageOfPage\":{\"@id\":\"https:\/\/www.yasminyahya.com\/fr\/boutique\/bagues\/bague-ring-garden-enroule-en-argent-et-or-18-cts-avec-diamant\/#primaryimage\"},\"image\":{\"@id\":\"https:\/\/www.yasminyahya.com\/fr\/boutique\/bagues\/bague-ring-garden-enroule-en-argent-et-or-18-cts-avec-diamant\/#primaryimage\"},\"thumbnailUrl\":\"https:\/\/www.yasminyahya.com\/wp-content\/uploads\/2019\/05\/Yasmin-Yahya-BAF-RG-diamant.jpg\",\"datePublished\":\"2019-05-27T20:10:57+00:00\",\"dateModified\":\"2024-03-07T14:26:13+00:00\",\"description\":\"Bague enroul\u00e9 en argent mat, orn\u00e9e avec un petit diamant serti en or. Cr\u00e9ation par Yasmin Yahya, bas\u00e9e en Suisse\",\"breadcrumb\":{\"@id\":\"https:\/\/www.yasminyahya.com\/fr\/boutique\/bagues\/bague-ring-garden-enroule-en-argent-et-or-18-cts-avec-diamant\/#breadcrumb\"},\"inLanguage\":\"fr-FR\",\"potentialAction\":[{\"@type\":\"ReadAction\",\"target\":[\"https:\/\/www.yasminyahya.com\/fr\/boutique\/bagues\/bague-ring-garden-enroule-en-argent-et-or-18-cts-avec-diamant\/\"]}]},{\"@type\":\"ImageObject\",\"inLanguage\":\"fr-FR\",\"@id\":\"https:\/\/www.yasminyahya.com\/fr\/boutique\/bagues\/bague-ring-garden-enroule-en-argent-et-or-18-cts-avec-diamant\/#primaryimage\",\"url\":\"https:\/\/www.yasminyahya.com\/wp-content\/uploads\/2019\/05\/Yasmin-Yahya-BAF-RG-diamant.jpg\",\"contentUrl\":\"https:\/\/www.yasminyahya.com\/wp-content\/uploads\/2019\/05\/Yasmin-Yahya-BAF-RG-diamant.jpg\",\"width\":2121,\"height\":2121},{\"@type\":\"BreadcrumbList\",\"@id\":\"https:\/\/www.yasminyahya.com\/fr\/boutique\/bagues\/bague-ring-garden-enroule-en-argent-et-or-18-cts-avec-diamant\/#breadcrumb\",\"itemListElement\":[{\"@type\":\"ListItem\",\"position\":1,\"name\":\"Accueil\",\"item\":\"https:\/\/www.yasminyahya.com\/fr\/\"},{\"@type\":\"ListItem\",\"position\":2,\"name\":\"Produits\",\"item\":\"https:\/\/www.yasminyahya.com\/fr\/shop\/\"},{\"@type\":\"ListItem\",\"position\":3,\"name\":\"Bague RING GARDEN avec diamant\"}]},{\"@type\":\"WebSite\",\"@id\":\"https:\/\/www.yasminyahya.com\/fr\/#website\",\"url\":\"https:\/\/www.yasminyahya.com\/fr\/\",\"name\":\"Yasmin Yahya\",\"description\":\"Bijoux Contemporains\",\"potentialAction\":[{\"@type\":\"SearchAction\",\"target\":{\"@type\":\"EntryPoint\",\"urlTemplate\":\"https:\/\/www.yasminyahya.com\/fr\/?s={search_term_string}\"},\"query-input\":{\"@type\":\"PropertyValueSpecification\",\"valueRequired\":true,\"valueName\":\"search_term_string\"}}],\"inLanguage\":\"fr-FR\"}]}<\/script>\n<!-- \/ Yoast SEO plugin. -->","yoast_head_json":{"title":"Bague RING GARDEN avec diamant - Yasmin Yahya","description":"Bague enroul\u00e9 en argent mat, orn\u00e9e avec un petit diamant serti en or. Cr\u00e9ation par Yasmin Yahya, bas\u00e9e en Suisse","robots":{"index":"index","follow":"follow","max-snippet":"max-snippet:-1","max-image-preview":"max-image-preview:large","max-video-preview":"max-video-preview:-1"},"canonical":"https:\/\/www.yasminyahya.com\/fr\/boutique\/bagues\/bague-ring-garden-enroule-en-argent-et-or-18-cts-avec-diamant\/","og_locale":"fr_FR","og_type":"article","og_title":"Bague RING GARDEN avec diamant - Yasmin Yahya","og_description":"Bague enroul\u00e9 en argent mat, orn\u00e9e avec un petit diamant serti en or. Cr\u00e9ation par Yasmin Yahya, bas\u00e9e en Suisse","og_url":"https:\/\/www.yasminyahya.com\/fr\/boutique\/bagues\/bague-ring-garden-enroule-en-argent-et-or-18-cts-avec-diamant\/","og_site_name":"Yasmin Yahya","article_modified_time":"2024-03-07T14:26:13+00:00","og_image":[{"width":2121,"height":2121,"url":"https:\/\/www.yasminyahya.com\/wp-content\/uploads\/2019\/05\/Yasmin-Yahya-BAF-RG-diamant.jpg","type":"image\/jpeg"}],"twitter_card":"summary_large_image","twitter_misc":{"Dur\u00e9e de lecture estim\u00e9e":"1 minute"},"schema":{"@context":"https:\/\/schema.org","@graph":[{"@type":"WebPage","@id":"https:\/\/www.yasminyahya.com\/fr\/boutique\/bagues\/bague-ring-garden-enroule-en-argent-et-or-18-cts-avec-diamant\/","url":"https:\/\/www.yasminyahya.com\/fr\/boutique\/bagues\/bague-ring-garden-enroule-en-argent-et-or-18-cts-avec-diamant\/","name":"Bague RING GARDEN avec diamant - Yasmin Yahya","isPartOf":{"@id":"https:\/\/www.yasminyahya.com\/fr\/#website"},"primaryImageOfPage":{"@id":"https:\/\/www.yasminyahya.com\/fr\/boutique\/bagues\/bague-ring-garden-enroule-en-argent-et-or-18-cts-avec-diamant\/#primaryimage"},"image":{"@id":"https:\/\/www.yasminyahya.com\/fr\/boutique\/bagues\/bague-ring-garden-enroule-en-argent-et-or-18-cts-avec-diamant\/#primaryimage"},"thumbnailUrl":"https:\/\/www.yasminyahya.com\/wp-content\/uploads\/2019\/05\/Yasmin-Yahya-BAF-RG-diamant.jpg","datePublished":"2019-05-27T20:10:57+00:00","dateModified":"2024-03-07T14:26:13+00:00","description":"Bague enroul\u00e9 en argent mat, orn\u00e9e avec un petit diamant serti en or. Cr\u00e9ation par Yasmin Yahya, bas\u00e9e en Suisse","breadcrumb":{"@id":"https:\/\/www.yasminyahya.com\/fr\/boutique\/bagues\/bague-ring-garden-enroule-en-argent-et-or-18-cts-avec-diamant\/#breadcrumb"},"inLanguage":"fr-FR","potentialAction":[{"@type":"ReadAction","target":["https:\/\/www.yasminyahya.com\/fr\/boutique\/bagues\/bague-ring-garden-enroule-en-argent-et-or-18-cts-avec-diamant\/"]}]},{"@type":"ImageObject","inLanguage":"fr-FR","@id":"https:\/\/www.yasminyahya.com\/fr\/boutique\/bagues\/bague-ring-garden-enroule-en-argent-et-or-18-cts-avec-diamant\/#primaryimage","url":"https:\/\/www.yasminyahya.com\/wp-content\/uploads\/2019\/05\/Yasmin-Yahya-BAF-RG-diamant.jpg","contentUrl":"https:\/\/www.yasminyahya.com\/wp-content\/uploads\/2019\/05\/Yasmin-Yahya-BAF-RG-diamant.jpg","width":2121,"height":2121},{"@type":"BreadcrumbList","@id":"https:\/\/www.yasminyahya.com\/fr\/boutique\/bagues\/bague-ring-garden-enroule-en-argent-et-or-18-cts-avec-diamant\/#breadcrumb","itemListElement":[{"@type":"ListItem","position":1,"name":"Accueil","item":"https:\/\/www.yasminyahya.com\/fr\/"},{"@type":"ListItem","position":2,"name":"Produits","item":"https:\/\/www.yasminyahya.com\/fr\/shop\/"},{"@type":"ListItem","position":3,"name":"Bague RING GARDEN avec diamant"}]},{"@type":"WebSite","@id":"https:\/\/www.yasminyahya.com\/fr\/#website","url":"https:\/\/www.yasminyahya.com\/fr\/","name":"Yasmin Yahya","description":"Bijoux Contemporains","potentialAction":[{"@type":"SearchAction","target":{"@type":"EntryPoint","urlTemplate":"https:\/\/www.yasminyahya.com\/fr\/?s={search_term_string}"},"query-input":{"@type":"PropertyValueSpecification","valueRequired":true,"valueName":"search_term_string"}}],"inLanguage":"fr-FR"}]}},"_links":{"self":[{"href":"https:\/\/www.yasminyahya.com\/fr\/wp-json\/wp\/v2\/product\/4464"}],"collection":[{"href":"https:\/\/www.yasminyahya.com\/fr\/wp-json\/wp\/v2\/product"}],"about":[{"href":"https:\/\/www.yasminyahya.com\/fr\/wp-json\/wp\/v2\/types\/product"}],"wp:featuredmedia":[{"embeddable":true,"href":"https:\/\/www.yasminyahya.com\/fr\/wp-json\/wp\/v2\/media\/9452"}],"wp:attachment":[{"href":"https:\/\/www.yasminyahya.com\/fr\/wp-json\/wp\/v2\/media?parent=4464"}],"wp:term":[{"taxonomy":"product_cat","embeddable":true,"href":"https:\/\/www.yasminyahya.com\/fr\/wp-json\/wp\/v2\/product_cat?post=4464"},{"taxonomy":"product_tag","embeddable":true,"href":"https:\/\/www.yasminyahya.com\/fr\/wp-json\/wp\/v2\/product_tag?post=4464"}],"curies":[{"name":"wp","href":"https:\/\/api.w.org\/{rel}","templated":true}]}}