{"id":4557,"date":"2019-05-30T16:58:10","date_gmt":"2019-05-30T14:58:10","guid":{"rendered":"https:\/\/www.yasminyahya.com\/?post_type=product&#038;p=4557"},"modified":"2024-09-12T09:46:43","modified_gmt":"2024-09-12T07:46:43","slug":"bague-mountain-en-argent-et-or-22-cts","status":"publish","type":"product","link":"https:\/\/www.yasminyahya.com\/fr\/boutique\/bagues\/bague-mountain-en-argent-et-or-22-cts\/","title":{"rendered":"Bague MOUNTAIN avec citrine"},"content":{"rendered":"<section class=\"l-section wpb_row height_medium\"><div class=\"l-section-h i-cf\"><div class=\"g-cols vc_row via_flex valign_top type_default stacking_default\"><div class=\"vc_col-sm-12 wpb_column vc_column_container\"><div class=\"vc_column-inner\"><div class=\"wpb_wrapper\"><div class=\"wpb_text_column\"><div class=\"wpb_wrapper\"><p><strong>Mati\u00e8re\u00a0:<\/strong> Argent et or 22 cts \u00e9quitable d\u2019origine RJC (Responsible Jewelry Council)<\/p>\n<p><strong>Pierre\u00a0:<\/strong> Citrine \u00f8 12 mm<\/p>\n<p><strong>Tailles\u00a0:<\/strong>\u00a050 &#8211; 59 (d&rsquo;autres tailles disponible sur demande)<\/p>\n<p><strong>Largeur de la bague :<\/strong> env. 0,7 cm<\/p>\n<p>Le bijou est soigneusement fabriqu\u00e9 \u00e0 la main par Yasmin Yahya selon les techniques traditionnelles de la bijouterie, dans son atelier \u00e0 Turgi (Suisse). Elle utilise des m\u00e9taux pr\u00e9cieux \u00e9quitables d\u2019origine RJC (Responsible Jewelry Council).<\/p>\n<\/div><\/div><div class=\"w-separator size_custom\" style=\"height:32px\"><\/div><\/div><\/div><\/div><\/div><\/div><\/section><section class=\"l-section wpb_row height_medium\"><div class=\"l-section-h i-cf\"><div class=\"g-cols vc_row via_flex valign_top type_default stacking_default\"><div class=\"vc_col-sm-12 wpb_column vc_column_container\"><div class=\"vc_column-inner\"><div class=\"wpb_wrapper\"><div class=\"wpb_text_column\"><div class=\"wpb_wrapper\"><h3>D\u00e9lai<\/h3>\n<p>Si votre taille n\u2019est pas en stock, le d\u00e9lai sera de 7 jours ouvr\u00e9s auquel il faudra rajouter le temps d\u2019acheminement de la Poste.<\/p>\n<\/div><\/div><\/div><\/div><\/div><\/div><\/div><\/section>\n","protected":false},"excerpt":{"rendered":"<p>Cette bague de la collection MOUNTAIN est pr\u00e9sent\u00e9e ici dans sa version en argent et or 22 carats \u00e9thique RJC, rehauss\u00e9e d\u2019une citrine d\u2019un diam\u00e8tre de 12 mm. La bague a une largeur de 0,7 cm. La monture de la pierre en demi-sph\u00e8re en fait son originalit\u00e9 et son charme.<\/p>\n<p>C\u2019est la Suisse qui est la source d\u2019inspiration de Yasmin Yahya pour cette collection. Pays d\u2019origine de sa m\u00e8re et o\u00f9 elle a grandi, cette terre riche en montagnes et en lacs a fa\u00e7onn\u00e9 ses paysages int\u00e9rieurs. Promenades et randonn\u00e9es ont imprim\u00e9 en elle cette association de teintes vert d\u2019eau, gris et jaune d\u2019or.<\/p>\n<p>La bague sera livr\u00e9e dans un joli \u00e9crin et un certificat d&rsquo;authenticit\u00e9.<\/p>\n<p><strong>Une gravure<\/strong>\u00a0\u00e0 l&rsquo;int\u00e9rieur de la bague <strong>est offerte<\/strong>,<strong>\u00a0<\/strong>merci de me <strong><a href=\"https:\/\/www.yasminyahya.com\/contact\/\">contacter<\/a> <\/strong>pour me transmettre votre texte<\/p>\n","protected":false},"featured_media":9415,"template":"","meta":[],"product_cat":[262,296],"product_tag":[],"class_list":{"0":"post-4557","1":"product","2":"type-product","3":"status-publish","4":"has-post-thumbnail","6":"product_cat-bagues","7":"product_cat-mountain","9":"first","10":"instock","11":"shipping-taxable","12":"purchasable","13":"product-type-variable"},"yoast_head":"<!-- This site is optimized with the Yoast SEO plugin v23.5 - https:\/\/yoast.com\/wordpress\/plugins\/seo\/ -->\n<title>Bague MOUNTAIN avec citrine - Yasmin Yahya<\/title>\n<meta name=\"description\" content=\"Bague de la collection MOUNTAIN , argent et palladium \u00e9thique RJC, rehauss\u00e9e d\u2019une prasiolithe (am\u00e9thyste verte) \u00f8 12 mm. Bijoux contemporains par Yasmin Yahya\" \/>\n<meta name=\"robots\" content=\"index, follow, max-snippet:-1, max-image-preview:large, max-video-preview:-1\" \/>\n<link rel=\"canonical\" href=\"https:\/\/www.yasminyahya.com\/fr\/boutique\/bagues\/bague-mountain-en-argent-et-or-22-cts\/\" \/>\n<meta property=\"og:locale\" content=\"fr_FR\" \/>\n<meta property=\"og:type\" content=\"article\" \/>\n<meta property=\"og:title\" content=\"Bague MOUNTAIN avec citrine - Yasmin Yahya\" \/>\n<meta property=\"og:description\" content=\"Bague de la collection MOUNTAIN , argent et palladium \u00e9thique RJC, rehauss\u00e9e d\u2019une prasiolithe (am\u00e9thyste verte) \u00f8 12 mm. Bijoux contemporains par Yasmin Yahya\" \/>\n<meta property=\"og:url\" content=\"https:\/\/www.yasminyahya.com\/fr\/boutique\/bagues\/bague-mountain-en-argent-et-or-22-cts\/\" \/>\n<meta property=\"og:site_name\" content=\"Yasmin Yahya\" \/>\n<meta property=\"article:modified_time\" content=\"2024-09-12T07:46:43+00:00\" \/>\n<meta property=\"og:image\" content=\"https:\/\/www.yasminyahya.com\/wp-content\/uploads\/2019\/05\/Yasmin-Yahya-BAF-Mountain-Gold-1.jpg\" \/>\n\t<meta property=\"og:image:width\" content=\"1600\" \/>\n\t<meta property=\"og:image:height\" content=\"1600\" \/>\n\t<meta property=\"og:image:type\" content=\"image\/jpeg\" \/>\n<meta name=\"twitter:card\" content=\"summary_large_image\" \/>\n<meta name=\"twitter:label1\" content=\"Dur\u00e9e de lecture estim\u00e9e\" \/>\n\t<meta name=\"twitter:data1\" content=\"1 minute\" \/>\n<script type=\"application\/ld+json\" class=\"yoast-schema-graph\">{\"@context\":\"https:\/\/schema.org\",\"@graph\":[{\"@type\":\"WebPage\",\"@id\":\"https:\/\/www.yasminyahya.com\/fr\/boutique\/bagues\/bague-mountain-en-argent-et-or-22-cts\/\",\"url\":\"https:\/\/www.yasminyahya.com\/fr\/boutique\/bagues\/bague-mountain-en-argent-et-or-22-cts\/\",\"name\":\"Bague MOUNTAIN avec citrine - Yasmin Yahya\",\"isPartOf\":{\"@id\":\"https:\/\/www.yasminyahya.com\/fr\/#website\"},\"primaryImageOfPage\":{\"@id\":\"https:\/\/www.yasminyahya.com\/fr\/boutique\/bagues\/bague-mountain-en-argent-et-or-22-cts\/#primaryimage\"},\"image\":{\"@id\":\"https:\/\/www.yasminyahya.com\/fr\/boutique\/bagues\/bague-mountain-en-argent-et-or-22-cts\/#primaryimage\"},\"thumbnailUrl\":\"https:\/\/www.yasminyahya.com\/wp-content\/uploads\/2019\/05\/Yasmin-Yahya-BAF-Mountain-Gold-1.jpg\",\"datePublished\":\"2019-05-30T14:58:10+00:00\",\"dateModified\":\"2024-09-12T07:46:43+00:00\",\"description\":\"Bague de la collection MOUNTAIN , argent et palladium \u00e9thique RJC, rehauss\u00e9e d\u2019une prasiolithe (am\u00e9thyste verte) \u00f8 12 mm. Bijoux contemporains par Yasmin Yahya\",\"breadcrumb\":{\"@id\":\"https:\/\/www.yasminyahya.com\/fr\/boutique\/bagues\/bague-mountain-en-argent-et-or-22-cts\/#breadcrumb\"},\"inLanguage\":\"fr-FR\",\"potentialAction\":[{\"@type\":\"ReadAction\",\"target\":[\"https:\/\/www.yasminyahya.com\/fr\/boutique\/bagues\/bague-mountain-en-argent-et-or-22-cts\/\"]}]},{\"@type\":\"ImageObject\",\"inLanguage\":\"fr-FR\",\"@id\":\"https:\/\/www.yasminyahya.com\/fr\/boutique\/bagues\/bague-mountain-en-argent-et-or-22-cts\/#primaryimage\",\"url\":\"https:\/\/www.yasminyahya.com\/wp-content\/uploads\/2019\/05\/Yasmin-Yahya-BAF-Mountain-Gold-1.jpg\",\"contentUrl\":\"https:\/\/www.yasminyahya.com\/wp-content\/uploads\/2019\/05\/Yasmin-Yahya-BAF-Mountain-Gold-1.jpg\",\"width\":1600,\"height\":1600},{\"@type\":\"BreadcrumbList\",\"@id\":\"https:\/\/www.yasminyahya.com\/fr\/boutique\/bagues\/bague-mountain-en-argent-et-or-22-cts\/#breadcrumb\",\"itemListElement\":[{\"@type\":\"ListItem\",\"position\":1,\"name\":\"Accueil\",\"item\":\"https:\/\/www.yasminyahya.com\/fr\/\"},{\"@type\":\"ListItem\",\"position\":2,\"name\":\"Produits\",\"item\":\"https:\/\/www.yasminyahya.com\/fr\/shop\/\"},{\"@type\":\"ListItem\",\"position\":3,\"name\":\"Bague MOUNTAIN avec citrine\"}]},{\"@type\":\"WebSite\",\"@id\":\"https:\/\/www.yasminyahya.com\/fr\/#website\",\"url\":\"https:\/\/www.yasminyahya.com\/fr\/\",\"name\":\"Yasmin Yahya\",\"description\":\"Bijoux Contemporains\",\"potentialAction\":[{\"@type\":\"SearchAction\",\"target\":{\"@type\":\"EntryPoint\",\"urlTemplate\":\"https:\/\/www.yasminyahya.com\/fr\/?s={search_term_string}\"},\"query-input\":{\"@type\":\"PropertyValueSpecification\",\"valueRequired\":true,\"valueName\":\"search_term_string\"}}],\"inLanguage\":\"fr-FR\"}]}<\/script>\n<!-- \/ Yoast SEO plugin. -->","yoast_head_json":{"title":"Bague MOUNTAIN avec citrine - Yasmin Yahya","description":"Bague de la collection MOUNTAIN , argent et palladium \u00e9thique RJC, rehauss\u00e9e d\u2019une prasiolithe (am\u00e9thyste verte) \u00f8 12 mm. Bijoux contemporains par Yasmin Yahya","robots":{"index":"index","follow":"follow","max-snippet":"max-snippet:-1","max-image-preview":"max-image-preview:large","max-video-preview":"max-video-preview:-1"},"canonical":"https:\/\/www.yasminyahya.com\/fr\/boutique\/bagues\/bague-mountain-en-argent-et-or-22-cts\/","og_locale":"fr_FR","og_type":"article","og_title":"Bague MOUNTAIN avec citrine - Yasmin Yahya","og_description":"Bague de la collection MOUNTAIN , argent et palladium \u00e9thique RJC, rehauss\u00e9e d\u2019une prasiolithe (am\u00e9thyste verte) \u00f8 12 mm. Bijoux contemporains par Yasmin Yahya","og_url":"https:\/\/www.yasminyahya.com\/fr\/boutique\/bagues\/bague-mountain-en-argent-et-or-22-cts\/","og_site_name":"Yasmin Yahya","article_modified_time":"2024-09-12T07:46:43+00:00","og_image":[{"width":1600,"height":1600,"url":"https:\/\/www.yasminyahya.com\/wp-content\/uploads\/2019\/05\/Yasmin-Yahya-BAF-Mountain-Gold-1.jpg","type":"image\/jpeg"}],"twitter_card":"summary_large_image","twitter_misc":{"Dur\u00e9e de lecture estim\u00e9e":"1 minute"},"schema":{"@context":"https:\/\/schema.org","@graph":[{"@type":"WebPage","@id":"https:\/\/www.yasminyahya.com\/fr\/boutique\/bagues\/bague-mountain-en-argent-et-or-22-cts\/","url":"https:\/\/www.yasminyahya.com\/fr\/boutique\/bagues\/bague-mountain-en-argent-et-or-22-cts\/","name":"Bague MOUNTAIN avec citrine - Yasmin Yahya","isPartOf":{"@id":"https:\/\/www.yasminyahya.com\/fr\/#website"},"primaryImageOfPage":{"@id":"https:\/\/www.yasminyahya.com\/fr\/boutique\/bagues\/bague-mountain-en-argent-et-or-22-cts\/#primaryimage"},"image":{"@id":"https:\/\/www.yasminyahya.com\/fr\/boutique\/bagues\/bague-mountain-en-argent-et-or-22-cts\/#primaryimage"},"thumbnailUrl":"https:\/\/www.yasminyahya.com\/wp-content\/uploads\/2019\/05\/Yasmin-Yahya-BAF-Mountain-Gold-1.jpg","datePublished":"2019-05-30T14:58:10+00:00","dateModified":"2024-09-12T07:46:43+00:00","description":"Bague de la collection MOUNTAIN , argent et palladium \u00e9thique RJC, rehauss\u00e9e d\u2019une prasiolithe (am\u00e9thyste verte) \u00f8 12 mm. Bijoux contemporains par Yasmin Yahya","breadcrumb":{"@id":"https:\/\/www.yasminyahya.com\/fr\/boutique\/bagues\/bague-mountain-en-argent-et-or-22-cts\/#breadcrumb"},"inLanguage":"fr-FR","potentialAction":[{"@type":"ReadAction","target":["https:\/\/www.yasminyahya.com\/fr\/boutique\/bagues\/bague-mountain-en-argent-et-or-22-cts\/"]}]},{"@type":"ImageObject","inLanguage":"fr-FR","@id":"https:\/\/www.yasminyahya.com\/fr\/boutique\/bagues\/bague-mountain-en-argent-et-or-22-cts\/#primaryimage","url":"https:\/\/www.yasminyahya.com\/wp-content\/uploads\/2019\/05\/Yasmin-Yahya-BAF-Mountain-Gold-1.jpg","contentUrl":"https:\/\/www.yasminyahya.com\/wp-content\/uploads\/2019\/05\/Yasmin-Yahya-BAF-Mountain-Gold-1.jpg","width":1600,"height":1600},{"@type":"BreadcrumbList","@id":"https:\/\/www.yasminyahya.com\/fr\/boutique\/bagues\/bague-mountain-en-argent-et-or-22-cts\/#breadcrumb","itemListElement":[{"@type":"ListItem","position":1,"name":"Accueil","item":"https:\/\/www.yasminyahya.com\/fr\/"},{"@type":"ListItem","position":2,"name":"Produits","item":"https:\/\/www.yasminyahya.com\/fr\/shop\/"},{"@type":"ListItem","position":3,"name":"Bague MOUNTAIN avec citrine"}]},{"@type":"WebSite","@id":"https:\/\/www.yasminyahya.com\/fr\/#website","url":"https:\/\/www.yasminyahya.com\/fr\/","name":"Yasmin Yahya","description":"Bijoux Contemporains","potentialAction":[{"@type":"SearchAction","target":{"@type":"EntryPoint","urlTemplate":"https:\/\/www.yasminyahya.com\/fr\/?s={search_term_string}"},"query-input":{"@type":"PropertyValueSpecification","valueRequired":true,"valueName":"search_term_string"}}],"inLanguage":"fr-FR"}]}},"_links":{"self":[{"href":"https:\/\/www.yasminyahya.com\/fr\/wp-json\/wp\/v2\/product\/4557"}],"collection":[{"href":"https:\/\/www.yasminyahya.com\/fr\/wp-json\/wp\/v2\/product"}],"about":[{"href":"https:\/\/www.yasminyahya.com\/fr\/wp-json\/wp\/v2\/types\/product"}],"wp:featuredmedia":[{"embeddable":true,"href":"https:\/\/www.yasminyahya.com\/fr\/wp-json\/wp\/v2\/media\/9415"}],"wp:attachment":[{"href":"https:\/\/www.yasminyahya.com\/fr\/wp-json\/wp\/v2\/media?parent=4557"}],"wp:term":[{"taxonomy":"product_cat","embeddable":true,"href":"https:\/\/www.yasminyahya.com\/fr\/wp-json\/wp\/v2\/product_cat?post=4557"},{"taxonomy":"product_tag","embeddable":true,"href":"https:\/\/www.yasminyahya.com\/fr\/wp-json\/wp\/v2\/product_tag?post=4557"}],"curies":[{"name":"wp","href":"https:\/\/api.w.org\/{rel}","templated":true}]}}