{"id":4583,"date":"2019-05-30T17:22:47","date_gmt":"2019-05-30T15:22:47","guid":{"rendered":"https:\/\/www.yasminyahya.com\/?post_type=product&#038;p=4583"},"modified":"2024-03-07T15:24:38","modified_gmt":"2024-03-07T14:24:38","slug":"chevaliere-pour-homme","status":"publish","type":"product","link":"https:\/\/www.yasminyahya.com\/fr\/boutique\/homme\/chevaliere-pour-homme\/","title":{"rendered":"Chevali\u00e8re noirci"},"content":{"rendered":"<section class=\"l-section wpb_row height_medium\"><div class=\"l-section-h i-cf\"><div class=\"g-cols vc_row via_flex valign_top type_default stacking_default\"><div class=\"vc_col-sm-12 wpb_column vc_column_container\"><div class=\"vc_column-inner\"><div class=\"wpb_wrapper\"><div class=\"wpb_text_column\"><div class=\"wpb_wrapper\"><p><strong>Mati\u00e8re\u00a0:<\/strong> Argent \u00e9quitable RJC (Responsible Jewelry Council)<\/p>\n<p><strong>Largueur: <\/strong>Largeur au-dessus env. 1,5 cm<\/p>\n<p><strong>Tailles :<\/strong> Tailles 60-68 (d&rsquo;autres tailles disponible sur demande)<\/p>\n<p>Le bijou est soigneusement fabriqu\u00e9 \u00e0 la main par Yasmin Yahya selon les techniques traditionnelles de la bijouterie, dans son atelier \u00e0 Turgi (Suisse). Elle utilise des m\u00e9taux pr\u00e9cieux \u00e9quitables d\u2019origine RJC (Responsible Jewelry Council).<\/p>\n<\/div><\/div><div class=\"w-separator size_custom\" style=\"height:32px\"><\/div><div class=\"wpb_text_column\"><div class=\"wpb_wrapper\"><h3>D\u00e9lai<\/h3>\n<p>Si votre taille n\u2019est pas en stock, le d\u00e9lai sera de 7 jours ouvr\u00e9s auquel il faudra rajouter le temps d\u2019acheminement de la Poste.<\/p>\n<\/div><\/div><\/div><\/div><\/div><\/div><\/div><\/section>\n","protected":false},"excerpt":{"rendered":"<p>Deux mod\u00e8les de chevali\u00e8res en argent \u00e9quitable RJC, mat et oxyd\u00e9 gris:<br \/>\novale ou rectangulaire, avec un diam\u00e8tre\/largeur d\u2019environ 1,5 cm sur le dessus.<\/p>\n<p>Ces bagues classiques et \u00e9l\u00e9gantes ont un esprit citadin et sont \u00e0 la fois sobre et intemporelle.<br \/>\nDes bagues dedi\u00e9es aux hommes, o\u00f9 la sobri\u00e9t\u00e9 croise l\u2018\u00e9l\u00e9gance, l\u2018intemporel l\u2018actuel et la discr\u00e9tion la virilit\u00e9.<\/p>\n<p>La bague sera livr\u00e9 dans un joli \u00e9crin avec un certificat d&rsquo;authenticit\u00e9.<\/p>\n","protected":false},"featured_media":9537,"template":"","meta":[],"product_cat":[291,483],"product_tag":[],"class_list":{"0":"post-4583","1":"product","2":"type-product","3":"status-publish","4":"has-post-thumbnail","6":"product_cat-homme","7":"product_cat-homme-2","9":"first","10":"instock","11":"shipping-taxable","12":"purchasable","13":"product-type-variable"},"yoast_head":"<!-- This site is optimized with the Yoast SEO plugin v23.5 - https:\/\/yoast.com\/wordpress\/plugins\/seo\/ -->\n<title>Chevali\u00e8re noirci - Yasmin Yahya<\/title>\n<meta name=\"robots\" content=\"index, follow, max-snippet:-1, max-image-preview:large, max-video-preview:-1\" \/>\n<link rel=\"canonical\" href=\"https:\/\/www.yasminyahya.com\/fr\/boutique\/homme\/chevaliere-pour-homme\/\" \/>\n<meta property=\"og:locale\" content=\"fr_FR\" \/>\n<meta property=\"og:type\" content=\"article\" \/>\n<meta property=\"og:title\" content=\"Chevali\u00e8re noirci - Yasmin Yahya\" \/>\n<meta property=\"og:description\" content=\"Deux mod\u00e8les de chevali\u00e8res en argent \u00e9quitable RJC, mat et oxyd\u00e9 gris: ovale ou rectangulaire, avec un diam\u00e8tre\/largeur d\u2019environ 1,5 cm sur le dessus.  Ces bagues classiques et \u00e9l\u00e9gantes ont un esprit citadin et sont \u00e0 la fois sobre et intemporelle. Des bagues dedi\u00e9es aux hommes, o\u00f9 la sobri\u00e9t\u00e9 croise l\u2018\u00e9l\u00e9gance, l\u2018intemporel l\u2018actuel et la discr\u00e9tion la virilit\u00e9.  La bague sera livr\u00e9 dans un joli \u00e9crin avec un certificat d&#039;authenticit\u00e9.\" \/>\n<meta property=\"og:url\" content=\"https:\/\/www.yasminyahya.com\/fr\/boutique\/homme\/chevaliere-pour-homme\/\" \/>\n<meta property=\"og:site_name\" content=\"Yasmin Yahya\" \/>\n<meta property=\"article:modified_time\" content=\"2024-03-07T14:24:38+00:00\" \/>\n<meta property=\"og:image\" content=\"https:\/\/www.yasminyahya.com\/wp-content\/uploads\/2019\/05\/yasmin-yahya-BAH-CHEV-scaled.jpg\" \/>\n\t<meta property=\"og:image:width\" content=\"2560\" \/>\n\t<meta property=\"og:image:height\" content=\"2560\" \/>\n\t<meta property=\"og:image:type\" content=\"image\/jpeg\" \/>\n<meta name=\"twitter:card\" content=\"summary_large_image\" \/>\n<meta name=\"twitter:label1\" content=\"Dur\u00e9e de lecture estim\u00e9e\" \/>\n\t<meta name=\"twitter:data1\" content=\"1 minute\" \/>\n<script type=\"application\/ld+json\" class=\"yoast-schema-graph\">{\"@context\":\"https:\/\/schema.org\",\"@graph\":[{\"@type\":\"WebPage\",\"@id\":\"https:\/\/www.yasminyahya.com\/fr\/boutique\/homme\/chevaliere-pour-homme\/\",\"url\":\"https:\/\/www.yasminyahya.com\/fr\/boutique\/homme\/chevaliere-pour-homme\/\",\"name\":\"Chevali\u00e8re noirci - Yasmin Yahya\",\"isPartOf\":{\"@id\":\"https:\/\/www.yasminyahya.com\/fr\/#website\"},\"primaryImageOfPage\":{\"@id\":\"https:\/\/www.yasminyahya.com\/fr\/boutique\/homme\/chevaliere-pour-homme\/#primaryimage\"},\"image\":{\"@id\":\"https:\/\/www.yasminyahya.com\/fr\/boutique\/homme\/chevaliere-pour-homme\/#primaryimage\"},\"thumbnailUrl\":\"https:\/\/www.yasminyahya.com\/wp-content\/uploads\/2019\/05\/yasmin-yahya-BAH-CHEV-scaled.jpg\",\"datePublished\":\"2019-05-30T15:22:47+00:00\",\"dateModified\":\"2024-03-07T14:24:38+00:00\",\"breadcrumb\":{\"@id\":\"https:\/\/www.yasminyahya.com\/fr\/boutique\/homme\/chevaliere-pour-homme\/#breadcrumb\"},\"inLanguage\":\"fr-FR\",\"potentialAction\":[{\"@type\":\"ReadAction\",\"target\":[\"https:\/\/www.yasminyahya.com\/fr\/boutique\/homme\/chevaliere-pour-homme\/\"]}]},{\"@type\":\"ImageObject\",\"inLanguage\":\"fr-FR\",\"@id\":\"https:\/\/www.yasminyahya.com\/fr\/boutique\/homme\/chevaliere-pour-homme\/#primaryimage\",\"url\":\"https:\/\/www.yasminyahya.com\/wp-content\/uploads\/2019\/05\/yasmin-yahya-BAH-CHEV-scaled.jpg\",\"contentUrl\":\"https:\/\/www.yasminyahya.com\/wp-content\/uploads\/2019\/05\/yasmin-yahya-BAH-CHEV-scaled.jpg\",\"width\":2560,\"height\":2560},{\"@type\":\"BreadcrumbList\",\"@id\":\"https:\/\/www.yasminyahya.com\/fr\/boutique\/homme\/chevaliere-pour-homme\/#breadcrumb\",\"itemListElement\":[{\"@type\":\"ListItem\",\"position\":1,\"name\":\"Accueil\",\"item\":\"https:\/\/www.yasminyahya.com\/fr\/\"},{\"@type\":\"ListItem\",\"position\":2,\"name\":\"Produits\",\"item\":\"https:\/\/www.yasminyahya.com\/fr\/shop\/\"},{\"@type\":\"ListItem\",\"position\":3,\"name\":\"Chevali\u00e8re noirci\"}]},{\"@type\":\"WebSite\",\"@id\":\"https:\/\/www.yasminyahya.com\/fr\/#website\",\"url\":\"https:\/\/www.yasminyahya.com\/fr\/\",\"name\":\"Yasmin Yahya\",\"description\":\"Bijoux Contemporains\",\"potentialAction\":[{\"@type\":\"SearchAction\",\"target\":{\"@type\":\"EntryPoint\",\"urlTemplate\":\"https:\/\/www.yasminyahya.com\/fr\/?s={search_term_string}\"},\"query-input\":{\"@type\":\"PropertyValueSpecification\",\"valueRequired\":true,\"valueName\":\"search_term_string\"}}],\"inLanguage\":\"fr-FR\"}]}<\/script>\n<!-- \/ Yoast SEO plugin. -->","yoast_head_json":{"title":"Chevali\u00e8re noirci - Yasmin Yahya","robots":{"index":"index","follow":"follow","max-snippet":"max-snippet:-1","max-image-preview":"max-image-preview:large","max-video-preview":"max-video-preview:-1"},"canonical":"https:\/\/www.yasminyahya.com\/fr\/boutique\/homme\/chevaliere-pour-homme\/","og_locale":"fr_FR","og_type":"article","og_title":"Chevali\u00e8re noirci - Yasmin Yahya","og_description":"Deux mod\u00e8les de chevali\u00e8res en argent \u00e9quitable RJC, mat et oxyd\u00e9 gris: ovale ou rectangulaire, avec un diam\u00e8tre\/largeur d\u2019environ 1,5 cm sur le dessus.  Ces bagues classiques et \u00e9l\u00e9gantes ont un esprit citadin et sont \u00e0 la fois sobre et intemporelle. Des bagues dedi\u00e9es aux hommes, o\u00f9 la sobri\u00e9t\u00e9 croise l\u2018\u00e9l\u00e9gance, l\u2018intemporel l\u2018actuel et la discr\u00e9tion la virilit\u00e9.  La bague sera livr\u00e9 dans un joli \u00e9crin avec un certificat d'authenticit\u00e9.","og_url":"https:\/\/www.yasminyahya.com\/fr\/boutique\/homme\/chevaliere-pour-homme\/","og_site_name":"Yasmin Yahya","article_modified_time":"2024-03-07T14:24:38+00:00","og_image":[{"width":2560,"height":2560,"url":"https:\/\/www.yasminyahya.com\/wp-content\/uploads\/2019\/05\/yasmin-yahya-BAH-CHEV-scaled.jpg","type":"image\/jpeg"}],"twitter_card":"summary_large_image","twitter_misc":{"Dur\u00e9e de lecture estim\u00e9e":"1 minute"},"schema":{"@context":"https:\/\/schema.org","@graph":[{"@type":"WebPage","@id":"https:\/\/www.yasminyahya.com\/fr\/boutique\/homme\/chevaliere-pour-homme\/","url":"https:\/\/www.yasminyahya.com\/fr\/boutique\/homme\/chevaliere-pour-homme\/","name":"Chevali\u00e8re noirci - Yasmin Yahya","isPartOf":{"@id":"https:\/\/www.yasminyahya.com\/fr\/#website"},"primaryImageOfPage":{"@id":"https:\/\/www.yasminyahya.com\/fr\/boutique\/homme\/chevaliere-pour-homme\/#primaryimage"},"image":{"@id":"https:\/\/www.yasminyahya.com\/fr\/boutique\/homme\/chevaliere-pour-homme\/#primaryimage"},"thumbnailUrl":"https:\/\/www.yasminyahya.com\/wp-content\/uploads\/2019\/05\/yasmin-yahya-BAH-CHEV-scaled.jpg","datePublished":"2019-05-30T15:22:47+00:00","dateModified":"2024-03-07T14:24:38+00:00","breadcrumb":{"@id":"https:\/\/www.yasminyahya.com\/fr\/boutique\/homme\/chevaliere-pour-homme\/#breadcrumb"},"inLanguage":"fr-FR","potentialAction":[{"@type":"ReadAction","target":["https:\/\/www.yasminyahya.com\/fr\/boutique\/homme\/chevaliere-pour-homme\/"]}]},{"@type":"ImageObject","inLanguage":"fr-FR","@id":"https:\/\/www.yasminyahya.com\/fr\/boutique\/homme\/chevaliere-pour-homme\/#primaryimage","url":"https:\/\/www.yasminyahya.com\/wp-content\/uploads\/2019\/05\/yasmin-yahya-BAH-CHEV-scaled.jpg","contentUrl":"https:\/\/www.yasminyahya.com\/wp-content\/uploads\/2019\/05\/yasmin-yahya-BAH-CHEV-scaled.jpg","width":2560,"height":2560},{"@type":"BreadcrumbList","@id":"https:\/\/www.yasminyahya.com\/fr\/boutique\/homme\/chevaliere-pour-homme\/#breadcrumb","itemListElement":[{"@type":"ListItem","position":1,"name":"Accueil","item":"https:\/\/www.yasminyahya.com\/fr\/"},{"@type":"ListItem","position":2,"name":"Produits","item":"https:\/\/www.yasminyahya.com\/fr\/shop\/"},{"@type":"ListItem","position":3,"name":"Chevali\u00e8re noirci"}]},{"@type":"WebSite","@id":"https:\/\/www.yasminyahya.com\/fr\/#website","url":"https:\/\/www.yasminyahya.com\/fr\/","name":"Yasmin Yahya","description":"Bijoux Contemporains","potentialAction":[{"@type":"SearchAction","target":{"@type":"EntryPoint","urlTemplate":"https:\/\/www.yasminyahya.com\/fr\/?s={search_term_string}"},"query-input":{"@type":"PropertyValueSpecification","valueRequired":true,"valueName":"search_term_string"}}],"inLanguage":"fr-FR"}]}},"_links":{"self":[{"href":"https:\/\/www.yasminyahya.com\/fr\/wp-json\/wp\/v2\/product\/4583"}],"collection":[{"href":"https:\/\/www.yasminyahya.com\/fr\/wp-json\/wp\/v2\/product"}],"about":[{"href":"https:\/\/www.yasminyahya.com\/fr\/wp-json\/wp\/v2\/types\/product"}],"wp:featuredmedia":[{"embeddable":true,"href":"https:\/\/www.yasminyahya.com\/fr\/wp-json\/wp\/v2\/media\/9537"}],"wp:attachment":[{"href":"https:\/\/www.yasminyahya.com\/fr\/wp-json\/wp\/v2\/media?parent=4583"}],"wp:term":[{"taxonomy":"product_cat","embeddable":true,"href":"https:\/\/www.yasminyahya.com\/fr\/wp-json\/wp\/v2\/product_cat?post=4583"},{"taxonomy":"product_tag","embeddable":true,"href":"https:\/\/www.yasminyahya.com\/fr\/wp-json\/wp\/v2\/product_tag?post=4583"}],"curies":[{"name":"wp","href":"https:\/\/api.w.org\/{rel}","templated":true}]}}