{"id":4587,"date":"2019-06-07T19:28:12","date_gmt":"2019-06-07T17:28:12","guid":{"rendered":"https:\/\/www.yasminyahya.com\/?post_type=product&#038;p=4587"},"modified":"2024-03-07T15:24:30","modified_gmt":"2024-03-07T14:24:30","slug":"bague-my-man-pour-homme-argent-or-22-cts-mokume-gane","status":"publish","type":"product","link":"https:\/\/www.yasminyahya.com\/fr\/boutique\/homme\/bague-my-man-pour-homme-argent-or-22-cts-mokume-gane\/","title":{"rendered":"Bague MY MAN, 3 versions"},"content":{"rendered":"<section class=\"l-section wpb_row height_medium\"><div class=\"l-section-h i-cf\"><div class=\"g-cols vc_row via_flex valign_top type_default stacking_default\"><div class=\"vc_col-sm-12 wpb_column vc_column_container\"><div class=\"vc_column-inner\"><div class=\"wpb_wrapper\"><div class=\"wpb_text_column\"><div class=\"wpb_wrapper\"><p><strong>Mati\u00e8re\u00a0:<\/strong> Argent, or 22 carats et Mokum\u00e9 Gan\u00e9, \u00e9quitable RJC (Responsible Jewelry Council)<\/p>\n<p><strong>Largeur : <\/strong>1,3 cm<\/p>\n<p><strong>Tailles :<\/strong> Tailles 60-68<\/p>\n<p>Le bijou est soigneusement fabriqu\u00e9 \u00e0 la main par Yasmin Yahya selon les techniques traditionnelles de la bijouterie, dans son atelier \u00e0 Turgi (Suisse). Elle utilise des m\u00e9taux pr\u00e9cieux \u00e9quitables d\u2019origine RJC (Responsible Jewelry Council).<\/p>\n<\/div><\/div><div class=\"w-separator size_custom\" style=\"height:32px\"><\/div><div class=\"wpb_text_column\"><div class=\"wpb_wrapper\"><h3>D\u00e9lai<\/h3>\n<p>Si votre taille n\u2019est pas en stock, le d\u00e9lai sera de 7 jours ouvr\u00e9s auquel il faudra rajouter le temps d\u2019acheminement de la Poste.<\/p>\n<\/div><\/div><\/div><\/div><\/div><\/div><\/div><\/section>\n","protected":false},"excerpt":{"rendered":"<p>Une bague de la collection MY MAN, o\u00f9 la sobri\u00e9t\u00e9 croise l\u2018\u00e9l\u00e9gance, l\u2018intemporel l\u2018actuel et la discr\u00e9tion la virilit\u00e9.<br \/>\nElle existe en 3 versions:<br \/>\n&#8211; Argent \u00e9quitable matt\/argent noirci<br \/>\n&#8211; Argent \u00e9quitable matt\/or 22 ct \u00e9thique<br \/>\n&#8211; Argent mat\/Mokum\u00e9 Gan\u00e9 (ancienne technique japonais qui rentrait\u00a0dans la fabrication de sabres. Les mati\u00e8res utilis\u00e9es sont l&rsquo;argent, le shibuichi et le shakudo (alliages japonaises de cuivre), le cuivre et le laiton)<br \/>\nLa bague a une largeur de 1,3 cm.<\/p>\n<p>Elle sera livr\u00e9e dans un joli \u00e9crin avec un certificat d&rsquo;authenticit\u00e9.<\/p>\n<p><strong>Pour les gravures <\/strong>merci de me <strong><a href=\"https:\/\/www.yasminyahya.com\/contact\/\">contacter<\/a> <\/strong>pour me transmettre votre texte<\/p>\n<p>&nbsp;<\/p>\n","protected":false},"featured_media":9506,"template":"","meta":[],"product_cat":[291,483],"product_tag":[],"class_list":{"0":"post-4587","1":"product","2":"type-product","3":"status-publish","4":"has-post-thumbnail","6":"product_cat-homme","7":"product_cat-homme-2","9":"first","10":"instock","11":"shipping-taxable","12":"purchasable","13":"product-type-variable"},"yoast_head":"<!-- This site is optimized with the Yoast SEO plugin v23.5 - https:\/\/yoast.com\/wordpress\/plugins\/seo\/ -->\n<title>Bague MY MAN, 3 versions - Yasmin Yahya<\/title>\n<meta name=\"robots\" content=\"index, follow, max-snippet:-1, max-image-preview:large, max-video-preview:-1\" \/>\n<link rel=\"canonical\" href=\"https:\/\/www.yasminyahya.com\/fr\/boutique\/homme\/bague-my-man-pour-homme-argent-or-22-cts-mokume-gane\/\" \/>\n<meta property=\"og:locale\" content=\"fr_FR\" \/>\n<meta property=\"og:type\" content=\"article\" \/>\n<meta property=\"og:title\" content=\"Bague MY MAN, 3 versions - Yasmin Yahya\" \/>\n<meta property=\"og:description\" content=\"Une bague de la collection MY MAN, o\u00f9 la sobri\u00e9t\u00e9 croise l\u2018\u00e9l\u00e9gance, l\u2018intemporel l\u2018actuel et la discr\u00e9tion la virilit\u00e9. Elle existe en 3 versions: - Argent \u00e9quitable matt\/argent noirci - Argent \u00e9quitable matt\/or 22 ct \u00e9thique - Argent mat\/Mokum\u00e9 Gan\u00e9 (ancienne technique japonais qui rentrait\u00a0dans la fabrication de sabres. Les mati\u00e8res utilis\u00e9es sont l&#039;argent, le shibuichi et le shakudo (alliages japonaises de cuivre), le cuivre et le laiton) La bague a une largeur de 1,3 cm.  Elle sera livr\u00e9e dans un joli \u00e9crin avec un certificat d&#039;authenticit\u00e9.  Pour les gravures merci de me contacter pour me transmettre votre texte  &nbsp;\" \/>\n<meta property=\"og:url\" content=\"https:\/\/www.yasminyahya.com\/fr\/boutique\/homme\/bague-my-man-pour-homme-argent-or-22-cts-mokume-gane\/\" \/>\n<meta property=\"og:site_name\" content=\"Yasmin Yahya\" \/>\n<meta property=\"article:modified_time\" content=\"2024-03-07T14:24:30+00:00\" \/>\n<meta property=\"og:image\" content=\"https:\/\/www.yasminyahya.com\/wp-content\/uploads\/2019\/06\/Mens-rings-\u00a9-Y.-Yahya.jpg\" \/>\n\t<meta property=\"og:image:width\" content=\"1800\" \/>\n\t<meta property=\"og:image:height\" content=\"1800\" \/>\n\t<meta property=\"og:image:type\" content=\"image\/jpeg\" \/>\n<meta name=\"twitter:card\" content=\"summary_large_image\" \/>\n<meta name=\"twitter:label1\" content=\"Dur\u00e9e de lecture estim\u00e9e\" \/>\n\t<meta name=\"twitter:data1\" content=\"1 minute\" \/>\n<script type=\"application\/ld+json\" class=\"yoast-schema-graph\">{\"@context\":\"https:\/\/schema.org\",\"@graph\":[{\"@type\":\"WebPage\",\"@id\":\"https:\/\/www.yasminyahya.com\/fr\/boutique\/homme\/bague-my-man-pour-homme-argent-or-22-cts-mokume-gane\/\",\"url\":\"https:\/\/www.yasminyahya.com\/fr\/boutique\/homme\/bague-my-man-pour-homme-argent-or-22-cts-mokume-gane\/\",\"name\":\"Bague MY MAN, 3 versions - Yasmin Yahya\",\"isPartOf\":{\"@id\":\"https:\/\/www.yasminyahya.com\/fr\/#website\"},\"primaryImageOfPage\":{\"@id\":\"https:\/\/www.yasminyahya.com\/fr\/boutique\/homme\/bague-my-man-pour-homme-argent-or-22-cts-mokume-gane\/#primaryimage\"},\"image\":{\"@id\":\"https:\/\/www.yasminyahya.com\/fr\/boutique\/homme\/bague-my-man-pour-homme-argent-or-22-cts-mokume-gane\/#primaryimage\"},\"thumbnailUrl\":\"https:\/\/www.yasminyahya.com\/wp-content\/uploads\/2019\/06\/Mens-rings-\u00a9-Y.-Yahya.jpg\",\"datePublished\":\"2019-06-07T17:28:12+00:00\",\"dateModified\":\"2024-03-07T14:24:30+00:00\",\"breadcrumb\":{\"@id\":\"https:\/\/www.yasminyahya.com\/fr\/boutique\/homme\/bague-my-man-pour-homme-argent-or-22-cts-mokume-gane\/#breadcrumb\"},\"inLanguage\":\"fr-FR\",\"potentialAction\":[{\"@type\":\"ReadAction\",\"target\":[\"https:\/\/www.yasminyahya.com\/fr\/boutique\/homme\/bague-my-man-pour-homme-argent-or-22-cts-mokume-gane\/\"]}]},{\"@type\":\"ImageObject\",\"inLanguage\":\"fr-FR\",\"@id\":\"https:\/\/www.yasminyahya.com\/fr\/boutique\/homme\/bague-my-man-pour-homme-argent-or-22-cts-mokume-gane\/#primaryimage\",\"url\":\"https:\/\/www.yasminyahya.com\/wp-content\/uploads\/2019\/06\/Mens-rings-\u00a9-Y.-Yahya.jpg\",\"contentUrl\":\"https:\/\/www.yasminyahya.com\/wp-content\/uploads\/2019\/06\/Mens-rings-\u00a9-Y.-Yahya.jpg\",\"width\":1800,\"height\":1800},{\"@type\":\"BreadcrumbList\",\"@id\":\"https:\/\/www.yasminyahya.com\/fr\/boutique\/homme\/bague-my-man-pour-homme-argent-or-22-cts-mokume-gane\/#breadcrumb\",\"itemListElement\":[{\"@type\":\"ListItem\",\"position\":1,\"name\":\"Accueil\",\"item\":\"https:\/\/www.yasminyahya.com\/fr\/\"},{\"@type\":\"ListItem\",\"position\":2,\"name\":\"Produits\",\"item\":\"https:\/\/www.yasminyahya.com\/fr\/shop\/\"},{\"@type\":\"ListItem\",\"position\":3,\"name\":\"Bague MY MAN, 3 versions\"}]},{\"@type\":\"WebSite\",\"@id\":\"https:\/\/www.yasminyahya.com\/fr\/#website\",\"url\":\"https:\/\/www.yasminyahya.com\/fr\/\",\"name\":\"Yasmin Yahya\",\"description\":\"Bijoux Contemporains\",\"potentialAction\":[{\"@type\":\"SearchAction\",\"target\":{\"@type\":\"EntryPoint\",\"urlTemplate\":\"https:\/\/www.yasminyahya.com\/fr\/?s={search_term_string}\"},\"query-input\":{\"@type\":\"PropertyValueSpecification\",\"valueRequired\":true,\"valueName\":\"search_term_string\"}}],\"inLanguage\":\"fr-FR\"}]}<\/script>\n<!-- \/ Yoast SEO plugin. -->","yoast_head_json":{"title":"Bague MY MAN, 3 versions - Yasmin Yahya","robots":{"index":"index","follow":"follow","max-snippet":"max-snippet:-1","max-image-preview":"max-image-preview:large","max-video-preview":"max-video-preview:-1"},"canonical":"https:\/\/www.yasminyahya.com\/fr\/boutique\/homme\/bague-my-man-pour-homme-argent-or-22-cts-mokume-gane\/","og_locale":"fr_FR","og_type":"article","og_title":"Bague MY MAN, 3 versions - Yasmin Yahya","og_description":"Une bague de la collection MY MAN, o\u00f9 la sobri\u00e9t\u00e9 croise l\u2018\u00e9l\u00e9gance, l\u2018intemporel l\u2018actuel et la discr\u00e9tion la virilit\u00e9. Elle existe en 3 versions: - Argent \u00e9quitable matt\/argent noirci - Argent \u00e9quitable matt\/or 22 ct \u00e9thique - Argent mat\/Mokum\u00e9 Gan\u00e9 (ancienne technique japonais qui rentrait\u00a0dans la fabrication de sabres. Les mati\u00e8res utilis\u00e9es sont l'argent, le shibuichi et le shakudo (alliages japonaises de cuivre), le cuivre et le laiton) La bague a une largeur de 1,3 cm.  Elle sera livr\u00e9e dans un joli \u00e9crin avec un certificat d'authenticit\u00e9.  Pour les gravures merci de me contacter pour me transmettre votre texte  &nbsp;","og_url":"https:\/\/www.yasminyahya.com\/fr\/boutique\/homme\/bague-my-man-pour-homme-argent-or-22-cts-mokume-gane\/","og_site_name":"Yasmin Yahya","article_modified_time":"2024-03-07T14:24:30+00:00","og_image":[{"width":1800,"height":1800,"url":"https:\/\/www.yasminyahya.com\/wp-content\/uploads\/2019\/06\/Mens-rings-\u00a9-Y.-Yahya.jpg","type":"image\/jpeg"}],"twitter_card":"summary_large_image","twitter_misc":{"Dur\u00e9e de lecture estim\u00e9e":"1 minute"},"schema":{"@context":"https:\/\/schema.org","@graph":[{"@type":"WebPage","@id":"https:\/\/www.yasminyahya.com\/fr\/boutique\/homme\/bague-my-man-pour-homme-argent-or-22-cts-mokume-gane\/","url":"https:\/\/www.yasminyahya.com\/fr\/boutique\/homme\/bague-my-man-pour-homme-argent-or-22-cts-mokume-gane\/","name":"Bague MY MAN, 3 versions - Yasmin Yahya","isPartOf":{"@id":"https:\/\/www.yasminyahya.com\/fr\/#website"},"primaryImageOfPage":{"@id":"https:\/\/www.yasminyahya.com\/fr\/boutique\/homme\/bague-my-man-pour-homme-argent-or-22-cts-mokume-gane\/#primaryimage"},"image":{"@id":"https:\/\/www.yasminyahya.com\/fr\/boutique\/homme\/bague-my-man-pour-homme-argent-or-22-cts-mokume-gane\/#primaryimage"},"thumbnailUrl":"https:\/\/www.yasminyahya.com\/wp-content\/uploads\/2019\/06\/Mens-rings-\u00a9-Y.-Yahya.jpg","datePublished":"2019-06-07T17:28:12+00:00","dateModified":"2024-03-07T14:24:30+00:00","breadcrumb":{"@id":"https:\/\/www.yasminyahya.com\/fr\/boutique\/homme\/bague-my-man-pour-homme-argent-or-22-cts-mokume-gane\/#breadcrumb"},"inLanguage":"fr-FR","potentialAction":[{"@type":"ReadAction","target":["https:\/\/www.yasminyahya.com\/fr\/boutique\/homme\/bague-my-man-pour-homme-argent-or-22-cts-mokume-gane\/"]}]},{"@type":"ImageObject","inLanguage":"fr-FR","@id":"https:\/\/www.yasminyahya.com\/fr\/boutique\/homme\/bague-my-man-pour-homme-argent-or-22-cts-mokume-gane\/#primaryimage","url":"https:\/\/www.yasminyahya.com\/wp-content\/uploads\/2019\/06\/Mens-rings-\u00a9-Y.-Yahya.jpg","contentUrl":"https:\/\/www.yasminyahya.com\/wp-content\/uploads\/2019\/06\/Mens-rings-\u00a9-Y.-Yahya.jpg","width":1800,"height":1800},{"@type":"BreadcrumbList","@id":"https:\/\/www.yasminyahya.com\/fr\/boutique\/homme\/bague-my-man-pour-homme-argent-or-22-cts-mokume-gane\/#breadcrumb","itemListElement":[{"@type":"ListItem","position":1,"name":"Accueil","item":"https:\/\/www.yasminyahya.com\/fr\/"},{"@type":"ListItem","position":2,"name":"Produits","item":"https:\/\/www.yasminyahya.com\/fr\/shop\/"},{"@type":"ListItem","position":3,"name":"Bague MY MAN, 3 versions"}]},{"@type":"WebSite","@id":"https:\/\/www.yasminyahya.com\/fr\/#website","url":"https:\/\/www.yasminyahya.com\/fr\/","name":"Yasmin Yahya","description":"Bijoux Contemporains","potentialAction":[{"@type":"SearchAction","target":{"@type":"EntryPoint","urlTemplate":"https:\/\/www.yasminyahya.com\/fr\/?s={search_term_string}"},"query-input":{"@type":"PropertyValueSpecification","valueRequired":true,"valueName":"search_term_string"}}],"inLanguage":"fr-FR"}]}},"_links":{"self":[{"href":"https:\/\/www.yasminyahya.com\/fr\/wp-json\/wp\/v2\/product\/4587"}],"collection":[{"href":"https:\/\/www.yasminyahya.com\/fr\/wp-json\/wp\/v2\/product"}],"about":[{"href":"https:\/\/www.yasminyahya.com\/fr\/wp-json\/wp\/v2\/types\/product"}],"wp:featuredmedia":[{"embeddable":true,"href":"https:\/\/www.yasminyahya.com\/fr\/wp-json\/wp\/v2\/media\/9506"}],"wp:attachment":[{"href":"https:\/\/www.yasminyahya.com\/fr\/wp-json\/wp\/v2\/media?parent=4587"}],"wp:term":[{"taxonomy":"product_cat","embeddable":true,"href":"https:\/\/www.yasminyahya.com\/fr\/wp-json\/wp\/v2\/product_cat?post=4587"},{"taxonomy":"product_tag","embeddable":true,"href":"https:\/\/www.yasminyahya.com\/fr\/wp-json\/wp\/v2\/product_tag?post=4587"}],"curies":[{"name":"wp","href":"https:\/\/api.w.org\/{rel}","templated":true}]}}