{"id":4866,"date":"2021-01-08T18:16:52","date_gmt":"2019-07-22T15:56:14","guid":{"rendered":"https:\/\/www.yasminyahya.com\/?post_type=product&#038;p=4866"},"modified":"2024-05-13T20:37:40","modified_gmt":"2024-05-13T18:37:40","slug":"bracelet-dots-quadrinity","status":"publish","type":"product","link":"https:\/\/www.yasminyahya.com\/fr\/boutique\/bracelets\/bracelet-dots-quadrinity\/","title":{"rendered":"JONC EARTH"},"content":{"rendered":"<section class=\"l-section wpb_row height_medium\"><div class=\"l-section-h i-cf\"><div class=\"g-cols vc_row via_flex valign_top type_default stacking_default\"><div class=\"vc_col-sm-12 wpb_column vc_column_container\"><div class=\"vc_column-inner\"><div class=\"wpb_wrapper\"><div class=\"wpb_text_column\"><div class=\"wpb_wrapper\"><p><strong>Mati\u00e8re\u00a0:<\/strong> Argent et Mokume Gane \u00e9quitable d\u2019origine RJC (Responsible Jewelry Council)<br \/>\n<strong><br \/>\nDescription : <\/strong>C&rsquo;est un jonc avec une largeur d&rsquo;environ 4 cm<\/p>\n<p><strong>Finition:<\/strong> Matt<\/p>\n<p><strong>Tailles :<\/strong> Taille unique \u2013 d\u2019autres tailles disponibles sur demande.<\/p>\n<p>Le bijou est soigneusement fabriqu\u00e9 \u00e0 la main par Yasmin Yahya selon les techniques traditionnelles de la bijouterie, dans son atelier \u00e0 Turgi (Suisse). Elle utilise des m\u00e9taux pr\u00e9cieux \u00e9quitables d\u2019origine RJC (Responsible Jewelry Council).<\/p>\n<\/div><\/div><div class=\"w-separator size_custom\" style=\"height:32px\"><\/div><div class=\"wpb_text_column\"><div class=\"wpb_wrapper\"><h3>D\u00e9lai<\/h3>\n<p>Si votre taille n\u2019est pas en stock, le d\u00e9lai sera de 7-14 jours ouvr\u00e9s auquel il faudra rajouter le temps d\u2019acheminement de la Poste<\/p>\n<\/div><\/div><\/div><\/div><\/div><\/div><\/div><\/section>\n","protected":false},"excerpt":{"rendered":"<p>Un bracelet d&rsquo;une largeur de 4 cm en argent et en Mokume Gane. La combinaison de ces deux mat\u00e9riaux conf\u00e8re \u00e0 la pi\u00e8ce de joaillerie une esth\u00e9tique fascinante et une texture unique. L&rsquo;argent mat forme la base du bracelet, offrant un contraste harmonieux avec les motifs vivants et les couleurs du Mokume Gane.<\/p>\n<p><strong>Il s\u2019agit d\u2019une pi\u00e8ce unique. Les \u00ab marbrures \u00bb du mokum\u00e9 gan\u00e9 varient \u00e0 chaque pi\u00e8ce, mais restent toujours dans le m\u00eame esprit.<\/strong><\/p>\n<p>Il y a d\u2019abord le Mokum\u00e9 Gan\u00e9, une technique japonaise de fabrication de la mati\u00e8re (de la famille du damass\u00e9) adopt\u00e9e par Yasmin Yahya. Cette technique permet d\u2019obtenir des motifs tr\u00e8s organiques, dans l\u2019\u00e9paisseur des m\u00e9taux m\u00e9lang\u00e9s au feu. On l\u2019associe avec des pi\u00e8ces simples et puissantes, o\u00f9 l\u2018argent est laiss\u00e9 mat et lisse.<br \/>\nLes mati\u00e8res utilis\u00e9es sont l\u2019argent, le shibuichi et le shakudo (alliages japonais de cuivre), le cuivre et le laiton.<\/p>\n<p>L\u2018effet de cartographie de la Terre vue de loin est saisissant : continents et oc\u00e9ans, tectonique des plaques, mouvement et d\u00e9rives, o\u00f9 le vide et le plein se font et se d\u00e9font. C\u2019est \u00e0 une v\u00e9ritable dynamique de la mati\u00e8re \u00e0 laquelle assiste.<\/p>\n<p>Ce bracelet n&rsquo;est pas simplement un bijou, mais aussi une \u0153uvre d&rsquo;art qui r\u00e9unit l&rsquo;artisanat et les traditions culturelles de diff\u00e9rents mondes. Il attirera sans aucun doute l&rsquo;attention et les regards admiratifs partout o\u00f9 il sera port\u00e9.<\/p>\n<p>Le bracelet sera livr\u00e9 dans un joli \u00e9crin avec un certificat d\u2019authenticit\u00e9.<\/p>\n","protected":false},"featured_media":155,"template":"","meta":[],"product_cat":[289,297],"product_tag":[],"class_list":{"0":"post-4866","1":"product","2":"type-product","3":"status-publish","4":"has-post-thumbnail","6":"product_cat-bracelets","7":"product_cat-earth","9":"first","10":"instock","11":"shipping-taxable","12":"purchasable","13":"product-type-simple"},"yoast_head":"<!-- This site is optimized with the Yoast SEO plugin v23.5 - https:\/\/yoast.com\/wordpress\/plugins\/seo\/ -->\n<title>JONC EARTH - Yasmin Yahya<\/title>\n<meta name=\"description\" content=\"Bracelet en argent et Mokume Gane RJC (Responsible Jewelry Council). Une pi\u00e8ce unique de la collection EARHT, par la cr\u00e9atrice de bijoux contemporains Yasmin Yahya \u00e0 Baden en Suisse\" \/>\n<meta name=\"robots\" content=\"index, follow, max-snippet:-1, max-image-preview:large, max-video-preview:-1\" \/>\n<link rel=\"canonical\" href=\"https:\/\/www.yasminyahya.com\/fr\/boutique\/bracelets\/bracelet-dots-quadrinity\/\" \/>\n<meta property=\"og:locale\" content=\"fr_FR\" \/>\n<meta property=\"og:type\" content=\"article\" \/>\n<meta property=\"og:title\" content=\"JONC EARTH - Yasmin Yahya\" \/>\n<meta property=\"og:description\" content=\"Bracelet en argent et Mokume Gane RJC (Responsible Jewelry Council). Une pi\u00e8ce unique de la collection EARHT, par la cr\u00e9atrice de bijoux contemporains Yasmin Yahya \u00e0 Baden en Suisse\" \/>\n<meta property=\"og:url\" content=\"https:\/\/www.yasminyahya.com\/fr\/boutique\/bracelets\/bracelet-dots-quadrinity\/\" \/>\n<meta property=\"og:site_name\" content=\"Yasmin Yahya\" \/>\n<meta property=\"article:modified_time\" content=\"2024-05-13T18:37:40+00:00\" \/>\n<meta property=\"og:image\" content=\"https:\/\/www.yasminyahya.com\/wp-content\/uploads\/2017\/03\/yasmin-yahya-bijoux-earth-6.jpg\" \/>\n\t<meta property=\"og:image:width\" content=\"624\" \/>\n\t<meta property=\"og:image:height\" content=\"624\" \/>\n\t<meta property=\"og:image:type\" content=\"image\/jpeg\" \/>\n<meta name=\"twitter:card\" content=\"summary_large_image\" \/>\n<meta name=\"twitter:label1\" content=\"Dur\u00e9e de lecture estim\u00e9e\" \/>\n\t<meta name=\"twitter:data1\" content=\"1 minute\" \/>\n<script type=\"application\/ld+json\" class=\"yoast-schema-graph\">{\"@context\":\"https:\/\/schema.org\",\"@graph\":[{\"@type\":\"WebPage\",\"@id\":\"https:\/\/www.yasminyahya.com\/fr\/boutique\/bracelets\/bracelet-dots-quadrinity\/\",\"url\":\"https:\/\/www.yasminyahya.com\/fr\/boutique\/bracelets\/bracelet-dots-quadrinity\/\",\"name\":\"JONC EARTH - Yasmin Yahya\",\"isPartOf\":{\"@id\":\"https:\/\/www.yasminyahya.com\/fr\/#website\"},\"primaryImageOfPage\":{\"@id\":\"https:\/\/www.yasminyahya.com\/fr\/boutique\/bracelets\/bracelet-dots-quadrinity\/#primaryimage\"},\"image\":{\"@id\":\"https:\/\/www.yasminyahya.com\/fr\/boutique\/bracelets\/bracelet-dots-quadrinity\/#primaryimage\"},\"thumbnailUrl\":\"https:\/\/www.yasminyahya.com\/wp-content\/uploads\/2017\/03\/yasmin-yahya-bijoux-earth-6.jpg\",\"datePublished\":\"2019-07-22T15:56:14+00:00\",\"dateModified\":\"2024-05-13T18:37:40+00:00\",\"description\":\"Bracelet en argent et Mokume Gane RJC (Responsible Jewelry Council). Une pi\u00e8ce unique de la collection EARHT, par la cr\u00e9atrice de bijoux contemporains Yasmin Yahya \u00e0 Baden en Suisse\",\"breadcrumb\":{\"@id\":\"https:\/\/www.yasminyahya.com\/fr\/boutique\/bracelets\/bracelet-dots-quadrinity\/#breadcrumb\"},\"inLanguage\":\"fr-FR\",\"potentialAction\":[{\"@type\":\"ReadAction\",\"target\":[\"https:\/\/www.yasminyahya.com\/fr\/boutique\/bracelets\/bracelet-dots-quadrinity\/\"]}]},{\"@type\":\"ImageObject\",\"inLanguage\":\"fr-FR\",\"@id\":\"https:\/\/www.yasminyahya.com\/fr\/boutique\/bracelets\/bracelet-dots-quadrinity\/#primaryimage\",\"url\":\"https:\/\/www.yasminyahya.com\/wp-content\/uploads\/2017\/03\/yasmin-yahya-bijoux-earth-6.jpg\",\"contentUrl\":\"https:\/\/www.yasminyahya.com\/wp-content\/uploads\/2017\/03\/yasmin-yahya-bijoux-earth-6.jpg\",\"width\":624,\"height\":624,\"caption\":\"Bracelet en argent et mokum\u00e9 gan\u00e9, largeur 2,9 cm\"},{\"@type\":\"BreadcrumbList\",\"@id\":\"https:\/\/www.yasminyahya.com\/fr\/boutique\/bracelets\/bracelet-dots-quadrinity\/#breadcrumb\",\"itemListElement\":[{\"@type\":\"ListItem\",\"position\":1,\"name\":\"Accueil\",\"item\":\"https:\/\/www.yasminyahya.com\/fr\/\"},{\"@type\":\"ListItem\",\"position\":2,\"name\":\"Produits\",\"item\":\"https:\/\/www.yasminyahya.com\/fr\/shop\/\"},{\"@type\":\"ListItem\",\"position\":3,\"name\":\"JONC EARTH\"}]},{\"@type\":\"WebSite\",\"@id\":\"https:\/\/www.yasminyahya.com\/fr\/#website\",\"url\":\"https:\/\/www.yasminyahya.com\/fr\/\",\"name\":\"Yasmin Yahya\",\"description\":\"Bijoux Contemporains\",\"potentialAction\":[{\"@type\":\"SearchAction\",\"target\":{\"@type\":\"EntryPoint\",\"urlTemplate\":\"https:\/\/www.yasminyahya.com\/fr\/?s={search_term_string}\"},\"query-input\":{\"@type\":\"PropertyValueSpecification\",\"valueRequired\":true,\"valueName\":\"search_term_string\"}}],\"inLanguage\":\"fr-FR\"}]}<\/script>\n<!-- \/ Yoast SEO plugin. -->","yoast_head_json":{"title":"JONC EARTH - Yasmin Yahya","description":"Bracelet en argent et Mokume Gane RJC (Responsible Jewelry Council). Une pi\u00e8ce unique de la collection EARHT, par la cr\u00e9atrice de bijoux contemporains Yasmin Yahya \u00e0 Baden en Suisse","robots":{"index":"index","follow":"follow","max-snippet":"max-snippet:-1","max-image-preview":"max-image-preview:large","max-video-preview":"max-video-preview:-1"},"canonical":"https:\/\/www.yasminyahya.com\/fr\/boutique\/bracelets\/bracelet-dots-quadrinity\/","og_locale":"fr_FR","og_type":"article","og_title":"JONC EARTH - Yasmin Yahya","og_description":"Bracelet en argent et Mokume Gane RJC (Responsible Jewelry Council). Une pi\u00e8ce unique de la collection EARHT, par la cr\u00e9atrice de bijoux contemporains Yasmin Yahya \u00e0 Baden en Suisse","og_url":"https:\/\/www.yasminyahya.com\/fr\/boutique\/bracelets\/bracelet-dots-quadrinity\/","og_site_name":"Yasmin Yahya","article_modified_time":"2024-05-13T18:37:40+00:00","og_image":[{"width":624,"height":624,"url":"https:\/\/www.yasminyahya.com\/wp-content\/uploads\/2017\/03\/yasmin-yahya-bijoux-earth-6.jpg","type":"image\/jpeg"}],"twitter_card":"summary_large_image","twitter_misc":{"Dur\u00e9e de lecture estim\u00e9e":"1 minute"},"schema":{"@context":"https:\/\/schema.org","@graph":[{"@type":"WebPage","@id":"https:\/\/www.yasminyahya.com\/fr\/boutique\/bracelets\/bracelet-dots-quadrinity\/","url":"https:\/\/www.yasminyahya.com\/fr\/boutique\/bracelets\/bracelet-dots-quadrinity\/","name":"JONC EARTH - Yasmin Yahya","isPartOf":{"@id":"https:\/\/www.yasminyahya.com\/fr\/#website"},"primaryImageOfPage":{"@id":"https:\/\/www.yasminyahya.com\/fr\/boutique\/bracelets\/bracelet-dots-quadrinity\/#primaryimage"},"image":{"@id":"https:\/\/www.yasminyahya.com\/fr\/boutique\/bracelets\/bracelet-dots-quadrinity\/#primaryimage"},"thumbnailUrl":"https:\/\/www.yasminyahya.com\/wp-content\/uploads\/2017\/03\/yasmin-yahya-bijoux-earth-6.jpg","datePublished":"2019-07-22T15:56:14+00:00","dateModified":"2024-05-13T18:37:40+00:00","description":"Bracelet en argent et Mokume Gane RJC (Responsible Jewelry Council). Une pi\u00e8ce unique de la collection EARHT, par la cr\u00e9atrice de bijoux contemporains Yasmin Yahya \u00e0 Baden en Suisse","breadcrumb":{"@id":"https:\/\/www.yasminyahya.com\/fr\/boutique\/bracelets\/bracelet-dots-quadrinity\/#breadcrumb"},"inLanguage":"fr-FR","potentialAction":[{"@type":"ReadAction","target":["https:\/\/www.yasminyahya.com\/fr\/boutique\/bracelets\/bracelet-dots-quadrinity\/"]}]},{"@type":"ImageObject","inLanguage":"fr-FR","@id":"https:\/\/www.yasminyahya.com\/fr\/boutique\/bracelets\/bracelet-dots-quadrinity\/#primaryimage","url":"https:\/\/www.yasminyahya.com\/wp-content\/uploads\/2017\/03\/yasmin-yahya-bijoux-earth-6.jpg","contentUrl":"https:\/\/www.yasminyahya.com\/wp-content\/uploads\/2017\/03\/yasmin-yahya-bijoux-earth-6.jpg","width":624,"height":624,"caption":"Bracelet en argent et mokum\u00e9 gan\u00e9, largeur 2,9 cm"},{"@type":"BreadcrumbList","@id":"https:\/\/www.yasminyahya.com\/fr\/boutique\/bracelets\/bracelet-dots-quadrinity\/#breadcrumb","itemListElement":[{"@type":"ListItem","position":1,"name":"Accueil","item":"https:\/\/www.yasminyahya.com\/fr\/"},{"@type":"ListItem","position":2,"name":"Produits","item":"https:\/\/www.yasminyahya.com\/fr\/shop\/"},{"@type":"ListItem","position":3,"name":"JONC EARTH"}]},{"@type":"WebSite","@id":"https:\/\/www.yasminyahya.com\/fr\/#website","url":"https:\/\/www.yasminyahya.com\/fr\/","name":"Yasmin Yahya","description":"Bijoux Contemporains","potentialAction":[{"@type":"SearchAction","target":{"@type":"EntryPoint","urlTemplate":"https:\/\/www.yasminyahya.com\/fr\/?s={search_term_string}"},"query-input":{"@type":"PropertyValueSpecification","valueRequired":true,"valueName":"search_term_string"}}],"inLanguage":"fr-FR"}]}},"_links":{"self":[{"href":"https:\/\/www.yasminyahya.com\/fr\/wp-json\/wp\/v2\/product\/4866"}],"collection":[{"href":"https:\/\/www.yasminyahya.com\/fr\/wp-json\/wp\/v2\/product"}],"about":[{"href":"https:\/\/www.yasminyahya.com\/fr\/wp-json\/wp\/v2\/types\/product"}],"wp:featuredmedia":[{"embeddable":true,"href":"https:\/\/www.yasminyahya.com\/fr\/wp-json\/wp\/v2\/media\/155"}],"wp:attachment":[{"href":"https:\/\/www.yasminyahya.com\/fr\/wp-json\/wp\/v2\/media?parent=4866"}],"wp:term":[{"taxonomy":"product_cat","embeddable":true,"href":"https:\/\/www.yasminyahya.com\/fr\/wp-json\/wp\/v2\/product_cat?post=4866"},{"taxonomy":"product_tag","embeddable":true,"href":"https:\/\/www.yasminyahya.com\/fr\/wp-json\/wp\/v2\/product_tag?post=4866"}],"curies":[{"name":"wp","href":"https:\/\/api.w.org\/{rel}","templated":true}]}}