{"id":4878,"date":"2019-07-30T19:58:38","date_gmt":"2019-07-30T17:58:38","guid":{"rendered":"https:\/\/www.yasminyahya.com\/?post_type=product&#038;p=4878"},"modified":"2024-03-07T15:09:19","modified_gmt":"2024-03-07T14:09:19","slug":"bague-voyage-en-argent-ou-argent-or-18-ct-7-tours","status":"publish","type":"product","link":"https:\/\/www.yasminyahya.com\/fr\/boutique\/bagues\/bague-voyage-en-argent-ou-argent-or-18-ct-7-tours\/","title":{"rendered":"Bague VOYAGE, 7-tours"},"content":{"rendered":"<section class=\"l-section wpb_row height_medium\"><div class=\"l-section-h i-cf\"><div class=\"g-cols vc_row via_flex valign_top type_default stacking_default\"><div class=\"vc_col-sm-12 wpb_column vc_column_container\"><div class=\"vc_column-inner\"><div class=\"wpb_wrapper\"><div class=\"wpb_text_column\"><div class=\"wpb_wrapper\"><p><strong>Mati\u00e8re\u00a0:\u00a0<\/strong>Argent et argent\/or 18 cts \u00e9quitable d\u2019origine RJC (Responsible Jewelry Council)<br \/>\n<strong>Tailles\u00a0:<\/strong>\u00a0Tailles 50-59<br \/>\n<strong>Fil:\u00a0<\/strong>Fil \u00f8 env. 1,5 mm sur 7-tours<\/p>\n<p>Le bijou est soigneusement fabriqu\u00e9 \u00e0 la main par Yasmin Yahya selon les techniques traditionnelles de la bijouterie, dans son atelier \u00e0 Turgi (Suisse). Elle utilise des m\u00e9taux pr\u00e9cieux \u00e9quitables d\u2019origine RJC (Responsible Jewelry Council).<\/p>\n<\/div><\/div><div class=\"w-separator size_custom\" style=\"height:32px\"><\/div><div class=\"wpb_text_column\"><div class=\"wpb_wrapper\"><h3>D\u00e9lai<\/h3>\n<p>Si votre taille n\u2019est pas en stock, le d\u00e9lai sera de 7 jours ouvr\u00e9s auquel il faudra rajouter le temps d\u2019acheminement de la Poste.<\/p>\n<section class=\"related products\"><\/section>\n<\/div><\/div><\/div><\/div><\/div><\/div><\/div><\/section>\n","protected":false},"excerpt":{"rendered":"<p>La bague VOYAGE avec 7-tours de la collection \u00ab\u00a0Ring Garden\u00a0\u00bb est disponible en deux versions: en argent et or 18 carats OU uniquement en argent \u00e9quitable RJC.<\/p>\n<p>La bague est faite d&rsquo;un fil en argent de \u00f8 1.5 mm sur 7-tours. Les deux petits tubes mobiles sont soit en argent ou en or 18 carats.<\/p>\n<p>Cette bague VOYAGE est inspir\u00e9e de nos chemins, croisements et rencontres qui jalonnent nos vies et nos voyages.<\/p>\n<p>La bague sera livr\u00e9e dans un joli \u00e9crin avec un certificat d&rsquo;authenticit\u00e9.<\/p>\n","protected":false},"featured_media":9446,"template":"","meta":[],"product_cat":[262,800,298],"product_tag":[],"class_list":{"0":"post-4878","1":"product","2":"type-product","3":"status-publish","4":"has-post-thumbnail","6":"product_cat-bagues","7":"product_cat-divers-pieces-uniques","8":"product_cat-ring-garden","10":"first","11":"instock","12":"shipping-taxable","13":"purchasable","14":"product-type-variable"},"yoast_head":"<!-- This site is optimized with the Yoast SEO plugin v23.5 - https:\/\/yoast.com\/wordpress\/plugins\/seo\/ -->\n<title>Bague VOYAGE, 7-tours - Yasmin Yahya<\/title>\n<meta name=\"description\" content=\"Bague VOYAGE, pr\u00e9sent\u00e9e ici dans ses deux versions: en argent et or 18 carats ou uniquement en argent RJC.\" \/>\n<meta name=\"robots\" content=\"index, follow, max-snippet:-1, max-image-preview:large, max-video-preview:-1\" \/>\n<link rel=\"canonical\" href=\"https:\/\/www.yasminyahya.com\/fr\/boutique\/bagues\/bague-voyage-en-argent-ou-argent-or-18-ct-7-tours\/\" \/>\n<meta property=\"og:locale\" content=\"fr_FR\" \/>\n<meta property=\"og:type\" content=\"article\" \/>\n<meta property=\"og:title\" content=\"Bague VOYAGE, 7-tours - Yasmin Yahya\" \/>\n<meta property=\"og:description\" content=\"Bague VOYAGE, pr\u00e9sent\u00e9e ici dans ses deux versions: en argent et or 18 carats ou uniquement en argent RJC.\" \/>\n<meta property=\"og:url\" content=\"https:\/\/www.yasminyahya.com\/fr\/boutique\/bagues\/bague-voyage-en-argent-ou-argent-or-18-ct-7-tours\/\" \/>\n<meta property=\"og:site_name\" content=\"Yasmin Yahya\" \/>\n<meta property=\"article:modified_time\" content=\"2024-03-07T14:09:19+00:00\" \/>\n<meta property=\"og:image\" content=\"https:\/\/www.yasminyahya.com\/wp-content\/uploads\/2019\/07\/Yasmin-Yahya-Voyage-7-1.jpg\" \/>\n\t<meta property=\"og:image:width\" content=\"1500\" \/>\n\t<meta property=\"og:image:height\" content=\"1500\" \/>\n\t<meta property=\"og:image:type\" content=\"image\/jpeg\" \/>\n<meta name=\"twitter:card\" content=\"summary_large_image\" \/>\n<meta name=\"twitter:label1\" content=\"Dur\u00e9e de lecture estim\u00e9e\" \/>\n\t<meta name=\"twitter:data1\" content=\"1 minute\" \/>\n<script type=\"application\/ld+json\" class=\"yoast-schema-graph\">{\"@context\":\"https:\/\/schema.org\",\"@graph\":[{\"@type\":\"WebPage\",\"@id\":\"https:\/\/www.yasminyahya.com\/fr\/boutique\/bagues\/bague-voyage-en-argent-ou-argent-or-18-ct-7-tours\/\",\"url\":\"https:\/\/www.yasminyahya.com\/fr\/boutique\/bagues\/bague-voyage-en-argent-ou-argent-or-18-ct-7-tours\/\",\"name\":\"Bague VOYAGE, 7-tours - Yasmin Yahya\",\"isPartOf\":{\"@id\":\"https:\/\/www.yasminyahya.com\/fr\/#website\"},\"primaryImageOfPage\":{\"@id\":\"https:\/\/www.yasminyahya.com\/fr\/boutique\/bagues\/bague-voyage-en-argent-ou-argent-or-18-ct-7-tours\/#primaryimage\"},\"image\":{\"@id\":\"https:\/\/www.yasminyahya.com\/fr\/boutique\/bagues\/bague-voyage-en-argent-ou-argent-or-18-ct-7-tours\/#primaryimage\"},\"thumbnailUrl\":\"https:\/\/www.yasminyahya.com\/wp-content\/uploads\/2019\/07\/Yasmin-Yahya-Voyage-7-1.jpg\",\"datePublished\":\"2019-07-30T17:58:38+00:00\",\"dateModified\":\"2024-03-07T14:09:19+00:00\",\"description\":\"Bague VOYAGE, pr\u00e9sent\u00e9e ici dans ses deux versions: en argent et or 18 carats ou uniquement en argent RJC.\",\"breadcrumb\":{\"@id\":\"https:\/\/www.yasminyahya.com\/fr\/boutique\/bagues\/bague-voyage-en-argent-ou-argent-or-18-ct-7-tours\/#breadcrumb\"},\"inLanguage\":\"fr-FR\",\"potentialAction\":[{\"@type\":\"ReadAction\",\"target\":[\"https:\/\/www.yasminyahya.com\/fr\/boutique\/bagues\/bague-voyage-en-argent-ou-argent-or-18-ct-7-tours\/\"]}]},{\"@type\":\"ImageObject\",\"inLanguage\":\"fr-FR\",\"@id\":\"https:\/\/www.yasminyahya.com\/fr\/boutique\/bagues\/bague-voyage-en-argent-ou-argent-or-18-ct-7-tours\/#primaryimage\",\"url\":\"https:\/\/www.yasminyahya.com\/wp-content\/uploads\/2019\/07\/Yasmin-Yahya-Voyage-7-1.jpg\",\"contentUrl\":\"https:\/\/www.yasminyahya.com\/wp-content\/uploads\/2019\/07\/Yasmin-Yahya-Voyage-7-1.jpg\",\"width\":1500,\"height\":1500},{\"@type\":\"BreadcrumbList\",\"@id\":\"https:\/\/www.yasminyahya.com\/fr\/boutique\/bagues\/bague-voyage-en-argent-ou-argent-or-18-ct-7-tours\/#breadcrumb\",\"itemListElement\":[{\"@type\":\"ListItem\",\"position\":1,\"name\":\"Accueil\",\"item\":\"https:\/\/www.yasminyahya.com\/fr\/\"},{\"@type\":\"ListItem\",\"position\":2,\"name\":\"Produits\",\"item\":\"https:\/\/www.yasminyahya.com\/fr\/shop\/\"},{\"@type\":\"ListItem\",\"position\":3,\"name\":\"Bague VOYAGE, 7-tours\"}]},{\"@type\":\"WebSite\",\"@id\":\"https:\/\/www.yasminyahya.com\/fr\/#website\",\"url\":\"https:\/\/www.yasminyahya.com\/fr\/\",\"name\":\"Yasmin Yahya\",\"description\":\"Bijoux Contemporains\",\"potentialAction\":[{\"@type\":\"SearchAction\",\"target\":{\"@type\":\"EntryPoint\",\"urlTemplate\":\"https:\/\/www.yasminyahya.com\/fr\/?s={search_term_string}\"},\"query-input\":{\"@type\":\"PropertyValueSpecification\",\"valueRequired\":true,\"valueName\":\"search_term_string\"}}],\"inLanguage\":\"fr-FR\"}]}<\/script>\n<!-- \/ Yoast SEO plugin. -->","yoast_head_json":{"title":"Bague VOYAGE, 7-tours - Yasmin Yahya","description":"Bague VOYAGE, pr\u00e9sent\u00e9e ici dans ses deux versions: en argent et or 18 carats ou uniquement en argent RJC.","robots":{"index":"index","follow":"follow","max-snippet":"max-snippet:-1","max-image-preview":"max-image-preview:large","max-video-preview":"max-video-preview:-1"},"canonical":"https:\/\/www.yasminyahya.com\/fr\/boutique\/bagues\/bague-voyage-en-argent-ou-argent-or-18-ct-7-tours\/","og_locale":"fr_FR","og_type":"article","og_title":"Bague VOYAGE, 7-tours - Yasmin Yahya","og_description":"Bague VOYAGE, pr\u00e9sent\u00e9e ici dans ses deux versions: en argent et or 18 carats ou uniquement en argent RJC.","og_url":"https:\/\/www.yasminyahya.com\/fr\/boutique\/bagues\/bague-voyage-en-argent-ou-argent-or-18-ct-7-tours\/","og_site_name":"Yasmin Yahya","article_modified_time":"2024-03-07T14:09:19+00:00","og_image":[{"width":1500,"height":1500,"url":"https:\/\/www.yasminyahya.com\/wp-content\/uploads\/2019\/07\/Yasmin-Yahya-Voyage-7-1.jpg","type":"image\/jpeg"}],"twitter_card":"summary_large_image","twitter_misc":{"Dur\u00e9e de lecture estim\u00e9e":"1 minute"},"schema":{"@context":"https:\/\/schema.org","@graph":[{"@type":"WebPage","@id":"https:\/\/www.yasminyahya.com\/fr\/boutique\/bagues\/bague-voyage-en-argent-ou-argent-or-18-ct-7-tours\/","url":"https:\/\/www.yasminyahya.com\/fr\/boutique\/bagues\/bague-voyage-en-argent-ou-argent-or-18-ct-7-tours\/","name":"Bague VOYAGE, 7-tours - Yasmin Yahya","isPartOf":{"@id":"https:\/\/www.yasminyahya.com\/fr\/#website"},"primaryImageOfPage":{"@id":"https:\/\/www.yasminyahya.com\/fr\/boutique\/bagues\/bague-voyage-en-argent-ou-argent-or-18-ct-7-tours\/#primaryimage"},"image":{"@id":"https:\/\/www.yasminyahya.com\/fr\/boutique\/bagues\/bague-voyage-en-argent-ou-argent-or-18-ct-7-tours\/#primaryimage"},"thumbnailUrl":"https:\/\/www.yasminyahya.com\/wp-content\/uploads\/2019\/07\/Yasmin-Yahya-Voyage-7-1.jpg","datePublished":"2019-07-30T17:58:38+00:00","dateModified":"2024-03-07T14:09:19+00:00","description":"Bague VOYAGE, pr\u00e9sent\u00e9e ici dans ses deux versions: en argent et or 18 carats ou uniquement en argent RJC.","breadcrumb":{"@id":"https:\/\/www.yasminyahya.com\/fr\/boutique\/bagues\/bague-voyage-en-argent-ou-argent-or-18-ct-7-tours\/#breadcrumb"},"inLanguage":"fr-FR","potentialAction":[{"@type":"ReadAction","target":["https:\/\/www.yasminyahya.com\/fr\/boutique\/bagues\/bague-voyage-en-argent-ou-argent-or-18-ct-7-tours\/"]}]},{"@type":"ImageObject","inLanguage":"fr-FR","@id":"https:\/\/www.yasminyahya.com\/fr\/boutique\/bagues\/bague-voyage-en-argent-ou-argent-or-18-ct-7-tours\/#primaryimage","url":"https:\/\/www.yasminyahya.com\/wp-content\/uploads\/2019\/07\/Yasmin-Yahya-Voyage-7-1.jpg","contentUrl":"https:\/\/www.yasminyahya.com\/wp-content\/uploads\/2019\/07\/Yasmin-Yahya-Voyage-7-1.jpg","width":1500,"height":1500},{"@type":"BreadcrumbList","@id":"https:\/\/www.yasminyahya.com\/fr\/boutique\/bagues\/bague-voyage-en-argent-ou-argent-or-18-ct-7-tours\/#breadcrumb","itemListElement":[{"@type":"ListItem","position":1,"name":"Accueil","item":"https:\/\/www.yasminyahya.com\/fr\/"},{"@type":"ListItem","position":2,"name":"Produits","item":"https:\/\/www.yasminyahya.com\/fr\/shop\/"},{"@type":"ListItem","position":3,"name":"Bague VOYAGE, 7-tours"}]},{"@type":"WebSite","@id":"https:\/\/www.yasminyahya.com\/fr\/#website","url":"https:\/\/www.yasminyahya.com\/fr\/","name":"Yasmin Yahya","description":"Bijoux Contemporains","potentialAction":[{"@type":"SearchAction","target":{"@type":"EntryPoint","urlTemplate":"https:\/\/www.yasminyahya.com\/fr\/?s={search_term_string}"},"query-input":{"@type":"PropertyValueSpecification","valueRequired":true,"valueName":"search_term_string"}}],"inLanguage":"fr-FR"}]}},"_links":{"self":[{"href":"https:\/\/www.yasminyahya.com\/fr\/wp-json\/wp\/v2\/product\/4878"}],"collection":[{"href":"https:\/\/www.yasminyahya.com\/fr\/wp-json\/wp\/v2\/product"}],"about":[{"href":"https:\/\/www.yasminyahya.com\/fr\/wp-json\/wp\/v2\/types\/product"}],"wp:featuredmedia":[{"embeddable":true,"href":"https:\/\/www.yasminyahya.com\/fr\/wp-json\/wp\/v2\/media\/9446"}],"wp:attachment":[{"href":"https:\/\/www.yasminyahya.com\/fr\/wp-json\/wp\/v2\/media?parent=4878"}],"wp:term":[{"taxonomy":"product_cat","embeddable":true,"href":"https:\/\/www.yasminyahya.com\/fr\/wp-json\/wp\/v2\/product_cat?post=4878"},{"taxonomy":"product_tag","embeddable":true,"href":"https:\/\/www.yasminyahya.com\/fr\/wp-json\/wp\/v2\/product_tag?post=4878"}],"curies":[{"name":"wp","href":"https:\/\/api.w.org\/{rel}","templated":true}]}}