{"id":4886,"date":"2019-08-10T21:51:21","date_gmt":"2019-08-10T19:51:21","guid":{"rendered":"https:\/\/www.yasminyahya.com\/?post_type=product&#038;p=4886"},"modified":"2024-03-07T15:09:08","modified_gmt":"2024-03-07T14:09:08","slug":"collier-earth-en-argent-et-mokume-gane","status":"publish","type":"product","link":"https:\/\/www.yasminyahya.com\/fr\/boutique\/collier\/collier-earth-en-argent-et-mokume-gane\/","title":{"rendered":"Collier EARTH"},"content":{"rendered":"<section class=\"l-section wpb_row height_medium\"><div class=\"l-section-h i-cf\"><div class=\"g-cols vc_row via_flex valign_top type_default stacking_default\"><div class=\"vc_col-sm-12 wpb_column vc_column_container\"><div class=\"vc_column-inner\"><div class=\"wpb_wrapper\"><div class=\"wpb_text_column\"><div class=\"wpb_wrapper\"><p><strong>Mati\u00e8re\u00a0:<\/strong> Argent \u00e9quitable d\u2019origine RJC (Responsible Jewelry Council) et Mokum\u00e9 Gan\u00e9 (argent, cuivre, shibuichi, shakudo et laiton)<\/p>\n<p><strong>Taille : <\/strong>Tour de cou 42 cm, pendentif \u00f8 2 cm (d&rsquo;autres tailles disponible sur demande)<\/p>\n<p>Le bijou est soigneusement fabriqu\u00e9 \u00e0 la main par Yasmin Yahya selon les techniques traditionnelles de la bijouterie, dans son atelier \u00e0 Turgi (Suisse). Elle utilise des m\u00e9taux pr\u00e9cieux \u00e9quitables d\u2019origine RJC (Responsible Jewelry Council).<\/p>\n<\/div><\/div><div class=\"w-separator size_custom\" style=\"height:32px\"><\/div><div class=\"wpb_text_column\"><div class=\"wpb_wrapper\"><h3>D\u00e9lai<\/h3>\n<p>Si le collier n\u2019est pas en stock, le d\u00e9lai sera de 10 jours ouvr\u00e9s auquel il faudra rajouter le temps d\u2019acheminement de la Poste.<\/p>\n<\/div><\/div><\/div><\/div><\/div><\/div><\/div><\/section>\n","protected":false},"excerpt":{"rendered":"<p>Ce collier de la collection EARTH est en argent \u00e9quitable RJC et en Mokum\u00e9 Gan\u00e9. Le tour de cou mesure 42 cm (plusieurs tailles disponibles sur demande) et le pendentif a un diam\u00e8tre de 2 cm.<br \/>\n<strong>Il s\u2019agit d\u2019une pi\u00e8ce unique. Les \u00ab marbrures \u00bb du mokum\u00e9 gan\u00e9 varient \u00e0 chaque pi\u00e8ce, mais restent toujours dans le m\u00eame esprit.<\/strong><\/p>\n<p>Il y a d\u2019abord le Mokum\u00e9 Gan\u00e9, une technique japonaise de fabrication de la mati\u00e8re (de la famille du damass\u00e9) adopt\u00e9e par Yasmin Yahya. Cette technique permet d\u2019obtenir des motifs tr\u00e8s organiques, dans l\u2019\u00e9paisseur des m\u00e9taux m\u00e9lang\u00e9s au feu. On l\u2019associe avec des pi\u00e8ces simples et puissantes, o\u00f9 l\u2018argent est laiss\u00e9 mat et lisse.<br \/>\nLes mati\u00e8res utilis\u00e9es sont l&rsquo;argent, le shibuichi et le shakudo (alliages japonais de cuivre), le cuivre et le laiton.<\/p>\n<p>L\u2018effet de cartographie de la Terre vue de loin est saisissant : continents et oc\u00e9ans, tectonique des plaques, mouvement et d\u00e9rives, o\u00f9 le vide et le plein se font et se d\u00e9font. C\u2019est \u00e0 une v\u00e9ritable dynamique de la mati\u00e8re \u00e0 laquelle assiste.<\/p>\n<p>Le collier est \u00a0livr\u00e9 dans un joli \u00e9crin avec un certificat d&rsquo;authenticit\u00e9.<\/p>\n","protected":false},"featured_media":4887,"template":"","meta":[],"product_cat":[275,297],"product_tag":[],"class_list":{"0":"post-4886","1":"product","2":"type-product","3":"status-publish","4":"has-post-thumbnail","6":"product_cat-collier","7":"product_cat-earth","9":"first","10":"instock","11":"shipping-taxable","12":"purchasable","13":"product-type-simple"},"yoast_head":"<!-- This site is optimized with the Yoast SEO plugin v23.5 - https:\/\/yoast.com\/wordpress\/plugins\/seo\/ -->\n<title>Collier EARTH - Yasmin Yahya<\/title>\n<meta name=\"description\" content=\"Boucles d&#039;oreilles en argent et Mokum\u00e9 Gan\u00e9 RJC \u00e9thique. Piece unique par la cr\u00e9atrice de bjioux contemporains Yasmin Yahya \u00e0 Rennes.\" \/>\n<meta name=\"robots\" content=\"index, follow, max-snippet:-1, max-image-preview:large, max-video-preview:-1\" \/>\n<link rel=\"canonical\" href=\"https:\/\/www.yasminyahya.com\/fr\/boutique\/collier\/collier-earth-en-argent-et-mokume-gane\/\" \/>\n<meta property=\"og:locale\" content=\"fr_FR\" \/>\n<meta property=\"og:type\" content=\"article\" \/>\n<meta property=\"og:title\" content=\"Collier EARTH - Yasmin Yahya\" \/>\n<meta property=\"og:description\" content=\"Boucles d&#039;oreilles en argent et Mokum\u00e9 Gan\u00e9 RJC \u00e9thique. Piece unique par la cr\u00e9atrice de bjioux contemporains Yasmin Yahya \u00e0 Rennes.\" \/>\n<meta property=\"og:url\" content=\"https:\/\/www.yasminyahya.com\/fr\/boutique\/collier\/collier-earth-en-argent-et-mokume-gane\/\" \/>\n<meta property=\"og:site_name\" content=\"Yasmin Yahya\" \/>\n<meta property=\"article:modified_time\" content=\"2024-03-07T14:09:08+00:00\" \/>\n<meta property=\"og:image\" content=\"https:\/\/www.yasminyahya.com\/wp-content\/uploads\/2019\/08\/Yasmin-yahya-collier-EARTH-eshop.jpg\" \/>\n\t<meta property=\"og:image:width\" content=\"1500\" \/>\n\t<meta property=\"og:image:height\" content=\"1500\" \/>\n\t<meta property=\"og:image:type\" content=\"image\/jpeg\" \/>\n<meta name=\"twitter:card\" content=\"summary_large_image\" \/>\n<meta name=\"twitter:label1\" content=\"Dur\u00e9e de lecture estim\u00e9e\" \/>\n\t<meta name=\"twitter:data1\" content=\"1 minute\" \/>\n<script type=\"application\/ld+json\" class=\"yoast-schema-graph\">{\"@context\":\"https:\/\/schema.org\",\"@graph\":[{\"@type\":\"WebPage\",\"@id\":\"https:\/\/www.yasminyahya.com\/fr\/boutique\/collier\/collier-earth-en-argent-et-mokume-gane\/\",\"url\":\"https:\/\/www.yasminyahya.com\/fr\/boutique\/collier\/collier-earth-en-argent-et-mokume-gane\/\",\"name\":\"Collier EARTH - Yasmin Yahya\",\"isPartOf\":{\"@id\":\"https:\/\/www.yasminyahya.com\/fr\/#website\"},\"primaryImageOfPage\":{\"@id\":\"https:\/\/www.yasminyahya.com\/fr\/boutique\/collier\/collier-earth-en-argent-et-mokume-gane\/#primaryimage\"},\"image\":{\"@id\":\"https:\/\/www.yasminyahya.com\/fr\/boutique\/collier\/collier-earth-en-argent-et-mokume-gane\/#primaryimage\"},\"thumbnailUrl\":\"https:\/\/www.yasminyahya.com\/wp-content\/uploads\/2019\/08\/Yasmin-yahya-collier-EARTH-eshop.jpg\",\"datePublished\":\"2019-08-10T19:51:21+00:00\",\"dateModified\":\"2024-03-07T14:09:08+00:00\",\"description\":\"Boucles d'oreilles en argent et Mokum\u00e9 Gan\u00e9 RJC \u00e9thique. Piece unique par la cr\u00e9atrice de bjioux contemporains Yasmin Yahya \u00e0 Rennes.\",\"breadcrumb\":{\"@id\":\"https:\/\/www.yasminyahya.com\/fr\/boutique\/collier\/collier-earth-en-argent-et-mokume-gane\/#breadcrumb\"},\"inLanguage\":\"fr-FR\",\"potentialAction\":[{\"@type\":\"ReadAction\",\"target\":[\"https:\/\/www.yasminyahya.com\/fr\/boutique\/collier\/collier-earth-en-argent-et-mokume-gane\/\"]}]},{\"@type\":\"ImageObject\",\"inLanguage\":\"fr-FR\",\"@id\":\"https:\/\/www.yasminyahya.com\/fr\/boutique\/collier\/collier-earth-en-argent-et-mokume-gane\/#primaryimage\",\"url\":\"https:\/\/www.yasminyahya.com\/wp-content\/uploads\/2019\/08\/Yasmin-yahya-collier-EARTH-eshop.jpg\",\"contentUrl\":\"https:\/\/www.yasminyahya.com\/wp-content\/uploads\/2019\/08\/Yasmin-yahya-collier-EARTH-eshop.jpg\",\"width\":1500,\"height\":1500,\"caption\":\"Collier en argent et Mokume Gan\u00e9 \u00e9thique RJC de la collection EARTH\"},{\"@type\":\"BreadcrumbList\",\"@id\":\"https:\/\/www.yasminyahya.com\/fr\/boutique\/collier\/collier-earth-en-argent-et-mokume-gane\/#breadcrumb\",\"itemListElement\":[{\"@type\":\"ListItem\",\"position\":1,\"name\":\"Accueil\",\"item\":\"https:\/\/www.yasminyahya.com\/fr\/\"},{\"@type\":\"ListItem\",\"position\":2,\"name\":\"Produits\",\"item\":\"https:\/\/www.yasminyahya.com\/fr\/shop\/\"},{\"@type\":\"ListItem\",\"position\":3,\"name\":\"Collier EARTH\"}]},{\"@type\":\"WebSite\",\"@id\":\"https:\/\/www.yasminyahya.com\/fr\/#website\",\"url\":\"https:\/\/www.yasminyahya.com\/fr\/\",\"name\":\"Yasmin Yahya\",\"description\":\"Bijoux Contemporains\",\"potentialAction\":[{\"@type\":\"SearchAction\",\"target\":{\"@type\":\"EntryPoint\",\"urlTemplate\":\"https:\/\/www.yasminyahya.com\/fr\/?s={search_term_string}\"},\"query-input\":{\"@type\":\"PropertyValueSpecification\",\"valueRequired\":true,\"valueName\":\"search_term_string\"}}],\"inLanguage\":\"fr-FR\"}]}<\/script>\n<!-- \/ Yoast SEO plugin. -->","yoast_head_json":{"title":"Collier EARTH - Yasmin Yahya","description":"Boucles d'oreilles en argent et Mokum\u00e9 Gan\u00e9 RJC \u00e9thique. Piece unique par la cr\u00e9atrice de bjioux contemporains Yasmin Yahya \u00e0 Rennes.","robots":{"index":"index","follow":"follow","max-snippet":"max-snippet:-1","max-image-preview":"max-image-preview:large","max-video-preview":"max-video-preview:-1"},"canonical":"https:\/\/www.yasminyahya.com\/fr\/boutique\/collier\/collier-earth-en-argent-et-mokume-gane\/","og_locale":"fr_FR","og_type":"article","og_title":"Collier EARTH - Yasmin Yahya","og_description":"Boucles d'oreilles en argent et Mokum\u00e9 Gan\u00e9 RJC \u00e9thique. Piece unique par la cr\u00e9atrice de bjioux contemporains Yasmin Yahya \u00e0 Rennes.","og_url":"https:\/\/www.yasminyahya.com\/fr\/boutique\/collier\/collier-earth-en-argent-et-mokume-gane\/","og_site_name":"Yasmin Yahya","article_modified_time":"2024-03-07T14:09:08+00:00","og_image":[{"width":1500,"height":1500,"url":"https:\/\/www.yasminyahya.com\/wp-content\/uploads\/2019\/08\/Yasmin-yahya-collier-EARTH-eshop.jpg","type":"image\/jpeg"}],"twitter_card":"summary_large_image","twitter_misc":{"Dur\u00e9e de lecture estim\u00e9e":"1 minute"},"schema":{"@context":"https:\/\/schema.org","@graph":[{"@type":"WebPage","@id":"https:\/\/www.yasminyahya.com\/fr\/boutique\/collier\/collier-earth-en-argent-et-mokume-gane\/","url":"https:\/\/www.yasminyahya.com\/fr\/boutique\/collier\/collier-earth-en-argent-et-mokume-gane\/","name":"Collier EARTH - Yasmin Yahya","isPartOf":{"@id":"https:\/\/www.yasminyahya.com\/fr\/#website"},"primaryImageOfPage":{"@id":"https:\/\/www.yasminyahya.com\/fr\/boutique\/collier\/collier-earth-en-argent-et-mokume-gane\/#primaryimage"},"image":{"@id":"https:\/\/www.yasminyahya.com\/fr\/boutique\/collier\/collier-earth-en-argent-et-mokume-gane\/#primaryimage"},"thumbnailUrl":"https:\/\/www.yasminyahya.com\/wp-content\/uploads\/2019\/08\/Yasmin-yahya-collier-EARTH-eshop.jpg","datePublished":"2019-08-10T19:51:21+00:00","dateModified":"2024-03-07T14:09:08+00:00","description":"Boucles d'oreilles en argent et Mokum\u00e9 Gan\u00e9 RJC \u00e9thique. Piece unique par la cr\u00e9atrice de bjioux contemporains Yasmin Yahya \u00e0 Rennes.","breadcrumb":{"@id":"https:\/\/www.yasminyahya.com\/fr\/boutique\/collier\/collier-earth-en-argent-et-mokume-gane\/#breadcrumb"},"inLanguage":"fr-FR","potentialAction":[{"@type":"ReadAction","target":["https:\/\/www.yasminyahya.com\/fr\/boutique\/collier\/collier-earth-en-argent-et-mokume-gane\/"]}]},{"@type":"ImageObject","inLanguage":"fr-FR","@id":"https:\/\/www.yasminyahya.com\/fr\/boutique\/collier\/collier-earth-en-argent-et-mokume-gane\/#primaryimage","url":"https:\/\/www.yasminyahya.com\/wp-content\/uploads\/2019\/08\/Yasmin-yahya-collier-EARTH-eshop.jpg","contentUrl":"https:\/\/www.yasminyahya.com\/wp-content\/uploads\/2019\/08\/Yasmin-yahya-collier-EARTH-eshop.jpg","width":1500,"height":1500,"caption":"Collier en argent et Mokume Gan\u00e9 \u00e9thique RJC de la collection EARTH"},{"@type":"BreadcrumbList","@id":"https:\/\/www.yasminyahya.com\/fr\/boutique\/collier\/collier-earth-en-argent-et-mokume-gane\/#breadcrumb","itemListElement":[{"@type":"ListItem","position":1,"name":"Accueil","item":"https:\/\/www.yasminyahya.com\/fr\/"},{"@type":"ListItem","position":2,"name":"Produits","item":"https:\/\/www.yasminyahya.com\/fr\/shop\/"},{"@type":"ListItem","position":3,"name":"Collier EARTH"}]},{"@type":"WebSite","@id":"https:\/\/www.yasminyahya.com\/fr\/#website","url":"https:\/\/www.yasminyahya.com\/fr\/","name":"Yasmin Yahya","description":"Bijoux Contemporains","potentialAction":[{"@type":"SearchAction","target":{"@type":"EntryPoint","urlTemplate":"https:\/\/www.yasminyahya.com\/fr\/?s={search_term_string}"},"query-input":{"@type":"PropertyValueSpecification","valueRequired":true,"valueName":"search_term_string"}}],"inLanguage":"fr-FR"}]}},"_links":{"self":[{"href":"https:\/\/www.yasminyahya.com\/fr\/wp-json\/wp\/v2\/product\/4886"}],"collection":[{"href":"https:\/\/www.yasminyahya.com\/fr\/wp-json\/wp\/v2\/product"}],"about":[{"href":"https:\/\/www.yasminyahya.com\/fr\/wp-json\/wp\/v2\/types\/product"}],"wp:featuredmedia":[{"embeddable":true,"href":"https:\/\/www.yasminyahya.com\/fr\/wp-json\/wp\/v2\/media\/4887"}],"wp:attachment":[{"href":"https:\/\/www.yasminyahya.com\/fr\/wp-json\/wp\/v2\/media?parent=4886"}],"wp:term":[{"taxonomy":"product_cat","embeddable":true,"href":"https:\/\/www.yasminyahya.com\/fr\/wp-json\/wp\/v2\/product_cat?post=4886"},{"taxonomy":"product_tag","embeddable":true,"href":"https:\/\/www.yasminyahya.com\/fr\/wp-json\/wp\/v2\/product_tag?post=4886"}],"curies":[{"name":"wp","href":"https:\/\/api.w.org\/{rel}","templated":true}]}}