{"id":4959,"date":"2019-10-13T19:39:01","date_gmt":"2019-10-13T17:39:01","guid":{"rendered":"https:\/\/www.yasminyahya.com\/?post_type=product&#038;p=4959"},"modified":"2024-03-07T15:08:48","modified_gmt":"2024-03-07T14:08:48","slug":"bracelet-forest-avec-mailles-en-argent-ethique","status":"publish","type":"product","link":"https:\/\/www.yasminyahya.com\/fr\/boutique\/bracelets\/bracelet-forest-avec-mailles-en-argent-ethique\/","title":{"rendered":"Bracelet FOREST"},"content":{"rendered":"<section class=\"l-section wpb_row height_medium\"><div class=\"l-section-h i-cf\"><div class=\"g-cols vc_row via_flex valign_top type_default stacking_default\"><div class=\"vc_col-sm-12 wpb_column vc_column_container\"><div class=\"vc_column-inner\"><div class=\"wpb_wrapper\"><div class=\"wpb_text_column\"><div class=\"wpb_wrapper\"><p><strong>Mati\u00e8re\u00a0:<\/strong> Argent \u00e9quitable d\u2019origine RJC (Responsible Jewelry Council)<\/p>\n<p><strong>Tailles\u00a0:<\/strong> Taille S (pour un tour de poignet entre 15,5 cm -17 cm, Taille M (17 cm &#8211; 18,5 cm), Taille L (18,6 cm &#8211; 20 cm) \u2013 d\u2019autres tailles disponibles sur demande.<\/p>\n<p>Le bijou est soigneusement fabriqu\u00e9 \u00e0 la main par Yasmin Yahya selon les techniques traditionnelles de la bijouterie, dans son atelier \u00e0 Turgi (Suisse). Elle utilise des m\u00e9taux pr\u00e9cieux \u00e9quitables d\u2019origine RJC (Responsible Jewelry Council).<\/p>\n<\/div><\/div><div class=\"w-separator size_custom\" style=\"height:32px\"><\/div><div class=\"wpb_text_column\"><div class=\"wpb_wrapper\"><h3>D\u00e9lai<\/h3>\n<p>Si votre bijou n\u2019est pas en stock, le d\u00e9lai sera d&rsquo;env. 10 jours ouvr\u00e9s auquel il faudra rajouter le temps d\u2019acheminement de la Poste.<\/p>\n<section class=\"related products\"><\/section>\n<\/div><\/div><\/div><\/div><\/div><\/div><\/div><\/section>\n","protected":false},"excerpt":{"rendered":"<p>Bracelet souple de la collection FOREST en argent ethique RJC. Le bracelet est compos\u00e9 de mailles qui sont mates et noircies \u00e0 l\u2019int\u00e9rieur. Il existe en trois tailles (taille S, M et L).<\/p>\n<p>La collection FOREST repr\u00e9sente l\u2018univers paisible et silencieux de la for\u00eat, les jeux de lumi\u00e8re miroitant des sous-bois, le graphisme des grappes de feuilles nourrissent le concept de cette collection.<\/p>\n<p>Le bracelet est livr\u00e9 dans un joli \u00e9crin avec un certificat d&rsquo;authenticit\u00e9.<\/p>\n","protected":false},"featured_media":4963,"template":"","meta":[],"product_cat":[289,295],"product_tag":[],"class_list":{"0":"post-4959","1":"product","2":"type-product","3":"status-publish","4":"has-post-thumbnail","6":"product_cat-bracelets","7":"product_cat-forest","9":"first","10":"instock","11":"shipping-taxable","12":"purchasable","13":"product-type-variable"},"yoast_head":"<!-- This site is optimized with the Yoast SEO plugin v23.5 - https:\/\/yoast.com\/wordpress\/plugins\/seo\/ -->\n<title>Bracelet FOREST - Yasmin Yahya<\/title>\n<meta name=\"description\" content=\"Bracelet de la collection FOREST est en argent RJC. Soit satin\u00e9e soit oxyd\u00e9e\/noire. Des bijoux contemporains par Yasmin Yahya.\" \/>\n<meta name=\"robots\" content=\"index, follow, max-snippet:-1, max-image-preview:large, max-video-preview:-1\" \/>\n<link rel=\"canonical\" href=\"https:\/\/www.yasminyahya.com\/fr\/boutique\/bracelets\/bracelet-forest-avec-mailles-en-argent-ethique\/\" \/>\n<meta property=\"og:locale\" content=\"fr_FR\" \/>\n<meta property=\"og:type\" content=\"article\" \/>\n<meta property=\"og:title\" content=\"Bracelet FOREST - Yasmin Yahya\" \/>\n<meta property=\"og:description\" content=\"Bracelet de la collection FOREST est en argent RJC. Soit satin\u00e9e soit oxyd\u00e9e\/noire. Des bijoux contemporains par Yasmin Yahya.\" \/>\n<meta property=\"og:url\" content=\"https:\/\/www.yasminyahya.com\/fr\/boutique\/bracelets\/bracelet-forest-avec-mailles-en-argent-ethique\/\" \/>\n<meta property=\"og:site_name\" content=\"Yasmin Yahya\" \/>\n<meta property=\"article:modified_time\" content=\"2024-03-07T14:08:48+00:00\" \/>\n<meta property=\"og:image\" content=\"https:\/\/www.yasminyahya.com\/wp-content\/uploads\/2019\/10\/Yasmin-Yahya-Bracelet-Forest-maille.jpg\" \/>\n\t<meta property=\"og:image:width\" content=\"1500\" \/>\n\t<meta property=\"og:image:height\" content=\"1500\" \/>\n\t<meta property=\"og:image:type\" content=\"image\/jpeg\" \/>\n<meta name=\"twitter:card\" content=\"summary_large_image\" \/>\n<meta name=\"twitter:label1\" content=\"Dur\u00e9e de lecture estim\u00e9e\" \/>\n\t<meta name=\"twitter:data1\" content=\"1 minute\" \/>\n<script type=\"application\/ld+json\" class=\"yoast-schema-graph\">{\"@context\":\"https:\/\/schema.org\",\"@graph\":[{\"@type\":\"WebPage\",\"@id\":\"https:\/\/www.yasminyahya.com\/fr\/boutique\/bracelets\/bracelet-forest-avec-mailles-en-argent-ethique\/\",\"url\":\"https:\/\/www.yasminyahya.com\/fr\/boutique\/bracelets\/bracelet-forest-avec-mailles-en-argent-ethique\/\",\"name\":\"Bracelet FOREST - Yasmin Yahya\",\"isPartOf\":{\"@id\":\"https:\/\/www.yasminyahya.com\/fr\/#website\"},\"primaryImageOfPage\":{\"@id\":\"https:\/\/www.yasminyahya.com\/fr\/boutique\/bracelets\/bracelet-forest-avec-mailles-en-argent-ethique\/#primaryimage\"},\"image\":{\"@id\":\"https:\/\/www.yasminyahya.com\/fr\/boutique\/bracelets\/bracelet-forest-avec-mailles-en-argent-ethique\/#primaryimage\"},\"thumbnailUrl\":\"https:\/\/www.yasminyahya.com\/wp-content\/uploads\/2019\/10\/Yasmin-Yahya-Bracelet-Forest-maille.jpg\",\"datePublished\":\"2019-10-13T17:39:01+00:00\",\"dateModified\":\"2024-03-07T14:08:48+00:00\",\"description\":\"Bracelet de la collection FOREST est en argent RJC. Soit satin\u00e9e soit oxyd\u00e9e\/noire. Des bijoux contemporains par Yasmin Yahya.\",\"breadcrumb\":{\"@id\":\"https:\/\/www.yasminyahya.com\/fr\/boutique\/bracelets\/bracelet-forest-avec-mailles-en-argent-ethique\/#breadcrumb\"},\"inLanguage\":\"fr-FR\",\"potentialAction\":[{\"@type\":\"ReadAction\",\"target\":[\"https:\/\/www.yasminyahya.com\/fr\/boutique\/bracelets\/bracelet-forest-avec-mailles-en-argent-ethique\/\"]}]},{\"@type\":\"ImageObject\",\"inLanguage\":\"fr-FR\",\"@id\":\"https:\/\/www.yasminyahya.com\/fr\/boutique\/bracelets\/bracelet-forest-avec-mailles-en-argent-ethique\/#primaryimage\",\"url\":\"https:\/\/www.yasminyahya.com\/wp-content\/uploads\/2019\/10\/Yasmin-Yahya-Bracelet-Forest-maille.jpg\",\"contentUrl\":\"https:\/\/www.yasminyahya.com\/wp-content\/uploads\/2019\/10\/Yasmin-Yahya-Bracelet-Forest-maille.jpg\",\"width\":1500,\"height\":1500,\"caption\":\"Bracelet Maille Forest en argent \u00e9thique. Souple et agr\u00e9able \u00e0 porter.\"},{\"@type\":\"BreadcrumbList\",\"@id\":\"https:\/\/www.yasminyahya.com\/fr\/boutique\/bracelets\/bracelet-forest-avec-mailles-en-argent-ethique\/#breadcrumb\",\"itemListElement\":[{\"@type\":\"ListItem\",\"position\":1,\"name\":\"Accueil\",\"item\":\"https:\/\/www.yasminyahya.com\/fr\/\"},{\"@type\":\"ListItem\",\"position\":2,\"name\":\"Produits\",\"item\":\"https:\/\/www.yasminyahya.com\/fr\/shop\/\"},{\"@type\":\"ListItem\",\"position\":3,\"name\":\"Bracelet FOREST\"}]},{\"@type\":\"WebSite\",\"@id\":\"https:\/\/www.yasminyahya.com\/fr\/#website\",\"url\":\"https:\/\/www.yasminyahya.com\/fr\/\",\"name\":\"Yasmin Yahya\",\"description\":\"Bijoux Contemporains\",\"potentialAction\":[{\"@type\":\"SearchAction\",\"target\":{\"@type\":\"EntryPoint\",\"urlTemplate\":\"https:\/\/www.yasminyahya.com\/fr\/?s={search_term_string}\"},\"query-input\":{\"@type\":\"PropertyValueSpecification\",\"valueRequired\":true,\"valueName\":\"search_term_string\"}}],\"inLanguage\":\"fr-FR\"}]}<\/script>\n<!-- \/ Yoast SEO plugin. -->","yoast_head_json":{"title":"Bracelet FOREST - Yasmin Yahya","description":"Bracelet de la collection FOREST est en argent RJC. Soit satin\u00e9e soit oxyd\u00e9e\/noire. Des bijoux contemporains par Yasmin Yahya.","robots":{"index":"index","follow":"follow","max-snippet":"max-snippet:-1","max-image-preview":"max-image-preview:large","max-video-preview":"max-video-preview:-1"},"canonical":"https:\/\/www.yasminyahya.com\/fr\/boutique\/bracelets\/bracelet-forest-avec-mailles-en-argent-ethique\/","og_locale":"fr_FR","og_type":"article","og_title":"Bracelet FOREST - Yasmin Yahya","og_description":"Bracelet de la collection FOREST est en argent RJC. Soit satin\u00e9e soit oxyd\u00e9e\/noire. Des bijoux contemporains par Yasmin Yahya.","og_url":"https:\/\/www.yasminyahya.com\/fr\/boutique\/bracelets\/bracelet-forest-avec-mailles-en-argent-ethique\/","og_site_name":"Yasmin Yahya","article_modified_time":"2024-03-07T14:08:48+00:00","og_image":[{"width":1500,"height":1500,"url":"https:\/\/www.yasminyahya.com\/wp-content\/uploads\/2019\/10\/Yasmin-Yahya-Bracelet-Forest-maille.jpg","type":"image\/jpeg"}],"twitter_card":"summary_large_image","twitter_misc":{"Dur\u00e9e de lecture estim\u00e9e":"1 minute"},"schema":{"@context":"https:\/\/schema.org","@graph":[{"@type":"WebPage","@id":"https:\/\/www.yasminyahya.com\/fr\/boutique\/bracelets\/bracelet-forest-avec-mailles-en-argent-ethique\/","url":"https:\/\/www.yasminyahya.com\/fr\/boutique\/bracelets\/bracelet-forest-avec-mailles-en-argent-ethique\/","name":"Bracelet FOREST - Yasmin Yahya","isPartOf":{"@id":"https:\/\/www.yasminyahya.com\/fr\/#website"},"primaryImageOfPage":{"@id":"https:\/\/www.yasminyahya.com\/fr\/boutique\/bracelets\/bracelet-forest-avec-mailles-en-argent-ethique\/#primaryimage"},"image":{"@id":"https:\/\/www.yasminyahya.com\/fr\/boutique\/bracelets\/bracelet-forest-avec-mailles-en-argent-ethique\/#primaryimage"},"thumbnailUrl":"https:\/\/www.yasminyahya.com\/wp-content\/uploads\/2019\/10\/Yasmin-Yahya-Bracelet-Forest-maille.jpg","datePublished":"2019-10-13T17:39:01+00:00","dateModified":"2024-03-07T14:08:48+00:00","description":"Bracelet de la collection FOREST est en argent RJC. Soit satin\u00e9e soit oxyd\u00e9e\/noire. Des bijoux contemporains par Yasmin Yahya.","breadcrumb":{"@id":"https:\/\/www.yasminyahya.com\/fr\/boutique\/bracelets\/bracelet-forest-avec-mailles-en-argent-ethique\/#breadcrumb"},"inLanguage":"fr-FR","potentialAction":[{"@type":"ReadAction","target":["https:\/\/www.yasminyahya.com\/fr\/boutique\/bracelets\/bracelet-forest-avec-mailles-en-argent-ethique\/"]}]},{"@type":"ImageObject","inLanguage":"fr-FR","@id":"https:\/\/www.yasminyahya.com\/fr\/boutique\/bracelets\/bracelet-forest-avec-mailles-en-argent-ethique\/#primaryimage","url":"https:\/\/www.yasminyahya.com\/wp-content\/uploads\/2019\/10\/Yasmin-Yahya-Bracelet-Forest-maille.jpg","contentUrl":"https:\/\/www.yasminyahya.com\/wp-content\/uploads\/2019\/10\/Yasmin-Yahya-Bracelet-Forest-maille.jpg","width":1500,"height":1500,"caption":"Bracelet Maille Forest en argent \u00e9thique. Souple et agr\u00e9able \u00e0 porter."},{"@type":"BreadcrumbList","@id":"https:\/\/www.yasminyahya.com\/fr\/boutique\/bracelets\/bracelet-forest-avec-mailles-en-argent-ethique\/#breadcrumb","itemListElement":[{"@type":"ListItem","position":1,"name":"Accueil","item":"https:\/\/www.yasminyahya.com\/fr\/"},{"@type":"ListItem","position":2,"name":"Produits","item":"https:\/\/www.yasminyahya.com\/fr\/shop\/"},{"@type":"ListItem","position":3,"name":"Bracelet FOREST"}]},{"@type":"WebSite","@id":"https:\/\/www.yasminyahya.com\/fr\/#website","url":"https:\/\/www.yasminyahya.com\/fr\/","name":"Yasmin Yahya","description":"Bijoux Contemporains","potentialAction":[{"@type":"SearchAction","target":{"@type":"EntryPoint","urlTemplate":"https:\/\/www.yasminyahya.com\/fr\/?s={search_term_string}"},"query-input":{"@type":"PropertyValueSpecification","valueRequired":true,"valueName":"search_term_string"}}],"inLanguage":"fr-FR"}]}},"_links":{"self":[{"href":"https:\/\/www.yasminyahya.com\/fr\/wp-json\/wp\/v2\/product\/4959"}],"collection":[{"href":"https:\/\/www.yasminyahya.com\/fr\/wp-json\/wp\/v2\/product"}],"about":[{"href":"https:\/\/www.yasminyahya.com\/fr\/wp-json\/wp\/v2\/types\/product"}],"wp:featuredmedia":[{"embeddable":true,"href":"https:\/\/www.yasminyahya.com\/fr\/wp-json\/wp\/v2\/media\/4963"}],"wp:attachment":[{"href":"https:\/\/www.yasminyahya.com\/fr\/wp-json\/wp\/v2\/media?parent=4959"}],"wp:term":[{"taxonomy":"product_cat","embeddable":true,"href":"https:\/\/www.yasminyahya.com\/fr\/wp-json\/wp\/v2\/product_cat?post=4959"},{"taxonomy":"product_tag","embeddable":true,"href":"https:\/\/www.yasminyahya.com\/fr\/wp-json\/wp\/v2\/product_tag?post=4959"}],"curies":[{"name":"wp","href":"https:\/\/api.w.org\/{rel}","templated":true}]}}