{"id":5049,"date":"2019-10-16T15:13:42","date_gmt":"2019-10-16T13:13:42","guid":{"rendered":"https:\/\/www.yasminyahya.com\/?post_type=product&#038;p=5049"},"modified":"2024-03-07T15:07:02","modified_gmt":"2024-03-07T14:07:02","slug":"bague-delhi-triple-en-argent-ethique-ou-plaque-or","status":"publish","type":"product","link":"https:\/\/www.yasminyahya.com\/fr\/boutique\/bagues\/bague-delhi-triple-en-argent-ethique-ou-plaque-or\/","title":{"rendered":"Bague DELHI-Triple"},"content":{"rendered":"<section class=\"l-section wpb_row height_medium\"><div class=\"l-section-h i-cf\"><div class=\"g-cols vc_row via_flex valign_top type_default stacking_default\"><div class=\"vc_col-sm-12 wpb_column vc_column_container\"><div class=\"vc_column-inner\"><div class=\"wpb_wrapper\"><div class=\"wpb_text_column\"><div class=\"wpb_wrapper\"><p><strong>Mati\u00e8re\u00a0:<\/strong> Argent OU argent\/plaqu\u00e9 or (3 microns), \u00e9quitable d\u2019origine RJC (Responsible Jewelry Council)<\/p>\n<p><strong>Tailles\u00a0:<\/strong>\u00a049-59<\/p>\n<p><strong>Largeur<\/strong>\u00a0<strong>:<\/strong> 12 mm<\/p>\n<p>Le bijou est soigneusement fabriqu\u00e9 \u00e0 la main par Yasmin Yahya selon les techniques traditionnelles de la bijouterie, dans son atelier \u00e0 Turgi. Elle utilise des m\u00e9taux pr\u00e9cieux \u00e9quitables d\u2019origine RJC (Responsible Jewelry Council).<\/p>\n<\/div><\/div><div class=\"w-separator size_custom\" style=\"height:32px\"><\/div><div class=\"wpb_text_column\"><div class=\"wpb_wrapper\"><h3>D\u00e9lai<\/h3>\n<p>Si votre taille n\u2019est pas en stock, le d\u00e9lai sera de 5-7 jours ouvr\u00e9s auquel il faudra rajouter le temps d\u2019acheminement de la Poste.<\/p>\n<section class=\"related products\"><\/section>\n<section class=\"related products\"><\/section>\n<\/div><\/div><\/div><\/div><\/div><\/div><\/div><\/section>\n","protected":false},"excerpt":{"rendered":"<p>Cette ravissante double-bague de la collection DELHI est disponible dans ses deux versions, soit enti\u00e8rement en argent, soit en argent et plaqu\u00e9 or \u00e9thique d\u2019origine RJC.<\/p>\n<p>La bague de base a une largeur de 1,2 cm en argent bross\u00e9, avec trois bagues en fil perl\u00e9 (en argent ou argent plaqu\u00e9 or) superpos\u00e9es et mobiles. Les bagues superpos\u00e9es coulissent librement sur l\u2019anneau de base.<\/p>\n<p>La collection DELHI : Les couleurs vives et vari\u00e9es des pierres, l\u2019association de lignes et de chapelets de perles sont directement inspir\u00e9es de l\u2019univers charg\u00e9 de l\u2019Inde, pays natal du p\u00e8re de Yasmin Yahya, mais de mani\u00e8re ludique et l\u00e9g\u00e8re.<\/p>\n<p>La bague sera livr\u00e9e avec un joli \u00e9crin et un certificat d\u2019authenticit\u00e9.<\/p>\n<p>La bague peut \u00eatre personnalis\u00e9e sur demande par une gravure \u00e0 l\u2019int\u00e9rieur de l\u2019anneau.<br \/>\n<strong>Pour les gravures <\/strong>merci de me <strong><a href=\"https:\/\/www.yasminyahya.com\/contact\/\">contacter<\/a> <\/strong>pour me transmettre votre texte<\/p>\n","protected":false},"featured_media":9364,"template":"","meta":[],"product_cat":[262,327],"product_tag":[],"class_list":{"0":"post-5049","1":"product","2":"type-product","3":"status-publish","4":"has-post-thumbnail","6":"product_cat-bagues","7":"product_cat-delhi","9":"first","10":"instock","11":"shipping-taxable","12":"purchasable","13":"product-type-variable"},"yoast_head":"<!-- This site is optimized with the Yoast SEO plugin v23.5 - https:\/\/yoast.com\/wordpress\/plugins\/seo\/ -->\n<title>Bague DELHI-Triple - Yasmin Yahya<\/title>\n<meta name=\"description\" content=\"Bague de la collection DOTS, pr\u00e9sent\u00e9e ici dans ses deux versions: en argent et bim\u00e9tal argent\/or 22 carats ou uniquement en argent RJC.\" \/>\n<meta name=\"robots\" content=\"index, follow, max-snippet:-1, max-image-preview:large, max-video-preview:-1\" \/>\n<link rel=\"canonical\" href=\"https:\/\/www.yasminyahya.com\/fr\/boutique\/bagues\/bague-delhi-triple-en-argent-ethique-ou-plaque-or\/\" \/>\n<meta property=\"og:locale\" content=\"fr_FR\" \/>\n<meta property=\"og:type\" content=\"article\" \/>\n<meta property=\"og:title\" content=\"Bague DELHI-Triple - Yasmin Yahya\" \/>\n<meta property=\"og:description\" content=\"Bague de la collection DOTS, pr\u00e9sent\u00e9e ici dans ses deux versions: en argent et bim\u00e9tal argent\/or 22 carats ou uniquement en argent RJC.\" \/>\n<meta property=\"og:url\" content=\"https:\/\/www.yasminyahya.com\/fr\/boutique\/bagues\/bague-delhi-triple-en-argent-ethique-ou-plaque-or\/\" \/>\n<meta property=\"og:site_name\" content=\"Yasmin Yahya\" \/>\n<meta property=\"article:modified_time\" content=\"2024-03-07T14:07:02+00:00\" \/>\n<meta property=\"og:image\" content=\"https:\/\/www.yasminyahya.com\/wp-content\/uploads\/2019\/10\/Yasmin-Yahya-BAF-Delhi-Triple2.jpg\" \/>\n\t<meta property=\"og:image:width\" content=\"1582\" \/>\n\t<meta property=\"og:image:height\" content=\"1582\" \/>\n\t<meta property=\"og:image:type\" content=\"image\/jpeg\" \/>\n<meta name=\"twitter:card\" content=\"summary_large_image\" \/>\n<meta name=\"twitter:label1\" content=\"Dur\u00e9e de lecture estim\u00e9e\" \/>\n\t<meta name=\"twitter:data1\" content=\"1 minute\" \/>\n<script type=\"application\/ld+json\" class=\"yoast-schema-graph\">{\"@context\":\"https:\/\/schema.org\",\"@graph\":[{\"@type\":\"WebPage\",\"@id\":\"https:\/\/www.yasminyahya.com\/fr\/boutique\/bagues\/bague-delhi-triple-en-argent-ethique-ou-plaque-or\/\",\"url\":\"https:\/\/www.yasminyahya.com\/fr\/boutique\/bagues\/bague-delhi-triple-en-argent-ethique-ou-plaque-or\/\",\"name\":\"Bague DELHI-Triple - Yasmin Yahya\",\"isPartOf\":{\"@id\":\"https:\/\/www.yasminyahya.com\/fr\/#website\"},\"primaryImageOfPage\":{\"@id\":\"https:\/\/www.yasminyahya.com\/fr\/boutique\/bagues\/bague-delhi-triple-en-argent-ethique-ou-plaque-or\/#primaryimage\"},\"image\":{\"@id\":\"https:\/\/www.yasminyahya.com\/fr\/boutique\/bagues\/bague-delhi-triple-en-argent-ethique-ou-plaque-or\/#primaryimage\"},\"thumbnailUrl\":\"https:\/\/www.yasminyahya.com\/wp-content\/uploads\/2019\/10\/Yasmin-Yahya-BAF-Delhi-Triple2.jpg\",\"datePublished\":\"2019-10-16T13:13:42+00:00\",\"dateModified\":\"2024-03-07T14:07:02+00:00\",\"description\":\"Bague de la collection DOTS, pr\u00e9sent\u00e9e ici dans ses deux versions: en argent et bim\u00e9tal argent\/or 22 carats ou uniquement en argent RJC.\",\"breadcrumb\":{\"@id\":\"https:\/\/www.yasminyahya.com\/fr\/boutique\/bagues\/bague-delhi-triple-en-argent-ethique-ou-plaque-or\/#breadcrumb\"},\"inLanguage\":\"fr-FR\",\"potentialAction\":[{\"@type\":\"ReadAction\",\"target\":[\"https:\/\/www.yasminyahya.com\/fr\/boutique\/bagues\/bague-delhi-triple-en-argent-ethique-ou-plaque-or\/\"]}]},{\"@type\":\"ImageObject\",\"inLanguage\":\"fr-FR\",\"@id\":\"https:\/\/www.yasminyahya.com\/fr\/boutique\/bagues\/bague-delhi-triple-en-argent-ethique-ou-plaque-or\/#primaryimage\",\"url\":\"https:\/\/www.yasminyahya.com\/wp-content\/uploads\/2019\/10\/Yasmin-Yahya-BAF-Delhi-Triple2.jpg\",\"contentUrl\":\"https:\/\/www.yasminyahya.com\/wp-content\/uploads\/2019\/10\/Yasmin-Yahya-BAF-Delhi-Triple2.jpg\",\"width\":1582,\"height\":1582},{\"@type\":\"BreadcrumbList\",\"@id\":\"https:\/\/www.yasminyahya.com\/fr\/boutique\/bagues\/bague-delhi-triple-en-argent-ethique-ou-plaque-or\/#breadcrumb\",\"itemListElement\":[{\"@type\":\"ListItem\",\"position\":1,\"name\":\"Accueil\",\"item\":\"https:\/\/www.yasminyahya.com\/fr\/\"},{\"@type\":\"ListItem\",\"position\":2,\"name\":\"Produits\",\"item\":\"https:\/\/www.yasminyahya.com\/fr\/shop\/\"},{\"@type\":\"ListItem\",\"position\":3,\"name\":\"Bague DELHI-Triple\"}]},{\"@type\":\"WebSite\",\"@id\":\"https:\/\/www.yasminyahya.com\/fr\/#website\",\"url\":\"https:\/\/www.yasminyahya.com\/fr\/\",\"name\":\"Yasmin Yahya\",\"description\":\"Bijoux Contemporains\",\"potentialAction\":[{\"@type\":\"SearchAction\",\"target\":{\"@type\":\"EntryPoint\",\"urlTemplate\":\"https:\/\/www.yasminyahya.com\/fr\/?s={search_term_string}\"},\"query-input\":{\"@type\":\"PropertyValueSpecification\",\"valueRequired\":true,\"valueName\":\"search_term_string\"}}],\"inLanguage\":\"fr-FR\"}]}<\/script>\n<!-- \/ Yoast SEO plugin. -->","yoast_head_json":{"title":"Bague DELHI-Triple - Yasmin Yahya","description":"Bague de la collection DOTS, pr\u00e9sent\u00e9e ici dans ses deux versions: en argent et bim\u00e9tal argent\/or 22 carats ou uniquement en argent RJC.","robots":{"index":"index","follow":"follow","max-snippet":"max-snippet:-1","max-image-preview":"max-image-preview:large","max-video-preview":"max-video-preview:-1"},"canonical":"https:\/\/www.yasminyahya.com\/fr\/boutique\/bagues\/bague-delhi-triple-en-argent-ethique-ou-plaque-or\/","og_locale":"fr_FR","og_type":"article","og_title":"Bague DELHI-Triple - Yasmin Yahya","og_description":"Bague de la collection DOTS, pr\u00e9sent\u00e9e ici dans ses deux versions: en argent et bim\u00e9tal argent\/or 22 carats ou uniquement en argent RJC.","og_url":"https:\/\/www.yasminyahya.com\/fr\/boutique\/bagues\/bague-delhi-triple-en-argent-ethique-ou-plaque-or\/","og_site_name":"Yasmin Yahya","article_modified_time":"2024-03-07T14:07:02+00:00","og_image":[{"width":1582,"height":1582,"url":"https:\/\/www.yasminyahya.com\/wp-content\/uploads\/2019\/10\/Yasmin-Yahya-BAF-Delhi-Triple2.jpg","type":"image\/jpeg"}],"twitter_card":"summary_large_image","twitter_misc":{"Dur\u00e9e de lecture estim\u00e9e":"1 minute"},"schema":{"@context":"https:\/\/schema.org","@graph":[{"@type":"WebPage","@id":"https:\/\/www.yasminyahya.com\/fr\/boutique\/bagues\/bague-delhi-triple-en-argent-ethique-ou-plaque-or\/","url":"https:\/\/www.yasminyahya.com\/fr\/boutique\/bagues\/bague-delhi-triple-en-argent-ethique-ou-plaque-or\/","name":"Bague DELHI-Triple - Yasmin Yahya","isPartOf":{"@id":"https:\/\/www.yasminyahya.com\/fr\/#website"},"primaryImageOfPage":{"@id":"https:\/\/www.yasminyahya.com\/fr\/boutique\/bagues\/bague-delhi-triple-en-argent-ethique-ou-plaque-or\/#primaryimage"},"image":{"@id":"https:\/\/www.yasminyahya.com\/fr\/boutique\/bagues\/bague-delhi-triple-en-argent-ethique-ou-plaque-or\/#primaryimage"},"thumbnailUrl":"https:\/\/www.yasminyahya.com\/wp-content\/uploads\/2019\/10\/Yasmin-Yahya-BAF-Delhi-Triple2.jpg","datePublished":"2019-10-16T13:13:42+00:00","dateModified":"2024-03-07T14:07:02+00:00","description":"Bague de la collection DOTS, pr\u00e9sent\u00e9e ici dans ses deux versions: en argent et bim\u00e9tal argent\/or 22 carats ou uniquement en argent RJC.","breadcrumb":{"@id":"https:\/\/www.yasminyahya.com\/fr\/boutique\/bagues\/bague-delhi-triple-en-argent-ethique-ou-plaque-or\/#breadcrumb"},"inLanguage":"fr-FR","potentialAction":[{"@type":"ReadAction","target":["https:\/\/www.yasminyahya.com\/fr\/boutique\/bagues\/bague-delhi-triple-en-argent-ethique-ou-plaque-or\/"]}]},{"@type":"ImageObject","inLanguage":"fr-FR","@id":"https:\/\/www.yasminyahya.com\/fr\/boutique\/bagues\/bague-delhi-triple-en-argent-ethique-ou-plaque-or\/#primaryimage","url":"https:\/\/www.yasminyahya.com\/wp-content\/uploads\/2019\/10\/Yasmin-Yahya-BAF-Delhi-Triple2.jpg","contentUrl":"https:\/\/www.yasminyahya.com\/wp-content\/uploads\/2019\/10\/Yasmin-Yahya-BAF-Delhi-Triple2.jpg","width":1582,"height":1582},{"@type":"BreadcrumbList","@id":"https:\/\/www.yasminyahya.com\/fr\/boutique\/bagues\/bague-delhi-triple-en-argent-ethique-ou-plaque-or\/#breadcrumb","itemListElement":[{"@type":"ListItem","position":1,"name":"Accueil","item":"https:\/\/www.yasminyahya.com\/fr\/"},{"@type":"ListItem","position":2,"name":"Produits","item":"https:\/\/www.yasminyahya.com\/fr\/shop\/"},{"@type":"ListItem","position":3,"name":"Bague DELHI-Triple"}]},{"@type":"WebSite","@id":"https:\/\/www.yasminyahya.com\/fr\/#website","url":"https:\/\/www.yasminyahya.com\/fr\/","name":"Yasmin Yahya","description":"Bijoux Contemporains","potentialAction":[{"@type":"SearchAction","target":{"@type":"EntryPoint","urlTemplate":"https:\/\/www.yasminyahya.com\/fr\/?s={search_term_string}"},"query-input":{"@type":"PropertyValueSpecification","valueRequired":true,"valueName":"search_term_string"}}],"inLanguage":"fr-FR"}]}},"_links":{"self":[{"href":"https:\/\/www.yasminyahya.com\/fr\/wp-json\/wp\/v2\/product\/5049"}],"collection":[{"href":"https:\/\/www.yasminyahya.com\/fr\/wp-json\/wp\/v2\/product"}],"about":[{"href":"https:\/\/www.yasminyahya.com\/fr\/wp-json\/wp\/v2\/types\/product"}],"wp:featuredmedia":[{"embeddable":true,"href":"https:\/\/www.yasminyahya.com\/fr\/wp-json\/wp\/v2\/media\/9364"}],"wp:attachment":[{"href":"https:\/\/www.yasminyahya.com\/fr\/wp-json\/wp\/v2\/media?parent=5049"}],"wp:term":[{"taxonomy":"product_cat","embeddable":true,"href":"https:\/\/www.yasminyahya.com\/fr\/wp-json\/wp\/v2\/product_cat?post=5049"},{"taxonomy":"product_tag","embeddable":true,"href":"https:\/\/www.yasminyahya.com\/fr\/wp-json\/wp\/v2\/product_tag?post=5049"}],"curies":[{"name":"wp","href":"https:\/\/api.w.org\/{rel}","templated":true}]}}