{"id":5085,"date":"2021-01-09T16:03:45","date_gmt":"2019-10-16T15:30:58","guid":{"rendered":"https:\/\/www.yasminyahya.com\/?post_type=product&#038;p=5085"},"modified":"2024-03-07T15:06:07","modified_gmt":"2024-03-07T14:06:07","slug":"bague-dots-enroule-en-argent-ou-argent-or-22-ct","status":"publish","type":"product","link":"https:\/\/www.yasminyahya.com\/fr\/boutique\/bagues\/bague-dots-enroule-en-argent-ou-argent-or-22-ct\/","title":{"rendered":"Bague DOTS-Enroul\u00e9"},"content":{"rendered":"<section class=\"l-section wpb_row height_medium\"><div class=\"l-section-h i-cf\"><div class=\"g-cols vc_row via_flex valign_top type_default stacking_default\"><div class=\"vc_col-sm-12 wpb_column vc_column_container\"><div class=\"vc_column-inner\"><div class=\"wpb_wrapper\"><div class=\"wpb_text_column\"><div class=\"wpb_wrapper\"><p><strong>Mati\u00e8re\u00a0:<\/strong>\u00a0Bi-mati\u00e8re argent 925\/000 et or 22 carats OU argent 925\/000 \u00e9quitable d\u2019origine RJC (Responsible Jewelry Council)<\/p>\n<p><strong>Tailles\u00a0:<\/strong> Largeur env. 1 cm. Tailles 49-59<\/p>\n<p>Le bijou est soigneusement fabriqu\u00e9 \u00e0 la main par Yasmin Yahya selon les techniques traditionnelles de la bijouterie, dans son atelier \u00e0 Turgi (Suisse). Elle utilise des m\u00e9taux pr\u00e9cieux \u00e9quitables d\u2019origine RJC (Responsible Jewelry Council).<\/p>\n<\/div><\/div><div class=\"w-separator size_custom\" style=\"height:32px\"><\/div><div class=\"wpb_text_column\"><div class=\"wpb_wrapper\"><h3>D\u00e9lai<\/h3>\n<p>Si votre taille n\u2019est pas en stock, le d\u00e9lai sera de 7 jours ouvr\u00e9s auquel il faudra rajouter le temps d\u2019acheminement de la Poste.<\/p>\n<section class=\"related products\"><\/section>\n<section class=\"related products\"><\/section>\n<\/div><\/div><\/div><\/div><\/div><\/div><\/div><\/section>\n","protected":false},"excerpt":{"rendered":"<p>Cette bague enroul\u00e9e de la collection DOTS est pr\u00e9sent\u00e9e ici dans ses deux versions: en argent \u00a0et bim\u00e9tal argent\/or 22 carats ou uniquement en argent, RJC. La premi\u00e8re version comporte une partie bross\u00e9e\/mate et une partie polie\/martel\u00e9e, le tout en argent RJC. La deuxi\u00e8me version comporte une partie bross\u00e9e\/mate en argent et une autre partie en or 22 carats polie\/martel\u00e9e.<br \/>\nLa bague est fabriqu\u00e9e \u00e0 partir d\u2019un ruban de 4 mm (pour une largeur totale de 1 cm). Cette bague est sobre, intemporelle et facile \u00e0 porter.<\/p>\n<p>Elle fait partie de la collection DOTS : Le martelage, technique de mise en forme de la mati\u00e8re, permet \u00e9galement d\u2019obtenir des textures vari\u00e9es. Yasmin Yahya pratique avec plaisir celle qu\u2019elle a appel\u00e9e \u00ab\u00a0petit pois\u00a0\u00bb, devenue l\u2018inspiration de cette collection tr\u00e8s f\u00e9minine. Cercles, ronds, disques et petits pois sont les ingr\u00e9dients de ces pi\u00e8ces mobiles et ludiques.<\/p>\n<p>La bague sera livr\u00e9e dans un joli \u00e9crin avec un certificat d&rsquo;authenticit\u00e9.<\/p>\n","protected":false},"featured_media":9388,"template":"","meta":[],"product_cat":[262,294],"product_tag":[],"class_list":{"0":"post-5085","1":"product","2":"type-product","3":"status-publish","4":"has-post-thumbnail","6":"product_cat-bagues","7":"product_cat-dots","9":"first","10":"instock","11":"shipping-taxable","12":"purchasable","13":"product-type-variable"},"yoast_head":"<!-- This site is optimized with the Yoast SEO plugin v23.5 - https:\/\/yoast.com\/wordpress\/plugins\/seo\/ -->\n<title>Bague DOTS-Enroul\u00e9 - Yasmin Yahya<\/title>\n<meta name=\"description\" content=\"Bague de la collection DOTS, pr\u00e9sent\u00e9e ici dans ses deux versions: en argent et bim\u00e9tal argent\/or 22 carats ou uniquement en argent RJC.\" \/>\n<meta name=\"robots\" content=\"index, follow, max-snippet:-1, max-image-preview:large, max-video-preview:-1\" \/>\n<link rel=\"canonical\" href=\"https:\/\/www.yasminyahya.com\/fr\/boutique\/bagues\/bague-dots-enroule-en-argent-ou-argent-or-22-ct\/\" \/>\n<meta property=\"og:locale\" content=\"fr_FR\" \/>\n<meta property=\"og:type\" content=\"article\" \/>\n<meta property=\"og:title\" content=\"Bague DOTS-Enroul\u00e9 - Yasmin Yahya\" \/>\n<meta property=\"og:description\" content=\"Bague de la collection DOTS, pr\u00e9sent\u00e9e ici dans ses deux versions: en argent et bim\u00e9tal argent\/or 22 carats ou uniquement en argent RJC.\" \/>\n<meta property=\"og:url\" content=\"https:\/\/www.yasminyahya.com\/fr\/boutique\/bagues\/bague-dots-enroule-en-argent-ou-argent-or-22-ct\/\" \/>\n<meta property=\"og:site_name\" content=\"Yasmin Yahya\" \/>\n<meta property=\"article:modified_time\" content=\"2024-03-07T14:06:07+00:00\" \/>\n<meta property=\"og:image\" content=\"https:\/\/www.yasminyahya.com\/wp-content\/uploads\/2021\/01\/Yasmin-Yahya-BAF-Enroule-shop-1.jpg\" \/>\n\t<meta property=\"og:image:width\" content=\"1600\" \/>\n\t<meta property=\"og:image:height\" content=\"1599\" \/>\n\t<meta property=\"og:image:type\" content=\"image\/jpeg\" \/>\n<meta name=\"twitter:card\" content=\"summary_large_image\" \/>\n<meta name=\"twitter:label1\" content=\"Dur\u00e9e de lecture estim\u00e9e\" \/>\n\t<meta name=\"twitter:data1\" content=\"1 minute\" \/>\n<script type=\"application\/ld+json\" class=\"yoast-schema-graph\">{\"@context\":\"https:\/\/schema.org\",\"@graph\":[{\"@type\":\"WebPage\",\"@id\":\"https:\/\/www.yasminyahya.com\/fr\/boutique\/bagues\/bague-dots-enroule-en-argent-ou-argent-or-22-ct\/\",\"url\":\"https:\/\/www.yasminyahya.com\/fr\/boutique\/bagues\/bague-dots-enroule-en-argent-ou-argent-or-22-ct\/\",\"name\":\"Bague DOTS-Enroul\u00e9 - Yasmin Yahya\",\"isPartOf\":{\"@id\":\"https:\/\/www.yasminyahya.com\/fr\/#website\"},\"primaryImageOfPage\":{\"@id\":\"https:\/\/www.yasminyahya.com\/fr\/boutique\/bagues\/bague-dots-enroule-en-argent-ou-argent-or-22-ct\/#primaryimage\"},\"image\":{\"@id\":\"https:\/\/www.yasminyahya.com\/fr\/boutique\/bagues\/bague-dots-enroule-en-argent-ou-argent-or-22-ct\/#primaryimage\"},\"thumbnailUrl\":\"https:\/\/www.yasminyahya.com\/wp-content\/uploads\/2021\/01\/Yasmin-Yahya-BAF-Enroule-shop-1.jpg\",\"datePublished\":\"2019-10-16T15:30:58+00:00\",\"dateModified\":\"2024-03-07T14:06:07+00:00\",\"description\":\"Bague de la collection DOTS, pr\u00e9sent\u00e9e ici dans ses deux versions: en argent et bim\u00e9tal argent\/or 22 carats ou uniquement en argent RJC.\",\"breadcrumb\":{\"@id\":\"https:\/\/www.yasminyahya.com\/fr\/boutique\/bagues\/bague-dots-enroule-en-argent-ou-argent-or-22-ct\/#breadcrumb\"},\"inLanguage\":\"fr-FR\",\"potentialAction\":[{\"@type\":\"ReadAction\",\"target\":[\"https:\/\/www.yasminyahya.com\/fr\/boutique\/bagues\/bague-dots-enroule-en-argent-ou-argent-or-22-ct\/\"]}]},{\"@type\":\"ImageObject\",\"inLanguage\":\"fr-FR\",\"@id\":\"https:\/\/www.yasminyahya.com\/fr\/boutique\/bagues\/bague-dots-enroule-en-argent-ou-argent-or-22-ct\/#primaryimage\",\"url\":\"https:\/\/www.yasminyahya.com\/wp-content\/uploads\/2021\/01\/Yasmin-Yahya-BAF-Enroule-shop-1.jpg\",\"contentUrl\":\"https:\/\/www.yasminyahya.com\/wp-content\/uploads\/2021\/01\/Yasmin-Yahya-BAF-Enroule-shop-1.jpg\",\"width\":1600,\"height\":1599},{\"@type\":\"BreadcrumbList\",\"@id\":\"https:\/\/www.yasminyahya.com\/fr\/boutique\/bagues\/bague-dots-enroule-en-argent-ou-argent-or-22-ct\/#breadcrumb\",\"itemListElement\":[{\"@type\":\"ListItem\",\"position\":1,\"name\":\"Accueil\",\"item\":\"https:\/\/www.yasminyahya.com\/fr\/\"},{\"@type\":\"ListItem\",\"position\":2,\"name\":\"Produits\",\"item\":\"https:\/\/www.yasminyahya.com\/fr\/shop\/\"},{\"@type\":\"ListItem\",\"position\":3,\"name\":\"Bague DOTS-Enroul\u00e9\"}]},{\"@type\":\"WebSite\",\"@id\":\"https:\/\/www.yasminyahya.com\/fr\/#website\",\"url\":\"https:\/\/www.yasminyahya.com\/fr\/\",\"name\":\"Yasmin Yahya\",\"description\":\"Bijoux Contemporains\",\"potentialAction\":[{\"@type\":\"SearchAction\",\"target\":{\"@type\":\"EntryPoint\",\"urlTemplate\":\"https:\/\/www.yasminyahya.com\/fr\/?s={search_term_string}\"},\"query-input\":{\"@type\":\"PropertyValueSpecification\",\"valueRequired\":true,\"valueName\":\"search_term_string\"}}],\"inLanguage\":\"fr-FR\"}]}<\/script>\n<!-- \/ Yoast SEO plugin. -->","yoast_head_json":{"title":"Bague DOTS-Enroul\u00e9 - Yasmin Yahya","description":"Bague de la collection DOTS, pr\u00e9sent\u00e9e ici dans ses deux versions: en argent et bim\u00e9tal argent\/or 22 carats ou uniquement en argent RJC.","robots":{"index":"index","follow":"follow","max-snippet":"max-snippet:-1","max-image-preview":"max-image-preview:large","max-video-preview":"max-video-preview:-1"},"canonical":"https:\/\/www.yasminyahya.com\/fr\/boutique\/bagues\/bague-dots-enroule-en-argent-ou-argent-or-22-ct\/","og_locale":"fr_FR","og_type":"article","og_title":"Bague DOTS-Enroul\u00e9 - Yasmin Yahya","og_description":"Bague de la collection DOTS, pr\u00e9sent\u00e9e ici dans ses deux versions: en argent et bim\u00e9tal argent\/or 22 carats ou uniquement en argent RJC.","og_url":"https:\/\/www.yasminyahya.com\/fr\/boutique\/bagues\/bague-dots-enroule-en-argent-ou-argent-or-22-ct\/","og_site_name":"Yasmin Yahya","article_modified_time":"2024-03-07T14:06:07+00:00","og_image":[{"width":1600,"height":1599,"url":"https:\/\/www.yasminyahya.com\/wp-content\/uploads\/2021\/01\/Yasmin-Yahya-BAF-Enroule-shop-1.jpg","type":"image\/jpeg"}],"twitter_card":"summary_large_image","twitter_misc":{"Dur\u00e9e de lecture estim\u00e9e":"1 minute"},"schema":{"@context":"https:\/\/schema.org","@graph":[{"@type":"WebPage","@id":"https:\/\/www.yasminyahya.com\/fr\/boutique\/bagues\/bague-dots-enroule-en-argent-ou-argent-or-22-ct\/","url":"https:\/\/www.yasminyahya.com\/fr\/boutique\/bagues\/bague-dots-enroule-en-argent-ou-argent-or-22-ct\/","name":"Bague DOTS-Enroul\u00e9 - Yasmin Yahya","isPartOf":{"@id":"https:\/\/www.yasminyahya.com\/fr\/#website"},"primaryImageOfPage":{"@id":"https:\/\/www.yasminyahya.com\/fr\/boutique\/bagues\/bague-dots-enroule-en-argent-ou-argent-or-22-ct\/#primaryimage"},"image":{"@id":"https:\/\/www.yasminyahya.com\/fr\/boutique\/bagues\/bague-dots-enroule-en-argent-ou-argent-or-22-ct\/#primaryimage"},"thumbnailUrl":"https:\/\/www.yasminyahya.com\/wp-content\/uploads\/2021\/01\/Yasmin-Yahya-BAF-Enroule-shop-1.jpg","datePublished":"2019-10-16T15:30:58+00:00","dateModified":"2024-03-07T14:06:07+00:00","description":"Bague de la collection DOTS, pr\u00e9sent\u00e9e ici dans ses deux versions: en argent et bim\u00e9tal argent\/or 22 carats ou uniquement en argent RJC.","breadcrumb":{"@id":"https:\/\/www.yasminyahya.com\/fr\/boutique\/bagues\/bague-dots-enroule-en-argent-ou-argent-or-22-ct\/#breadcrumb"},"inLanguage":"fr-FR","potentialAction":[{"@type":"ReadAction","target":["https:\/\/www.yasminyahya.com\/fr\/boutique\/bagues\/bague-dots-enroule-en-argent-ou-argent-or-22-ct\/"]}]},{"@type":"ImageObject","inLanguage":"fr-FR","@id":"https:\/\/www.yasminyahya.com\/fr\/boutique\/bagues\/bague-dots-enroule-en-argent-ou-argent-or-22-ct\/#primaryimage","url":"https:\/\/www.yasminyahya.com\/wp-content\/uploads\/2021\/01\/Yasmin-Yahya-BAF-Enroule-shop-1.jpg","contentUrl":"https:\/\/www.yasminyahya.com\/wp-content\/uploads\/2021\/01\/Yasmin-Yahya-BAF-Enroule-shop-1.jpg","width":1600,"height":1599},{"@type":"BreadcrumbList","@id":"https:\/\/www.yasminyahya.com\/fr\/boutique\/bagues\/bague-dots-enroule-en-argent-ou-argent-or-22-ct\/#breadcrumb","itemListElement":[{"@type":"ListItem","position":1,"name":"Accueil","item":"https:\/\/www.yasminyahya.com\/fr\/"},{"@type":"ListItem","position":2,"name":"Produits","item":"https:\/\/www.yasminyahya.com\/fr\/shop\/"},{"@type":"ListItem","position":3,"name":"Bague DOTS-Enroul\u00e9"}]},{"@type":"WebSite","@id":"https:\/\/www.yasminyahya.com\/fr\/#website","url":"https:\/\/www.yasminyahya.com\/fr\/","name":"Yasmin Yahya","description":"Bijoux Contemporains","potentialAction":[{"@type":"SearchAction","target":{"@type":"EntryPoint","urlTemplate":"https:\/\/www.yasminyahya.com\/fr\/?s={search_term_string}"},"query-input":{"@type":"PropertyValueSpecification","valueRequired":true,"valueName":"search_term_string"}}],"inLanguage":"fr-FR"}]}},"_links":{"self":[{"href":"https:\/\/www.yasminyahya.com\/fr\/wp-json\/wp\/v2\/product\/5085"}],"collection":[{"href":"https:\/\/www.yasminyahya.com\/fr\/wp-json\/wp\/v2\/product"}],"about":[{"href":"https:\/\/www.yasminyahya.com\/fr\/wp-json\/wp\/v2\/types\/product"}],"wp:featuredmedia":[{"embeddable":true,"href":"https:\/\/www.yasminyahya.com\/fr\/wp-json\/wp\/v2\/media\/9388"}],"wp:attachment":[{"href":"https:\/\/www.yasminyahya.com\/fr\/wp-json\/wp\/v2\/media?parent=5085"}],"wp:term":[{"taxonomy":"product_cat","embeddable":true,"href":"https:\/\/www.yasminyahya.com\/fr\/wp-json\/wp\/v2\/product_cat?post=5085"},{"taxonomy":"product_tag","embeddable":true,"href":"https:\/\/www.yasminyahya.com\/fr\/wp-json\/wp\/v2\/product_tag?post=5085"}],"curies":[{"name":"wp","href":"https:\/\/api.w.org\/{rel}","templated":true}]}}