{"id":5325,"date":"2019-10-30T19:16:01","date_gmt":"2019-10-30T18:16:01","guid":{"rendered":"https:\/\/www.yasminyahya.com\/?post_type=product&#038;p=5325"},"modified":"2024-03-07T15:02:48","modified_gmt":"2024-03-07T14:02:48","slug":"bague-ring-garden-avec-peridot-en-argent-et-or-22-cts-ethique","status":"publish","type":"product","link":"https:\/\/www.yasminyahya.com\/fr\/boutique\/bagues\/bague-ring-garden-avec-peridot-en-argent-et-or-22-cts-ethique\/","title":{"rendered":"Bague RING GARDEN avec p\u00e9ridot"},"content":{"rendered":"<section class=\"l-section wpb_row height_medium\"><div class=\"l-section-h i-cf\"><div class=\"g-cols vc_row via_flex valign_top type_default stacking_default\"><div class=\"vc_col-sm-12 wpb_column vc_column_container\"><div class=\"vc_column-inner\"><div class=\"wpb_wrapper\"><div class=\"wpb_text_column\"><div class=\"wpb_wrapper\"><p><strong>Mati\u00e8re\u00a0:<\/strong> Argent et or 18 cts \u00e9quitable d\u2019origine RJC (Responsible Jewelry Council)<\/p>\n<p><strong>Pierre: <\/strong>P\u00e9ridot avec un diam\u00e8tre de 8 mm<\/p>\n<p><strong>Tailles\u00a0:<\/strong> Largeur de la bague 12 mm, tailles 50 &#8211; 59<\/p>\n<p>Le bijou est soigneusement fabriqu\u00e9 \u00e0 la main par Yasmin Yahya selon les techniques traditionnelles de la bijouterie, dans son atelier \u00e0 Turgi (Suisse). Elle utilise de l\u2019argent et or 18 cts \u00e9quitable d\u2019origine RJC (Responsible Jewelry Council).<\/p>\n<\/div><\/div><div class=\"w-separator size_custom\" style=\"height:32px\"><\/div><div class=\"wpb_text_column\"><div class=\"wpb_wrapper\"><h3>D\u00e9lai<\/h3>\n<p>Si votre taille n\u2019est pas en stock, le d\u00e9lai sera de 7-10 jours ouvr\u00e9s auquel il faudra rajouter le temps d\u2019acheminement de la Poste.<\/p>\n<section class=\"related products\"><\/section>\n<\/div><\/div><\/div><\/div><\/div><\/div><\/div><\/section>\n","protected":false},"excerpt":{"rendered":"<p>Bague \u00e9l\u00e9gante de la collection RING GARDEN en argent et or 18 cts \u00e9quitable RJC, rehauss\u00e9e d\u2019un p\u00e9ridot d\u2019un diam\u00e8tre de 8 mm. La bague est bomb\u00e9e \u00e0 l&rsquo;\u00e9xt\u00e9rieur, ce qui donne un peu de volume \u00e0 cette cr\u00e9ation. La monture de la pierre est en or 18 cts et en serti clos. La largeur de la bague est 1,2 cm.<\/p>\n<p>La collection RING GARDEN : La bague est la pi\u00e8ce de bijouterie pr\u00e9f\u00e9r\u00e9e de Yasmin Yahya . Une collection enti\u00e8re lui est donc d\u00e9di\u00e9e.<\/p>\n<p>La bague sera livr\u00e9e dans un joli \u00e9crin et un certificat d&rsquo;authenticit\u00e9.<\/p>\n<p><strong>Pour les gravures <\/strong>merci de me <strong><a href=\"https:\/\/www.yasminyahya.com\/contact\/\">contacter<\/a> <\/strong>pour me transmettre votre texte<\/p>\n","protected":false},"featured_media":9429,"template":"","meta":[],"product_cat":[262,800,298],"product_tag":[],"class_list":{"0":"post-5325","1":"product","2":"type-product","3":"status-publish","4":"has-post-thumbnail","6":"product_cat-bagues","7":"product_cat-divers-pieces-uniques","8":"product_cat-ring-garden","10":"first","11":"instock","12":"shipping-taxable","13":"purchasable","14":"product-type-variable"},"yoast_head":"<!-- This site is optimized with the Yoast SEO plugin v23.5 - https:\/\/yoast.com\/wordpress\/plugins\/seo\/ -->\n<title>Bague RING GARDEN avec p\u00e9ridot - Yasmin Yahya<\/title>\n<meta name=\"description\" content=\"Bague \u00e9l\u00e9gante de la collection RING GARDEN en argent et or 18 cts \u00e9quitable RJC, rehauss\u00e9e d\u2019un p\u00e9ridot vert pomme. Par Yasmin Yahya\" \/>\n<meta name=\"robots\" content=\"index, follow, max-snippet:-1, max-image-preview:large, max-video-preview:-1\" \/>\n<link rel=\"canonical\" href=\"https:\/\/www.yasminyahya.com\/fr\/boutique\/bagues\/bague-ring-garden-avec-peridot-en-argent-et-or-22-cts-ethique\/\" \/>\n<meta property=\"og:locale\" content=\"fr_FR\" \/>\n<meta property=\"og:type\" content=\"article\" \/>\n<meta property=\"og:title\" content=\"Bague RING GARDEN avec p\u00e9ridot - Yasmin Yahya\" \/>\n<meta property=\"og:description\" content=\"Bague \u00e9l\u00e9gante de la collection RING GARDEN en argent et or 18 cts \u00e9quitable RJC, rehauss\u00e9e d\u2019un p\u00e9ridot vert pomme. Par Yasmin Yahya\" \/>\n<meta property=\"og:url\" content=\"https:\/\/www.yasminyahya.com\/fr\/boutique\/bagues\/bague-ring-garden-avec-peridot-en-argent-et-or-22-cts-ethique\/\" \/>\n<meta property=\"og:site_name\" content=\"Yasmin Yahya\" \/>\n<meta property=\"article:modified_time\" content=\"2024-03-07T14:02:48+00:00\" \/>\n<meta property=\"og:image\" content=\"https:\/\/www.yasminyahya.com\/wp-content\/uploads\/2019\/10\/Yasmin-yahya-RG-Peridot.jpg\" \/>\n\t<meta property=\"og:image:width\" content=\"1800\" \/>\n\t<meta property=\"og:image:height\" content=\"1800\" \/>\n\t<meta property=\"og:image:type\" content=\"image\/jpeg\" \/>\n<meta name=\"twitter:card\" content=\"summary_large_image\" \/>\n<meta name=\"twitter:label1\" content=\"Dur\u00e9e de lecture estim\u00e9e\" \/>\n\t<meta name=\"twitter:data1\" content=\"1 minute\" \/>\n<script type=\"application\/ld+json\" class=\"yoast-schema-graph\">{\"@context\":\"https:\/\/schema.org\",\"@graph\":[{\"@type\":\"WebPage\",\"@id\":\"https:\/\/www.yasminyahya.com\/fr\/boutique\/bagues\/bague-ring-garden-avec-peridot-en-argent-et-or-22-cts-ethique\/\",\"url\":\"https:\/\/www.yasminyahya.com\/fr\/boutique\/bagues\/bague-ring-garden-avec-peridot-en-argent-et-or-22-cts-ethique\/\",\"name\":\"Bague RING GARDEN avec p\u00e9ridot - Yasmin Yahya\",\"isPartOf\":{\"@id\":\"https:\/\/www.yasminyahya.com\/fr\/#website\"},\"primaryImageOfPage\":{\"@id\":\"https:\/\/www.yasminyahya.com\/fr\/boutique\/bagues\/bague-ring-garden-avec-peridot-en-argent-et-or-22-cts-ethique\/#primaryimage\"},\"image\":{\"@id\":\"https:\/\/www.yasminyahya.com\/fr\/boutique\/bagues\/bague-ring-garden-avec-peridot-en-argent-et-or-22-cts-ethique\/#primaryimage\"},\"thumbnailUrl\":\"https:\/\/www.yasminyahya.com\/wp-content\/uploads\/2019\/10\/Yasmin-yahya-RG-Peridot.jpg\",\"datePublished\":\"2019-10-30T18:16:01+00:00\",\"dateModified\":\"2024-03-07T14:02:48+00:00\",\"description\":\"Bague \u00e9l\u00e9gante de la collection RING GARDEN en argent et or 18 cts \u00e9quitable RJC, rehauss\u00e9e d\u2019un p\u00e9ridot vert pomme. Par Yasmin Yahya\",\"breadcrumb\":{\"@id\":\"https:\/\/www.yasminyahya.com\/fr\/boutique\/bagues\/bague-ring-garden-avec-peridot-en-argent-et-or-22-cts-ethique\/#breadcrumb\"},\"inLanguage\":\"fr-FR\",\"potentialAction\":[{\"@type\":\"ReadAction\",\"target\":[\"https:\/\/www.yasminyahya.com\/fr\/boutique\/bagues\/bague-ring-garden-avec-peridot-en-argent-et-or-22-cts-ethique\/\"]}]},{\"@type\":\"ImageObject\",\"inLanguage\":\"fr-FR\",\"@id\":\"https:\/\/www.yasminyahya.com\/fr\/boutique\/bagues\/bague-ring-garden-avec-peridot-en-argent-et-or-22-cts-ethique\/#primaryimage\",\"url\":\"https:\/\/www.yasminyahya.com\/wp-content\/uploads\/2019\/10\/Yasmin-yahya-RG-Peridot.jpg\",\"contentUrl\":\"https:\/\/www.yasminyahya.com\/wp-content\/uploads\/2019\/10\/Yasmin-yahya-RG-Peridot.jpg\",\"width\":1800,\"height\":1800},{\"@type\":\"BreadcrumbList\",\"@id\":\"https:\/\/www.yasminyahya.com\/fr\/boutique\/bagues\/bague-ring-garden-avec-peridot-en-argent-et-or-22-cts-ethique\/#breadcrumb\",\"itemListElement\":[{\"@type\":\"ListItem\",\"position\":1,\"name\":\"Accueil\",\"item\":\"https:\/\/www.yasminyahya.com\/fr\/\"},{\"@type\":\"ListItem\",\"position\":2,\"name\":\"Produits\",\"item\":\"https:\/\/www.yasminyahya.com\/fr\/shop\/\"},{\"@type\":\"ListItem\",\"position\":3,\"name\":\"Bague RING GARDEN avec p\u00e9ridot\"}]},{\"@type\":\"WebSite\",\"@id\":\"https:\/\/www.yasminyahya.com\/fr\/#website\",\"url\":\"https:\/\/www.yasminyahya.com\/fr\/\",\"name\":\"Yasmin Yahya\",\"description\":\"Bijoux Contemporains\",\"potentialAction\":[{\"@type\":\"SearchAction\",\"target\":{\"@type\":\"EntryPoint\",\"urlTemplate\":\"https:\/\/www.yasminyahya.com\/fr\/?s={search_term_string}\"},\"query-input\":{\"@type\":\"PropertyValueSpecification\",\"valueRequired\":true,\"valueName\":\"search_term_string\"}}],\"inLanguage\":\"fr-FR\"}]}<\/script>\n<!-- \/ Yoast SEO plugin. -->","yoast_head_json":{"title":"Bague RING GARDEN avec p\u00e9ridot - Yasmin Yahya","description":"Bague \u00e9l\u00e9gante de la collection RING GARDEN en argent et or 18 cts \u00e9quitable RJC, rehauss\u00e9e d\u2019un p\u00e9ridot vert pomme. Par Yasmin Yahya","robots":{"index":"index","follow":"follow","max-snippet":"max-snippet:-1","max-image-preview":"max-image-preview:large","max-video-preview":"max-video-preview:-1"},"canonical":"https:\/\/www.yasminyahya.com\/fr\/boutique\/bagues\/bague-ring-garden-avec-peridot-en-argent-et-or-22-cts-ethique\/","og_locale":"fr_FR","og_type":"article","og_title":"Bague RING GARDEN avec p\u00e9ridot - Yasmin Yahya","og_description":"Bague \u00e9l\u00e9gante de la collection RING GARDEN en argent et or 18 cts \u00e9quitable RJC, rehauss\u00e9e d\u2019un p\u00e9ridot vert pomme. Par Yasmin Yahya","og_url":"https:\/\/www.yasminyahya.com\/fr\/boutique\/bagues\/bague-ring-garden-avec-peridot-en-argent-et-or-22-cts-ethique\/","og_site_name":"Yasmin Yahya","article_modified_time":"2024-03-07T14:02:48+00:00","og_image":[{"width":1800,"height":1800,"url":"https:\/\/www.yasminyahya.com\/wp-content\/uploads\/2019\/10\/Yasmin-yahya-RG-Peridot.jpg","type":"image\/jpeg"}],"twitter_card":"summary_large_image","twitter_misc":{"Dur\u00e9e de lecture estim\u00e9e":"1 minute"},"schema":{"@context":"https:\/\/schema.org","@graph":[{"@type":"WebPage","@id":"https:\/\/www.yasminyahya.com\/fr\/boutique\/bagues\/bague-ring-garden-avec-peridot-en-argent-et-or-22-cts-ethique\/","url":"https:\/\/www.yasminyahya.com\/fr\/boutique\/bagues\/bague-ring-garden-avec-peridot-en-argent-et-or-22-cts-ethique\/","name":"Bague RING GARDEN avec p\u00e9ridot - Yasmin Yahya","isPartOf":{"@id":"https:\/\/www.yasminyahya.com\/fr\/#website"},"primaryImageOfPage":{"@id":"https:\/\/www.yasminyahya.com\/fr\/boutique\/bagues\/bague-ring-garden-avec-peridot-en-argent-et-or-22-cts-ethique\/#primaryimage"},"image":{"@id":"https:\/\/www.yasminyahya.com\/fr\/boutique\/bagues\/bague-ring-garden-avec-peridot-en-argent-et-or-22-cts-ethique\/#primaryimage"},"thumbnailUrl":"https:\/\/www.yasminyahya.com\/wp-content\/uploads\/2019\/10\/Yasmin-yahya-RG-Peridot.jpg","datePublished":"2019-10-30T18:16:01+00:00","dateModified":"2024-03-07T14:02:48+00:00","description":"Bague \u00e9l\u00e9gante de la collection RING GARDEN en argent et or 18 cts \u00e9quitable RJC, rehauss\u00e9e d\u2019un p\u00e9ridot vert pomme. Par Yasmin Yahya","breadcrumb":{"@id":"https:\/\/www.yasminyahya.com\/fr\/boutique\/bagues\/bague-ring-garden-avec-peridot-en-argent-et-or-22-cts-ethique\/#breadcrumb"},"inLanguage":"fr-FR","potentialAction":[{"@type":"ReadAction","target":["https:\/\/www.yasminyahya.com\/fr\/boutique\/bagues\/bague-ring-garden-avec-peridot-en-argent-et-or-22-cts-ethique\/"]}]},{"@type":"ImageObject","inLanguage":"fr-FR","@id":"https:\/\/www.yasminyahya.com\/fr\/boutique\/bagues\/bague-ring-garden-avec-peridot-en-argent-et-or-22-cts-ethique\/#primaryimage","url":"https:\/\/www.yasminyahya.com\/wp-content\/uploads\/2019\/10\/Yasmin-yahya-RG-Peridot.jpg","contentUrl":"https:\/\/www.yasminyahya.com\/wp-content\/uploads\/2019\/10\/Yasmin-yahya-RG-Peridot.jpg","width":1800,"height":1800},{"@type":"BreadcrumbList","@id":"https:\/\/www.yasminyahya.com\/fr\/boutique\/bagues\/bague-ring-garden-avec-peridot-en-argent-et-or-22-cts-ethique\/#breadcrumb","itemListElement":[{"@type":"ListItem","position":1,"name":"Accueil","item":"https:\/\/www.yasminyahya.com\/fr\/"},{"@type":"ListItem","position":2,"name":"Produits","item":"https:\/\/www.yasminyahya.com\/fr\/shop\/"},{"@type":"ListItem","position":3,"name":"Bague RING GARDEN avec p\u00e9ridot"}]},{"@type":"WebSite","@id":"https:\/\/www.yasminyahya.com\/fr\/#website","url":"https:\/\/www.yasminyahya.com\/fr\/","name":"Yasmin Yahya","description":"Bijoux Contemporains","potentialAction":[{"@type":"SearchAction","target":{"@type":"EntryPoint","urlTemplate":"https:\/\/www.yasminyahya.com\/fr\/?s={search_term_string}"},"query-input":{"@type":"PropertyValueSpecification","valueRequired":true,"valueName":"search_term_string"}}],"inLanguage":"fr-FR"}]}},"_links":{"self":[{"href":"https:\/\/www.yasminyahya.com\/fr\/wp-json\/wp\/v2\/product\/5325"}],"collection":[{"href":"https:\/\/www.yasminyahya.com\/fr\/wp-json\/wp\/v2\/product"}],"about":[{"href":"https:\/\/www.yasminyahya.com\/fr\/wp-json\/wp\/v2\/types\/product"}],"wp:featuredmedia":[{"embeddable":true,"href":"https:\/\/www.yasminyahya.com\/fr\/wp-json\/wp\/v2\/media\/9429"}],"wp:attachment":[{"href":"https:\/\/www.yasminyahya.com\/fr\/wp-json\/wp\/v2\/media?parent=5325"}],"wp:term":[{"taxonomy":"product_cat","embeddable":true,"href":"https:\/\/www.yasminyahya.com\/fr\/wp-json\/wp\/v2\/product_cat?post=5325"},{"taxonomy":"product_tag","embeddable":true,"href":"https:\/\/www.yasminyahya.com\/fr\/wp-json\/wp\/v2\/product_tag?post=5325"}],"curies":[{"name":"wp","href":"https:\/\/api.w.org\/{rel}","templated":true}]}}