{"id":5747,"date":"2020-02-02T14:02:40","date_gmt":"2020-02-02T13:02:40","guid":{"rendered":"https:\/\/www.yasminyahya.com\/?post_type=product&#038;p=5747"},"modified":"2025-09-24T11:01:52","modified_gmt":"2025-09-24T09:01:52","slug":"boucles-doreilles-en-argent-equitable-noirci-avec-peridot-ou-topaze-bleu","status":"publish","type":"product","link":"https:\/\/www.yasminyahya.com\/fr\/boutique\/boucles-oreilles\/boucles-doreilles-en-argent-equitable-noirci-avec-peridot-ou-topaze-bleu\/","title":{"rendered":"Boucles d&rsquo;oreilles ALANA, noirci"},"content":{"rendered":"<section class=\"l-section wpb_row height_medium\"><div class=\"l-section-h i-cf\"><div class=\"g-cols vc_row via_flex valign_top type_default stacking_default\"><div class=\"vc_col-sm-12 wpb_column vc_column_container\"><div class=\"vc_column-inner\"><div class=\"wpb_wrapper\"><div class=\"wpb_text_column\"><div class=\"wpb_wrapper\"><p><strong>Mati\u00e8re\u00a0:<\/strong> Argent 925\/000 \u00e9quitable RJC (Responsible Jewelry Council)<br \/>\n<strong>Longueur :<\/strong> . 2,5 \u00a0cm<br \/>\n<strong>Pierres:\u00a0<\/strong>P\u00e9ridot ou topaze bleu<br \/>\n<strong>Finition:<\/strong> Argent noirci<\/p>\n<p>Le bijou est soigneusement fabriqu\u00e9 \u00e0 la main par Yasmin Yahya selon les techniques traditionnelles de la bijouterie, dans son atelier \u00e0 Turgi (Suisse). Elle utilise des m\u00e9taux pr\u00e9cieux \u00e9quitables d\u2019origine RJC (Responsible Jewelry Council).<\/p>\n<\/div><\/div><div class=\"w-separator size_custom\" style=\"height:32px\"><\/div><div class=\"wpb_text_column\"><div class=\"wpb_wrapper\"><h3>D\u00e9lai<\/h3>\n<p>3 jours ouvr\u00e9es. Si votre piece n\u2019est pas en stock, le d\u00e9lai sera de 5-6 jours ouvr\u00e9s auquel il faudra rajouter le temps d\u2019acheminement de la Poste.<\/p>\n<\/div><\/div><\/div><\/div><\/div><\/div><\/div><\/section>\n","protected":false},"excerpt":{"rendered":"<p>Des boucles d\u2019oreilles en deux versions : en argent \u00e9quitable RJC finition noirci\/oxyd\u00e9, avec un p\u00e9ridot ou une topaze bleu.<br \/>\nIls ont une longueur totale de 2,5 cm.<\/p>\n<p>Des boucles d&rsquo;oreilles inspir\u00e9es du caract\u00e8re et des territoires bretons : rarement \u00e9loign\u00e9es de la mer, elles reprennent les couleurs tranch\u00e9es tout en harmonie de la Bretagne. Couleurs de la nature tributaires du climat, doux, rude parfois mais toujours lumineux.<br \/>\nLes bleus (topazes bleues), les verts (p\u00e9ridots), les ocres \u2013 marrons (quartz fum\u00e9), autant de rappels \u00e0 une nature profond\u00e9ment optimiste, intense et subtile.<br \/>\nLes \u00e9l\u00e9ments forts des contours de la Bretagne, rochers et c\u00f4tes abruptes, se m\u00ealent \u00e0 la d\u00e9licatesse et \u00e0 la profondeur des couleurs.<\/p>\n<p>Les boucles d&rsquo;oreilles sont fournies avec des poussettes en argent et elles seront livr\u00e9es dans un joli \u00e9crin avec un certificat d&rsquo;authenticit\u00e9.<\/p>\n","protected":false},"featured_media":7747,"template":"","meta":[],"product_cat":[387,290],"product_tag":[],"class_list":{"0":"post-5747","1":"product","2":"type-product","3":"status-publish","4":"has-post-thumbnail","6":"product_cat-alana","7":"product_cat-boucles-oreilles","9":"first","10":"instock","11":"shipping-taxable","12":"purchasable","13":"product-type-variable"},"yoast_head":"<!-- This site is optimized with the Yoast SEO plugin v23.5 - https:\/\/yoast.com\/wordpress\/plugins\/seo\/ -->\n<title>Boucles d&#039;oreilles ALANA, noirci - Yasmin Yahya<\/title>\n<meta name=\"description\" content=\"Boucles d&#039;oreilles longues FOREST en argent RJC, mat ou noirci. Des bijoux contemporains par la cr\u00e9atrice Yasmin Yahya, Rennes.\" \/>\n<meta name=\"robots\" content=\"index, follow, max-snippet:-1, max-image-preview:large, max-video-preview:-1\" \/>\n<link rel=\"canonical\" href=\"https:\/\/www.yasminyahya.com\/fr\/boutique\/boucles-oreilles\/boucles-doreilles-en-argent-equitable-noirci-avec-peridot-ou-topaze-bleu\/\" \/>\n<meta property=\"og:locale\" content=\"fr_FR\" \/>\n<meta property=\"og:type\" content=\"article\" \/>\n<meta property=\"og:title\" content=\"Boucles d&#039;oreilles ALANA, noirci - Yasmin Yahya\" \/>\n<meta property=\"og:description\" content=\"Boucles d&#039;oreilles longues FOREST en argent RJC, mat ou noirci. Des bijoux contemporains par la cr\u00e9atrice Yasmin Yahya, Rennes.\" \/>\n<meta property=\"og:url\" content=\"https:\/\/www.yasminyahya.com\/fr\/boutique\/boucles-oreilles\/boucles-doreilles-en-argent-equitable-noirci-avec-peridot-ou-topaze-bleu\/\" \/>\n<meta property=\"og:site_name\" content=\"Yasmin Yahya\" \/>\n<meta property=\"article:modified_time\" content=\"2025-09-24T09:01:52+00:00\" \/>\n<meta property=\"og:image\" content=\"https:\/\/www.yasminyahya.com\/wp-content\/uploads\/2020\/02\/YY-fev2020-carre\u0301-1500px_MLG-18.jpg\" \/>\n\t<meta property=\"og:image:width\" content=\"1500\" \/>\n\t<meta property=\"og:image:height\" content=\"1500\" \/>\n\t<meta property=\"og:image:type\" content=\"image\/jpeg\" \/>\n<meta name=\"twitter:card\" content=\"summary_large_image\" \/>\n<meta name=\"twitter:label1\" content=\"Dur\u00e9e de lecture estim\u00e9e\" \/>\n\t<meta name=\"twitter:data1\" content=\"1 minute\" \/>\n<script type=\"application\/ld+json\" class=\"yoast-schema-graph\">{\"@context\":\"https:\/\/schema.org\",\"@graph\":[{\"@type\":\"WebPage\",\"@id\":\"https:\/\/www.yasminyahya.com\/fr\/boutique\/boucles-oreilles\/boucles-doreilles-en-argent-equitable-noirci-avec-peridot-ou-topaze-bleu\/\",\"url\":\"https:\/\/www.yasminyahya.com\/fr\/boutique\/boucles-oreilles\/boucles-doreilles-en-argent-equitable-noirci-avec-peridot-ou-topaze-bleu\/\",\"name\":\"Boucles d'oreilles ALANA, noirci - Yasmin Yahya\",\"isPartOf\":{\"@id\":\"https:\/\/www.yasminyahya.com\/fr\/#website\"},\"primaryImageOfPage\":{\"@id\":\"https:\/\/www.yasminyahya.com\/fr\/boutique\/boucles-oreilles\/boucles-doreilles-en-argent-equitable-noirci-avec-peridot-ou-topaze-bleu\/#primaryimage\"},\"image\":{\"@id\":\"https:\/\/www.yasminyahya.com\/fr\/boutique\/boucles-oreilles\/boucles-doreilles-en-argent-equitable-noirci-avec-peridot-ou-topaze-bleu\/#primaryimage\"},\"thumbnailUrl\":\"https:\/\/www.yasminyahya.com\/wp-content\/uploads\/2020\/02\/YY-fev2020-carre\u0301-1500px_MLG-18.jpg\",\"datePublished\":\"2020-02-02T13:02:40+00:00\",\"dateModified\":\"2025-09-24T09:01:52+00:00\",\"description\":\"Boucles d'oreilles longues FOREST en argent RJC, mat ou noirci. Des bijoux contemporains par la cr\u00e9atrice Yasmin Yahya, Rennes.\",\"breadcrumb\":{\"@id\":\"https:\/\/www.yasminyahya.com\/fr\/boutique\/boucles-oreilles\/boucles-doreilles-en-argent-equitable-noirci-avec-peridot-ou-topaze-bleu\/#breadcrumb\"},\"inLanguage\":\"fr-FR\",\"potentialAction\":[{\"@type\":\"ReadAction\",\"target\":[\"https:\/\/www.yasminyahya.com\/fr\/boutique\/boucles-oreilles\/boucles-doreilles-en-argent-equitable-noirci-avec-peridot-ou-topaze-bleu\/\"]}]},{\"@type\":\"ImageObject\",\"inLanguage\":\"fr-FR\",\"@id\":\"https:\/\/www.yasminyahya.com\/fr\/boutique\/boucles-oreilles\/boucles-doreilles-en-argent-equitable-noirci-avec-peridot-ou-topaze-bleu\/#primaryimage\",\"url\":\"https:\/\/www.yasminyahya.com\/wp-content\/uploads\/2020\/02\/YY-fev2020-carre\u0301-1500px_MLG-18.jpg\",\"contentUrl\":\"https:\/\/www.yasminyahya.com\/wp-content\/uploads\/2020\/02\/YY-fev2020-carre\u0301-1500px_MLG-18.jpg\",\"width\":1500,\"height\":1500,\"caption\":\"Ohrringe und Ring ALANA aus nachhaltigem Silber mit blauen Topas\"},{\"@type\":\"BreadcrumbList\",\"@id\":\"https:\/\/www.yasminyahya.com\/fr\/boutique\/boucles-oreilles\/boucles-doreilles-en-argent-equitable-noirci-avec-peridot-ou-topaze-bleu\/#breadcrumb\",\"itemListElement\":[{\"@type\":\"ListItem\",\"position\":1,\"name\":\"Accueil\",\"item\":\"https:\/\/www.yasminyahya.com\/fr\/\"},{\"@type\":\"ListItem\",\"position\":2,\"name\":\"Produits\",\"item\":\"https:\/\/www.yasminyahya.com\/fr\/shop\/\"},{\"@type\":\"ListItem\",\"position\":3,\"name\":\"Boucles d&#8217;oreilles ALANA, noirci\"}]},{\"@type\":\"WebSite\",\"@id\":\"https:\/\/www.yasminyahya.com\/fr\/#website\",\"url\":\"https:\/\/www.yasminyahya.com\/fr\/\",\"name\":\"Yasmin Yahya\",\"description\":\"Bijoux Contemporains\",\"potentialAction\":[{\"@type\":\"SearchAction\",\"target\":{\"@type\":\"EntryPoint\",\"urlTemplate\":\"https:\/\/www.yasminyahya.com\/fr\/?s={search_term_string}\"},\"query-input\":{\"@type\":\"PropertyValueSpecification\",\"valueRequired\":true,\"valueName\":\"search_term_string\"}}],\"inLanguage\":\"fr-FR\"}]}<\/script>\n<!-- \/ Yoast SEO plugin. -->","yoast_head_json":{"title":"Boucles d'oreilles ALANA, noirci - Yasmin Yahya","description":"Boucles d'oreilles longues FOREST en argent RJC, mat ou noirci. Des bijoux contemporains par la cr\u00e9atrice Yasmin Yahya, Rennes.","robots":{"index":"index","follow":"follow","max-snippet":"max-snippet:-1","max-image-preview":"max-image-preview:large","max-video-preview":"max-video-preview:-1"},"canonical":"https:\/\/www.yasminyahya.com\/fr\/boutique\/boucles-oreilles\/boucles-doreilles-en-argent-equitable-noirci-avec-peridot-ou-topaze-bleu\/","og_locale":"fr_FR","og_type":"article","og_title":"Boucles d'oreilles ALANA, noirci - Yasmin Yahya","og_description":"Boucles d'oreilles longues FOREST en argent RJC, mat ou noirci. Des bijoux contemporains par la cr\u00e9atrice Yasmin Yahya, Rennes.","og_url":"https:\/\/www.yasminyahya.com\/fr\/boutique\/boucles-oreilles\/boucles-doreilles-en-argent-equitable-noirci-avec-peridot-ou-topaze-bleu\/","og_site_name":"Yasmin Yahya","article_modified_time":"2025-09-24T09:01:52+00:00","og_image":[{"width":1500,"height":1500,"url":"https:\/\/www.yasminyahya.com\/wp-content\/uploads\/2020\/02\/YY-fev2020-carre\u0301-1500px_MLG-18.jpg","type":"image\/jpeg"}],"twitter_card":"summary_large_image","twitter_misc":{"Dur\u00e9e de lecture estim\u00e9e":"1 minute"},"schema":{"@context":"https:\/\/schema.org","@graph":[{"@type":"WebPage","@id":"https:\/\/www.yasminyahya.com\/fr\/boutique\/boucles-oreilles\/boucles-doreilles-en-argent-equitable-noirci-avec-peridot-ou-topaze-bleu\/","url":"https:\/\/www.yasminyahya.com\/fr\/boutique\/boucles-oreilles\/boucles-doreilles-en-argent-equitable-noirci-avec-peridot-ou-topaze-bleu\/","name":"Boucles d'oreilles ALANA, noirci - Yasmin Yahya","isPartOf":{"@id":"https:\/\/www.yasminyahya.com\/fr\/#website"},"primaryImageOfPage":{"@id":"https:\/\/www.yasminyahya.com\/fr\/boutique\/boucles-oreilles\/boucles-doreilles-en-argent-equitable-noirci-avec-peridot-ou-topaze-bleu\/#primaryimage"},"image":{"@id":"https:\/\/www.yasminyahya.com\/fr\/boutique\/boucles-oreilles\/boucles-doreilles-en-argent-equitable-noirci-avec-peridot-ou-topaze-bleu\/#primaryimage"},"thumbnailUrl":"https:\/\/www.yasminyahya.com\/wp-content\/uploads\/2020\/02\/YY-fev2020-carre\u0301-1500px_MLG-18.jpg","datePublished":"2020-02-02T13:02:40+00:00","dateModified":"2025-09-24T09:01:52+00:00","description":"Boucles d'oreilles longues FOREST en argent RJC, mat ou noirci. Des bijoux contemporains par la cr\u00e9atrice Yasmin Yahya, Rennes.","breadcrumb":{"@id":"https:\/\/www.yasminyahya.com\/fr\/boutique\/boucles-oreilles\/boucles-doreilles-en-argent-equitable-noirci-avec-peridot-ou-topaze-bleu\/#breadcrumb"},"inLanguage":"fr-FR","potentialAction":[{"@type":"ReadAction","target":["https:\/\/www.yasminyahya.com\/fr\/boutique\/boucles-oreilles\/boucles-doreilles-en-argent-equitable-noirci-avec-peridot-ou-topaze-bleu\/"]}]},{"@type":"ImageObject","inLanguage":"fr-FR","@id":"https:\/\/www.yasminyahya.com\/fr\/boutique\/boucles-oreilles\/boucles-doreilles-en-argent-equitable-noirci-avec-peridot-ou-topaze-bleu\/#primaryimage","url":"https:\/\/www.yasminyahya.com\/wp-content\/uploads\/2020\/02\/YY-fev2020-carre\u0301-1500px_MLG-18.jpg","contentUrl":"https:\/\/www.yasminyahya.com\/wp-content\/uploads\/2020\/02\/YY-fev2020-carre\u0301-1500px_MLG-18.jpg","width":1500,"height":1500,"caption":"Ohrringe und Ring ALANA aus nachhaltigem Silber mit blauen Topas"},{"@type":"BreadcrumbList","@id":"https:\/\/www.yasminyahya.com\/fr\/boutique\/boucles-oreilles\/boucles-doreilles-en-argent-equitable-noirci-avec-peridot-ou-topaze-bleu\/#breadcrumb","itemListElement":[{"@type":"ListItem","position":1,"name":"Accueil","item":"https:\/\/www.yasminyahya.com\/fr\/"},{"@type":"ListItem","position":2,"name":"Produits","item":"https:\/\/www.yasminyahya.com\/fr\/shop\/"},{"@type":"ListItem","position":3,"name":"Boucles d&#8217;oreilles ALANA, noirci"}]},{"@type":"WebSite","@id":"https:\/\/www.yasminyahya.com\/fr\/#website","url":"https:\/\/www.yasminyahya.com\/fr\/","name":"Yasmin Yahya","description":"Bijoux Contemporains","potentialAction":[{"@type":"SearchAction","target":{"@type":"EntryPoint","urlTemplate":"https:\/\/www.yasminyahya.com\/fr\/?s={search_term_string}"},"query-input":{"@type":"PropertyValueSpecification","valueRequired":true,"valueName":"search_term_string"}}],"inLanguage":"fr-FR"}]}},"_links":{"self":[{"href":"https:\/\/www.yasminyahya.com\/fr\/wp-json\/wp\/v2\/product\/5747"}],"collection":[{"href":"https:\/\/www.yasminyahya.com\/fr\/wp-json\/wp\/v2\/product"}],"about":[{"href":"https:\/\/www.yasminyahya.com\/fr\/wp-json\/wp\/v2\/types\/product"}],"wp:featuredmedia":[{"embeddable":true,"href":"https:\/\/www.yasminyahya.com\/fr\/wp-json\/wp\/v2\/media\/7747"}],"wp:attachment":[{"href":"https:\/\/www.yasminyahya.com\/fr\/wp-json\/wp\/v2\/media?parent=5747"}],"wp:term":[{"taxonomy":"product_cat","embeddable":true,"href":"https:\/\/www.yasminyahya.com\/fr\/wp-json\/wp\/v2\/product_cat?post=5747"},{"taxonomy":"product_tag","embeddable":true,"href":"https:\/\/www.yasminyahya.com\/fr\/wp-json\/wp\/v2\/product_tag?post=5747"}],"curies":[{"name":"wp","href":"https:\/\/api.w.org\/{rel}","templated":true}]}}