{"id":6668,"date":"2020-06-21T17:22:35","date_gmt":"2020-06-21T15:22:35","guid":{"rendered":"https:\/\/www.yasminyahya.com\/?post_type=product&#038;p=6668"},"modified":"2024-10-14T00:06:18","modified_gmt":"2024-10-13T22:06:18","slug":"boucles-doreilles-delhi-en-argent-et-or-18cts-equitable-avec-saphir-rose","status":"publish","type":"product","link":"https:\/\/www.yasminyahya.com\/fr\/boutique\/boucles-oreilles\/boucles-doreilles-delhi-en-argent-et-or-18cts-equitable-avec-saphir-rose\/","title":{"rendered":"Boucles d&rsquo;oreilles DELHI avec saphir"},"content":{"rendered":"<section class=\"l-section wpb_row height_medium\"><div class=\"l-section-h i-cf\"><div class=\"g-cols vc_row via_flex valign_top type_default stacking_default\"><div class=\"vc_col-sm-12 wpb_column vc_column_container\"><div class=\"vc_column-inner\"><div class=\"wpb_wrapper\"><div class=\"wpb_text_column\"><div class=\"wpb_wrapper\"><p><strong>Mati\u00e8re\u00a0:<\/strong> Argent et or 18 cts \u00e9quitable RJC<\/p>\n<p><strong>Pierre:<\/strong>\u00a0Saphir rose, \u00f8 2,5 mm<\/p>\n<p><strong>Diam\u00e8tre :<\/strong>\u00a01,5 cm<\/p>\n<p>Le bijou est soigneusement fabriqu\u00e9 \u00e0 la main par Yasmin Yahya selon les techniques traditionnelles de la bijouterie, dans son atelier \u00e0 Turgi (Suisse). Elle utilise des m\u00e9taux pr\u00e9cieux \u00e9quitables d\u2019origine RJC (Responsible Jewelry Council).<\/p>\n<\/div><\/div><div class=\"w-separator size_custom\" style=\"height:32px\"><\/div><div class=\"wpb_text_column\"><div class=\"wpb_wrapper\"><h3>D\u00e9lai<\/h3>\n<p>Si votre piece n\u2019est pas en stock, le d\u00e9lai sera de 5-6 jours ouvr\u00e9s auquel il faudra rajouter le temps d\u2019acheminement de la Poste.<\/p>\n<\/div><\/div><\/div><\/div><\/div><\/div><\/div><\/section>\n","protected":false},"excerpt":{"rendered":"<p>Ces d\u00e9licates boucles d&rsquo;oreilles sont en argent et or 18 cts \u00e9quitable RJC (Responsible Jewelry Council): Le cercle avec un fil perl\u00e9 a un diam\u00e8tre de 1,5 cm, et il y a un saphir rose rond \u00e0 facettes \u00e0 l&rsquo;int\u00e9rieur, mont\u00e9 en or 18 carats.<br \/>\nD&rsquo;autres mati\u00e8res ou d&rsquo;autres pierres sont disponible sur demande (<strong> <a href=\"https:\/\/www.yasminyahya.com\/contact\/\">contactez-moi ici<\/a><\/strong>)<\/p>\n<p>Les boucles d&rsquo;oreilles font partie de la collection DELHI: Les couleurs vives et vari\u00e9es des pierres, l\u2019association de lignes et de chapelets de perles sont directement inspir\u00e9es de l\u2019univers charg\u00e9 de l\u2019Inde, pays natal du p\u00e8re de Yasmin Yahya, mais de mani\u00e8re ludique et l\u00e9g\u00e8re.<\/p>\n<p>Les boucles d&rsquo;oreilles seront livr\u00e9es dans un joli \u00e9crin avec un certificat d\u2019authenticit\u00e9.<\/p>\n<p>&nbsp;<\/p>\n","protected":false},"featured_media":9546,"template":"","meta":[],"product_cat":[290,327,682],"product_tag":[],"class_list":{"0":"post-6668","1":"product","2":"type-product","3":"status-publish","4":"has-post-thumbnail","6":"product_cat-boucles-oreilles","7":"product_cat-delhi","8":"product_cat-fin-de-collection","10":"first","11":"instock","12":"shipping-taxable","13":"purchasable","14":"product-type-simple"},"yoast_head":"<!-- This site is optimized with the Yoast SEO plugin v23.5 - https:\/\/yoast.com\/wordpress\/plugins\/seo\/ -->\n<title>Boucles d&#039;oreilles DELHI avec saphir - Yasmin Yahya<\/title>\n<meta name=\"description\" content=\"Boucles d&#039;oreilles longues FOREST en argent RJC, mat ou noirci. Des bijoux contemporains par la cr\u00e9atrice Yasmin Yahya, Rennes.\" \/>\n<meta name=\"robots\" content=\"index, follow, max-snippet:-1, max-image-preview:large, max-video-preview:-1\" \/>\n<link rel=\"canonical\" href=\"https:\/\/www.yasminyahya.com\/fr\/boutique\/boucles-oreilles\/boucles-doreilles-delhi-en-argent-et-or-18cts-equitable-avec-saphir-rose\/\" \/>\n<meta property=\"og:locale\" content=\"fr_FR\" \/>\n<meta property=\"og:type\" content=\"article\" \/>\n<meta property=\"og:title\" content=\"Boucles d&#039;oreilles DELHI avec saphir - Yasmin Yahya\" \/>\n<meta property=\"og:description\" content=\"Boucles d&#039;oreilles longues FOREST en argent RJC, mat ou noirci. Des bijoux contemporains par la cr\u00e9atrice Yasmin Yahya, Rennes.\" \/>\n<meta property=\"og:url\" content=\"https:\/\/www.yasminyahya.com\/fr\/boutique\/boucles-oreilles\/boucles-doreilles-delhi-en-argent-et-or-18cts-equitable-avec-saphir-rose\/\" \/>\n<meta property=\"og:site_name\" content=\"Yasmin Yahya\" \/>\n<meta property=\"article:modified_time\" content=\"2024-10-13T22:06:18+00:00\" \/>\n<meta property=\"og:image\" content=\"https:\/\/www.yasminyahya.com\/wp-content\/uploads\/2020\/06\/Yasmin-Yahya-BO-Delhi-Safir.jpg\" \/>\n\t<meta property=\"og:image:width\" content=\"2527\" \/>\n\t<meta property=\"og:image:height\" content=\"2527\" \/>\n\t<meta property=\"og:image:type\" content=\"image\/jpeg\" \/>\n<meta name=\"twitter:card\" content=\"summary_large_image\" \/>\n<meta name=\"twitter:label1\" content=\"Dur\u00e9e de lecture estim\u00e9e\" \/>\n\t<meta name=\"twitter:data1\" content=\"1 minute\" \/>\n<script type=\"application\/ld+json\" class=\"yoast-schema-graph\">{\"@context\":\"https:\/\/schema.org\",\"@graph\":[{\"@type\":\"WebPage\",\"@id\":\"https:\/\/www.yasminyahya.com\/fr\/boutique\/boucles-oreilles\/boucles-doreilles-delhi-en-argent-et-or-18cts-equitable-avec-saphir-rose\/\",\"url\":\"https:\/\/www.yasminyahya.com\/fr\/boutique\/boucles-oreilles\/boucles-doreilles-delhi-en-argent-et-or-18cts-equitable-avec-saphir-rose\/\",\"name\":\"Boucles d'oreilles DELHI avec saphir - Yasmin Yahya\",\"isPartOf\":{\"@id\":\"https:\/\/www.yasminyahya.com\/fr\/#website\"},\"primaryImageOfPage\":{\"@id\":\"https:\/\/www.yasminyahya.com\/fr\/boutique\/boucles-oreilles\/boucles-doreilles-delhi-en-argent-et-or-18cts-equitable-avec-saphir-rose\/#primaryimage\"},\"image\":{\"@id\":\"https:\/\/www.yasminyahya.com\/fr\/boutique\/boucles-oreilles\/boucles-doreilles-delhi-en-argent-et-or-18cts-equitable-avec-saphir-rose\/#primaryimage\"},\"thumbnailUrl\":\"https:\/\/www.yasminyahya.com\/wp-content\/uploads\/2020\/06\/Yasmin-Yahya-BO-Delhi-Safir.jpg\",\"datePublished\":\"2020-06-21T15:22:35+00:00\",\"dateModified\":\"2024-10-13T22:06:18+00:00\",\"description\":\"Boucles d'oreilles longues FOREST en argent RJC, mat ou noirci. Des bijoux contemporains par la cr\u00e9atrice Yasmin Yahya, Rennes.\",\"breadcrumb\":{\"@id\":\"https:\/\/www.yasminyahya.com\/fr\/boutique\/boucles-oreilles\/boucles-doreilles-delhi-en-argent-et-or-18cts-equitable-avec-saphir-rose\/#breadcrumb\"},\"inLanguage\":\"fr-FR\",\"potentialAction\":[{\"@type\":\"ReadAction\",\"target\":[\"https:\/\/www.yasminyahya.com\/fr\/boutique\/boucles-oreilles\/boucles-doreilles-delhi-en-argent-et-or-18cts-equitable-avec-saphir-rose\/\"]}]},{\"@type\":\"ImageObject\",\"inLanguage\":\"fr-FR\",\"@id\":\"https:\/\/www.yasminyahya.com\/fr\/boutique\/boucles-oreilles\/boucles-doreilles-delhi-en-argent-et-or-18cts-equitable-avec-saphir-rose\/#primaryimage\",\"url\":\"https:\/\/www.yasminyahya.com\/wp-content\/uploads\/2020\/06\/Yasmin-Yahya-BO-Delhi-Safir.jpg\",\"contentUrl\":\"https:\/\/www.yasminyahya.com\/wp-content\/uploads\/2020\/06\/Yasmin-Yahya-BO-Delhi-Safir.jpg\",\"width\":2527,\"height\":2527},{\"@type\":\"BreadcrumbList\",\"@id\":\"https:\/\/www.yasminyahya.com\/fr\/boutique\/boucles-oreilles\/boucles-doreilles-delhi-en-argent-et-or-18cts-equitable-avec-saphir-rose\/#breadcrumb\",\"itemListElement\":[{\"@type\":\"ListItem\",\"position\":1,\"name\":\"Accueil\",\"item\":\"https:\/\/www.yasminyahya.com\/fr\/\"},{\"@type\":\"ListItem\",\"position\":2,\"name\":\"Produits\",\"item\":\"https:\/\/www.yasminyahya.com\/fr\/shop\/\"},{\"@type\":\"ListItem\",\"position\":3,\"name\":\"Boucles d&rsquo;oreilles DELHI avec saphir\"}]},{\"@type\":\"WebSite\",\"@id\":\"https:\/\/www.yasminyahya.com\/fr\/#website\",\"url\":\"https:\/\/www.yasminyahya.com\/fr\/\",\"name\":\"Yasmin Yahya\",\"description\":\"Bijoux Contemporains\",\"potentialAction\":[{\"@type\":\"SearchAction\",\"target\":{\"@type\":\"EntryPoint\",\"urlTemplate\":\"https:\/\/www.yasminyahya.com\/fr\/?s={search_term_string}\"},\"query-input\":{\"@type\":\"PropertyValueSpecification\",\"valueRequired\":true,\"valueName\":\"search_term_string\"}}],\"inLanguage\":\"fr-FR\"}]}<\/script>\n<!-- \/ Yoast SEO plugin. -->","yoast_head_json":{"title":"Boucles d'oreilles DELHI avec saphir - Yasmin Yahya","description":"Boucles d'oreilles longues FOREST en argent RJC, mat ou noirci. Des bijoux contemporains par la cr\u00e9atrice Yasmin Yahya, Rennes.","robots":{"index":"index","follow":"follow","max-snippet":"max-snippet:-1","max-image-preview":"max-image-preview:large","max-video-preview":"max-video-preview:-1"},"canonical":"https:\/\/www.yasminyahya.com\/fr\/boutique\/boucles-oreilles\/boucles-doreilles-delhi-en-argent-et-or-18cts-equitable-avec-saphir-rose\/","og_locale":"fr_FR","og_type":"article","og_title":"Boucles d'oreilles DELHI avec saphir - Yasmin Yahya","og_description":"Boucles d'oreilles longues FOREST en argent RJC, mat ou noirci. Des bijoux contemporains par la cr\u00e9atrice Yasmin Yahya, Rennes.","og_url":"https:\/\/www.yasminyahya.com\/fr\/boutique\/boucles-oreilles\/boucles-doreilles-delhi-en-argent-et-or-18cts-equitable-avec-saphir-rose\/","og_site_name":"Yasmin Yahya","article_modified_time":"2024-10-13T22:06:18+00:00","og_image":[{"width":2527,"height":2527,"url":"https:\/\/www.yasminyahya.com\/wp-content\/uploads\/2020\/06\/Yasmin-Yahya-BO-Delhi-Safir.jpg","type":"image\/jpeg"}],"twitter_card":"summary_large_image","twitter_misc":{"Dur\u00e9e de lecture estim\u00e9e":"1 minute"},"schema":{"@context":"https:\/\/schema.org","@graph":[{"@type":"WebPage","@id":"https:\/\/www.yasminyahya.com\/fr\/boutique\/boucles-oreilles\/boucles-doreilles-delhi-en-argent-et-or-18cts-equitable-avec-saphir-rose\/","url":"https:\/\/www.yasminyahya.com\/fr\/boutique\/boucles-oreilles\/boucles-doreilles-delhi-en-argent-et-or-18cts-equitable-avec-saphir-rose\/","name":"Boucles d'oreilles DELHI avec saphir - Yasmin Yahya","isPartOf":{"@id":"https:\/\/www.yasminyahya.com\/fr\/#website"},"primaryImageOfPage":{"@id":"https:\/\/www.yasminyahya.com\/fr\/boutique\/boucles-oreilles\/boucles-doreilles-delhi-en-argent-et-or-18cts-equitable-avec-saphir-rose\/#primaryimage"},"image":{"@id":"https:\/\/www.yasminyahya.com\/fr\/boutique\/boucles-oreilles\/boucles-doreilles-delhi-en-argent-et-or-18cts-equitable-avec-saphir-rose\/#primaryimage"},"thumbnailUrl":"https:\/\/www.yasminyahya.com\/wp-content\/uploads\/2020\/06\/Yasmin-Yahya-BO-Delhi-Safir.jpg","datePublished":"2020-06-21T15:22:35+00:00","dateModified":"2024-10-13T22:06:18+00:00","description":"Boucles d'oreilles longues FOREST en argent RJC, mat ou noirci. Des bijoux contemporains par la cr\u00e9atrice Yasmin Yahya, Rennes.","breadcrumb":{"@id":"https:\/\/www.yasminyahya.com\/fr\/boutique\/boucles-oreilles\/boucles-doreilles-delhi-en-argent-et-or-18cts-equitable-avec-saphir-rose\/#breadcrumb"},"inLanguage":"fr-FR","potentialAction":[{"@type":"ReadAction","target":["https:\/\/www.yasminyahya.com\/fr\/boutique\/boucles-oreilles\/boucles-doreilles-delhi-en-argent-et-or-18cts-equitable-avec-saphir-rose\/"]}]},{"@type":"ImageObject","inLanguage":"fr-FR","@id":"https:\/\/www.yasminyahya.com\/fr\/boutique\/boucles-oreilles\/boucles-doreilles-delhi-en-argent-et-or-18cts-equitable-avec-saphir-rose\/#primaryimage","url":"https:\/\/www.yasminyahya.com\/wp-content\/uploads\/2020\/06\/Yasmin-Yahya-BO-Delhi-Safir.jpg","contentUrl":"https:\/\/www.yasminyahya.com\/wp-content\/uploads\/2020\/06\/Yasmin-Yahya-BO-Delhi-Safir.jpg","width":2527,"height":2527},{"@type":"BreadcrumbList","@id":"https:\/\/www.yasminyahya.com\/fr\/boutique\/boucles-oreilles\/boucles-doreilles-delhi-en-argent-et-or-18cts-equitable-avec-saphir-rose\/#breadcrumb","itemListElement":[{"@type":"ListItem","position":1,"name":"Accueil","item":"https:\/\/www.yasminyahya.com\/fr\/"},{"@type":"ListItem","position":2,"name":"Produits","item":"https:\/\/www.yasminyahya.com\/fr\/shop\/"},{"@type":"ListItem","position":3,"name":"Boucles d&rsquo;oreilles DELHI avec saphir"}]},{"@type":"WebSite","@id":"https:\/\/www.yasminyahya.com\/fr\/#website","url":"https:\/\/www.yasminyahya.com\/fr\/","name":"Yasmin Yahya","description":"Bijoux Contemporains","potentialAction":[{"@type":"SearchAction","target":{"@type":"EntryPoint","urlTemplate":"https:\/\/www.yasminyahya.com\/fr\/?s={search_term_string}"},"query-input":{"@type":"PropertyValueSpecification","valueRequired":true,"valueName":"search_term_string"}}],"inLanguage":"fr-FR"}]}},"_links":{"self":[{"href":"https:\/\/www.yasminyahya.com\/fr\/wp-json\/wp\/v2\/product\/6668"}],"collection":[{"href":"https:\/\/www.yasminyahya.com\/fr\/wp-json\/wp\/v2\/product"}],"about":[{"href":"https:\/\/www.yasminyahya.com\/fr\/wp-json\/wp\/v2\/types\/product"}],"wp:featuredmedia":[{"embeddable":true,"href":"https:\/\/www.yasminyahya.com\/fr\/wp-json\/wp\/v2\/media\/9546"}],"wp:attachment":[{"href":"https:\/\/www.yasminyahya.com\/fr\/wp-json\/wp\/v2\/media?parent=6668"}],"wp:term":[{"taxonomy":"product_cat","embeddable":true,"href":"https:\/\/www.yasminyahya.com\/fr\/wp-json\/wp\/v2\/product_cat?post=6668"},{"taxonomy":"product_tag","embeddable":true,"href":"https:\/\/www.yasminyahya.com\/fr\/wp-json\/wp\/v2\/product_tag?post=6668"}],"curies":[{"name":"wp","href":"https:\/\/api.w.org\/{rel}","templated":true}]}}