{"id":6907,"date":"2020-09-18T11:20:02","date_gmt":"2020-09-18T09:20:02","guid":{"rendered":"https:\/\/www.yasminyahya.com\/?post_type=product&#038;p=6907"},"modified":"2024-03-07T14:52:17","modified_gmt":"2024-03-07T13:52:17","slug":"bagues-en-argent-equitable-noirci-ou-plaque-or-avec-une-perle-de-culture-ronde-grand-modele","status":"publish","type":"product","link":"https:\/\/www.yasminyahya.com\/fr\/boutique\/bagues\/bagues-en-argent-equitable-noirci-ou-plaque-or-avec-une-perle-de-culture-ronde-grand-modele\/","title":{"rendered":"Bague moderne avec perle de culture"},"content":{"rendered":"<section class=\"l-section wpb_row height_medium\"><div class=\"l-section-h i-cf\"><div class=\"g-cols vc_row via_flex valign_top type_default stacking_default\"><div class=\"vc_col-sm-12 wpb_column vc_column_container\"><div class=\"vc_column-inner\"><div class=\"wpb_wrapper\"><div class=\"wpb_text_column\"><div class=\"wpb_wrapper\"><p><strong>Mati\u00e8re\u00a0:<\/strong> Argent \u00e9quitable RJC noirci ou plaqu\u00e9 or 24 cts et perles blanches d&rsquo;eau douce de culture rondes (\u00f8 0,8 cm)<\/p>\n<p><strong>Tailles: <\/strong>50-58 (d&rsquo;autres tailles disponibles sur demande)<\/p>\n<p><strong>\u00a0Largeur:<\/strong> 1 cm<\/p>\n<p>Le bijou est soigneusement fabriqu\u00e9 \u00e0 la main par Yasmin Yahya selon les techniques traditionnelles de la bijouterie, dans son atelier \u00e0 Turgi (Suisse). Elle utilise des m\u00e9taux pr\u00e9cieux \u00e9quitable d\u2019origine RJC (Responsible Jewelry Council).<\/p>\n<\/div><\/div><div class=\"w-separator size_custom\" style=\"height:32px\"><\/div><div class=\"wpb_text_column\"><div class=\"wpb_wrapper\"><h3>D\u00e9lai<\/h3>\n<p>Si votre piece n\u2019est pas en stock, le d\u00e9lai sera de 5-6 jours ouvr\u00e9s auquel il faudra rajouter le temps d\u2019acheminement de la Poste.<\/p>\n<\/div><\/div><\/div><\/div><\/div><\/div><\/div><\/section>\n","protected":false},"excerpt":{"rendered":"<p>bagues, en version argent \u00e9quitable RJC (Responsible Jewelry Council), noirci ou plaqu\u00e9 or 24 ct, avec une perle d&rsquo;eau douce de culture, blanche.<br \/>\nLa bague a une surface organique, la largeur de la bague est 1 cm et le diam\u00e8tre de la perle est 0,8 cm.<\/p>\n<p><strong>Pour les gravures <\/strong>merci de me <strong><a href=\"https:\/\/www.yasminyahya.com\/contact\/\">contacter<\/a> <\/strong>pour me transmettre votre texte<\/p>\n<p>Les bagues font partie de la collection AVENTURE DE PERLES: La perle est associ\u00e9e \u00e0 de nombreux mythes \u00e0 travers le monde.<br \/>\nDans les vedas indiens par exemple, les perles repr\u00e9sentent des gouttes d\u2019eau qui tombent du ciel dans la mer.<br \/>\nDans la Gr\u00e8ce Antique, les larmes des Dieux sont repr\u00e9sent\u00e9es par des perles et symbolisent aussi le charme d\u2019Aphrodite, d\u00e9esse de l\u2019Amour.<br \/>\nC\u2019est dans le Golfe Persique o\u00f9 la culture de la perle est la plus ancienne et la plus d\u00e9velopp\u00e9e qu\u2019a \u00e9t\u00e9 d\u00e9couvert le plus vieux bijou : le Collier de Susa, un collier de 3rangs de 72 perles chacun.<\/p>\n<p>J&rsquo;ai r\u00e9interpr\u00e9t\u00e9 cette mati\u00e8re superbe qui m&rsquo;a inspir\u00e9 pour ces pi\u00e8ces en associant les parties soyeuses , irr\u00e9guli\u00e8res , calcaires aux lustres subtils \u00e0 des \u00e9l\u00e9ments contemporains g\u00e9om\u00e9triques aux reflets en facettes.<\/p>\n<p>La bague sera livr\u00e9 dans un joli \u00e9crin avec un certificat d\u2019authenticit\u00e9.<\/p>\n<p>&nbsp;<\/p>\n","protected":false},"featured_media":9408,"template":"","meta":[],"product_cat":[400,262],"product_tag":[],"class_list":{"0":"post-6907","1":"product","2":"type-product","3":"status-publish","4":"has-post-thumbnail","6":"product_cat-aventure-de-perles","7":"product_cat-bagues","9":"first","10":"instock","11":"shipping-taxable","12":"purchasable","13":"product-type-variable"},"yoast_head":"<!-- This site is optimized with the Yoast SEO plugin v23.5 - https:\/\/yoast.com\/wordpress\/plugins\/seo\/ -->\n<title>Bague moderne avec perle de culture - Yasmin Yahya<\/title>\n<meta name=\"description\" content=\"Boucles d&#039;oreilles longues FOREST en argent RJC, mat ou noirci. Des bijoux contemporains par la cr\u00e9atrice Yasmin Yahya, Rennes.\" \/>\n<meta name=\"robots\" content=\"index, follow, max-snippet:-1, max-image-preview:large, max-video-preview:-1\" \/>\n<link rel=\"canonical\" href=\"https:\/\/www.yasminyahya.com\/fr\/boutique\/bagues\/bagues-en-argent-equitable-noirci-ou-plaque-or-avec-une-perle-de-culture-ronde-grand-modele\/\" \/>\n<meta property=\"og:locale\" content=\"fr_FR\" \/>\n<meta property=\"og:type\" content=\"article\" \/>\n<meta property=\"og:title\" content=\"Bague moderne avec perle de culture - Yasmin Yahya\" \/>\n<meta property=\"og:description\" content=\"Boucles d&#039;oreilles longues FOREST en argent RJC, mat ou noirci. Des bijoux contemporains par la cr\u00e9atrice Yasmin Yahya, Rennes.\" \/>\n<meta property=\"og:url\" content=\"https:\/\/www.yasminyahya.com\/fr\/boutique\/bagues\/bagues-en-argent-equitable-noirci-ou-plaque-or-avec-une-perle-de-culture-ronde-grand-modele\/\" \/>\n<meta property=\"og:site_name\" content=\"Yasmin Yahya\" \/>\n<meta property=\"article:modified_time\" content=\"2024-03-07T13:52:17+00:00\" \/>\n<meta property=\"og:image\" content=\"https:\/\/www.yasminyahya.com\/wp-content\/uploads\/2020\/09\/Yasmin-Yahya-BAF-Perles-L.jpg\" \/>\n\t<meta property=\"og:image:width\" content=\"2037\" \/>\n\t<meta property=\"og:image:height\" content=\"2036\" \/>\n\t<meta property=\"og:image:type\" content=\"image\/jpeg\" \/>\n<meta name=\"twitter:card\" content=\"summary_large_image\" \/>\n<meta name=\"twitter:label1\" content=\"Dur\u00e9e de lecture estim\u00e9e\" \/>\n\t<meta name=\"twitter:data1\" content=\"1 minute\" \/>\n<script type=\"application\/ld+json\" class=\"yoast-schema-graph\">{\"@context\":\"https:\/\/schema.org\",\"@graph\":[{\"@type\":\"WebPage\",\"@id\":\"https:\/\/www.yasminyahya.com\/fr\/boutique\/bagues\/bagues-en-argent-equitable-noirci-ou-plaque-or-avec-une-perle-de-culture-ronde-grand-modele\/\",\"url\":\"https:\/\/www.yasminyahya.com\/fr\/boutique\/bagues\/bagues-en-argent-equitable-noirci-ou-plaque-or-avec-une-perle-de-culture-ronde-grand-modele\/\",\"name\":\"Bague moderne avec perle de culture - Yasmin Yahya\",\"isPartOf\":{\"@id\":\"https:\/\/www.yasminyahya.com\/fr\/#website\"},\"primaryImageOfPage\":{\"@id\":\"https:\/\/www.yasminyahya.com\/fr\/boutique\/bagues\/bagues-en-argent-equitable-noirci-ou-plaque-or-avec-une-perle-de-culture-ronde-grand-modele\/#primaryimage\"},\"image\":{\"@id\":\"https:\/\/www.yasminyahya.com\/fr\/boutique\/bagues\/bagues-en-argent-equitable-noirci-ou-plaque-or-avec-une-perle-de-culture-ronde-grand-modele\/#primaryimage\"},\"thumbnailUrl\":\"https:\/\/www.yasminyahya.com\/wp-content\/uploads\/2020\/09\/Yasmin-Yahya-BAF-Perles-L.jpg\",\"datePublished\":\"2020-09-18T09:20:02+00:00\",\"dateModified\":\"2024-03-07T13:52:17+00:00\",\"description\":\"Boucles d'oreilles longues FOREST en argent RJC, mat ou noirci. Des bijoux contemporains par la cr\u00e9atrice Yasmin Yahya, Rennes.\",\"breadcrumb\":{\"@id\":\"https:\/\/www.yasminyahya.com\/fr\/boutique\/bagues\/bagues-en-argent-equitable-noirci-ou-plaque-or-avec-une-perle-de-culture-ronde-grand-modele\/#breadcrumb\"},\"inLanguage\":\"fr-FR\",\"potentialAction\":[{\"@type\":\"ReadAction\",\"target\":[\"https:\/\/www.yasminyahya.com\/fr\/boutique\/bagues\/bagues-en-argent-equitable-noirci-ou-plaque-or-avec-une-perle-de-culture-ronde-grand-modele\/\"]}]},{\"@type\":\"ImageObject\",\"inLanguage\":\"fr-FR\",\"@id\":\"https:\/\/www.yasminyahya.com\/fr\/boutique\/bagues\/bagues-en-argent-equitable-noirci-ou-plaque-or-avec-une-perle-de-culture-ronde-grand-modele\/#primaryimage\",\"url\":\"https:\/\/www.yasminyahya.com\/wp-content\/uploads\/2020\/09\/Yasmin-Yahya-BAF-Perles-L.jpg\",\"contentUrl\":\"https:\/\/www.yasminyahya.com\/wp-content\/uploads\/2020\/09\/Yasmin-Yahya-BAF-Perles-L.jpg\",\"width\":2037,\"height\":2036},{\"@type\":\"BreadcrumbList\",\"@id\":\"https:\/\/www.yasminyahya.com\/fr\/boutique\/bagues\/bagues-en-argent-equitable-noirci-ou-plaque-or-avec-une-perle-de-culture-ronde-grand-modele\/#breadcrumb\",\"itemListElement\":[{\"@type\":\"ListItem\",\"position\":1,\"name\":\"Accueil\",\"item\":\"https:\/\/www.yasminyahya.com\/fr\/\"},{\"@type\":\"ListItem\",\"position\":2,\"name\":\"Produits\",\"item\":\"https:\/\/www.yasminyahya.com\/fr\/shop\/\"},{\"@type\":\"ListItem\",\"position\":3,\"name\":\"Bague moderne avec perle de culture\"}]},{\"@type\":\"WebSite\",\"@id\":\"https:\/\/www.yasminyahya.com\/fr\/#website\",\"url\":\"https:\/\/www.yasminyahya.com\/fr\/\",\"name\":\"Yasmin Yahya\",\"description\":\"Bijoux Contemporains\",\"potentialAction\":[{\"@type\":\"SearchAction\",\"target\":{\"@type\":\"EntryPoint\",\"urlTemplate\":\"https:\/\/www.yasminyahya.com\/fr\/?s={search_term_string}\"},\"query-input\":{\"@type\":\"PropertyValueSpecification\",\"valueRequired\":true,\"valueName\":\"search_term_string\"}}],\"inLanguage\":\"fr-FR\"}]}<\/script>\n<!-- \/ Yoast SEO plugin. -->","yoast_head_json":{"title":"Bague moderne avec perle de culture - Yasmin Yahya","description":"Boucles d'oreilles longues FOREST en argent RJC, mat ou noirci. Des bijoux contemporains par la cr\u00e9atrice Yasmin Yahya, Rennes.","robots":{"index":"index","follow":"follow","max-snippet":"max-snippet:-1","max-image-preview":"max-image-preview:large","max-video-preview":"max-video-preview:-1"},"canonical":"https:\/\/www.yasminyahya.com\/fr\/boutique\/bagues\/bagues-en-argent-equitable-noirci-ou-plaque-or-avec-une-perle-de-culture-ronde-grand-modele\/","og_locale":"fr_FR","og_type":"article","og_title":"Bague moderne avec perle de culture - Yasmin Yahya","og_description":"Boucles d'oreilles longues FOREST en argent RJC, mat ou noirci. Des bijoux contemporains par la cr\u00e9atrice Yasmin Yahya, Rennes.","og_url":"https:\/\/www.yasminyahya.com\/fr\/boutique\/bagues\/bagues-en-argent-equitable-noirci-ou-plaque-or-avec-une-perle-de-culture-ronde-grand-modele\/","og_site_name":"Yasmin Yahya","article_modified_time":"2024-03-07T13:52:17+00:00","og_image":[{"width":2037,"height":2036,"url":"https:\/\/www.yasminyahya.com\/wp-content\/uploads\/2020\/09\/Yasmin-Yahya-BAF-Perles-L.jpg","type":"image\/jpeg"}],"twitter_card":"summary_large_image","twitter_misc":{"Dur\u00e9e de lecture estim\u00e9e":"1 minute"},"schema":{"@context":"https:\/\/schema.org","@graph":[{"@type":"WebPage","@id":"https:\/\/www.yasminyahya.com\/fr\/boutique\/bagues\/bagues-en-argent-equitable-noirci-ou-plaque-or-avec-une-perle-de-culture-ronde-grand-modele\/","url":"https:\/\/www.yasminyahya.com\/fr\/boutique\/bagues\/bagues-en-argent-equitable-noirci-ou-plaque-or-avec-une-perle-de-culture-ronde-grand-modele\/","name":"Bague moderne avec perle de culture - Yasmin Yahya","isPartOf":{"@id":"https:\/\/www.yasminyahya.com\/fr\/#website"},"primaryImageOfPage":{"@id":"https:\/\/www.yasminyahya.com\/fr\/boutique\/bagues\/bagues-en-argent-equitable-noirci-ou-plaque-or-avec-une-perle-de-culture-ronde-grand-modele\/#primaryimage"},"image":{"@id":"https:\/\/www.yasminyahya.com\/fr\/boutique\/bagues\/bagues-en-argent-equitable-noirci-ou-plaque-or-avec-une-perle-de-culture-ronde-grand-modele\/#primaryimage"},"thumbnailUrl":"https:\/\/www.yasminyahya.com\/wp-content\/uploads\/2020\/09\/Yasmin-Yahya-BAF-Perles-L.jpg","datePublished":"2020-09-18T09:20:02+00:00","dateModified":"2024-03-07T13:52:17+00:00","description":"Boucles d'oreilles longues FOREST en argent RJC, mat ou noirci. Des bijoux contemporains par la cr\u00e9atrice Yasmin Yahya, Rennes.","breadcrumb":{"@id":"https:\/\/www.yasminyahya.com\/fr\/boutique\/bagues\/bagues-en-argent-equitable-noirci-ou-plaque-or-avec-une-perle-de-culture-ronde-grand-modele\/#breadcrumb"},"inLanguage":"fr-FR","potentialAction":[{"@type":"ReadAction","target":["https:\/\/www.yasminyahya.com\/fr\/boutique\/bagues\/bagues-en-argent-equitable-noirci-ou-plaque-or-avec-une-perle-de-culture-ronde-grand-modele\/"]}]},{"@type":"ImageObject","inLanguage":"fr-FR","@id":"https:\/\/www.yasminyahya.com\/fr\/boutique\/bagues\/bagues-en-argent-equitable-noirci-ou-plaque-or-avec-une-perle-de-culture-ronde-grand-modele\/#primaryimage","url":"https:\/\/www.yasminyahya.com\/wp-content\/uploads\/2020\/09\/Yasmin-Yahya-BAF-Perles-L.jpg","contentUrl":"https:\/\/www.yasminyahya.com\/wp-content\/uploads\/2020\/09\/Yasmin-Yahya-BAF-Perles-L.jpg","width":2037,"height":2036},{"@type":"BreadcrumbList","@id":"https:\/\/www.yasminyahya.com\/fr\/boutique\/bagues\/bagues-en-argent-equitable-noirci-ou-plaque-or-avec-une-perle-de-culture-ronde-grand-modele\/#breadcrumb","itemListElement":[{"@type":"ListItem","position":1,"name":"Accueil","item":"https:\/\/www.yasminyahya.com\/fr\/"},{"@type":"ListItem","position":2,"name":"Produits","item":"https:\/\/www.yasminyahya.com\/fr\/shop\/"},{"@type":"ListItem","position":3,"name":"Bague moderne avec perle de culture"}]},{"@type":"WebSite","@id":"https:\/\/www.yasminyahya.com\/fr\/#website","url":"https:\/\/www.yasminyahya.com\/fr\/","name":"Yasmin Yahya","description":"Bijoux Contemporains","potentialAction":[{"@type":"SearchAction","target":{"@type":"EntryPoint","urlTemplate":"https:\/\/www.yasminyahya.com\/fr\/?s={search_term_string}"},"query-input":{"@type":"PropertyValueSpecification","valueRequired":true,"valueName":"search_term_string"}}],"inLanguage":"fr-FR"}]}},"_links":{"self":[{"href":"https:\/\/www.yasminyahya.com\/fr\/wp-json\/wp\/v2\/product\/6907"}],"collection":[{"href":"https:\/\/www.yasminyahya.com\/fr\/wp-json\/wp\/v2\/product"}],"about":[{"href":"https:\/\/www.yasminyahya.com\/fr\/wp-json\/wp\/v2\/types\/product"}],"wp:featuredmedia":[{"embeddable":true,"href":"https:\/\/www.yasminyahya.com\/fr\/wp-json\/wp\/v2\/media\/9408"}],"wp:attachment":[{"href":"https:\/\/www.yasminyahya.com\/fr\/wp-json\/wp\/v2\/media?parent=6907"}],"wp:term":[{"taxonomy":"product_cat","embeddable":true,"href":"https:\/\/www.yasminyahya.com\/fr\/wp-json\/wp\/v2\/product_cat?post=6907"},{"taxonomy":"product_tag","embeddable":true,"href":"https:\/\/www.yasminyahya.com\/fr\/wp-json\/wp\/v2\/product_tag?post=6907"}],"curies":[{"name":"wp","href":"https:\/\/api.w.org\/{rel}","templated":true}]}}