{"id":6930,"date":"2020-09-20T14:31:42","date_gmt":"2020-09-20T12:31:42","guid":{"rendered":"https:\/\/www.yasminyahya.com\/?post_type=product&#038;p=6930"},"modified":"2024-10-14T00:06:22","modified_gmt":"2024-10-13T22:06:22","slug":"chevaliere-rectangulaire-pour-homme-en-argent-equitable-ou-argent-mokume-gane","status":"publish","type":"product","link":"https:\/\/www.yasminyahya.com\/fr\/boutique\/homme\/chevaliere-rectangulaire-pour-homme-en-argent-equitable-ou-argent-mokume-gane\/","title":{"rendered":"Chevali\u00e8re rectangulaire"},"content":{"rendered":"<section class=\"l-section wpb_row height_medium\"><div class=\"l-section-h i-cf\"><div class=\"g-cols vc_row via_flex valign_top type_default stacking_default\"><div class=\"vc_col-sm-12 wpb_column vc_column_container\"><div class=\"vc_column-inner\"><div class=\"wpb_wrapper\"><div class=\"wpb_text_column\"><div class=\"wpb_wrapper\"><p><strong>Mati\u00e8re\u00a0:<\/strong>\u00a0Uniquement en argent \u00e9quitable RJC (Responsible Jewelry Council) ou avec du Mokum\u00e9 Gan\u00e9 (les mati\u00e8res utilis\u00e9s sont l&rsquo;argent, le shibuichi et le shakudo (alliages japonaises de cuivre), le cuivre et le laiton)<\/p>\n<p><strong>Largueur: <\/strong>0,9 cm<\/p>\n<p><strong>Tailles :<\/strong> Tailles 60-68<\/p>\n<p>Le bijou est soigneusement fabriqu\u00e9 \u00e0 la main par Yasmin Yahya selon les techniques traditionnelles de la bijouterie, dans son atelier \u00e0 Turgi (Suisse). Elle utilise des m\u00e9taux pr\u00e9cieux \u00e9quitables d\u2019origine RJC (Responsible Jewelry Council).<\/p>\n<\/div><\/div><div class=\"w-separator size_custom\" style=\"height:32px\"><\/div><div class=\"wpb_text_column\"><div class=\"wpb_wrapper\"><h3>D\u00e9lai<\/h3>\n<p>Si votre taille n\u2019est pas en stock, le d\u00e9lai sera de 7 jours ouvr\u00e9s auquel il faudra rajouter le temps d\u2019acheminement de la Poste.<\/p>\n<\/div><\/div><\/div><\/div><\/div><\/div><\/div><\/section>\n","protected":false},"excerpt":{"rendered":"<p>Chevali\u00e8re, avec un rectangle (taille sur le dessus env. 1,4 cm) en deux versions:<br \/>\n&#8211; soit uniquement en argent \u00e9quitable RJC: La bague a une surface organique et textur\u00e9, elle est mat et partiellement oxyd\u00e9<br \/>\n&#8211; soit en argent \u00e9quitable RJC mat et Mokum\u00e9 Gan\u00e9 ( (ancienne technique japonaise qui rentrait\u00a0dans la fabrication de sabres):<br \/>\n<strong>\u00a0Il s\u2019agit d&rsquo;une pi\u00e8ce unique. Les \u00ab\u00a0marbrures\u00a0\u00bb du mokum\u00e9 gan\u00e9 \u00a0varient \u00e0 chaque pi\u00e8ce, mais restent toujours dans le m\u00eame esprit.<\/strong><\/p>\n<p>Si vous souhaitez une personnalisation (une autre taille, plus large, en or, avec une autre pierre etc.), merci de me <strong><a href=\"https:\/\/www.yasminyahya.com\/contact\/\">contacter<\/a><\/strong><\/p>\n<p>Des bagues dedi\u00e9es aux hommes, o\u00f9 la sobri\u00e9t\u00e9 croise l\u2018\u00e9l\u00e9gance, l\u2018intemporel l\u2018actuel et la discr\u00e9tion la virilit\u00e9.<\/p>\n<p>La bague sera livr\u00e9e dans un joli \u00e9crin avec un certificat d&rsquo;authenticit\u00e9.<\/p>\n","protected":false},"featured_media":9533,"template":"","meta":[],"product_cat":[297,291,483,682],"product_tag":[],"class_list":{"0":"post-6930","1":"product","2":"type-product","3":"status-publish","4":"has-post-thumbnail","6":"product_cat-earth","7":"product_cat-homme","8":"product_cat-homme-2","9":"product_cat-fin-de-collection","11":"first","12":"instock","13":"shipping-taxable","14":"purchasable","15":"product-type-variable"},"yoast_head":"<!-- This site is optimized with the Yoast SEO plugin v23.5 - https:\/\/yoast.com\/wordpress\/plugins\/seo\/ -->\n<title>Chevali\u00e8re rectangulaire - Yasmin Yahya<\/title>\n<meta name=\"robots\" content=\"index, follow, max-snippet:-1, max-image-preview:large, max-video-preview:-1\" \/>\n<link rel=\"canonical\" href=\"https:\/\/www.yasminyahya.com\/fr\/boutique\/homme\/chevaliere-rectangulaire-pour-homme-en-argent-equitable-ou-argent-mokume-gane\/\" \/>\n<meta property=\"og:locale\" content=\"fr_FR\" \/>\n<meta property=\"og:type\" content=\"article\" \/>\n<meta property=\"og:title\" content=\"Chevali\u00e8re rectangulaire - Yasmin Yahya\" \/>\n<meta property=\"og:description\" content=\"Chevali\u00e8re, avec un rectangle (taille sur le dessus env. 1,4 cm) en deux versions: - soit uniquement en argent \u00e9quitable RJC: La bague a une surface organique et textur\u00e9, elle est mat et partiellement oxyd\u00e9 - soit en argent \u00e9quitable RJC mat et Mokum\u00e9 Gan\u00e9 ( (ancienne technique japonaise qui rentrait\u00a0dans la fabrication de sabres): \u00a0Il s\u2019agit d&#039;une pi\u00e8ce unique. Les \u00ab\u00a0marbrures\u00a0\u00bb du mokum\u00e9 gan\u00e9 \u00a0varient \u00e0 chaque pi\u00e8ce, mais restent toujours dans le m\u00eame esprit.  Si vous souhaitez une personnalisation (une autre taille, plus large, en or, avec une autre pierre etc.), merci de me contacter  Des bagues dedi\u00e9es aux hommes, o\u00f9 la sobri\u00e9t\u00e9 croise l\u2018\u00e9l\u00e9gance, l\u2018intemporel l\u2018actuel et la discr\u00e9tion la virilit\u00e9.  La bague sera livr\u00e9e dans un joli \u00e9crin avec un certificat d&#039;authenticit\u00e9.\" \/>\n<meta property=\"og:url\" content=\"https:\/\/www.yasminyahya.com\/fr\/boutique\/homme\/chevaliere-rectangulaire-pour-homme-en-argent-equitable-ou-argent-mokume-gane\/\" \/>\n<meta property=\"og:site_name\" content=\"Yasmin Yahya\" \/>\n<meta property=\"article:modified_time\" content=\"2024-10-13T22:06:22+00:00\" \/>\n<meta property=\"og:image\" content=\"https:\/\/www.yasminyahya.com\/wp-content\/uploads\/2020\/09\/Yasmin-Yahya-BAH-chev-R.jpg\" \/>\n\t<meta property=\"og:image:width\" content=\"1857\" \/>\n\t<meta property=\"og:image:height\" content=\"1857\" \/>\n\t<meta property=\"og:image:type\" content=\"image\/jpeg\" \/>\n<meta name=\"twitter:card\" content=\"summary_large_image\" \/>\n<meta name=\"twitter:label1\" content=\"Dur\u00e9e de lecture estim\u00e9e\" \/>\n\t<meta name=\"twitter:data1\" content=\"1 minute\" \/>\n<script type=\"application\/ld+json\" class=\"yoast-schema-graph\">{\"@context\":\"https:\/\/schema.org\",\"@graph\":[{\"@type\":\"WebPage\",\"@id\":\"https:\/\/www.yasminyahya.com\/fr\/boutique\/homme\/chevaliere-rectangulaire-pour-homme-en-argent-equitable-ou-argent-mokume-gane\/\",\"url\":\"https:\/\/www.yasminyahya.com\/fr\/boutique\/homme\/chevaliere-rectangulaire-pour-homme-en-argent-equitable-ou-argent-mokume-gane\/\",\"name\":\"Chevali\u00e8re rectangulaire - Yasmin Yahya\",\"isPartOf\":{\"@id\":\"https:\/\/www.yasminyahya.com\/fr\/#website\"},\"primaryImageOfPage\":{\"@id\":\"https:\/\/www.yasminyahya.com\/fr\/boutique\/homme\/chevaliere-rectangulaire-pour-homme-en-argent-equitable-ou-argent-mokume-gane\/#primaryimage\"},\"image\":{\"@id\":\"https:\/\/www.yasminyahya.com\/fr\/boutique\/homme\/chevaliere-rectangulaire-pour-homme-en-argent-equitable-ou-argent-mokume-gane\/#primaryimage\"},\"thumbnailUrl\":\"https:\/\/www.yasminyahya.com\/wp-content\/uploads\/2020\/09\/Yasmin-Yahya-BAH-chev-R.jpg\",\"datePublished\":\"2020-09-20T12:31:42+00:00\",\"dateModified\":\"2024-10-13T22:06:22+00:00\",\"breadcrumb\":{\"@id\":\"https:\/\/www.yasminyahya.com\/fr\/boutique\/homme\/chevaliere-rectangulaire-pour-homme-en-argent-equitable-ou-argent-mokume-gane\/#breadcrumb\"},\"inLanguage\":\"fr-FR\",\"potentialAction\":[{\"@type\":\"ReadAction\",\"target\":[\"https:\/\/www.yasminyahya.com\/fr\/boutique\/homme\/chevaliere-rectangulaire-pour-homme-en-argent-equitable-ou-argent-mokume-gane\/\"]}]},{\"@type\":\"ImageObject\",\"inLanguage\":\"fr-FR\",\"@id\":\"https:\/\/www.yasminyahya.com\/fr\/boutique\/homme\/chevaliere-rectangulaire-pour-homme-en-argent-equitable-ou-argent-mokume-gane\/#primaryimage\",\"url\":\"https:\/\/www.yasminyahya.com\/wp-content\/uploads\/2020\/09\/Yasmin-Yahya-BAH-chev-R.jpg\",\"contentUrl\":\"https:\/\/www.yasminyahya.com\/wp-content\/uploads\/2020\/09\/Yasmin-Yahya-BAH-chev-R.jpg\",\"width\":1857,\"height\":1857},{\"@type\":\"BreadcrumbList\",\"@id\":\"https:\/\/www.yasminyahya.com\/fr\/boutique\/homme\/chevaliere-rectangulaire-pour-homme-en-argent-equitable-ou-argent-mokume-gane\/#breadcrumb\",\"itemListElement\":[{\"@type\":\"ListItem\",\"position\":1,\"name\":\"Accueil\",\"item\":\"https:\/\/www.yasminyahya.com\/fr\/\"},{\"@type\":\"ListItem\",\"position\":2,\"name\":\"Produits\",\"item\":\"https:\/\/www.yasminyahya.com\/fr\/shop\/\"},{\"@type\":\"ListItem\",\"position\":3,\"name\":\"Chevali\u00e8re rectangulaire\"}]},{\"@type\":\"WebSite\",\"@id\":\"https:\/\/www.yasminyahya.com\/fr\/#website\",\"url\":\"https:\/\/www.yasminyahya.com\/fr\/\",\"name\":\"Yasmin Yahya\",\"description\":\"Bijoux Contemporains\",\"potentialAction\":[{\"@type\":\"SearchAction\",\"target\":{\"@type\":\"EntryPoint\",\"urlTemplate\":\"https:\/\/www.yasminyahya.com\/fr\/?s={search_term_string}\"},\"query-input\":{\"@type\":\"PropertyValueSpecification\",\"valueRequired\":true,\"valueName\":\"search_term_string\"}}],\"inLanguage\":\"fr-FR\"}]}<\/script>\n<!-- \/ Yoast SEO plugin. -->","yoast_head_json":{"title":"Chevali\u00e8re rectangulaire - Yasmin Yahya","robots":{"index":"index","follow":"follow","max-snippet":"max-snippet:-1","max-image-preview":"max-image-preview:large","max-video-preview":"max-video-preview:-1"},"canonical":"https:\/\/www.yasminyahya.com\/fr\/boutique\/homme\/chevaliere-rectangulaire-pour-homme-en-argent-equitable-ou-argent-mokume-gane\/","og_locale":"fr_FR","og_type":"article","og_title":"Chevali\u00e8re rectangulaire - Yasmin Yahya","og_description":"Chevali\u00e8re, avec un rectangle (taille sur le dessus env. 1,4 cm) en deux versions: - soit uniquement en argent \u00e9quitable RJC: La bague a une surface organique et textur\u00e9, elle est mat et partiellement oxyd\u00e9 - soit en argent \u00e9quitable RJC mat et Mokum\u00e9 Gan\u00e9 ( (ancienne technique japonaise qui rentrait\u00a0dans la fabrication de sabres): \u00a0Il s\u2019agit d'une pi\u00e8ce unique. Les \u00ab\u00a0marbrures\u00a0\u00bb du mokum\u00e9 gan\u00e9 \u00a0varient \u00e0 chaque pi\u00e8ce, mais restent toujours dans le m\u00eame esprit.  Si vous souhaitez une personnalisation (une autre taille, plus large, en or, avec une autre pierre etc.), merci de me contacter  Des bagues dedi\u00e9es aux hommes, o\u00f9 la sobri\u00e9t\u00e9 croise l\u2018\u00e9l\u00e9gance, l\u2018intemporel l\u2018actuel et la discr\u00e9tion la virilit\u00e9.  La bague sera livr\u00e9e dans un joli \u00e9crin avec un certificat d'authenticit\u00e9.","og_url":"https:\/\/www.yasminyahya.com\/fr\/boutique\/homme\/chevaliere-rectangulaire-pour-homme-en-argent-equitable-ou-argent-mokume-gane\/","og_site_name":"Yasmin Yahya","article_modified_time":"2024-10-13T22:06:22+00:00","og_image":[{"width":1857,"height":1857,"url":"https:\/\/www.yasminyahya.com\/wp-content\/uploads\/2020\/09\/Yasmin-Yahya-BAH-chev-R.jpg","type":"image\/jpeg"}],"twitter_card":"summary_large_image","twitter_misc":{"Dur\u00e9e de lecture estim\u00e9e":"1 minute"},"schema":{"@context":"https:\/\/schema.org","@graph":[{"@type":"WebPage","@id":"https:\/\/www.yasminyahya.com\/fr\/boutique\/homme\/chevaliere-rectangulaire-pour-homme-en-argent-equitable-ou-argent-mokume-gane\/","url":"https:\/\/www.yasminyahya.com\/fr\/boutique\/homme\/chevaliere-rectangulaire-pour-homme-en-argent-equitable-ou-argent-mokume-gane\/","name":"Chevali\u00e8re rectangulaire - Yasmin Yahya","isPartOf":{"@id":"https:\/\/www.yasminyahya.com\/fr\/#website"},"primaryImageOfPage":{"@id":"https:\/\/www.yasminyahya.com\/fr\/boutique\/homme\/chevaliere-rectangulaire-pour-homme-en-argent-equitable-ou-argent-mokume-gane\/#primaryimage"},"image":{"@id":"https:\/\/www.yasminyahya.com\/fr\/boutique\/homme\/chevaliere-rectangulaire-pour-homme-en-argent-equitable-ou-argent-mokume-gane\/#primaryimage"},"thumbnailUrl":"https:\/\/www.yasminyahya.com\/wp-content\/uploads\/2020\/09\/Yasmin-Yahya-BAH-chev-R.jpg","datePublished":"2020-09-20T12:31:42+00:00","dateModified":"2024-10-13T22:06:22+00:00","breadcrumb":{"@id":"https:\/\/www.yasminyahya.com\/fr\/boutique\/homme\/chevaliere-rectangulaire-pour-homme-en-argent-equitable-ou-argent-mokume-gane\/#breadcrumb"},"inLanguage":"fr-FR","potentialAction":[{"@type":"ReadAction","target":["https:\/\/www.yasminyahya.com\/fr\/boutique\/homme\/chevaliere-rectangulaire-pour-homme-en-argent-equitable-ou-argent-mokume-gane\/"]}]},{"@type":"ImageObject","inLanguage":"fr-FR","@id":"https:\/\/www.yasminyahya.com\/fr\/boutique\/homme\/chevaliere-rectangulaire-pour-homme-en-argent-equitable-ou-argent-mokume-gane\/#primaryimage","url":"https:\/\/www.yasminyahya.com\/wp-content\/uploads\/2020\/09\/Yasmin-Yahya-BAH-chev-R.jpg","contentUrl":"https:\/\/www.yasminyahya.com\/wp-content\/uploads\/2020\/09\/Yasmin-Yahya-BAH-chev-R.jpg","width":1857,"height":1857},{"@type":"BreadcrumbList","@id":"https:\/\/www.yasminyahya.com\/fr\/boutique\/homme\/chevaliere-rectangulaire-pour-homme-en-argent-equitable-ou-argent-mokume-gane\/#breadcrumb","itemListElement":[{"@type":"ListItem","position":1,"name":"Accueil","item":"https:\/\/www.yasminyahya.com\/fr\/"},{"@type":"ListItem","position":2,"name":"Produits","item":"https:\/\/www.yasminyahya.com\/fr\/shop\/"},{"@type":"ListItem","position":3,"name":"Chevali\u00e8re rectangulaire"}]},{"@type":"WebSite","@id":"https:\/\/www.yasminyahya.com\/fr\/#website","url":"https:\/\/www.yasminyahya.com\/fr\/","name":"Yasmin Yahya","description":"Bijoux Contemporains","potentialAction":[{"@type":"SearchAction","target":{"@type":"EntryPoint","urlTemplate":"https:\/\/www.yasminyahya.com\/fr\/?s={search_term_string}"},"query-input":{"@type":"PropertyValueSpecification","valueRequired":true,"valueName":"search_term_string"}}],"inLanguage":"fr-FR"}]}},"_links":{"self":[{"href":"https:\/\/www.yasminyahya.com\/fr\/wp-json\/wp\/v2\/product\/6930"}],"collection":[{"href":"https:\/\/www.yasminyahya.com\/fr\/wp-json\/wp\/v2\/product"}],"about":[{"href":"https:\/\/www.yasminyahya.com\/fr\/wp-json\/wp\/v2\/types\/product"}],"wp:featuredmedia":[{"embeddable":true,"href":"https:\/\/www.yasminyahya.com\/fr\/wp-json\/wp\/v2\/media\/9533"}],"wp:attachment":[{"href":"https:\/\/www.yasminyahya.com\/fr\/wp-json\/wp\/v2\/media?parent=6930"}],"wp:term":[{"taxonomy":"product_cat","embeddable":true,"href":"https:\/\/www.yasminyahya.com\/fr\/wp-json\/wp\/v2\/product_cat?post=6930"},{"taxonomy":"product_tag","embeddable":true,"href":"https:\/\/www.yasminyahya.com\/fr\/wp-json\/wp\/v2\/product_tag?post=6930"}],"curies":[{"name":"wp","href":"https:\/\/api.w.org\/{rel}","templated":true}]}}