{"id":6946,"date":"2021-01-10T18:46:03","date_gmt":"2020-09-20T13:07:18","guid":{"rendered":"https:\/\/www.yasminyahya.com\/?post_type=product&#038;p=6946"},"modified":"2024-03-07T14:49:59","modified_gmt":"2024-03-07T13:49:59","slug":"bracelet-jonc-pour-homme-avec-tsavorites-en-argent-equitable-mat-et-oxyde","status":"publish","type":"product","link":"https:\/\/www.yasminyahya.com\/fr\/boutique\/bracelets\/bracelet-jonc-pour-homme-avec-tsavorites-en-argent-equitable-mat-et-oxyde\/","title":{"rendered":"Bracelet\/jonc homme, avec tsavorites"},"content":{"rendered":"<section class=\"l-section wpb_row height_medium\"><div class=\"l-section-h i-cf\"><div class=\"g-cols vc_row via_flex valign_top type_default stacking_default\"><div class=\"vc_col-sm-12 wpb_column vc_column_container\"><div class=\"vc_column-inner\"><div class=\"wpb_wrapper\"><div class=\"wpb_text_column\"><div class=\"wpb_wrapper\"><p><strong>Mati\u00e8re\u00a0:<\/strong> Argent 925\/000 \u00e9quitable RJC (Responsible Jewelry Council)<br \/>\n<strong>Taille :<\/strong>\u00a0Taille unique<br \/>\n<strong>Largeur : <\/strong>8 mm<br \/>\n<strong>Finition :<\/strong> Argent mat et oxyd\u00e9<br \/>\n<strong>Pierres :<\/strong>\u00a0Tsavorites, \u00f8 2 mm<\/p>\n<p>Le bijou est soigneusement fabriqu\u00e9 \u00e0 la main par Yasmin Yahya selon les techniques traditionnelles de la bijouterie, dans son atelier \u00e0 Turgi (Suisse). Elle utilise des m\u00e9taux pr\u00e9cieux \u00e9quitables d\u2019origine RJC (Responsible Jewelry Council).<\/p>\n<\/div><\/div><div class=\"w-separator size_custom\" style=\"height:32px\"><\/div><div class=\"wpb_text_column\"><div class=\"wpb_wrapper\"><h3>D\u00e9lai<\/h3>\n<p>Si votre piece n\u2019est pas en stock, le d\u00e9lai sera de 5-6 jours ouvr\u00e9s auquel il faudra rajouter le temps d\u2019acheminement de la Poste.<\/p>\n<\/div><\/div><\/div><\/div><\/div><\/div><\/div><\/section>\n","protected":false},"excerpt":{"rendered":"<p>Bracelet\/jonc ouvert pour homme avec un aspect brut, en argent \u00e9quitable RJC, mat et oxyd\u00e9.<br \/>\nLe jonc a\u00a0une largueur d&rsquo;environ 8 mm, il est rehauss\u00e9 de trois petites tsavorites (\u00f8 2mm),<br \/>\nIl s&rsquo;agit d&rsquo;une taille unique, mais n&rsquo;h\u00e9sitez pas \u00e0 me communiquer la circonf\u00e9rence de votre poignet lors de la commande, du coup le bracelet peut \u00eatre adapt\u00e9.<br \/>\nVous pouvez trouver la bague assortie dans la boutique en ligne.<\/p>\n<p>Si vous souhaitez une personnalisation (une autre taille, plus large, en or, avec une autre pierre etc.), merci de me <strong><a href=\"https:\/\/www.yasminyahya.com\/contact\/\">contacter<\/a><\/strong><\/p>\n<p>Une pi\u00e8ce masculine et unique pour vous accompagner au quotidien.<br \/>\nDes bijoux d\u00e9di\u00e9s aux hommes, o\u00f9 la sobri\u00e9t\u00e9 croise l\u2018\u00e9l\u00e9gance, l\u2018intemporel l\u2018actuel et la discr\u00e9tion la virilit\u00e9.<\/p>\n<p>Le bracelet sera livr\u00e9 dans un joli \u00e9crin avec un certificat d&rsquo;authenticit\u00e9.<\/p>\n","protected":false},"featured_media":10209,"template":"","meta":[],"product_cat":[289,291,483],"product_tag":[],"class_list":{"0":"post-6946","1":"product","2":"type-product","3":"status-publish","4":"has-post-thumbnail","6":"product_cat-bracelets","7":"product_cat-homme","8":"product_cat-homme-2","10":"first","11":"instock","12":"shipping-taxable","13":"purchasable","14":"product-type-simple"},"yoast_head":"<!-- This site is optimized with the Yoast SEO plugin v23.5 - https:\/\/yoast.com\/wordpress\/plugins\/seo\/ -->\n<title>Bracelet\/jonc homme, avec tsavorites - Yasmin Yahya<\/title>\n<meta name=\"description\" content=\"Boucles d&#039;oreilles longues FOREST en argent RJC, mat ou noirci. Des bijoux contemporains par la cr\u00e9atrice Yasmin Yahya, Rennes.\" \/>\n<meta name=\"robots\" content=\"index, follow, max-snippet:-1, max-image-preview:large, max-video-preview:-1\" \/>\n<link rel=\"canonical\" href=\"https:\/\/www.yasminyahya.com\/fr\/boutique\/bracelets\/bracelet-jonc-pour-homme-avec-tsavorites-en-argent-equitable-mat-et-oxyde\/\" \/>\n<meta property=\"og:locale\" content=\"fr_FR\" \/>\n<meta property=\"og:type\" content=\"article\" \/>\n<meta property=\"og:title\" content=\"Bracelet\/jonc homme, avec tsavorites - Yasmin Yahya\" \/>\n<meta property=\"og:description\" content=\"Boucles d&#039;oreilles longues FOREST en argent RJC, mat ou noirci. Des bijoux contemporains par la cr\u00e9atrice Yasmin Yahya, Rennes.\" \/>\n<meta property=\"og:url\" content=\"https:\/\/www.yasminyahya.com\/fr\/boutique\/bracelets\/bracelet-jonc-pour-homme-avec-tsavorites-en-argent-equitable-mat-et-oxyde\/\" \/>\n<meta property=\"og:site_name\" content=\"Yasmin Yahya\" \/>\n<meta property=\"article:modified_time\" content=\"2024-03-07T13:49:59+00:00\" \/>\n<meta property=\"og:image\" content=\"https:\/\/www.yasminyahya.com\/wp-content\/uploads\/2021\/01\/MLG_2833-carre-700-px.jpg\" \/>\n\t<meta property=\"og:image:width\" content=\"700\" \/>\n\t<meta property=\"og:image:height\" content=\"700\" \/>\n\t<meta property=\"og:image:type\" content=\"image\/jpeg\" \/>\n<meta name=\"twitter:card\" content=\"summary_large_image\" \/>\n<meta name=\"twitter:label1\" content=\"Dur\u00e9e de lecture estim\u00e9e\" \/>\n\t<meta name=\"twitter:data1\" content=\"1 minute\" \/>\n<script type=\"application\/ld+json\" class=\"yoast-schema-graph\">{\"@context\":\"https:\/\/schema.org\",\"@graph\":[{\"@type\":\"WebPage\",\"@id\":\"https:\/\/www.yasminyahya.com\/fr\/boutique\/bracelets\/bracelet-jonc-pour-homme-avec-tsavorites-en-argent-equitable-mat-et-oxyde\/\",\"url\":\"https:\/\/www.yasminyahya.com\/fr\/boutique\/bracelets\/bracelet-jonc-pour-homme-avec-tsavorites-en-argent-equitable-mat-et-oxyde\/\",\"name\":\"Bracelet\/jonc homme, avec tsavorites - Yasmin Yahya\",\"isPartOf\":{\"@id\":\"https:\/\/www.yasminyahya.com\/fr\/#website\"},\"primaryImageOfPage\":{\"@id\":\"https:\/\/www.yasminyahya.com\/fr\/boutique\/bracelets\/bracelet-jonc-pour-homme-avec-tsavorites-en-argent-equitable-mat-et-oxyde\/#primaryimage\"},\"image\":{\"@id\":\"https:\/\/www.yasminyahya.com\/fr\/boutique\/bracelets\/bracelet-jonc-pour-homme-avec-tsavorites-en-argent-equitable-mat-et-oxyde\/#primaryimage\"},\"thumbnailUrl\":\"https:\/\/www.yasminyahya.com\/wp-content\/uploads\/2021\/01\/MLG_2833-carre-700-px.jpg\",\"datePublished\":\"2020-09-20T13:07:18+00:00\",\"dateModified\":\"2024-03-07T13:49:59+00:00\",\"description\":\"Boucles d'oreilles longues FOREST en argent RJC, mat ou noirci. Des bijoux contemporains par la cr\u00e9atrice Yasmin Yahya, Rennes.\",\"breadcrumb\":{\"@id\":\"https:\/\/www.yasminyahya.com\/fr\/boutique\/bracelets\/bracelet-jonc-pour-homme-avec-tsavorites-en-argent-equitable-mat-et-oxyde\/#breadcrumb\"},\"inLanguage\":\"fr-FR\",\"potentialAction\":[{\"@type\":\"ReadAction\",\"target\":[\"https:\/\/www.yasminyahya.com\/fr\/boutique\/bracelets\/bracelet-jonc-pour-homme-avec-tsavorites-en-argent-equitable-mat-et-oxyde\/\"]}]},{\"@type\":\"ImageObject\",\"inLanguage\":\"fr-FR\",\"@id\":\"https:\/\/www.yasminyahya.com\/fr\/boutique\/bracelets\/bracelet-jonc-pour-homme-avec-tsavorites-en-argent-equitable-mat-et-oxyde\/#primaryimage\",\"url\":\"https:\/\/www.yasminyahya.com\/wp-content\/uploads\/2021\/01\/MLG_2833-carre-700-px.jpg\",\"contentUrl\":\"https:\/\/www.yasminyahya.com\/wp-content\/uploads\/2021\/01\/MLG_2833-carre-700-px.jpg\",\"width\":700,\"height\":700},{\"@type\":\"BreadcrumbList\",\"@id\":\"https:\/\/www.yasminyahya.com\/fr\/boutique\/bracelets\/bracelet-jonc-pour-homme-avec-tsavorites-en-argent-equitable-mat-et-oxyde\/#breadcrumb\",\"itemListElement\":[{\"@type\":\"ListItem\",\"position\":1,\"name\":\"Accueil\",\"item\":\"https:\/\/www.yasminyahya.com\/fr\/\"},{\"@type\":\"ListItem\",\"position\":2,\"name\":\"Produits\",\"item\":\"https:\/\/www.yasminyahya.com\/fr\/shop\/\"},{\"@type\":\"ListItem\",\"position\":3,\"name\":\"Bracelet\/jonc homme, avec tsavorites\"}]},{\"@type\":\"WebSite\",\"@id\":\"https:\/\/www.yasminyahya.com\/fr\/#website\",\"url\":\"https:\/\/www.yasminyahya.com\/fr\/\",\"name\":\"Yasmin Yahya\",\"description\":\"Bijoux Contemporains\",\"potentialAction\":[{\"@type\":\"SearchAction\",\"target\":{\"@type\":\"EntryPoint\",\"urlTemplate\":\"https:\/\/www.yasminyahya.com\/fr\/?s={search_term_string}\"},\"query-input\":{\"@type\":\"PropertyValueSpecification\",\"valueRequired\":true,\"valueName\":\"search_term_string\"}}],\"inLanguage\":\"fr-FR\"}]}<\/script>\n<!-- \/ Yoast SEO plugin. -->","yoast_head_json":{"title":"Bracelet\/jonc homme, avec tsavorites - Yasmin Yahya","description":"Boucles d'oreilles longues FOREST en argent RJC, mat ou noirci. Des bijoux contemporains par la cr\u00e9atrice Yasmin Yahya, Rennes.","robots":{"index":"index","follow":"follow","max-snippet":"max-snippet:-1","max-image-preview":"max-image-preview:large","max-video-preview":"max-video-preview:-1"},"canonical":"https:\/\/www.yasminyahya.com\/fr\/boutique\/bracelets\/bracelet-jonc-pour-homme-avec-tsavorites-en-argent-equitable-mat-et-oxyde\/","og_locale":"fr_FR","og_type":"article","og_title":"Bracelet\/jonc homme, avec tsavorites - Yasmin Yahya","og_description":"Boucles d'oreilles longues FOREST en argent RJC, mat ou noirci. Des bijoux contemporains par la cr\u00e9atrice Yasmin Yahya, Rennes.","og_url":"https:\/\/www.yasminyahya.com\/fr\/boutique\/bracelets\/bracelet-jonc-pour-homme-avec-tsavorites-en-argent-equitable-mat-et-oxyde\/","og_site_name":"Yasmin Yahya","article_modified_time":"2024-03-07T13:49:59+00:00","og_image":[{"width":700,"height":700,"url":"https:\/\/www.yasminyahya.com\/wp-content\/uploads\/2021\/01\/MLG_2833-carre-700-px.jpg","type":"image\/jpeg"}],"twitter_card":"summary_large_image","twitter_misc":{"Dur\u00e9e de lecture estim\u00e9e":"1 minute"},"schema":{"@context":"https:\/\/schema.org","@graph":[{"@type":"WebPage","@id":"https:\/\/www.yasminyahya.com\/fr\/boutique\/bracelets\/bracelet-jonc-pour-homme-avec-tsavorites-en-argent-equitable-mat-et-oxyde\/","url":"https:\/\/www.yasminyahya.com\/fr\/boutique\/bracelets\/bracelet-jonc-pour-homme-avec-tsavorites-en-argent-equitable-mat-et-oxyde\/","name":"Bracelet\/jonc homme, avec tsavorites - Yasmin Yahya","isPartOf":{"@id":"https:\/\/www.yasminyahya.com\/fr\/#website"},"primaryImageOfPage":{"@id":"https:\/\/www.yasminyahya.com\/fr\/boutique\/bracelets\/bracelet-jonc-pour-homme-avec-tsavorites-en-argent-equitable-mat-et-oxyde\/#primaryimage"},"image":{"@id":"https:\/\/www.yasminyahya.com\/fr\/boutique\/bracelets\/bracelet-jonc-pour-homme-avec-tsavorites-en-argent-equitable-mat-et-oxyde\/#primaryimage"},"thumbnailUrl":"https:\/\/www.yasminyahya.com\/wp-content\/uploads\/2021\/01\/MLG_2833-carre-700-px.jpg","datePublished":"2020-09-20T13:07:18+00:00","dateModified":"2024-03-07T13:49:59+00:00","description":"Boucles d'oreilles longues FOREST en argent RJC, mat ou noirci. Des bijoux contemporains par la cr\u00e9atrice Yasmin Yahya, Rennes.","breadcrumb":{"@id":"https:\/\/www.yasminyahya.com\/fr\/boutique\/bracelets\/bracelet-jonc-pour-homme-avec-tsavorites-en-argent-equitable-mat-et-oxyde\/#breadcrumb"},"inLanguage":"fr-FR","potentialAction":[{"@type":"ReadAction","target":["https:\/\/www.yasminyahya.com\/fr\/boutique\/bracelets\/bracelet-jonc-pour-homme-avec-tsavorites-en-argent-equitable-mat-et-oxyde\/"]}]},{"@type":"ImageObject","inLanguage":"fr-FR","@id":"https:\/\/www.yasminyahya.com\/fr\/boutique\/bracelets\/bracelet-jonc-pour-homme-avec-tsavorites-en-argent-equitable-mat-et-oxyde\/#primaryimage","url":"https:\/\/www.yasminyahya.com\/wp-content\/uploads\/2021\/01\/MLG_2833-carre-700-px.jpg","contentUrl":"https:\/\/www.yasminyahya.com\/wp-content\/uploads\/2021\/01\/MLG_2833-carre-700-px.jpg","width":700,"height":700},{"@type":"BreadcrumbList","@id":"https:\/\/www.yasminyahya.com\/fr\/boutique\/bracelets\/bracelet-jonc-pour-homme-avec-tsavorites-en-argent-equitable-mat-et-oxyde\/#breadcrumb","itemListElement":[{"@type":"ListItem","position":1,"name":"Accueil","item":"https:\/\/www.yasminyahya.com\/fr\/"},{"@type":"ListItem","position":2,"name":"Produits","item":"https:\/\/www.yasminyahya.com\/fr\/shop\/"},{"@type":"ListItem","position":3,"name":"Bracelet\/jonc homme, avec tsavorites"}]},{"@type":"WebSite","@id":"https:\/\/www.yasminyahya.com\/fr\/#website","url":"https:\/\/www.yasminyahya.com\/fr\/","name":"Yasmin Yahya","description":"Bijoux Contemporains","potentialAction":[{"@type":"SearchAction","target":{"@type":"EntryPoint","urlTemplate":"https:\/\/www.yasminyahya.com\/fr\/?s={search_term_string}"},"query-input":{"@type":"PropertyValueSpecification","valueRequired":true,"valueName":"search_term_string"}}],"inLanguage":"fr-FR"}]}},"_links":{"self":[{"href":"https:\/\/www.yasminyahya.com\/fr\/wp-json\/wp\/v2\/product\/6946"}],"collection":[{"href":"https:\/\/www.yasminyahya.com\/fr\/wp-json\/wp\/v2\/product"}],"about":[{"href":"https:\/\/www.yasminyahya.com\/fr\/wp-json\/wp\/v2\/types\/product"}],"wp:featuredmedia":[{"embeddable":true,"href":"https:\/\/www.yasminyahya.com\/fr\/wp-json\/wp\/v2\/media\/10209"}],"wp:attachment":[{"href":"https:\/\/www.yasminyahya.com\/fr\/wp-json\/wp\/v2\/media?parent=6946"}],"wp:term":[{"taxonomy":"product_cat","embeddable":true,"href":"https:\/\/www.yasminyahya.com\/fr\/wp-json\/wp\/v2\/product_cat?post=6946"},{"taxonomy":"product_tag","embeddable":true,"href":"https:\/\/www.yasminyahya.com\/fr\/wp-json\/wp\/v2\/product_tag?post=6946"}],"curies":[{"name":"wp","href":"https:\/\/api.w.org\/{rel}","templated":true}]}}