{"id":6954,"date":"2020-09-20T15:30:09","date_gmt":"2020-09-20T13:30:09","guid":{"rendered":"https:\/\/www.yasminyahya.com\/?post_type=product&#038;p=6954"},"modified":"2024-03-07T14:49:50","modified_gmt":"2024-03-07T13:49:50","slug":"triple-bague-en-argent-or-22-cts-et-palladium-equitable","status":"publish","type":"product","link":"https:\/\/www.yasminyahya.com\/fr\/boutique\/bagues\/triple-bague-en-argent-or-22-cts-et-palladium-equitable\/","title":{"rendered":"Triple-bague TRINITY"},"content":{"rendered":"<section class=\"l-section wpb_row height_medium\"><div class=\"l-section-h i-cf\"><div class=\"g-cols vc_row via_flex valign_top type_default stacking_default\"><div class=\"vc_col-sm-12 wpb_column vc_column_container\"><div class=\"vc_column-inner\"><div class=\"wpb_wrapper\"><div class=\"wpb_text_column\"><div class=\"wpb_wrapper\"><p><strong>Mati\u00e8re\u00a0:<\/strong> Argent, or 22 carats et palladium, \u00e9quitable d\u2019origine RJC (Responsible Jewelry Council)<\/p>\n<p><strong>Tailles\u00a0:<\/strong> 50-58 (d\u2019autres tailles disponibles sur demande)<\/p>\n<p>Le bijou est soigneusement fabriqu\u00e9 \u00e0 la main par Yasmin Yahya selon les techniques traditionnelles de la bijouterie, dans son atelier \u00e0 Turgi (Suisse). Elle utilise des m\u00e9taux pr\u00e9cieux \u00e9quitables d\u2019origine RJC (Responsible Jewelry Council).<\/p>\n<\/div><\/div><div class=\"w-separator size_custom\" style=\"height:32px\"><\/div><div class=\"wpb_text_column\"><div class=\"wpb_wrapper\"><h3>D\u00e9lai<\/h3>\n<p>Si votre taille n\u2019est pas en stock, le d\u00e9lai sera de 7 jours ouvr\u00e9s auquel il faudra rajouter le temps d\u2019acheminement de la Poste.<\/p>\n<\/div><\/div><\/div><\/div><\/div><\/div><\/div><\/section>\n","protected":false},"excerpt":{"rendered":"<p>Triple-bague TRINITY de la collection RING GARDEN, un grand classique, r\u00e9interpr\u00e9t\u00e9&#8230;<\/p>\n<p>La bague est compos\u00e9e de trois anneaux entrelac\u00e9s. Chaque anneau a une largeur de 4 mm, avec une surface travaill\u00e9e. Les anneaux sont en<br \/>\n&#8211; un anneau en argent \u00e9quitable<br \/>\n&#8211; un anneau en bi-mati\u00e8re argent\/or 22 cts \u00e9quitable (80%\/20%)<br \/>\n&#8211; un anneau en bi-mati\u00e8re argent\/palladium cts \u00e9quitable (80%\/20%)<\/p>\n<p>Les trois anneaux symbolisent le pass\u00e9, le pr\u00e9sent et le futur. Le design peut \u00e9galement indiquer les valeurs d&rsquo;amiti\u00e9, d&rsquo;amour et de fid\u00e9lit\u00e9, des traits essentiels \u00e0 toute relation r\u00e9ussie. Vous pouvez personnaliser la signification que vous pensez que repr\u00e9sente le mieux en attribuant aux trois bandes les concepts qui vous sont les plus pr\u00e9cieux..<\/p>\n<p>La collection RING GARDEN:\u00a0La pi\u00e8ce de bijouterie pr\u00e9f\u00e9r\u00e9e de Yasmin Yahya : La bague.<br \/>\nUne collection enti\u00e8re lui est donc d\u00e9di\u00e9e.<\/p>\n<p>La bague sera livr\u00e9e avec un joli \u00e9crin et un certificat d&rsquo;authenticit\u00e9.<\/p>\n<div id=\"attachment_5847\" class=\"wp-caption alignleft\"><\/div>\n","protected":false},"featured_media":9488,"template":"","meta":[],"product_cat":[262,800,298],"product_tag":[],"class_list":{"0":"post-6954","1":"product","2":"type-product","3":"status-publish","4":"has-post-thumbnail","6":"product_cat-bagues","7":"product_cat-divers-pieces-uniques","8":"product_cat-ring-garden","10":"first","11":"instock","12":"shipping-taxable","13":"purchasable","14":"product-type-variable"},"yoast_head":"<!-- This site is optimized with the Yoast SEO plugin v23.5 - https:\/\/yoast.com\/wordpress\/plugins\/seo\/ -->\n<title>Triple-bague TRINITY - Yasmin Yahya<\/title>\n<meta name=\"description\" content=\"Tripel bague en argent, or et palladium \u00e9quitable, RJC. Cr\u00e9ation par Yasmin Yahya en Suisse\" \/>\n<meta name=\"robots\" content=\"index, follow, max-snippet:-1, max-image-preview:large, max-video-preview:-1\" \/>\n<link rel=\"canonical\" href=\"https:\/\/www.yasminyahya.com\/fr\/boutique\/bagues\/triple-bague-en-argent-or-22-cts-et-palladium-equitable\/\" \/>\n<meta property=\"og:locale\" content=\"fr_FR\" \/>\n<meta property=\"og:type\" content=\"article\" \/>\n<meta property=\"og:title\" content=\"Triple-bague TRINITY - Yasmin Yahya\" \/>\n<meta property=\"og:description\" content=\"Tripel bague en argent, or et palladium \u00e9quitable, RJC. Cr\u00e9ation par Yasmin Yahya en Suisse\" \/>\n<meta property=\"og:url\" content=\"https:\/\/www.yasminyahya.com\/fr\/boutique\/bagues\/triple-bague-en-argent-or-22-cts-et-palladium-equitable\/\" \/>\n<meta property=\"og:site_name\" content=\"Yasmin Yahya\" \/>\n<meta property=\"article:modified_time\" content=\"2024-03-07T13:49:50+00:00\" \/>\n<meta property=\"og:image\" content=\"https:\/\/www.yasminyahya.com\/wp-content\/uploads\/2020\/09\/Yasmin-Yahya-BAF-Trinity.jpg\" \/>\n\t<meta property=\"og:image:width\" content=\"1700\" \/>\n\t<meta property=\"og:image:height\" content=\"1699\" \/>\n\t<meta property=\"og:image:type\" content=\"image\/jpeg\" \/>\n<meta name=\"twitter:card\" content=\"summary_large_image\" \/>\n<meta name=\"twitter:label1\" content=\"Dur\u00e9e de lecture estim\u00e9e\" \/>\n\t<meta name=\"twitter:data1\" content=\"1 minute\" \/>\n<script type=\"application\/ld+json\" class=\"yoast-schema-graph\">{\"@context\":\"https:\/\/schema.org\",\"@graph\":[{\"@type\":\"WebPage\",\"@id\":\"https:\/\/www.yasminyahya.com\/fr\/boutique\/bagues\/triple-bague-en-argent-or-22-cts-et-palladium-equitable\/\",\"url\":\"https:\/\/www.yasminyahya.com\/fr\/boutique\/bagues\/triple-bague-en-argent-or-22-cts-et-palladium-equitable\/\",\"name\":\"Triple-bague TRINITY - Yasmin Yahya\",\"isPartOf\":{\"@id\":\"https:\/\/www.yasminyahya.com\/fr\/#website\"},\"primaryImageOfPage\":{\"@id\":\"https:\/\/www.yasminyahya.com\/fr\/boutique\/bagues\/triple-bague-en-argent-or-22-cts-et-palladium-equitable\/#primaryimage\"},\"image\":{\"@id\":\"https:\/\/www.yasminyahya.com\/fr\/boutique\/bagues\/triple-bague-en-argent-or-22-cts-et-palladium-equitable\/#primaryimage\"},\"thumbnailUrl\":\"https:\/\/www.yasminyahya.com\/wp-content\/uploads\/2020\/09\/Yasmin-Yahya-BAF-Trinity.jpg\",\"datePublished\":\"2020-09-20T13:30:09+00:00\",\"dateModified\":\"2024-03-07T13:49:50+00:00\",\"description\":\"Tripel bague en argent, or et palladium \u00e9quitable, RJC. Cr\u00e9ation par Yasmin Yahya en Suisse\",\"breadcrumb\":{\"@id\":\"https:\/\/www.yasminyahya.com\/fr\/boutique\/bagues\/triple-bague-en-argent-or-22-cts-et-palladium-equitable\/#breadcrumb\"},\"inLanguage\":\"fr-FR\",\"potentialAction\":[{\"@type\":\"ReadAction\",\"target\":[\"https:\/\/www.yasminyahya.com\/fr\/boutique\/bagues\/triple-bague-en-argent-or-22-cts-et-palladium-equitable\/\"]}]},{\"@type\":\"ImageObject\",\"inLanguage\":\"fr-FR\",\"@id\":\"https:\/\/www.yasminyahya.com\/fr\/boutique\/bagues\/triple-bague-en-argent-or-22-cts-et-palladium-equitable\/#primaryimage\",\"url\":\"https:\/\/www.yasminyahya.com\/wp-content\/uploads\/2020\/09\/Yasmin-Yahya-BAF-Trinity.jpg\",\"contentUrl\":\"https:\/\/www.yasminyahya.com\/wp-content\/uploads\/2020\/09\/Yasmin-Yahya-BAF-Trinity.jpg\",\"width\":1700,\"height\":1699},{\"@type\":\"BreadcrumbList\",\"@id\":\"https:\/\/www.yasminyahya.com\/fr\/boutique\/bagues\/triple-bague-en-argent-or-22-cts-et-palladium-equitable\/#breadcrumb\",\"itemListElement\":[{\"@type\":\"ListItem\",\"position\":1,\"name\":\"Accueil\",\"item\":\"https:\/\/www.yasminyahya.com\/fr\/\"},{\"@type\":\"ListItem\",\"position\":2,\"name\":\"Produits\",\"item\":\"https:\/\/www.yasminyahya.com\/fr\/shop\/\"},{\"@type\":\"ListItem\",\"position\":3,\"name\":\"Triple-bague TRINITY\"}]},{\"@type\":\"WebSite\",\"@id\":\"https:\/\/www.yasminyahya.com\/fr\/#website\",\"url\":\"https:\/\/www.yasminyahya.com\/fr\/\",\"name\":\"Yasmin Yahya\",\"description\":\"Bijoux Contemporains\",\"potentialAction\":[{\"@type\":\"SearchAction\",\"target\":{\"@type\":\"EntryPoint\",\"urlTemplate\":\"https:\/\/www.yasminyahya.com\/fr\/?s={search_term_string}\"},\"query-input\":{\"@type\":\"PropertyValueSpecification\",\"valueRequired\":true,\"valueName\":\"search_term_string\"}}],\"inLanguage\":\"fr-FR\"}]}<\/script>\n<!-- \/ Yoast SEO plugin. -->","yoast_head_json":{"title":"Triple-bague TRINITY - Yasmin Yahya","description":"Tripel bague en argent, or et palladium \u00e9quitable, RJC. Cr\u00e9ation par Yasmin Yahya en Suisse","robots":{"index":"index","follow":"follow","max-snippet":"max-snippet:-1","max-image-preview":"max-image-preview:large","max-video-preview":"max-video-preview:-1"},"canonical":"https:\/\/www.yasminyahya.com\/fr\/boutique\/bagues\/triple-bague-en-argent-or-22-cts-et-palladium-equitable\/","og_locale":"fr_FR","og_type":"article","og_title":"Triple-bague TRINITY - Yasmin Yahya","og_description":"Tripel bague en argent, or et palladium \u00e9quitable, RJC. Cr\u00e9ation par Yasmin Yahya en Suisse","og_url":"https:\/\/www.yasminyahya.com\/fr\/boutique\/bagues\/triple-bague-en-argent-or-22-cts-et-palladium-equitable\/","og_site_name":"Yasmin Yahya","article_modified_time":"2024-03-07T13:49:50+00:00","og_image":[{"width":1700,"height":1699,"url":"https:\/\/www.yasminyahya.com\/wp-content\/uploads\/2020\/09\/Yasmin-Yahya-BAF-Trinity.jpg","type":"image\/jpeg"}],"twitter_card":"summary_large_image","twitter_misc":{"Dur\u00e9e de lecture estim\u00e9e":"1 minute"},"schema":{"@context":"https:\/\/schema.org","@graph":[{"@type":"WebPage","@id":"https:\/\/www.yasminyahya.com\/fr\/boutique\/bagues\/triple-bague-en-argent-or-22-cts-et-palladium-equitable\/","url":"https:\/\/www.yasminyahya.com\/fr\/boutique\/bagues\/triple-bague-en-argent-or-22-cts-et-palladium-equitable\/","name":"Triple-bague TRINITY - Yasmin Yahya","isPartOf":{"@id":"https:\/\/www.yasminyahya.com\/fr\/#website"},"primaryImageOfPage":{"@id":"https:\/\/www.yasminyahya.com\/fr\/boutique\/bagues\/triple-bague-en-argent-or-22-cts-et-palladium-equitable\/#primaryimage"},"image":{"@id":"https:\/\/www.yasminyahya.com\/fr\/boutique\/bagues\/triple-bague-en-argent-or-22-cts-et-palladium-equitable\/#primaryimage"},"thumbnailUrl":"https:\/\/www.yasminyahya.com\/wp-content\/uploads\/2020\/09\/Yasmin-Yahya-BAF-Trinity.jpg","datePublished":"2020-09-20T13:30:09+00:00","dateModified":"2024-03-07T13:49:50+00:00","description":"Tripel bague en argent, or et palladium \u00e9quitable, RJC. Cr\u00e9ation par Yasmin Yahya en Suisse","breadcrumb":{"@id":"https:\/\/www.yasminyahya.com\/fr\/boutique\/bagues\/triple-bague-en-argent-or-22-cts-et-palladium-equitable\/#breadcrumb"},"inLanguage":"fr-FR","potentialAction":[{"@type":"ReadAction","target":["https:\/\/www.yasminyahya.com\/fr\/boutique\/bagues\/triple-bague-en-argent-or-22-cts-et-palladium-equitable\/"]}]},{"@type":"ImageObject","inLanguage":"fr-FR","@id":"https:\/\/www.yasminyahya.com\/fr\/boutique\/bagues\/triple-bague-en-argent-or-22-cts-et-palladium-equitable\/#primaryimage","url":"https:\/\/www.yasminyahya.com\/wp-content\/uploads\/2020\/09\/Yasmin-Yahya-BAF-Trinity.jpg","contentUrl":"https:\/\/www.yasminyahya.com\/wp-content\/uploads\/2020\/09\/Yasmin-Yahya-BAF-Trinity.jpg","width":1700,"height":1699},{"@type":"BreadcrumbList","@id":"https:\/\/www.yasminyahya.com\/fr\/boutique\/bagues\/triple-bague-en-argent-or-22-cts-et-palladium-equitable\/#breadcrumb","itemListElement":[{"@type":"ListItem","position":1,"name":"Accueil","item":"https:\/\/www.yasminyahya.com\/fr\/"},{"@type":"ListItem","position":2,"name":"Produits","item":"https:\/\/www.yasminyahya.com\/fr\/shop\/"},{"@type":"ListItem","position":3,"name":"Triple-bague TRINITY"}]},{"@type":"WebSite","@id":"https:\/\/www.yasminyahya.com\/fr\/#website","url":"https:\/\/www.yasminyahya.com\/fr\/","name":"Yasmin Yahya","description":"Bijoux Contemporains","potentialAction":[{"@type":"SearchAction","target":{"@type":"EntryPoint","urlTemplate":"https:\/\/www.yasminyahya.com\/fr\/?s={search_term_string}"},"query-input":{"@type":"PropertyValueSpecification","valueRequired":true,"valueName":"search_term_string"}}],"inLanguage":"fr-FR"}]}},"_links":{"self":[{"href":"https:\/\/www.yasminyahya.com\/fr\/wp-json\/wp\/v2\/product\/6954"}],"collection":[{"href":"https:\/\/www.yasminyahya.com\/fr\/wp-json\/wp\/v2\/product"}],"about":[{"href":"https:\/\/www.yasminyahya.com\/fr\/wp-json\/wp\/v2\/types\/product"}],"wp:featuredmedia":[{"embeddable":true,"href":"https:\/\/www.yasminyahya.com\/fr\/wp-json\/wp\/v2\/media\/9488"}],"wp:attachment":[{"href":"https:\/\/www.yasminyahya.com\/fr\/wp-json\/wp\/v2\/media?parent=6954"}],"wp:term":[{"taxonomy":"product_cat","embeddable":true,"href":"https:\/\/www.yasminyahya.com\/fr\/wp-json\/wp\/v2\/product_cat?post=6954"},{"taxonomy":"product_tag","embeddable":true,"href":"https:\/\/www.yasminyahya.com\/fr\/wp-json\/wp\/v2\/product_tag?post=6954"}],"curies":[{"name":"wp","href":"https:\/\/api.w.org\/{rel}","templated":true}]}}