{"id":9813,"date":"2024-09-27T10:00:17","date_gmt":"2024-09-27T08:00:17","guid":{"rendered":"https:\/\/www.yasminyahya.com\/?post_type=product&#038;p=9813"},"modified":"2024-09-25T14:55:02","modified_gmt":"2024-09-25T12:55:02","slug":"bague-forever-ou-eternel","status":"publish","type":"product","link":"https:\/\/www.yasminyahya.com\/fr\/boutique\/fin-de-collection\/bague-forever-ou-eternel\/","title":{"rendered":"Bague forever ou eternel"},"content":{"rendered":"<section class=\"l-section wpb_row height_medium\"><div class=\"l-section-h i-cf\"><div class=\"g-cols vc_row via_flex valign_top type_default stacking_default\"><div class=\"vc_col-sm-12 wpb_column vc_column_container\"><div class=\"vc_column-inner\"><div class=\"wpb_wrapper\"><div class=\"wpb_text_column\"><div class=\"wpb_wrapper\"><p><strong>Mati\u00e8re\u00a0:<\/strong> Argent \u00e9quitable d\u2019origine RJC (Responsible Jewelry Council)<\/p>\n<p><strong>Taille :<\/strong>\u00a053 et 63<\/p>\n<p>Le bijou est soigneusement fabriqu\u00e9 \u00e0 la main par Yasmin Yahya selon les techniques traditionnelles de la bijouterie, dans son atelier \u00e0 Turgi (Suisse). Elle utilise des m\u00e9taux pr\u00e9cieux \u00e9quitables d\u2019origine RJC (Responsible Jewelry Council).<\/p>\n<\/div><\/div><div class=\"w-separator size_custom\" style=\"height:32px\"><\/div><div class=\"wpb_text_column\"><div class=\"wpb_wrapper\"><h3>D\u00e9lai<\/h3>\n<p>3 jours ouvrables pour l\u2019envoi en Suisse, 5 jours pour l\u2019envoi en dehors de la Suisse auquel il faut rajouter le temps d\u2019acheminement de la poste.<\/p>\n<\/div><\/div><\/div><\/div><\/div><\/div><\/div><\/section>\n","protected":false},"excerpt":{"rendered":"<p>Deux bagues ANTISTRESS en argent \u00e9quitable RJC: On peut jouer avec lui et, si n\u00e9cessaire, \u00ab\u00a0chasser le stress\u00a0\u00bb.<\/p>\n<p>La bague de base a une largeur de 1,2 cm en argent bross\u00e9, avec une deuxi\u00e8me bague superpos\u00e9e est mobile et polie. L\u2019anneau superpos\u00e9 se d\u00e9place librement sur l\u2019anneau de base. L&rsquo;anneau superpos\u00e9 \u00e0 une inscription <strong>FOREVER (Taille 53)<\/strong> ou <strong>ETERNEL (Taille 63).<\/strong><\/p>\n<p>La bague sera livr\u00e9e avec un joli \u00e9crin et un certificat d&rsquo;authenticit\u00e9.<\/p>\n<div id=\"attachment_5847\" class=\"wp-caption alignleft\"><\/div>\n","protected":false},"featured_media":9820,"template":"","meta":[],"product_cat":[682],"product_tag":[],"class_list":{"0":"post-9813","1":"product","2":"type-product","3":"status-publish","4":"has-post-thumbnail","6":"product_cat-fin-de-collection","8":"first","9":"instock","10":"sale","11":"shipping-taxable","12":"purchasable","13":"product-type-variable"},"yoast_head":"<!-- This site is optimized with the Yoast SEO plugin v23.5 - https:\/\/yoast.com\/wordpress\/plugins\/seo\/ -->\n<title>Bague forever ou eternel - Yasmin Yahya<\/title>\n<meta name=\"description\" content=\"Double bague DOTS dans ses deux versions, soit enti\u00e8rement en argent RJC ou en argent \u00e9thique\/or 22 carats d\u2019origine RJC. Cr\u00e9ation par Yasmin Yahya\" \/>\n<meta name=\"robots\" content=\"index, follow, max-snippet:-1, max-image-preview:large, max-video-preview:-1\" \/>\n<link rel=\"canonical\" href=\"https:\/\/www.yasminyahya.com\/?post_type=product&p=9815\" \/>\n<meta property=\"og:locale\" content=\"fr_FR\" \/>\n<meta property=\"og:type\" content=\"article\" \/>\n<meta property=\"og:title\" content=\"Bague forever ou eternel - Yasmin Yahya\" \/>\n<meta property=\"og:description\" content=\"Double bague DOTS dans ses deux versions, soit enti\u00e8rement en argent RJC ou en argent \u00e9thique\/or 22 carats d\u2019origine RJC. Cr\u00e9ation par Yasmin Yahya\" \/>\n<meta property=\"og:url\" content=\"https:\/\/www.yasminyahya.com\/?post_type=product&amp;p=9815\" \/>\n<meta property=\"og:site_name\" content=\"Yasmin Yahya\" \/>\n<meta property=\"article:modified_time\" content=\"2024-09-25T12:55:02+00:00\" \/>\n<meta property=\"og:image\" content=\"https:\/\/www.yasminyahya.com\/wp-content\/uploads\/2022\/04\/ZEK_4130-scaled.jpg\" \/>\n\t<meta property=\"og:image:width\" content=\"2560\" \/>\n\t<meta property=\"og:image:height\" content=\"2560\" \/>\n\t<meta property=\"og:image:type\" content=\"image\/jpeg\" \/>\n<meta name=\"twitter:card\" content=\"summary_large_image\" \/>\n<meta name=\"twitter:label1\" content=\"Dur\u00e9e de lecture estim\u00e9e\" \/>\n\t<meta name=\"twitter:data1\" content=\"1 minute\" \/>\n<script type=\"application\/ld+json\" class=\"yoast-schema-graph\">{\"@context\":\"https:\/\/schema.org\",\"@graph\":[{\"@type\":\"WebPage\",\"@id\":\"https:\/\/www.yasminyahya.com\/?post_type=product&p=9815\",\"url\":\"https:\/\/www.yasminyahya.com\/?post_type=product&p=9815\",\"name\":\"Bague forever ou eternel - Yasmin Yahya\",\"isPartOf\":{\"@id\":\"https:\/\/www.yasminyahya.com\/fr\/#website\"},\"primaryImageOfPage\":{\"@id\":\"https:\/\/www.yasminyahya.com\/?post_type=product&p=9815#primaryimage\"},\"image\":{\"@id\":\"https:\/\/www.yasminyahya.com\/?post_type=product&p=9815#primaryimage\"},\"thumbnailUrl\":\"https:\/\/www.yasminyahya.com\/wp-content\/uploads\/2022\/04\/ZEK_4130-scaled.jpg\",\"datePublished\":\"2024-09-27T08:00:17+00:00\",\"dateModified\":\"2024-09-25T12:55:02+00:00\",\"description\":\"Double bague DOTS dans ses deux versions, soit enti\u00e8rement en argent RJC ou en argent \u00e9thique\/or 22 carats d\u2019origine RJC. Cr\u00e9ation par Yasmin Yahya\",\"breadcrumb\":{\"@id\":\"https:\/\/www.yasminyahya.com\/?post_type=product&p=9815#breadcrumb\"},\"inLanguage\":\"fr-FR\",\"potentialAction\":[{\"@type\":\"ReadAction\",\"target\":[\"https:\/\/www.yasminyahya.com\/?post_type=product&p=9815\"]}]},{\"@type\":\"ImageObject\",\"inLanguage\":\"fr-FR\",\"@id\":\"https:\/\/www.yasminyahya.com\/?post_type=product&p=9815#primaryimage\",\"url\":\"https:\/\/www.yasminyahya.com\/wp-content\/uploads\/2022\/04\/ZEK_4130-scaled.jpg\",\"contentUrl\":\"https:\/\/www.yasminyahya.com\/wp-content\/uploads\/2022\/04\/ZEK_4130-scaled.jpg\",\"width\":2560,\"height\":2560},{\"@type\":\"BreadcrumbList\",\"@id\":\"https:\/\/www.yasminyahya.com\/?post_type=product&p=9815#breadcrumb\",\"itemListElement\":[{\"@type\":\"ListItem\",\"position\":1,\"name\":\"Accueil\",\"item\":\"https:\/\/www.yasminyahya.com\/fr\/\"},{\"@type\":\"ListItem\",\"position\":2,\"name\":\"Produits\",\"item\":\"https:\/\/www.yasminyahya.com\/fr\/shop\/\"},{\"@type\":\"ListItem\",\"position\":3,\"name\":\"Bague forever ou eternel\"}]},{\"@type\":\"WebSite\",\"@id\":\"https:\/\/www.yasminyahya.com\/fr\/#website\",\"url\":\"https:\/\/www.yasminyahya.com\/fr\/\",\"name\":\"Yasmin Yahya\",\"description\":\"Bijoux Contemporains\",\"potentialAction\":[{\"@type\":\"SearchAction\",\"target\":{\"@type\":\"EntryPoint\",\"urlTemplate\":\"https:\/\/www.yasminyahya.com\/fr\/?s={search_term_string}\"},\"query-input\":{\"@type\":\"PropertyValueSpecification\",\"valueRequired\":true,\"valueName\":\"search_term_string\"}}],\"inLanguage\":\"fr-FR\"}]}<\/script>\n<!-- \/ Yoast SEO plugin. -->","yoast_head_json":{"title":"Bague forever ou eternel - Yasmin Yahya","description":"Double bague DOTS dans ses deux versions, soit enti\u00e8rement en argent RJC ou en argent \u00e9thique\/or 22 carats d\u2019origine RJC. Cr\u00e9ation par Yasmin Yahya","robots":{"index":"index","follow":"follow","max-snippet":"max-snippet:-1","max-image-preview":"max-image-preview:large","max-video-preview":"max-video-preview:-1"},"canonical":"https:\/\/www.yasminyahya.com\/?post_type=product&p=9815","og_locale":"fr_FR","og_type":"article","og_title":"Bague forever ou eternel - Yasmin Yahya","og_description":"Double bague DOTS dans ses deux versions, soit enti\u00e8rement en argent RJC ou en argent \u00e9thique\/or 22 carats d\u2019origine RJC. Cr\u00e9ation par Yasmin Yahya","og_url":"https:\/\/www.yasminyahya.com\/?post_type=product&p=9815","og_site_name":"Yasmin Yahya","article_modified_time":"2024-09-25T12:55:02+00:00","og_image":[{"width":2560,"height":2560,"url":"https:\/\/www.yasminyahya.com\/wp-content\/uploads\/2022\/04\/ZEK_4130-scaled.jpg","type":"image\/jpeg"}],"twitter_card":"summary_large_image","twitter_misc":{"Dur\u00e9e de lecture estim\u00e9e":"1 minute"},"schema":{"@context":"https:\/\/schema.org","@graph":[{"@type":"WebPage","@id":"https:\/\/www.yasminyahya.com\/?post_type=product&p=9815","url":"https:\/\/www.yasminyahya.com\/?post_type=product&p=9815","name":"Bague forever ou eternel - Yasmin Yahya","isPartOf":{"@id":"https:\/\/www.yasminyahya.com\/fr\/#website"},"primaryImageOfPage":{"@id":"https:\/\/www.yasminyahya.com\/?post_type=product&p=9815#primaryimage"},"image":{"@id":"https:\/\/www.yasminyahya.com\/?post_type=product&p=9815#primaryimage"},"thumbnailUrl":"https:\/\/www.yasminyahya.com\/wp-content\/uploads\/2022\/04\/ZEK_4130-scaled.jpg","datePublished":"2024-09-27T08:00:17+00:00","dateModified":"2024-09-25T12:55:02+00:00","description":"Double bague DOTS dans ses deux versions, soit enti\u00e8rement en argent RJC ou en argent \u00e9thique\/or 22 carats d\u2019origine RJC. Cr\u00e9ation par Yasmin Yahya","breadcrumb":{"@id":"https:\/\/www.yasminyahya.com\/?post_type=product&p=9815#breadcrumb"},"inLanguage":"fr-FR","potentialAction":[{"@type":"ReadAction","target":["https:\/\/www.yasminyahya.com\/?post_type=product&p=9815"]}]},{"@type":"ImageObject","inLanguage":"fr-FR","@id":"https:\/\/www.yasminyahya.com\/?post_type=product&p=9815#primaryimage","url":"https:\/\/www.yasminyahya.com\/wp-content\/uploads\/2022\/04\/ZEK_4130-scaled.jpg","contentUrl":"https:\/\/www.yasminyahya.com\/wp-content\/uploads\/2022\/04\/ZEK_4130-scaled.jpg","width":2560,"height":2560},{"@type":"BreadcrumbList","@id":"https:\/\/www.yasminyahya.com\/?post_type=product&p=9815#breadcrumb","itemListElement":[{"@type":"ListItem","position":1,"name":"Accueil","item":"https:\/\/www.yasminyahya.com\/fr\/"},{"@type":"ListItem","position":2,"name":"Produits","item":"https:\/\/www.yasminyahya.com\/fr\/shop\/"},{"@type":"ListItem","position":3,"name":"Bague forever ou eternel"}]},{"@type":"WebSite","@id":"https:\/\/www.yasminyahya.com\/fr\/#website","url":"https:\/\/www.yasminyahya.com\/fr\/","name":"Yasmin Yahya","description":"Bijoux Contemporains","potentialAction":[{"@type":"SearchAction","target":{"@type":"EntryPoint","urlTemplate":"https:\/\/www.yasminyahya.com\/fr\/?s={search_term_string}"},"query-input":{"@type":"PropertyValueSpecification","valueRequired":true,"valueName":"search_term_string"}}],"inLanguage":"fr-FR"}]}},"_links":{"self":[{"href":"https:\/\/www.yasminyahya.com\/fr\/wp-json\/wp\/v2\/product\/9813"}],"collection":[{"href":"https:\/\/www.yasminyahya.com\/fr\/wp-json\/wp\/v2\/product"}],"about":[{"href":"https:\/\/www.yasminyahya.com\/fr\/wp-json\/wp\/v2\/types\/product"}],"wp:featuredmedia":[{"embeddable":true,"href":"https:\/\/www.yasminyahya.com\/fr\/wp-json\/wp\/v2\/media\/9820"}],"wp:attachment":[{"href":"https:\/\/www.yasminyahya.com\/fr\/wp-json\/wp\/v2\/media?parent=9813"}],"wp:term":[{"taxonomy":"product_cat","embeddable":true,"href":"https:\/\/www.yasminyahya.com\/fr\/wp-json\/wp\/v2\/product_cat?post=9813"},{"taxonomy":"product_tag","embeddable":true,"href":"https:\/\/www.yasminyahya.com\/fr\/wp-json\/wp\/v2\/product_tag?post=9813"}],"curies":[{"name":"wp","href":"https:\/\/api.w.org\/{rel}","templated":true}]}}